{"id":10959,"date":"2024-08-16T14:18:25","date_gmt":"2024-08-16T12:18:25","guid":{"rendered":"https:\/\/oraziopuglisi.art\/?page_id=10959"},"modified":"2024-08-16T14:21:45","modified_gmt":"2024-08-16T12:21:45","slug":"kwalito","status":"publish","type":"page","link":"https:\/\/oraziopuglisi.art\/index.php\/kwalito\/","title":{"rendered":"Kwalito"},"content":{"rendered":"<p style=\"text-align: center;\"><a href=\"https:\/\/www.lasantedanslassiette.com\/partenaires\/kwalito.html\">Kwalito<\/a><\/p>\n<p style=\"text-align: justify;\">\u00ab\u00a0Glutamate monosodique, sulfites, acid gras trans, E150d, \u00e7a vous parle ?\u00a0\u00bb L&rsquo;application Kwalito compte bien faire en sorte que oui ! Son utilisation se diff\u00e9rencie quelque peu d&rsquo;autres applications du genre, puisque\u00a0<a href=\"https:\/\/www.kwali.to\/\" target=\"_blank\" rel=\"noopener\">Kwalito<\/a>\u00a0nous propose de d\u00e9finir en amont le type de r\u00e9gime que l&rsquo;on recherche. Un r\u00e9gime sans\u00a0<strong>huile de palme\u00a0<\/strong>? Sans\u00a0<strong>additifs toxiques\u00a0<\/strong>? Sans gluten ? Sans lactose ? Sans arachide ? Sans fruits \u00e0 coque ? Pour femme enceinte ? V\u00e9g\u00e9tarien ?\u00a0<strong>V\u00e9g\u00e9talien<\/strong>\u00a0? Aussit\u00f4t ces crit\u00e8res d\u00e9finis, l&rsquo;application indique au consommateur si le produit lui convient ou non, \u00e0 l&rsquo;heure o\u00f9\u00a0les ingr\u00e9dients sur les \u00e9tiquettes s&rsquo;av\u00e8rent parfois\u00a0difficiles \u00e0\u00a0comprendre.\u00a0<\/p>\n<p>&nbsp;<\/p>\n<article class=\"align-center embedded-entity\" data-embed-button=\"images\" data-entity-embed-display=\"view_mode:media.wysiwyg\" data-entity-type=\"media\" data-entity-uuid=\"4368645f-c326-4f10-884d-e9574ef1c432\" data-langcode=\"fr\">\n<article class=\"media media--type-image media--view-mode-wysiwyg\">\n<div class=\"media-image_caption-group\">\n<div class=\"field field--name-field-image-credit field--type-string field--label-hidden field__item\">\u00a0<\/div>\n<\/div>\n<\/article>\n<\/article>\n","protected":false},"excerpt":{"rendered":"<p>Kwalito \u00ab\u00a0Glutamate monosodique, sulfites, acid gras trans, E150d, \u00e7a vous parle ?\u00a0\u00bb L&rsquo;application Kwalito compte bien faire en sorte que oui ! Son utilisation se diff\u00e9rencie quelque peu d&rsquo;autres applications du genre, puisque\u00a0Kwalito\u00a0nous propose de d\u00e9finir en amont le type de r\u00e9gime que l&rsquo;on recherche. Un r\u00e9gime sans\u00a0huile de palme\u00a0? Sans\u00a0additifs toxiques\u00a0? Sans gluten ? [&hellip;]<\/p>\n","protected":false},"author":1,"featured_media":10965,"parent":0,"menu_order":0,"comment_status":"closed","ping_status":"closed","template":"","meta":{"footnotes":""},"class_list":["post-10959","page","type-page","status-publish","has-post-thumbnail","hentry"],"_links":{"self":[{"href":"https:\/\/oraziopuglisi.art\/index.php\/wp-json\/wp\/v2\/pages\/10959","targetHints":{"allow":["GET"]}}],"collection":[{"href":"https:\/\/oraziopuglisi.art\/index.php\/wp-json\/wp\/v2\/pages"}],"about":[{"href":"https:\/\/oraziopuglisi.art\/index.php\/wp-json\/wp\/v2\/types\/page"}],"author":[{"embeddable":true,"href":"https:\/\/oraziopuglisi.art\/index.php\/wp-json\/wp\/v2\/users\/1"}],"replies":[{"embeddable":true,"href":"https:\/\/oraziopuglisi.art\/index.php\/wp-json\/wp\/v2\/comments?post=10959"}],"version-history":[{"count":4,"href":"https:\/\/oraziopuglisi.art\/index.php\/wp-json\/wp\/v2\/pages\/10959\/revisions"}],"predecessor-version":[{"id":10964,"href":"https:\/\/oraziopuglisi.art\/index.php\/wp-json\/wp\/v2\/pages\/10959\/revisions\/10964"}],"wp:featuredmedia":[{"embeddable":true,"href":"https:\/\/oraziopuglisi.art\/index.php\/wp-json\/wp\/v2\/media\/10965"}],"wp:attachment":[{"href":"https:\/\/oraziopuglisi.art\/index.php\/wp-json\/wp\/v2\/media?parent=10959"}],"curies":[{"name":"wp","href":"https:\/\/api.w.org\/{rel}","templated":true}]}}