{"id":10954,"date":"2024-08-16T14:15:02","date_gmt":"2024-08-16T12:15:02","guid":{"rendered":"https:\/\/oraziopuglisi.art\/?page_id=10954"},"modified":"2024-08-16T14:17:29","modified_gmt":"2024-08-16T12:17:29","slug":"buyornot","status":"publish","type":"page","link":"https:\/\/oraziopuglisi.art\/index.php\/buyornot\/","title":{"rendered":"BuyOrNot"},"content":{"rendered":"<p style=\"text-align: center;\"><a href=\"https:\/\/buyornot.org\/\">BuyorNot<\/a><\/p>\n<p style=\"text-align: justify;\">Lanc\u00e9e seulement depuis le 22 septembre dernier par l&rsquo;association I-boycott,\u00a0l&rsquo;application\u00a0<a href=\"http:\/\/buyornot.org\/\" target=\"_blank\" rel=\"noopener\">BuyOrNot<\/a>\u00a0n&rsquo;analyse pas seulement la composition de nos produits alimentaires\u00a0(liste des ingr\u00e9dients, dangerosit\u00e9 des additifs, qualit\u00e9 nutritionnelle)\u00a0: elle se propose de nous aider \u00e0 acheter davantage \u00e9thique et responsable. Pour cela, \u00e0 l&rsquo;aide d&rsquo;un simple scan, la plateforme d\u00e9crypte l&rsquo;impact sur l&rsquo;environnement du produit convoit\u00e9, son processus de fabrication &#8211; respecte-t-il le bien-\u00eatre des hommes et des animaux ? &#8211; et\u00a0les informations relatives \u00e0 la marque se cachant derri\u00e8re celui-ci. Son objectif annonc\u00e9 : aider les Fran\u00e7ais \u00e0 \u00ab\u00a0<strong>consommer plus\u00a0plus sain et plus responsable<\/strong>\u00a0(et) faire \u00e9voluer les multinationales \u00e0 l&rsquo;origine de scandales \u00e9conomiques\u00a0\u00bb.\u00a0<\/p>\n","protected":false},"excerpt":{"rendered":"<p>BuyorNot Lanc\u00e9e seulement depuis le 22 septembre dernier par l&rsquo;association I-boycott,\u00a0l&rsquo;application\u00a0BuyOrNot\u00a0n&rsquo;analyse pas seulement la composition de nos produits alimentaires\u00a0(liste des ingr\u00e9dients, dangerosit\u00e9 des additifs, qualit\u00e9 nutritionnelle)\u00a0: elle se propose de nous aider \u00e0 acheter davantage \u00e9thique et responsable. Pour cela, \u00e0 l&rsquo;aide d&rsquo;un simple scan, la plateforme d\u00e9crypte l&rsquo;impact sur l&rsquo;environnement du produit convoit\u00e9, son [&hellip;]<\/p>\n","protected":false},"author":1,"featured_media":10958,"parent":0,"menu_order":0,"comment_status":"closed","ping_status":"closed","template":"","meta":{"footnotes":""},"class_list":["post-10954","page","type-page","status-publish","has-post-thumbnail","hentry"],"_links":{"self":[{"href":"https:\/\/oraziopuglisi.art\/index.php\/wp-json\/wp\/v2\/pages\/10954","targetHints":{"allow":["GET"]}}],"collection":[{"href":"https:\/\/oraziopuglisi.art\/index.php\/wp-json\/wp\/v2\/pages"}],"about":[{"href":"https:\/\/oraziopuglisi.art\/index.php\/wp-json\/wp\/v2\/types\/page"}],"author":[{"embeddable":true,"href":"https:\/\/oraziopuglisi.art\/index.php\/wp-json\/wp\/v2\/users\/1"}],"replies":[{"embeddable":true,"href":"https:\/\/oraziopuglisi.art\/index.php\/wp-json\/wp\/v2\/comments?post=10954"}],"version-history":[{"count":2,"href":"https:\/\/oraziopuglisi.art\/index.php\/wp-json\/wp\/v2\/pages\/10954\/revisions"}],"predecessor-version":[{"id":10957,"href":"https:\/\/oraziopuglisi.art\/index.php\/wp-json\/wp\/v2\/pages\/10954\/revisions\/10957"}],"wp:featuredmedia":[{"embeddable":true,"href":"https:\/\/oraziopuglisi.art\/index.php\/wp-json\/wp\/v2\/media\/10958"}],"wp:attachment":[{"href":"https:\/\/oraziopuglisi.art\/index.php\/wp-json\/wp\/v2\/media?parent=10954"}],"curies":[{"name":"wp","href":"https:\/\/api.w.org\/{rel}","templated":true}]}}