{"id":10938,"date":"2024-08-16T13:54:48","date_gmt":"2024-08-16T11:54:48","guid":{"rendered":"https:\/\/oraziopuglisi.art\/?page_id=10938"},"modified":"2024-08-16T14:05:34","modified_gmt":"2024-08-16T12:05:34","slug":"yuka","status":"publish","type":"page","link":"https:\/\/oraziopuglisi.art\/index.php\/yuka\/","title":{"rendered":"Yuka"},"content":{"rendered":"<p style=\"text-align: center;\"><a href=\"https:\/\/yuka.io\/\">Le Site Yuka<\/a><\/p>\n<p>&nbsp;<\/p>\n<p style=\"text-align: center;\"><a href=\"https:\/\/fr.wikipedia.org\/wiki\/Julie_Chapon#:~:text=Julie%20Chapon%2C%20n%C3%A9e%20le%2015,entreprise%20qui%20la%20d%C3%A9veloppe%2C%20Yuca.\">Julie Chapon<\/a><\/p>\n<p style=\"text-align: justify;\"><b>Julie Chapon<\/b>, n\u00e9e le\u00a0<time class=\"nowrap bday\" datetime=\"1987-08-15\" data-sort-value=\"1987-08-15\">15 ao\u00fbt 1987<\/time>\u00a0\u00e0\u00a0<a title=\"Meulan-en-Yvelines\" href=\"https:\/\/fr.wikipedia.org\/wiki\/Meulan-en-Yvelines\">Meulan-en-Yvelines<\/a>, est une\u00a0<a class=\"mw-redirect\" title=\"Femme d\u2019affaires\" href=\"https:\/\/fr.wikipedia.org\/wiki\/Femme_d%E2%80%99affaires\">femme d\u2019affaires<\/a>\u00a0et\u00a0<a title=\"Entrepreneur\" href=\"https:\/\/fr.wikipedia.org\/wiki\/Entrepreneur\">entrepreneuse<\/a>\u00a0fran\u00e7aise. Elle est la cofondatrice de l&rsquo;application\u00a0<a title=\"Yuka (application)\" href=\"https:\/\/fr.wikipedia.org\/wiki\/Yuka_(application)\">Yuka<\/a>\u00a0et codirectrice g\u00e9n\u00e9rale de l&rsquo;entreprise qui la d\u00e9veloppe, Yuca.<\/p>\n<p style=\"text-align: justify;\">Au printemps 2016, elle participe \u00e0 un\u00a0<a title=\"Hackathon\" href=\"https:\/\/fr.wikipedia.org\/wiki\/Hackathon\">hackathon<\/a>, dans lequel elle accompagne les fr\u00e8res Beno\u00eet et Fran\u00e7ois Martin. L&rsquo;objectif de cet hackathon est de d\u00e9velopper un projet informatique sur un week-end\u00a0: le d\u00e9fi retenu est une application qui scanne des produits en rayon pour obtenir de l&rsquo;information sur les composants, et note la qualit\u00e9 nutritionnelle, ind\u00e9pendamment du discours marketing de la marque.\u00a0<a title=\"Yuka (application)\" href=\"https:\/\/fr.wikipedia.org\/wiki\/Yuka_(application)\">Yuka<\/a> est ainsi cr\u00e9\u00e9.<\/p>\n<p style=\"text-align: justify;\">Yuka b\u00e9n\u00e9ficie d&rsquo;un succ\u00e8s rapide. En 2019, 11,5\u00a0millions de Fran\u00e7ais l&rsquo;ont t\u00e9l\u00e9charg\u00e9, 15\u00a0millions d&rsquo;utilisateurs en englobant \u00e9galement les Espagnols, Suisses ou Belges<sup id=\"cite_ref-6\" class=\"reference\"><a href=\"https:\/\/fr.wikipedia.org\/wiki\/Julie_Chapon#cite_note-6\">6<\/a><\/sup><sup class=\"reference cite_virgule\">,<\/sup><sup id=\"cite_ref-7\" class=\"reference\"><a href=\"https:\/\/fr.wikipedia.org\/wiki\/Julie_Chapon#cite_note-7\">7<\/a><\/sup>. Le projet la passionne<sup id=\"cite_ref-8\" class=\"reference\"><a href=\"https:\/\/fr.wikipedia.org\/wiki\/Julie_Chapon#cite_note-8\">8<\/a><\/sup>. Plus de 800\u00a0000\u00a0produits alimentaires et cosm\u00e9tiques sont maintenant recens\u00e9s dans cette application<sup id=\"cite_ref-9\" class=\"reference\"><a href=\"https:\/\/fr.wikipedia.org\/wiki\/Julie_Chapon#cite_note-9\">9<\/a><\/sup>. L&rsquo;impact sur les choix des consommateurs est significatif.\u00a0<span class=\"citation\">\u00ab\u00a0On d\u00e9construit le marketing, qui arrive \u00e0 vendre des trucs nazes en faisant croire que c\u2019est sain\u00a0\u00bb<\/span>, explique-t-elle. Ainsi, par exemple, \u00e0 la suite des additifs ainsi mis en exergue dans les produits, les industriels de l&rsquo;agroalimentaire en viennent \u00e0 modifier leurs recettes<sup id=\"cite_ref-10\" class=\"reference\"><\/sup>.<\/p>\n<p>&nbsp;<\/p>\n<p><iframe loading=\"lazy\" title=\"\ud83e\udd55JE TESTE L&#039;APPLI YUKA ! ET FRANCHEMENT...\" width=\"600\" height=\"338\" src=\"https:\/\/www.youtube.com\/embed\/5DeJWfVT4hM?feature=oembed\" frameborder=\"0\" allow=\"accelerometer; autoplay; clipboard-write; encrypted-media; gyroscope; picture-in-picture; web-share\" referrerpolicy=\"strict-origin-when-cross-origin\" allowfullscreen><\/iframe><\/p>\n<p><iframe loading=\"lazy\" title=\"L&#039;\u00e9picerie | On a test\u00e9 l\u2019application Yuka\" width=\"600\" height=\"338\" src=\"https:\/\/www.youtube.com\/embed\/TVEwD4sJfLI?feature=oembed\" frameborder=\"0\" allow=\"accelerometer; autoplay; clipboard-write; encrypted-media; gyroscope; picture-in-picture; web-share\" referrerpolicy=\"strict-origin-when-cross-origin\" allowfullscreen><\/iframe><\/p>\n","protected":false},"excerpt":{"rendered":"<p>Le Site Yuka &nbsp; Julie Chapon Julie Chapon, n\u00e9e le\u00a015 ao\u00fbt 1987\u00a0\u00e0\u00a0Meulan-en-Yvelines, est une\u00a0femme d\u2019affaires\u00a0et\u00a0entrepreneuse\u00a0fran\u00e7aise. Elle est la cofondatrice de l&rsquo;application\u00a0Yuka\u00a0et codirectrice g\u00e9n\u00e9rale de l&rsquo;entreprise qui la d\u00e9veloppe, Yuca. Au printemps 2016, elle participe \u00e0 un\u00a0hackathon, dans lequel elle accompagne les fr\u00e8res Beno\u00eet et Fran\u00e7ois Martin. L&rsquo;objectif de cet hackathon est de d\u00e9velopper un projet [&hellip;]<\/p>\n","protected":false},"author":1,"featured_media":10945,"parent":0,"menu_order":0,"comment_status":"closed","ping_status":"closed","template":"","meta":{"footnotes":""},"class_list":["post-10938","page","type-page","status-publish","has-post-thumbnail","hentry"],"_links":{"self":[{"href":"https:\/\/oraziopuglisi.art\/index.php\/wp-json\/wp\/v2\/pages\/10938","targetHints":{"allow":["GET"]}}],"collection":[{"href":"https:\/\/oraziopuglisi.art\/index.php\/wp-json\/wp\/v2\/pages"}],"about":[{"href":"https:\/\/oraziopuglisi.art\/index.php\/wp-json\/wp\/v2\/types\/page"}],"author":[{"embeddable":true,"href":"https:\/\/oraziopuglisi.art\/index.php\/wp-json\/wp\/v2\/users\/1"}],"replies":[{"embeddable":true,"href":"https:\/\/oraziopuglisi.art\/index.php\/wp-json\/wp\/v2\/comments?post=10938"}],"version-history":[{"count":8,"href":"https:\/\/oraziopuglisi.art\/index.php\/wp-json\/wp\/v2\/pages\/10938\/revisions"}],"predecessor-version":[{"id":10948,"href":"https:\/\/oraziopuglisi.art\/index.php\/wp-json\/wp\/v2\/pages\/10938\/revisions\/10948"}],"wp:featuredmedia":[{"embeddable":true,"href":"https:\/\/oraziopuglisi.art\/index.php\/wp-json\/wp\/v2\/media\/10945"}],"wp:attachment":[{"href":"https:\/\/oraziopuglisi.art\/index.php\/wp-json\/wp\/v2\/media?parent=10938"}],"curies":[{"name":"wp","href":"https:\/\/api.w.org\/{rel}","templated":true}]}}