{"id":10928,"date":"2024-08-16T13:44:36","date_gmt":"2024-08-16T11:44:36","guid":{"rendered":"https:\/\/oraziopuglisi.art\/?page_id=10928"},"modified":"2024-08-16T13:49:54","modified_gmt":"2024-08-16T11:49:54","slug":"food-watch","status":"publish","type":"page","link":"https:\/\/oraziopuglisi.art\/index.php\/food-watch\/","title":{"rendered":"Food Watch"},"content":{"rendered":"<p style=\"text-align: center;\"><a href=\"https:\/\/www.foodwatch.org\/fr\/accueil\">Le Site Food Watch<\/a><\/p>\n<p style=\"text-align: justify;\">Foodwatch est une organisation \u00e0 but non lucratif qui se bat pour une alimentation sans risques, saine et abordable pour tous et toutes. Nous faisons entendre la voix des consommateurs\u2219rices, nous militons pour plus de transparence dans le secteur alimentaire, et d\u00e9fendons notre droit \u00e0 une alimentation qui ne porte atteinte ni aux personnes, ni \u00e0 l\u2019environnement.<\/p>\n<p>&nbsp;<\/p>\n<p><iframe loading=\"lazy\" title=\"foodwatch en 2023 : un tourbillon d&#039;actions !\" width=\"600\" height=\"338\" src=\"https:\/\/www.youtube.com\/embed\/74Q_bDwV2W4?feature=oembed\" frameborder=\"0\" allow=\"accelerometer; autoplay; clipboard-write; encrypted-media; gyroscope; picture-in-picture; web-share\" referrerpolicy=\"strict-origin-when-cross-origin\" allowfullscreen><\/iframe><\/p>\n<p>&nbsp;<\/p>\n<p style=\"text-align: justify;\">Foodwatch, un contre-pouvoir citoyen et lanceur d\u2019alerte<\/p>\n<p style=\"text-align: justify;\">foodwatch\u00a0 fait la lumi\u00e8re sur les pratiques des industries agroalimentaires et des distributeurs qui violent les droits et les int\u00e9r\u00eats des consommateurs\u2219rices. Notre objectif ? pousser les responsables politiques \u00e0 am\u00e9liorer les r\u00e8glementations li\u00e9es \u00e0 l\u2019alimentation, encore tr\u00e8s insuffisantes \u00e0 l\u2019\u00e9chelle nationale comme europ\u00e9enne.<\/p>\n<p style=\"text-align: justify;\"><strong>A travers ses investigations, la r\u00e9v\u00e9lation de scandales, la mobilisation citoyenne et ses actions de plaidoyer<\/strong>, foodwatch assure un important r\u00f4le de contrepoids citoyen face au pouvoir de l\u2019industrie agro-alimentaire.<\/p>\n<p><strong>Nous voulons que chacun puisse librement d\u00e9cider de ce qu\u2019il mange<\/strong>, en toute connaissance de cause et sans risque pour sa sant\u00e9 et celle de ses proches.<\/p>\n<p style=\"text-align: justify;\"><strong>Nos activit\u00e9s couvrent des th\u00e8mes vari\u00e9s li\u00e9s \u00e0 l\u2019alimentation<\/strong>\u00a0: scandales et fraudes alimentaires, transparence sur l\u2019\u00e9tiquetage et emballages trompeurs, lien alimentation et sant\u00e9, menaces des accords de commerce de libre-\u00e9change, s\u00e9curit\u00e9 alimentaire etc.<\/p>\n<p><strong>Nos campagnes ont suscit\u00e9 une prise de conscience sur des sujets essentiels\u00a0<\/strong>et ont d\u00e9j\u00e0 men\u00e9 \u00e0 certains changements significatifs dans les pratiques des industriels et dans les politiques gouvernementales.<\/p>\n<p style=\"text-align: justify;\"><strong>foodwatch d\u00e9fend un mod\u00e8le de soci\u00e9t\u00e9 ouvert sur le monde<\/strong>, au sein duquel le changement prend vie par l\u2019action collective. Nous nous opposons donc \u00e0 toute forme de racisme et de discrimination \u00e0 l\u2019encontre de personnes ou de groupes de personnes. Nous nous distan\u00e7ons de tout mouvement raciste ou violent.<\/p>\n<p>&nbsp;<\/p>\n<h3 style=\"text-align: justify;\">\u00a0<\/h3>\n","protected":false},"excerpt":{"rendered":"<p>Le Site Food Watch Foodwatch est une organisation \u00e0 but non lucratif qui se bat pour une alimentation sans risques, saine et abordable pour tous et toutes. Nous faisons entendre la voix des consommateurs\u2219rices, nous militons pour plus de transparence dans le secteur alimentaire, et d\u00e9fendons notre droit \u00e0 une alimentation qui ne porte atteinte [&hellip;]<\/p>\n","protected":false},"author":1,"featured_media":10935,"parent":0,"menu_order":0,"comment_status":"closed","ping_status":"closed","template":"","meta":{"footnotes":""},"class_list":["post-10928","page","type-page","status-publish","has-post-thumbnail","hentry"],"_links":{"self":[{"href":"https:\/\/oraziopuglisi.art\/index.php\/wp-json\/wp\/v2\/pages\/10928","targetHints":{"allow":["GET"]}}],"collection":[{"href":"https:\/\/oraziopuglisi.art\/index.php\/wp-json\/wp\/v2\/pages"}],"about":[{"href":"https:\/\/oraziopuglisi.art\/index.php\/wp-json\/wp\/v2\/types\/page"}],"author":[{"embeddable":true,"href":"https:\/\/oraziopuglisi.art\/index.php\/wp-json\/wp\/v2\/users\/1"}],"replies":[{"embeddable":true,"href":"https:\/\/oraziopuglisi.art\/index.php\/wp-json\/wp\/v2\/comments?post=10928"}],"version-history":[{"count":6,"href":"https:\/\/oraziopuglisi.art\/index.php\/wp-json\/wp\/v2\/pages\/10928\/revisions"}],"predecessor-version":[{"id":10934,"href":"https:\/\/oraziopuglisi.art\/index.php\/wp-json\/wp\/v2\/pages\/10928\/revisions\/10934"}],"wp:featuredmedia":[{"embeddable":true,"href":"https:\/\/oraziopuglisi.art\/index.php\/wp-json\/wp\/v2\/media\/10935"}],"wp:attachment":[{"href":"https:\/\/oraziopuglisi.art\/index.php\/wp-json\/wp\/v2\/media?parent=10928"}],"curies":[{"name":"wp","href":"https:\/\/api.w.org\/{rel}","templated":true}]}}