{"id":10891,"date":"2024-08-13T14:47:20","date_gmt":"2024-08-13T12:47:20","guid":{"rendered":"https:\/\/oraziopuglisi.art\/?page_id=10891"},"modified":"2024-08-13T14:52:27","modified_gmt":"2024-08-13T12:52:27","slug":"chelsea-manning","status":"publish","type":"page","link":"https:\/\/oraziopuglisi.art\/index.php\/chelsea-manning\/","title":{"rendered":"Chelsea Manning"},"content":{"rendered":"<p style=\"text-align: center;\"><b><a class=\"mw-redirect\" title=\"Bradley Manning\" href=\"https:\/\/fr.wikipedia.org\/wiki\/Bradley_Manning\">Chelsea Manning<\/a><\/b>\u00a0<\/p>\n<p style=\"text-align: justify;\">Elle est accus\u00e9e, en <time class=\"nowrap\" datetime=\"2010-07\" data-sort-value=\"2010-07\">juillet 2010<\/time>, d&rsquo;avoir transmis \u00e0\u00a0<a title=\"WikiLeaks\" href=\"https:\/\/fr.wikipedia.org\/wiki\/WikiLeaks\">WikiLeaks<\/a>\u00a092\u00a0000\u00a0<i>war-logs<\/i>, documents militaires class\u00e9s\u00a0<a title=\"Secret d\u00e9fense\" href=\"https:\/\/fr.wikipedia.org\/wiki\/Secret_d%C3%A9fense\">secret d\u00e9fense<\/a>\u00a0sur la\u00a0<a class=\"mw-redirect\" title=\"Guerre d'Afghanistan (2001)\" href=\"https:\/\/fr.wikipedia.org\/wiki\/Guerre_d%27Afghanistan_(2001)\">guerre d&rsquo;Afghanistan<\/a>.<\/p>\n<p style=\"text-align: center;\"><a href=\"https:\/\/fr.wikipedia.org\/wiki\/Chelsea_Manning\">Lien Wikip\u00e9dia<\/a><\/p>\n<p>&nbsp;<\/p>\n<p style=\"text-align: justify;\"><b>Chelsea Manning<\/b>, n\u00e9e\u00a0<b>Bradley Manning<\/b>\u00a0le\u00a0<time class=\"nowrap bday\" datetime=\"1987-12-17\" data-sort-value=\"1987-12-17\">17 d\u00e9cembre 1987<\/time>\u00a0\u00e0\u00a0<a title=\"Crescent (Oklahoma)\" href=\"https:\/\/fr.wikipedia.org\/wiki\/Crescent_(Oklahoma)\">Crescent<\/a>\u00a0(<a title=\"Oklahoma\" href=\"https:\/\/fr.wikipedia.org\/wiki\/Oklahoma\">Oklahoma<\/a>), est une ancienne\u00a0<a title=\"Analyste (renseignement)\" href=\"https:\/\/fr.wikipedia.org\/wiki\/Analyste_(renseignement)\">analyste<\/a>\u00a0militaire de l&rsquo;<a title=\"Forces arm\u00e9es des \u00c9tats-Unis\" href=\"https:\/\/fr.wikipedia.org\/wiki\/Forces_arm%C3%A9es_des_%C3%89tats-Unis\">arm\u00e9e des \u00c9tats-Unis<\/a>\u00a0de nationalit\u00e9\u00a0<a title=\"\u00c9tats-Unis\" href=\"https:\/\/fr.wikipedia.org\/wiki\/%C3%89tats-Unis\">am\u00e9ricano<\/a>&#8211;<a title=\"Royaume-Uni\" href=\"https:\/\/fr.wikipedia.org\/wiki\/Royaume-Uni\">britannique<\/a>\u00a0qui a \u00e9t\u00e9 condamn\u00e9e et incarc\u00e9r\u00e9e pour trahison aux \u00c9tats-Unis apr\u00e8s avoir r\u00e9v\u00e9l\u00e9 des exactions de soldats am\u00e9ricains sur des civils irakiens.<\/p>\n<p style=\"text-align: justify;\">Manning transmet en 2010 \u00e0\u00a0<a title=\"WikiLeaks\" href=\"https:\/\/fr.wikipedia.org\/wiki\/WikiLeaks\">WikiLeaks<\/a>\u00a0des documents militaires class\u00e9s\u00a0<a title=\"Secret d\u00e9fense\" href=\"https:\/\/fr.wikipedia.org\/wiki\/Secret_d%C3%A9fense\">secret d\u00e9fense<\/a>\u00a0relevant du domaine de la\u00a0<a title=\"D\u00e9partement de la D\u00e9fense des \u00c9tats-Unis\" href=\"https:\/\/fr.wikipedia.org\/wiki\/D%C3%A9partement_de_la_D%C3%A9fense_des_%C3%89tats-Unis\">D\u00e9fense nationale<\/a>, notamment sur la mort de\u00a0<a title=\"Civil\" href=\"https:\/\/fr.wikipedia.org\/wiki\/Civil\">civils<\/a>\u00a0pris pour cible par un h\u00e9licopt\u00e8re am\u00e9ricain pendant la\u00a0<a class=\"mw-redirect\" title=\"Guerre d'Afghanistan (2001-2014)\" href=\"https:\/\/fr.wikipedia.org\/wiki\/Guerre_d%27Afghanistan_(2001-2014)\">guerre d&rsquo;Afghanistan<\/a>\u00a0(<i><a title=\"Afghan War Diary\" href=\"https:\/\/fr.wikipedia.org\/wiki\/Afghan_War_Diary\">Afghan War Diary<\/a><\/i>), ainsi que des preuves visuelles d&rsquo;exactions de l&rsquo;<a class=\"mw-redirect\" title=\"United States Army\" href=\"https:\/\/fr.wikipedia.org\/wiki\/United_States_Army\">US Army<\/a>\u00a0pendant la\u00a0<a title=\"Guerre d'Irak\" href=\"https:\/\/fr.wikipedia.org\/wiki\/Guerre_d%27Irak\">guerre d&rsquo;Irak<\/a>\u00a0(photos de l&rsquo;<a title=\"Scandale d'Abou Ghraib\" href=\"https:\/\/fr.wikipedia.org\/wiki\/Scandale_d%27Abou_Ghraib\">humiliation de d\u00e9tenus<\/a>\u00a0de la\u00a0<a title=\"Prison d'Abou Ghraib\" href=\"https:\/\/fr.wikipedia.org\/wiki\/Prison_d%27Abou_Ghraib\">prison d&rsquo;Abou Ghraib<\/a>, vid\u00e9o du\u00a0<a title=\"Raid a\u00e9rien du 12 juillet 2007 \u00e0 Bagdad\" href=\"https:\/\/fr.wikipedia.org\/wiki\/Raid_a%C3%A9rien_du_12_juillet_2007_%C3%A0_Bagdad\">raid a\u00e9rien du 12 juillet 2007 \u00e0 Bagdad<\/a>). La diffusion de ces informations lui vaut, le\u00a0<time class=\"nowrap\" datetime=\"2013-08-21\" data-sort-value=\"2013-08-21\">21 ao\u00fbt 2013<\/time>, une condamnation \u00e0 35 ans de prison.<\/p>\n<p style=\"text-align: justify;\">Au lendemain de sa condamnation, Manning d\u00e9clare \u00eatre une femme\u00a0<a title=\"Transidentit\u00e9\" href=\"https:\/\/fr.wikipedia.org\/wiki\/Transidentit%C3%A9\">transgenre<\/a>\u00a0et entame des d\u00e9marches pour changer d&rsquo;identit\u00e9 et prendre le pr\u00e9nom de Chelsea. En 2014, la justice des \u00c9tats-Unis reconna\u00eet son changement de nom en Chelsea Elizabeth Manning. En 2015, l&rsquo;arm\u00e9e l&rsquo;autorise \u00e0 entamer un\u00a0<a class=\"mw-redirect\" title=\"Hormonosubstitution (transsexualisme)\" href=\"https:\/\/fr.wikipedia.org\/wiki\/Hormonosubstitution_(transsexualisme)\">traitement hormonal<\/a>.<\/p>\n<p style=\"text-align: justify;\">Le\u00a0<time class=\"nowrap\" datetime=\"2017-01-17\" data-sort-value=\"2017-01-17\">17 janvier 2017<\/time>, l&rsquo;<a title=\"Pr\u00e9sidence de Barack Obama\" href=\"https:\/\/fr.wikipedia.org\/wiki\/Pr%C3%A9sidence_de_Barack_Obama\">administration Obama<\/a>\u00a0d\u00e9cide de\u00a0<a title=\"Gr\u00e2ce (droit)\" href=\"https:\/\/fr.wikipedia.org\/wiki\/Gr%C3%A2ce_(droit)\">commuer la peine<\/a>\u00a0de Manning, rendant possible sa lib\u00e9ration anticip\u00e9e<sup id=\"cite_ref-1\" class=\"reference\"><a href=\"https:\/\/fr.wikipedia.org\/wiki\/Chelsea_Manning#cite_note-1\">1<\/a><\/sup>. Elle sort de prison le\u00a0<time class=\"nowrap\" datetime=\"2017-05-17\" data-sort-value=\"2017-05-17\">17 mai 2017<\/time>, sept ans apr\u00e8s son arrestation survenue le\u00a0<time class=\"nowrap\" datetime=\"2010-05-20\" data-sort-value=\"2010-05-20\">20 mai 2010<\/time><sup id=\"cite_ref-lemonde_5129102_2-0\" class=\"reference\"><a href=\"https:\/\/fr.wikipedia.org\/wiki\/Chelsea_Manning#cite_note-lemonde_5129102-2\">2<\/a><\/sup>.<\/p>\n<p style=\"text-align: justify;\">Chelsea Manning est de nouveau emprisonn\u00e9e le 16 mai 2019 \u00e0 la suite de son refus de t\u00e9moigner dans l&rsquo;enqu\u00eate concernant WikiLeaks. Elle est lib\u00e9r\u00e9e le 12 mars 2020, au lendemain d&rsquo;une\u00a0<a title=\"Tentative de suicide\" href=\"https:\/\/fr.wikipedia.org\/wiki\/Tentative_de_suicide\">tentative de suicide<\/a>, apr\u00e8s 301 jours d\u2019incarc\u00e9ration.<\/p>\n<p>&nbsp;<\/p>\n<p>&nbsp;<\/p>\n","protected":false},"excerpt":{"rendered":"<p>Chelsea Manning\u00a0 Elle est accus\u00e9e, en juillet 2010, d&rsquo;avoir transmis \u00e0\u00a0WikiLeaks\u00a092\u00a0000\u00a0war-logs, documents militaires class\u00e9s\u00a0secret d\u00e9fense\u00a0sur la\u00a0guerre d&rsquo;Afghanistan. Lien Wikip\u00e9dia &nbsp; Chelsea Manning, n\u00e9e\u00a0Bradley Manning\u00a0le\u00a017 d\u00e9cembre 1987\u00a0\u00e0\u00a0Crescent\u00a0(Oklahoma), est une ancienne\u00a0analyste\u00a0militaire de l&rsquo;arm\u00e9e des \u00c9tats-Unis\u00a0de nationalit\u00e9\u00a0am\u00e9ricano&#8211;britannique\u00a0qui a \u00e9t\u00e9 condamn\u00e9e et incarc\u00e9r\u00e9e pour trahison aux \u00c9tats-Unis apr\u00e8s avoir r\u00e9v\u00e9l\u00e9 des exactions de soldats am\u00e9ricains sur des civils irakiens. [&hellip;]<\/p>\n","protected":false},"author":1,"featured_media":10900,"parent":0,"menu_order":0,"comment_status":"closed","ping_status":"closed","template":"","meta":{"footnotes":""},"class_list":["post-10891","page","type-page","status-publish","has-post-thumbnail","hentry"],"_links":{"self":[{"href":"https:\/\/oraziopuglisi.art\/index.php\/wp-json\/wp\/v2\/pages\/10891","targetHints":{"allow":["GET"]}}],"collection":[{"href":"https:\/\/oraziopuglisi.art\/index.php\/wp-json\/wp\/v2\/pages"}],"about":[{"href":"https:\/\/oraziopuglisi.art\/index.php\/wp-json\/wp\/v2\/types\/page"}],"author":[{"embeddable":true,"href":"https:\/\/oraziopuglisi.art\/index.php\/wp-json\/wp\/v2\/users\/1"}],"replies":[{"embeddable":true,"href":"https:\/\/oraziopuglisi.art\/index.php\/wp-json\/wp\/v2\/comments?post=10891"}],"version-history":[{"count":8,"href":"https:\/\/oraziopuglisi.art\/index.php\/wp-json\/wp\/v2\/pages\/10891\/revisions"}],"predecessor-version":[{"id":10899,"href":"https:\/\/oraziopuglisi.art\/index.php\/wp-json\/wp\/v2\/pages\/10891\/revisions\/10899"}],"wp:featuredmedia":[{"embeddable":true,"href":"https:\/\/oraziopuglisi.art\/index.php\/wp-json\/wp\/v2\/media\/10900"}],"wp:attachment":[{"href":"https:\/\/oraziopuglisi.art\/index.php\/wp-json\/wp\/v2\/media?parent=10891"}],"curies":[{"name":"wp","href":"https:\/\/api.w.org\/{rel}","templated":true}]}}