{"id":10884,"date":"2024-08-13T09:25:36","date_gmt":"2024-08-13T07:25:36","guid":{"rendered":"https:\/\/oraziopuglisi.art\/?page_id=10884"},"modified":"2024-08-13T09:28:55","modified_gmt":"2024-08-13T07:28:55","slug":"thomas-drake","status":"publish","type":"page","link":"https:\/\/oraziopuglisi.art\/index.php\/thomas-drake\/","title":{"rendered":"Thomas Drake"},"content":{"rendered":"<p style=\"text-align: center;\"><a href=\"https:\/\/fr.wikipedia.org\/wiki\/Thomas_Drake\">Thomas Drake<\/a><\/p>\n<p style=\"text-align: justify;\"><b>Thomas Andrews Drake<\/b>\u00a0est un\u00a0<a title=\"Lanceur d'alerte\" href=\"https:\/\/fr.wikipedia.org\/wiki\/Lanceur_d%27alerte\">lanceur d&rsquo;alerte<\/a>\u00a0<a title=\"\u00c9tats-Unis\" href=\"https:\/\/fr.wikipedia.org\/wiki\/%C3%89tats-Unis\">am\u00e9ricain<\/a>, n\u00e9 le\u00a0<time class=\"nowrap bday\" datetime=\"1957-04-22\" data-sort-value=\"1957-04-22\">22 avril 1957<\/time>\u00a0en\u00a0<a title=\"Louisiane\" href=\"https:\/\/fr.wikipedia.org\/wiki\/Louisiane\">Louisiane<\/a>. V\u00e9t\u00e9ran d\u00e9cor\u00e9 de l&rsquo;<a title=\"United States Navy\" href=\"https:\/\/fr.wikipedia.org\/wiki\/United_States_Navy\">US Navy<\/a>, ce cadre sup\u00e9rieur de la\u00a0<a title=\"National Security Agency\" href=\"https:\/\/fr.wikipedia.org\/wiki\/National_Security_Agency\">National Security Agency<\/a>\u00a0(NSA) d\u00e9nonce la corruption et la gestion d\u00e9ficiente du\u00a0<i><a title=\"Trailblazer Project\" href=\"https:\/\/fr.wikipedia.org\/wiki\/Trailblazer_Project\">Trailblazer Project<\/a><\/i>, ce qui lui vaut d&rsquo;\u00eatre accus\u00e9 par le\u00a0<a title=\"Gouvernement f\u00e9d\u00e9ral des \u00c9tats-Unis\" href=\"https:\/\/fr.wikipedia.org\/wiki\/Gouvernement_f%C3%A9d%C3%A9ral_des_%C3%89tats-Unis\">gouvernement f\u00e9d\u00e9ral am\u00e9ricain<\/a>\u00a0d&rsquo;avoir attent\u00e9 \u00e0 la\u00a0<a class=\"mw-redirect\" title=\"S\u00e9curit\u00e9 nationale\" href=\"https:\/\/fr.wikipedia.org\/wiki\/S%C3%A9curit%C3%A9_nationale\">s\u00e9curit\u00e9 nationale<\/a>\u00a0selon les termes de l&rsquo;<i><a title=\"Espionage Act of 1917\" href=\"https:\/\/fr.wikipedia.org\/wiki\/Espionage_Act_of_1917\">Espionage Act of 1917<\/a><\/i>. Bien qu\u2019encourant 35 ans de prison, il est finalement condamn\u00e9 pour un d\u00e9lit mineur, mais perd son emploi \u00e0 la NSA.<\/p>\n<div class=\"mw-heading mw-heading2\" style=\"text-align: justify;\">\n<h2 id=\"Biographie\">Biographie<\/h2>\n<p>Le p\u00e8re de Thomas Drake est un v\u00e9t\u00e9ran de la\u00a0<a title=\"Seconde Guerre mondiale\" href=\"https:\/\/fr.wikipedia.org\/wiki\/Seconde_Guerre_mondiale\">Seconde Guerre mondiale<\/a>, alors que sa m\u00e8re a \u00e9t\u00e9 l&rsquo;une des secr\u00e9taires de l&rsquo;\u00e9crivain\u00a0<a title=\"Pearl Buck\" href=\"https:\/\/fr.wikipedia.org\/wiki\/Pearl_Buck\">Pearl Buck<\/a>. Thomas entre dans l&rsquo;<a class=\"mw-redirect\" title=\"US Air Force\" href=\"https:\/\/fr.wikipedia.org\/wiki\/US_Air_Force\">US Air Force<\/a>\u00a0en 1979, o\u00f9 il devient un sp\u00e9cialiste de l&rsquo;\u00e9coute \u00e9lectronique embarqu\u00e9e (<i>Airborne Voice Processing<\/i>), du fait de sa ma\u00eetrise de l&rsquo;<a title=\"Allemand\" href=\"https:\/\/fr.wikipedia.org\/wiki\/Allemand\">allemand<\/a>. Il participe \u00e9galement \u00e0 des missions de surveillance \u00e9lectronique (<a title=\"ELINT\" href=\"https:\/\/fr.wikipedia.org\/wiki\/ELINT\">ELINT<\/a>)<sup id=\"cite_ref-bishop11_4-0\" class=\"reference\"><a href=\"https:\/\/fr.wikipedia.org\/wiki\/Thomas_Drake#cite_note-bishop11-4\">4<\/a><\/sup>. C&rsquo;est dans le cadre de ces missions qu&rsquo;il est amen\u00e9 \u00e0 observer les t\u00e9l\u00e9communications de la\u00a0<a title=\"R\u00e9publique d\u00e9mocratique allemande\" href=\"https:\/\/fr.wikipedia.org\/wiki\/R%C3%A9publique_d%C3%A9mocratique_allemande\">RDA<\/a>, \u00c9tat qu&rsquo;il compare aux\u00a0<a title=\"\u00c9tats-Unis\" href=\"https:\/\/fr.wikipedia.org\/wiki\/%C3%89tats-Unis\">\u00c9tats-Unis<\/a>\u00a0des ann\u00e9es 2000-2010 \u00e0 cause de plusieurs d\u00e9cisions touchant la vie priv\u00e9e des citoyens am\u00e9ricains depuis les\u00a0<a title=\"Attentats du 11 septembre 2001\" href=\"https:\/\/fr.wikipedia.org\/wiki\/Attentats_du_11_septembre_2001\">attentats du 11 septembre 2001<\/a><sup id=\"cite_ref-TRNN_award_5-0\" class=\"reference\"><a href=\"https:\/\/fr.wikipedia.org\/wiki\/Thomas_Drake#cite_note-TRNN_award-5\">5<\/a><\/sup>. Il quitte l&rsquo;Air Force en 1989. Il a aussi travaill\u00e9 pour l&rsquo;<a class=\"mw-redirect\" title=\"US Navy\" href=\"https:\/\/fr.wikipedia.org\/wiki\/US_Navy\">US Navy<\/a>, o\u00f9 il est charg\u00e9 d&rsquo;analyser des informations pour le compte du\u00a0<i>National Military Joint Intelligence Center<\/i><sup id=\"cite_ref-exhe_6-0\" class=\"reference\"><a href=\"https:\/\/fr.wikipedia.org\/wiki\/Thomas_Drake#cite_note-exhe-6\">6<\/a><\/sup>. Selon\u00a0<i><a title=\"The Washington Post\" href=\"https:\/\/fr.wikipedia.org\/wiki\/The_Washington_Post\">The Washington Post<\/a><\/i>, il aurait aussi travaill\u00e9 pour la\u00a0<a class=\"mw-redirect\" title=\"CIA\" href=\"https:\/\/fr.wikipedia.org\/wiki\/CIA\">CIA<\/a><sup id=\"cite_ref-WP20100714_7-0\" class=\"reference\"><a href=\"https:\/\/fr.wikipedia.org\/wiki\/Thomas_Drake#cite_note-WP20100714-7\">7<\/a><\/sup>. En 1989, en tant que contractuel pour la\u00a0<a class=\"mw-redirect\" title=\"NSA\" href=\"https:\/\/fr.wikipedia.org\/wiki\/NSA\">NSA<\/a>, il analyse des\u00a0<a title=\"Logiciel\" href=\"https:\/\/fr.wikipedia.org\/wiki\/Logiciel\">logiciels<\/a><sup id=\"cite_ref-shane3_8-0\" class=\"reference\"><a href=\"https:\/\/fr.wikipedia.org\/wiki\/Thomas_Drake#cite_note-shane3-8\">8<\/a><\/sup><sup class=\"reference cite_virgule\">,<\/sup><sup id=\"cite_ref-WP20100714_7-1\" class=\"reference\"><a href=\"https:\/\/fr.wikipedia.org\/wiki\/Thomas_Drake#cite_note-WP20100714-7\">7<\/a><\/sup><sup class=\"reference cite_virgule\">,<\/sup><sup id=\"cite_ref-9\" class=\"reference\"><a href=\"https:\/\/fr.wikipedia.org\/wiki\/Thomas_Drake#cite_note-9\">9<\/a><\/sup>. Pour les programmes JACKPOT et LIBRARIAN, il m\u00e8ne des tests de qualit\u00e9 sur les logiciels utilis\u00e9s. En parall\u00e8le, il poursuit des \u00e9tudes universitaires<sup id=\"cite_ref-exhf_10-0\" class=\"reference\"><a href=\"https:\/\/fr.wikipedia.org\/wiki\/Thomas_Drake#cite_note-exhf-10\">10<\/a><\/sup><sup class=\"reference cite_virgule\">,<\/sup><sup id=\"cite_ref-qweek98_11-0\" class=\"reference\"><a href=\"https:\/\/fr.wikipedia.org\/wiki\/Thomas_Drake#cite_note-qweek98-11\">11<\/a><\/sup>.<\/p>\n<\/div>\n<p style=\"text-align: justify;\">En 2000, une soci\u00e9t\u00e9 travaillant dans l&rsquo;informatique l&#8217;embauche comme sp\u00e9cialiste en qualit\u00e9 logicielle et consultant en\u00a0<a title=\"Technologies de l'information et de la communication\" href=\"https:\/\/fr.wikipedia.org\/wiki\/Technologies_de_l%27information_et_de_la_communication\">TIC<\/a><sup id=\"cite_ref-dtic1_12-0\" class=\"reference\"><a href=\"https:\/\/fr.wikipedia.org\/wiki\/Thomas_Drake#cite_note-dtic1-12\">12<\/a><\/sup><sup class=\"reference cite_virgule\">,<\/sup><sup id=\"cite_ref-zoom1_13-0\" class=\"reference\"><a href=\"https:\/\/fr.wikipedia.org\/wiki\/Thomas_Drake#cite_note-zoom1-13\">13<\/a><\/sup>. \u00c0 la fin de 2001, la NSA l&#8217;embauche \u00e0 temps plein et l&rsquo;assigne au\u00a0<i>Signals Intelligence Directorate<\/i>\u00a0\u00e0\u00a0<a title=\"Fort Meade (Maryland)\" href=\"https:\/\/fr.wikipedia.org\/wiki\/Fort_Meade_(Maryland)\">Fort Meade au Maryland<\/a>. Il commence \u00e0 travailler le\u00a0<time class=\"nowrap\" datetime=\"2001-09-11\" data-sort-value=\"2001-09-11\">11 septembre 2001<\/time>, le jour\u00a0<a title=\"Attentats du 11 septembre 2001\" href=\"https:\/\/fr.wikipedia.org\/wiki\/Attentats_du_11_septembre_2001\">des attentats sur le sol am\u00e9ricain<\/a><sup id=\"cite_ref-jdsupra_14-0\" class=\"reference\"><a href=\"https:\/\/fr.wikipedia.org\/wiki\/Thomas_Drake#cite_note-jdsupra-14\">14<\/a><\/sup><sup class=\"reference cite_virgule\">,<\/sup><sup id=\"cite_ref-motion53_15-0\" class=\"reference\"><a href=\"https:\/\/fr.wikipedia.org\/wiki\/Thomas_Drake#cite_note-motion53-15\">15<\/a><\/sup><sup class=\"reference cite_virgule\">,<\/sup><sup id=\"cite_ref-mayer2011_16-0\" class=\"reference\"><a href=\"https:\/\/fr.wikipedia.org\/wiki\/Thomas_Drake#cite_note-mayer2011-16\">16<\/a><\/sup>. En 2002, il est nomm\u00e9 directeur d&rsquo;une section logicielle qui fait partie du\u00a0<i>Cryptologic Systems and Professional Health Office<\/i>. En 2003, il est nomm\u00e9\u00a0<i>manager<\/i>\u00a0du\u00a0<i>Directorate of Engineering<\/i>\u00a0de la NSA. Il d\u00e9tient alors une habilitation\u00a0<i>Top Secret<\/i><sup id=\"cite_ref-jdsupra_14-1\" class=\"reference\"><a href=\"https:\/\/fr.wikipedia.org\/wiki\/Thomas_Drake#cite_note-jdsupra-14\">14<\/a><\/sup>. Pendant l&rsquo;enqu\u00eate du Congr\u00e8s am\u00e9ricain sur les attentats du\u00a0<time class=\"nowrap\" datetime=\"09-11\" data-sort-value=\"09-11\">11 septembre<\/time>, il t\u00e9moigne des manquements de la NSA<sup id=\"cite_ref-WP20100714_7-2\" class=\"reference\"><a href=\"https:\/\/fr.wikipedia.org\/wiki\/Thomas_Drake#cite_note-WP20100714-7\">7<\/a><\/sup>. En 2006, il est assign\u00e9 \u00e0 la\u00a0<i><a title=\"National Defense University\" href=\"https:\/\/fr.wikipedia.org\/wiki\/National_Defense_University\">National Defense University<\/a><\/i>\u00a0(NDU)<sup id=\"cite_ref-WP20100714_7-3\" class=\"reference\"><a href=\"https:\/\/fr.wikipedia.org\/wiki\/Thomas_Drake#cite_note-WP20100714-7\">7<\/a><\/sup>, o\u00f9 il est nomm\u00e9 \u00e0 la chaire NSA et professeur adjoint en sciences du comportement de l&rsquo;<span class=\"lang-en\" lang=\"en\"><i><a class=\"mw-redirect\" title=\"Industrial College of the Armed Forces\" href=\"https:\/\/fr.wikipedia.org\/wiki\/Industrial_College_of_the_Armed_Forces\">Industrial College of the Armed Forces<\/a><\/i><\/span>\u00a0(ICAF)<sup id=\"cite_ref-jdsupra_14-2\" class=\"reference\"><a href=\"https:\/\/fr.wikipedia.org\/wiki\/Thomas_Drake#cite_note-jdsupra-14\">14<\/a><\/sup>, l&rsquo;un des\u00a0<span class=\"lang-en\" lang=\"en\"><i>colleges<\/i><\/span>\u00a0de la NDU. Drake est oblig\u00e9 de d\u00e9missionner de la NDU lorsque son habilitation est suspendue en 2007\u00a0; il d\u00e9missionne de la NSA l&rsquo;ann\u00e9e suivante<sup id=\"cite_ref-afp_17-0\" class=\"reference\"><a href=\"https:\/\/fr.wikipedia.org\/wiki\/Thomas_Drake#cite_note-afp-17\">17<\/a><\/sup><sup class=\"reference cite_virgule\">,<\/sup><sup id=\"cite_ref-jdsupra_14-3\" class=\"reference\"><a href=\"https:\/\/fr.wikipedia.org\/wiki\/Thomas_Drake#cite_note-jdsupra-14\">14<\/a><\/sup><sup class=\"reference cite_virgule\">,<\/sup><sup id=\"cite_ref-shane2_18-0\" class=\"reference\"><a href=\"https:\/\/fr.wikipedia.org\/wiki\/Thomas_Drake#cite_note-shane2-18\">18<\/a><\/sup>. Il est ensuite embauch\u00e9 par l&rsquo;<a title=\"Universit\u00e9 Strayer\" href=\"https:\/\/fr.wikipedia.org\/wiki\/Universit%C3%A9_Strayer\">universit\u00e9 Strayer<\/a>\u00a0mais il est oblig\u00e9 de quitter en 2010 lorsqu&rsquo;il fait l&rsquo;objet d&rsquo;une poursuite judiciaire du gouvernement am\u00e9ricain<sup id=\"cite_ref-shane2_18-1\" class=\"reference\"><a href=\"https:\/\/fr.wikipedia.org\/wiki\/Thomas_Drake#cite_note-shane2-18\">18<\/a><\/sup>.<\/p>\n<p style=\"text-align: justify;\">En\u00a0<time class=\"nowrap\" datetime=\"2010-04\" data-sort-value=\"2010-04\">avril 2010<\/time>, le gouvernement am\u00e9ricain accuse Drake de n\u00e9gligence dans la manipulation de documents class\u00e9s secrets. C&rsquo;est l&rsquo;un des rares employ\u00e9s du gouvernement am\u00e9ricain \u00e0 \u00eatre accus\u00e9 selon les termes de l&rsquo;<i><a title=\"Espionage Act of 1917\" href=\"https:\/\/fr.wikipedia.org\/wiki\/Espionage_Act_of_1917\">Espionage Act of 1917<\/a><\/i>. Les d\u00e9fendeurs de Drake avancent plut\u00f4t qu&rsquo;il a \u00e9t\u00e9 pers\u00e9cut\u00e9 pour avoir d\u00e9nonc\u00e9 la corruption et la gestion d\u00e9ficiente du\u00a0<i><a title=\"Trailblazer Project\" href=\"https:\/\/fr.wikipedia.org\/wiki\/Trailblazer_Project\">Trailblazer Project<\/a><\/i><sup id=\"cite_ref-shane3_8-1\" class=\"reference\"><a href=\"https:\/\/fr.wikipedia.org\/wiki\/Thomas_Drake#cite_note-shane3-8\">8<\/a><\/sup><sup class=\"reference cite_virgule\">,<\/sup><sup id=\"cite_ref-afp_17-1\" class=\"reference\"><a href=\"https:\/\/fr.wikipedia.org\/wiki\/Thomas_Drake#cite_note-afp-17\">17<\/a><\/sup><sup class=\"reference cite_virgule\">,<\/sup><sup id=\"cite_ref-doj_19-0\" class=\"reference\"><a href=\"https:\/\/fr.wikipedia.org\/wiki\/Thomas_Drake#cite_note-doj-19\">19<\/a><\/sup><sup class=\"reference cite_virgule\">,<\/sup><sup id=\"cite_ref-wapo_20-0\" class=\"reference\"><a href=\"https:\/\/fr.wikipedia.org\/wiki\/Thomas_Drake#cite_note-wapo-20\">20<\/a><\/sup><sup class=\"reference cite_virgule\">,<\/sup><sup id=\"cite_ref-jdsupra_14-4\" class=\"reference\"><a href=\"https:\/\/fr.wikipedia.org\/wiki\/Thomas_Drake#cite_note-jdsupra-14\">14<\/a><\/sup><sup class=\"reference cite_virgule\">,<\/sup><sup id=\"cite_ref-hosenball_21-0\" class=\"reference\"><a href=\"https:\/\/fr.wikipedia.org\/wiki\/Thomas_Drake#cite_note-hosenball-21\">21<\/a><\/sup>. Ensuite, il trouve un emploi dans un magasin de la soci\u00e9t\u00e9 Apple<sup id=\"cite_ref-WP20100714_7-4\" class=\"reference\"><a href=\"https:\/\/fr.wikipedia.org\/wiki\/Thomas_Drake#cite_note-WP20100714-7\">7<\/a><\/sup><sup class=\"reference cite_virgule\">,<\/sup><sup id=\"cite_ref-shane2_18-2\" class=\"reference\"><a href=\"https:\/\/fr.wikipedia.org\/wiki\/Thomas_Drake#cite_note-shane2-18\">18<\/a><\/sup>. Il fonde \u00e0 cette \u00e9poque la soci\u00e9t\u00e9 de consultants Knowpari Systems<sup id=\"cite_ref-22\" class=\"reference\"><a href=\"https:\/\/fr.wikipedia.org\/wiki\/Thomas_Drake#cite_note-22\">22<\/a><\/sup>.<\/p>\n<p style=\"text-align: justify;\">Le\u00a0<time class=\"nowrap\" datetime=\"2011-06-09\" data-sort-value=\"2011-06-09\">9 juin 2011<\/time>, l&rsquo;ensemble des\u00a0<span class=\"nowrap\">10 charges<\/span>\u00a0\u00e0 son encontre sont abandonn\u00e9es. Auparavant, Drake avait rejet\u00e9 plusieurs propositions de peines parce qu&rsquo;il refusait une\u00a0<span class=\"citation\">\u00ab\u00a0n\u00e9gociation de plaidoyer avec la v\u00e9rit\u00e9\u00a0\u00bb<\/span><sup id=\"cite_ref-23\" class=\"reference\"><a href=\"https:\/\/fr.wikipedia.org\/wiki\/Thomas_Drake#cite_note-23\">trad 1<\/a><\/sup>. Il a plus tard plaid\u00e9 coupable pour le seul d\u00e9lit d&rsquo;avoir exc\u00e9d\u00e9 l&rsquo;autorisation d&rsquo;utiliser un ordinateur<sup id=\"cite_ref-josh_gerstein_11.9.6_24-0\" class=\"reference\"><a href=\"https:\/\/fr.wikipedia.org\/wiki\/Thomas_Drake#cite_note-josh_gerstein_11.9.6-24\">23<\/a><\/sup>.\u00a0<a title=\"Jesselyn Radack\" href=\"https:\/\/fr.wikipedia.org\/wiki\/Jesselyn_Radack\">Jesselyn Radack<\/a>, qui l&rsquo;a d\u00e9fendu, a qualifi\u00e9 ce geste de\u00a0<span class=\"citation\">\u00ab\u00a0d\u00e9sob\u00e9issance civile\u00a0\u00bb<\/span><sup id=\"cite_ref-25\" class=\"reference\"><a href=\"https:\/\/fr.wikipedia.org\/wiki\/Thomas_Drake#cite_note-25\">24<\/a><\/sup>.<\/p>\n<p style=\"text-align: justify;\">En 2011, il re\u00e7oit le\u00a0<a title=\"Prix Ridenhour\" href=\"https:\/\/fr.wikipedia.org\/wiki\/Prix_Ridenhour\">prix Ridenhour<\/a>\u00a0de la v\u00e9rit\u00e9<sup id=\"cite_ref-ridenhourorg_2-1\" class=\"reference\"><a href=\"https:\/\/fr.wikipedia.org\/wiki\/Thomas_Drake#cite_note-ridenhourorg-2\">2<\/a><\/sup>\u00a0et est co-r\u00e9cipiendaire du\u00a0<i><a class=\"mw-redirect\" title=\"Sam Adams Award\" href=\"https:\/\/fr.wikipedia.org\/wiki\/Sam_Adams_Award\">Sam Adams Award<\/a>\u00a0for Integrity in Intelligence<\/i>\u00a0(SAAII). Lorsqu&rsquo;il re\u00e7oit le SAAII, il dit (rappelant le discours de 1857 prononc\u00e9 par\u00a0<a title=\"Frederick Douglass\" href=\"https:\/\/fr.wikipedia.org\/wiki\/Frederick_Douglass\">Frederick Douglass<\/a>, ancien esclave devenu \u00e9diteur)\u00a0:<\/p>\n<blockquote>\n<p style=\"text-align: justify;\">\u00ab\u00a0Le pouvoir et ceux qui contr\u00f4lent ne conc\u00e8dent rien [\u2026] sans une demande. Ils ne l&rsquo;ont jamais fait et ne le feront jamais. [\u2026] Chacun d&rsquo;entre nous doit continuer \u00e0 exiger, \u00e0 se battre, \u00e0 tonner, \u00e0 labourer, \u00e0 lutter, \u00e0 s&rsquo;exprimer et \u00e0 parler jusqu&rsquo;\u00e0 ce que justice soit faite, car l\u00e0 o\u00f9 il n&rsquo;y a pas de justice, il ne peut y avoir de paix<sup id=\"cite_ref-26\" class=\"reference\"><a href=\"https:\/\/fr.wikipedia.org\/wiki\/Thomas_Drake#cite_note-26\">trad 2<\/a><\/sup><sup class=\"reference cite_virgule\">,<\/sup><sup id=\"cite_ref-TRNN_award_5-1\" class=\"reference\"><a href=\"https:\/\/fr.wikipedia.org\/wiki\/Thomas_Drake#cite_note-TRNN_award-5\">5<\/a><\/sup>.\u00a0\u00bb<\/p>\n<\/blockquote>\n","protected":false},"excerpt":{"rendered":"<p>Thomas Drake Thomas Andrews Drake\u00a0est un\u00a0lanceur d&rsquo;alerte\u00a0am\u00e9ricain, n\u00e9 le\u00a022 avril 1957\u00a0en\u00a0Louisiane. V\u00e9t\u00e9ran d\u00e9cor\u00e9 de l&rsquo;US Navy, ce cadre sup\u00e9rieur de la\u00a0National Security Agency\u00a0(NSA) d\u00e9nonce la corruption et la gestion d\u00e9ficiente du\u00a0Trailblazer Project, ce qui lui vaut d&rsquo;\u00eatre accus\u00e9 par le\u00a0gouvernement f\u00e9d\u00e9ral am\u00e9ricain\u00a0d&rsquo;avoir attent\u00e9 \u00e0 la\u00a0s\u00e9curit\u00e9 nationale\u00a0selon les termes de l&rsquo;Espionage Act of 1917. Bien qu\u2019encourant [&hellip;]<\/p>\n","protected":false},"author":1,"featured_media":10890,"parent":0,"menu_order":0,"comment_status":"closed","ping_status":"closed","template":"","meta":{"footnotes":""},"class_list":["post-10884","page","type-page","status-publish","has-post-thumbnail","hentry"],"_links":{"self":[{"href":"https:\/\/oraziopuglisi.art\/index.php\/wp-json\/wp\/v2\/pages\/10884","targetHints":{"allow":["GET"]}}],"collection":[{"href":"https:\/\/oraziopuglisi.art\/index.php\/wp-json\/wp\/v2\/pages"}],"about":[{"href":"https:\/\/oraziopuglisi.art\/index.php\/wp-json\/wp\/v2\/types\/page"}],"author":[{"embeddable":true,"href":"https:\/\/oraziopuglisi.art\/index.php\/wp-json\/wp\/v2\/users\/1"}],"replies":[{"embeddable":true,"href":"https:\/\/oraziopuglisi.art\/index.php\/wp-json\/wp\/v2\/comments?post=10884"}],"version-history":[{"count":4,"href":"https:\/\/oraziopuglisi.art\/index.php\/wp-json\/wp\/v2\/pages\/10884\/revisions"}],"predecessor-version":[{"id":10889,"href":"https:\/\/oraziopuglisi.art\/index.php\/wp-json\/wp\/v2\/pages\/10884\/revisions\/10889"}],"wp:featuredmedia":[{"embeddable":true,"href":"https:\/\/oraziopuglisi.art\/index.php\/wp-json\/wp\/v2\/media\/10890"}],"wp:attachment":[{"href":"https:\/\/oraziopuglisi.art\/index.php\/wp-json\/wp\/v2\/media?parent=10884"}],"curies":[{"name":"wp","href":"https:\/\/api.w.org\/{rel}","templated":true}]}}