{"id":10877,"date":"2024-08-13T09:19:31","date_gmt":"2024-08-13T07:19:31","guid":{"rendered":"https:\/\/oraziopuglisi.art\/?page_id=10877"},"modified":"2024-08-13T09:22:45","modified_gmt":"2024-08-13T07:22:45","slug":"william-binney","status":"publish","type":"page","link":"https:\/\/oraziopuglisi.art\/index.php\/william-binney\/","title":{"rendered":"William Binney"},"content":{"rendered":"<p style=\"text-align: center;\"><a href=\"https:\/\/fr.wikipedia.org\/wiki\/William_Binney\">William Binney<\/a><\/p>\n<p style=\"text-align: justify;\"><b>William Edward Binney<\/b>, surnomm\u00e9\u00a0<b>Bill Binney<\/b>, est un ancien employ\u00e9 de la\u00a0<a class=\"mw-redirect\" title=\"NSA\" href=\"https:\/\/fr.wikipedia.org\/wiki\/NSA\">NSA<\/a>\u00a0connu pour avoir \u00e9t\u00e9 un\u00a0<a title=\"Lanceur d'alerte\" href=\"https:\/\/fr.wikipedia.org\/wiki\/Lanceur_d%27alerte\">lanceur d&rsquo;alerte<\/a>\u00a0en 2001 concernant les activit\u00e9s de l&rsquo;agence.<\/p>\n<div class=\"mw-heading mw-heading2\">\n<h2 id=\"Biographie\">Biographie<\/h2>\n<\/div>\n<p style=\"text-align: justify;\">Apr\u00e8s avoir travaill\u00e9 30 ans au sein de l&rsquo;agence, il d\u00e9missionne le\u00a0<time class=\"nowrap\" datetime=\"2001-10-31\" data-sort-value=\"2001-10-31\">31 octobre 2001<\/time>.<\/p>\n<p style=\"text-align: justify;\">Il a durement critiqu\u00e9 l&rsquo;<a class=\"mw-redirect\" title=\"Administration Bush\" href=\"https:\/\/fr.wikipedia.org\/wiki\/Administration_Bush\">administration Bush<\/a>. Il a \u00e9t\u00e9 la cible d&rsquo;une enqu\u00eate du\u00a0<a class=\"mw-redirect\" title=\"FBI\" href=\"https:\/\/fr.wikipedia.org\/wiki\/FBI\">FBI<\/a>\u00a0et en particulier d&rsquo;un raid sur son domicile en 2007.<\/p>\n<p style=\"text-align: justify;\">Bill Binney continue pendant le mandat de\u00a0<a title=\"Barack Obama\" href=\"https:\/\/fr.wikipedia.org\/wiki\/Barack_Obama\">Barack Obama<\/a>\u00a0de parler, d&rsquo;\u00e9crire et expliquer la politique de collecte de donn\u00e9es de la\u00a0<a class=\"mw-redirect\" title=\"NSA\" href=\"https:\/\/fr.wikipedia.org\/wiki\/NSA\">NSA<\/a>. Il est pr\u00e9sent dans les m\u00e9dias. Lors d&rsquo;une audition, il a t\u00e9moign\u00e9 sous serment que la NSA violait d\u00e9lib\u00e9r\u00e9ment la\u00a0<a class=\"mw-redirect\" title=\"Constitution am\u00e9ricaine\" href=\"https:\/\/fr.wikipedia.org\/wiki\/Constitution_am%C3%A9ricaine\">constitution am\u00e9ricaine<\/a>.<\/p>\n<p style=\"text-align: justify;\">Le\u00a0<time class=\"nowrap\" datetime=\"2013-09-30\" data-sort-value=\"2013-09-30\">30 septembre 2013<\/time>, lors d&rsquo;une conf\u00e9rence \u00e0 l&rsquo;<a title=\"\u00c9cole polytechnique f\u00e9d\u00e9rale de Lausanne\" href=\"https:\/\/fr.wikipedia.org\/wiki\/%C3%89cole_polytechnique_f%C3%A9d%C3%A9rale_de_Lausanne\">\u00c9cole polytechnique f\u00e9d\u00e9rale de Lausanne<\/a>\u00a0(EPFL) en Suisse, sur le th\u00e8me de la\u00a0<a title=\"Surveillance\" href=\"https:\/\/fr.wikipedia.org\/wiki\/Surveillance\">surveillance<\/a>\u00a0et du respect de la\u00a0<a title=\"Vie priv\u00e9e\" href=\"https:\/\/fr.wikipedia.org\/wiki\/Vie_priv%C3%A9e\">vie priv\u00e9e<\/a>, il indique que\u00a0<a title=\"Edward Snowden\" href=\"https:\/\/fr.wikipedia.org\/wiki\/Edward_Snowden\">Edward Snowden<\/a>\u00a0<span class=\"citation\">\u00ab\u00a0a rendu service au monde entier\u00a0\u00bb<\/span>\u00a0avec\u00a0<a title=\"R\u00e9v\u00e9lations d'Edward Snowden\" href=\"https:\/\/fr.wikipedia.org\/wiki\/R%C3%A9v%C3%A9lations_d%27Edward_Snowden\">ses r\u00e9v\u00e9lations<\/a><sup id=\"cite_ref-1\" class=\"reference\"><a href=\"https:\/\/fr.wikipedia.org\/wiki\/William_Binney#cite_note-1\">1<\/a><\/sup>.<\/p>\n<figure class=\"mw-default-size\" style=\"text-align: justify;\"><a class=\"mw-file-description\" href=\"https:\/\/commons.wikimedia.org\/wiki\/File:William_Binney_%C3%A0_Strasbourg.png?uselang=fr\"><img loading=\"lazy\" decoding=\"async\" class=\"mw-file-element\" src=\"https:\/\/upload.wikimedia.org\/wikipedia\/commons\/thumb\/e\/e8\/William_Binney_%C3%A0_Strasbourg.png\/220px-William_Binney_%C3%A0_Strasbourg.png\" srcset=\"\/\/upload.wikimedia.org\/wikipedia\/commons\/thumb\/e\/e8\/William_Binney_%C3%A0_Strasbourg.png\/330px-William_Binney_%C3%A0_Strasbourg.png 1.5x, \/\/upload.wikimedia.org\/wikipedia\/commons\/thumb\/e\/e8\/William_Binney_%C3%A0_Strasbourg.png\/440px-William_Binney_%C3%A0_Strasbourg.png 2x\" width=\"220\" height=\"131\" data-file-width=\"788\" data-file-height=\"470\" \/><\/a><figcaption>William Binney au conseil de l&rsquo;Europe \u00e0 Strasbourg en 2015<\/figcaption><\/figure>\n<p style=\"text-align: center;\">Il re\u00e7oit le\u00a0<a class=\"mw-redirect\" title=\"Sam Adams Award\" href=\"https:\/\/fr.wikipedia.org\/wiki\/Sam_Adams_Award\">Sam Adams Award<\/a> de 2015.<sup id=\"cite_ref-hufpost20150123_2-0\" class=\"reference\"><\/sup><\/p>\n","protected":false},"excerpt":{"rendered":"<p>William Binney William Edward Binney, surnomm\u00e9\u00a0Bill Binney, est un ancien employ\u00e9 de la\u00a0NSA\u00a0connu pour avoir \u00e9t\u00e9 un\u00a0lanceur d&rsquo;alerte\u00a0en 2001 concernant les activit\u00e9s de l&rsquo;agence. Biographie Apr\u00e8s avoir travaill\u00e9 30 ans au sein de l&rsquo;agence, il d\u00e9missionne le\u00a031 octobre 2001. Il a durement critiqu\u00e9 l&rsquo;administration Bush. Il a \u00e9t\u00e9 la cible d&rsquo;une enqu\u00eate du\u00a0FBI\u00a0et en particulier [&hellip;]<\/p>\n","protected":false},"author":1,"featured_media":10882,"parent":0,"menu_order":0,"comment_status":"closed","ping_status":"closed","template":"","meta":{"footnotes":""},"class_list":["post-10877","page","type-page","status-publish","has-post-thumbnail","hentry"],"_links":{"self":[{"href":"https:\/\/oraziopuglisi.art\/index.php\/wp-json\/wp\/v2\/pages\/10877","targetHints":{"allow":["GET"]}}],"collection":[{"href":"https:\/\/oraziopuglisi.art\/index.php\/wp-json\/wp\/v2\/pages"}],"about":[{"href":"https:\/\/oraziopuglisi.art\/index.php\/wp-json\/wp\/v2\/types\/page"}],"author":[{"embeddable":true,"href":"https:\/\/oraziopuglisi.art\/index.php\/wp-json\/wp\/v2\/users\/1"}],"replies":[{"embeddable":true,"href":"https:\/\/oraziopuglisi.art\/index.php\/wp-json\/wp\/v2\/comments?post=10877"}],"version-history":[{"count":4,"href":"https:\/\/oraziopuglisi.art\/index.php\/wp-json\/wp\/v2\/pages\/10877\/revisions"}],"predecessor-version":[{"id":10881,"href":"https:\/\/oraziopuglisi.art\/index.php\/wp-json\/wp\/v2\/pages\/10877\/revisions\/10881"}],"wp:featuredmedia":[{"embeddable":true,"href":"https:\/\/oraziopuglisi.art\/index.php\/wp-json\/wp\/v2\/media\/10882"}],"wp:attachment":[{"href":"https:\/\/oraziopuglisi.art\/index.php\/wp-json\/wp\/v2\/media?parent=10877"}],"curies":[{"name":"wp","href":"https:\/\/api.w.org\/{rel}","templated":true}]}}