{"id":10864,"date":"2024-08-13T09:04:07","date_gmt":"2024-08-13T07:04:07","guid":{"rendered":"https:\/\/oraziopuglisi.art\/?page_id=10864"},"modified":"2024-08-13T09:19:17","modified_gmt":"2024-08-13T07:19:17","slug":"alberto-alaya","status":"publish","type":"page","link":"https:\/\/oraziopuglisi.art\/index.php\/alberto-alaya\/","title":{"rendered":"Alberto Alaya"},"content":{"rendered":"<ul>\n<li><b><a class=\"new\" title=\"Alberto Alaya (page inexistante)\" href=\"https:\/\/fr.wikipedia.org\/w\/index.php?title=Alberto_Alaya&amp;action=edit&amp;redlink=1\">Alberto Alaya<\/a><\/b>\u00a0officier de contr\u00f4le au\u00a0<a title=\"California Air Resources Board\" href=\"https:\/\/fr.wikipedia.org\/wiki\/California_Air_Resources_Board\">Bureau de contr\u00f4le de la qualit\u00e9 de l&rsquo;air<\/a>\u00a0(CARB) \u00e0\u00a0<a title=\"Sacramento\" href=\"https:\/\/fr.wikipedia.org\/wiki\/Sacramento\">Sacramento<\/a>\u00a0(<a title=\"Californie\" href=\"https:\/\/fr.wikipedia.org\/wiki\/Californie\">Californie<\/a>) est le personnage cl\u00e9 de la r\u00e9v\u00e9lation de l&rsquo;<a title=\"Affaire Volkswagen\" href=\"https:\/\/fr.wikipedia.org\/wiki\/Affaire_Volkswagen\">affaire Volkswagen<\/a>\u00a0dite \u00ab\u00a0<i><span class=\"lang-en\" lang=\"en\">Dieselgate<\/span><\/i>\u00a0\u00bb<sup id=\"cite_ref-dieselgate_64-0\" class=\"reference\"><\/sup>\u00a0incriminant 500\u00a0000\u00a0v\u00e9hicules aux \u00c9tats-Unis en ao\u00fbt 2015<sup id=\"cite_ref-65\" class=\"reference\"><\/sup><sup id=\"cite_ref-msn_66-0\" class=\"reference\"><\/sup>.<\/li>\n<\/ul>\n<p style=\"text-align: center;\"><a href=\"https:\/\/fr.wikipedia.org\/wiki\/Affaire_Volkswagen\">Affaire Wolkswagen<\/a><\/p>\n<p>&nbsp;<\/p>\n<p>&nbsp;<\/p>\n<p>&nbsp;<\/p>\n<p><iframe loading=\"lazy\" title=\"Affaire Volkswagen : vos questions, nos r\u00e9ponses\" width=\"600\" height=\"338\" src=\"https:\/\/www.youtube.com\/embed\/OsV2b7pdlvU?feature=oembed\" frameborder=\"0\" allow=\"accelerometer; autoplay; clipboard-write; encrypted-media; gyroscope; picture-in-picture; web-share\" referrerpolicy=\"strict-origin-when-cross-origin\" allowfullscreen><\/iframe><\/p>\n<p>&nbsp;<\/p>\n<p><iframe loading=\"lazy\" title=\"Louis Schweitzer sur Volkswagen: &quot;C&#039;est la plus grande fraude de l&#039;histoire de l&#039;automobile&quot;\" width=\"600\" height=\"338\" src=\"https:\/\/www.youtube.com\/embed\/NDkLWdwU0og?feature=oembed\" frameborder=\"0\" allow=\"accelerometer; autoplay; clipboard-write; encrypted-media; gyroscope; picture-in-picture; web-share\" referrerpolicy=\"strict-origin-when-cross-origin\" allowfullscreen><\/iframe><\/p>\n<p>&nbsp;<\/p>\n","protected":false},"excerpt":{"rendered":"<p>Alberto Alaya\u00a0officier de contr\u00f4le au\u00a0Bureau de contr\u00f4le de la qualit\u00e9 de l&rsquo;air\u00a0(CARB) \u00e0\u00a0Sacramento\u00a0(Californie) est le personnage cl\u00e9 de la r\u00e9v\u00e9lation de l&rsquo;affaire Volkswagen\u00a0dite \u00ab\u00a0Dieselgate\u00a0\u00bb\u00a0incriminant 500\u00a0000\u00a0v\u00e9hicules aux \u00c9tats-Unis en ao\u00fbt 2015. Affaire Wolkswagen &nbsp; &nbsp; &nbsp; &nbsp; &nbsp;<\/p>\n","protected":false},"author":1,"featured_media":0,"parent":0,"menu_order":0,"comment_status":"closed","ping_status":"closed","template":"","meta":{"footnotes":""},"class_list":["post-10864","page","type-page","status-publish","hentry"],"_links":{"self":[{"href":"https:\/\/oraziopuglisi.art\/index.php\/wp-json\/wp\/v2\/pages\/10864","targetHints":{"allow":["GET"]}}],"collection":[{"href":"https:\/\/oraziopuglisi.art\/index.php\/wp-json\/wp\/v2\/pages"}],"about":[{"href":"https:\/\/oraziopuglisi.art\/index.php\/wp-json\/wp\/v2\/types\/page"}],"author":[{"embeddable":true,"href":"https:\/\/oraziopuglisi.art\/index.php\/wp-json\/wp\/v2\/users\/1"}],"replies":[{"embeddable":true,"href":"https:\/\/oraziopuglisi.art\/index.php\/wp-json\/wp\/v2\/comments?post=10864"}],"version-history":[{"count":11,"href":"https:\/\/oraziopuglisi.art\/index.php\/wp-json\/wp\/v2\/pages\/10864\/revisions"}],"predecessor-version":[{"id":10876,"href":"https:\/\/oraziopuglisi.art\/index.php\/wp-json\/wp\/v2\/pages\/10864\/revisions\/10876"}],"wp:attachment":[{"href":"https:\/\/oraziopuglisi.art\/index.php\/wp-json\/wp\/v2\/media?parent=10864"}],"curies":[{"name":"wp","href":"https:\/\/api.w.org\/{rel}","templated":true}]}}