{"id":10857,"date":"2024-08-13T08:58:00","date_gmt":"2024-08-13T06:58:00","guid":{"rendered":"https:\/\/oraziopuglisi.art\/?page_id=10857"},"modified":"2024-08-13T09:03:48","modified_gmt":"2024-08-13T07:03:48","slug":"jeffrey-wigand","status":"publish","type":"page","link":"https:\/\/oraziopuglisi.art\/index.php\/jeffrey-wigand\/","title":{"rendered":"Jeffrey Wigand"},"content":{"rendered":"<p style=\"text-align: center;\"><a href=\"Jeffrey%20Wigand\">Jeffrey Wigand<\/a><\/p>\n<p style=\"text-align: justify;\"><a href=\"Jeffrey%20Wigand\"><b>Jeffrey Wigand<\/b><\/a>\u00a0(n\u00e9 le\u00a0<time class=\"nowrap\" datetime=\"1942-12-17\" data-sort-value=\"1942-12-17\">17 d\u00e9cembre 1942<\/time>, \u00e0\u00a0<a title=\"New York\" href=\"https:\/\/fr.wikipedia.org\/wiki\/New_York\">New York<\/a>) est surtout connu comme\u00a0<a title=\"Lanceur d'alerte\" href=\"https:\/\/fr.wikipedia.org\/wiki\/Lanceur_d%27alerte\">lanceur d&rsquo;alerte<\/a>\u00a0des m\u00e9faits de l&rsquo;industrie du tabac.<\/p>\n<p style=\"text-align: justify;\">Ancien vice-pr\u00e9sident responsable de la recherche et du d\u00e9veloppement du fabricant de cigarettes am\u00e9ricain\u00a0<a title=\"Brown &amp; Williamson\" href=\"https:\/\/fr.wikipedia.org\/wiki\/Brown_%26_Williamson\">Brown &amp; Williamson<\/a>, il se retourna contre l&rsquo;industrie du tabac et permit la poursuite en justice de l&rsquo;industrie du tabac aux \u00c9tats-Unis. Son histoire est le sujet du film\u00a0<i><a title=\"R\u00e9v\u00e9lations (film)\" href=\"https:\/\/fr.wikipedia.org\/wiki\/R%C3%A9v%C3%A9lations_(film)\">R\u00e9v\u00e9lations<\/a>,<\/i>\u00a0r\u00e9alis\u00e9 par\u00a0<a title=\"Michael Mann\" href=\"https:\/\/fr.wikipedia.org\/wiki\/Michael_Mann\">Michael Mann<\/a>\u00a0et sorti en\u00a0<a title=\"1999 au cin\u00e9ma\" href=\"https:\/\/fr.wikipedia.org\/wiki\/1999_au_cin%C3%A9ma\">1999<\/a>. Il y est incarn\u00e9 par\u00a0<a title=\"Russell Crowe\" href=\"https:\/\/fr.wikipedia.org\/wiki\/Russell_Crowe\">Russell Crowe<\/a>.<\/p>\n<div class=\"mw-heading mw-heading2\">\n<h2 id=\"Histoire_d'un_lanceur_d'alerte\"><span id=\"Histoire_d.27un_lanceur_d.27alerte\"><\/span>Histoire d&rsquo;un lanceur d&rsquo;alerte<\/h2>\n<\/div>\n<p style=\"text-align: justify;\">Wigand a commenc\u00e9 \u00e0 travailler pour\u00a0<a title=\"Brown &amp; Williamson\" href=\"https:\/\/fr.wikipedia.org\/wiki\/Brown_%26_Williamson\">Brown &amp; Williamson<\/a>\u00a0en\u00a0<time class=\"nowrap\" datetime=\"1988-12\" data-sort-value=\"1988-12\">d\u00e9cembre 1988<\/time><sup id=\"cite_ref-1\" class=\"reference\"><a href=\"https:\/\/fr.wikipedia.org\/wiki\/Jeffrey_Wigand#cite_note-1\">1<\/a><\/sup>. \u00c0 la suite d&rsquo;une s\u00e9rie d&rsquo;incidents que Wigand qualifie d&rsquo;\u00ab\u00a0accrochages\u00a0\u00bb avec la direction de la compagnie, Wigand est licenci\u00e9 en\u00a0<time class=\"nowrap\" datetime=\"1993-03\" data-sort-value=\"1993-03\">mars 1993<\/time><sup id=\"cite_ref-2\" class=\"reference\"><a href=\"https:\/\/fr.wikipedia.org\/wiki\/Jeffrey_Wigand#cite_note-2\">2<\/a><\/sup>. L&rsquo;\u00ab\u00a0ultime accrochage\u00a0\u00bb, la goutte qui a fait d\u00e9border le vase, concernait le refus de Brown &amp; Williamson de retirer la\u00a0<a title=\"Coumarine\" href=\"https:\/\/fr.wikipedia.org\/wiki\/Coumarine\">coumarine<\/a>\u00a0comme additif au tabac pour pipe. Les autorit\u00e9s am\u00e9ricaines avaient d\u00e9j\u00e0 contraint l&rsquo;industrie du tabac \u00e0 retirer cette substance de toutes les cigarettes d\u00e8s le milieu des ann\u00e9es 1980, puisqu&rsquo;on avait prouv\u00e9 qu&rsquo;elle \u00e9tait h\u00e9patotoxique chez le chien<sup id=\"cite_ref-3\" class=\"reference\"><a href=\"https:\/\/fr.wikipedia.org\/wiki\/Jeffrey_Wigand#cite_note-3\">3<\/a><\/sup>\u00a0\u2013 et Wigand avait appris en 1992 que la coumarine \u00e9tait un \u00ab\u00a0canc\u00e9rig\u00e8ne sp\u00e9cifique des poumons chez les souris et les rats de laboratoire\u00a0\u00bb<sup id=\"cite_ref-4\" class=\"reference\"><a href=\"https:\/\/fr.wikipedia.org\/wiki\/Jeffrey_Wigand#cite_note-4\">4<\/a><\/sup>. Le contrat de Wigand avec la compagnie a donc \u00e9t\u00e9 r\u00e9sili\u00e9, mais il y a eu des probl\u00e8mes concernant la pleine application des clauses de r\u00e9siliation, notamment en ce qui concerne le maintien de son traitement et de sa couverture m\u00e9dicale (l&rsquo;une des filles de Wigand \u00e9tait \u00ab\u00a0atteinte d&rsquo;une maladie cong\u00e9nitale exigeant des soins m\u00e9dicaux intensifs\u00a0\u00bb<sup id=\"cite_ref-5\" class=\"reference\"><a href=\"https:\/\/fr.wikipedia.org\/wiki\/Jeffrey_Wigand#cite_note-5\">5<\/a><\/sup>.)<\/p>\n<p style=\"text-align: justify;\">Entretemps, Wigand recevait des demandes de renseignement pour une\u00a0<a title=\"Enqu\u00eate civile\" href=\"https:\/\/fr.wikipedia.org\/wiki\/Enqu%C3%AAte_civile\">enqu\u00eate civile<\/a>\u00a0du minist\u00e8re de la Justice. La compagnie exer\u00e7ait des pressions pour que Wigand signe un nouvel accord lui imposant un secret plus draconien que son premier contrat. Une s\u00e9rie de circonstances am\u00e8nent Wigand \u00e0 s&rsquo;associer avec Lowell Bergman, producteur de la s\u00e9rie\u00a0<i><a title=\"60 Minutes\" href=\"https:\/\/fr.wikipedia.org\/wiki\/60_Minutes\">60 Minutes<\/a><\/i>\u00a0du r\u00e9seau de t\u00e9l\u00e9vision CBS. Il finira en\u00a0<time class=\"nowrap\" datetime=\"1995-08\" data-sort-value=\"1995-08\">ao\u00fbt 1995<\/time>\u00a0par d\u00e9cider d&rsquo;accorder une entrevue \u00e0 cette \u00e9mission. La diffusion de l&rsquo;entrevue a \u00e9t\u00e9 diff\u00e9r\u00e9e en attendant que Wigand puisse trouver \u00ab\u00a0une repr\u00e9sentation juridique comp\u00e9tente\u00a0\u00bb<sup id=\"cite_ref-6\" class=\"reference\"><a href=\"https:\/\/fr.wikipedia.org\/wiki\/Jeffrey_Wigand#cite_note-6\">6<\/a><\/sup>\u00a0et assurer la s\u00e9curit\u00e9 de sa maison. Le texte de la transcription de l&rsquo;entrevue a fait l&rsquo;objet d&rsquo;une fuite dans la presse new-yorkaise mais l&rsquo;entrevue ne sera diffus\u00e9e que le\u00a0<time class=\"nowrap\" datetime=\"1996-02-04\" data-sort-value=\"1996-02-04\">4 f\u00e9vrier 1996<\/time><sup id=\"cite_ref-7\" class=\"reference\"><a href=\"https:\/\/fr.wikipedia.org\/wiki\/Jeffrey_Wigand#cite_note-7\">7<\/a><\/sup>. Brown &amp; Williamson poursuit Wigand de nouveau pour vol de secrets commerciaux et violation des clauses de confidentialit\u00e9 de son contrat<sup id=\"cite_ref-8\" class=\"reference\"><a href=\"https:\/\/fr.wikipedia.org\/wiki\/Jeffrey_Wigand#cite_note-8\">8<\/a><\/sup>. Entretemps, Wigand t\u00e9moigne devant le minist\u00e8re de la Justice f\u00e9d\u00e9ral et est assign\u00e9 dans un proc\u00e8s civil de l&rsquo;\u00c9tat du Mississippi contre l&rsquo;industrie du tabac.<\/p>\n<p style=\"text-align: justify;\">En 1996 il a \u00e9t\u00e9 nomm\u00e9 professeur de l&rsquo;ann\u00e9e dans l&rsquo;\u00e9tat du Kentucky o\u00f9 il enseignait les sciences physiques, la biologie et le japonais \u00e0 la DuPont Manual Magnet High School de Louisville.<\/p>\n<p style=\"text-align: justify;\">Le proc\u00e8s intent\u00e9 contre Wigand par Brown &amp; Williamson a \u00e9t\u00e9 abandonn\u00e9 dans le cadre de l&rsquo;entente conclue en 1997 entre les procureurs g\u00e9n\u00e9raux d&rsquo;une quarantaine d&rsquo;\u00e9tats am\u00e9ricains et l&rsquo;industrie du tabac, le\u00a0<i><a class=\"new\" title=\"Tobacco Master Settlement Agreement (page inexistante)\" href=\"https:\/\/fr.wikipedia.org\/w\/index.php?title=Tobacco_Master_Settlement_Agreement&amp;action=edit&amp;redlink=1\">Tobacco Master Settlement Agreement<\/a>\u00a0<a class=\"extiw\" title=\"en:Tobacco Master Settlement Agreement\" href=\"https:\/\/en.wikipedia.org\/wiki\/Tobacco_Master_Settlement_Agreement\"><span class=\"indicateur-langue\" title=\"Article en anglais\u00a0: \u00ab\u00a0Tobacco Master Settlement Agreement\u00a0\u00bb\">(en)<\/span><\/a><\/i>.<\/p>\n<p style=\"text-align: justify;\">\u00c0 la suite du proc\u00e8s intent\u00e9 \u00e0 l&rsquo;encontre de l&rsquo;industrie du tabac, la condamnation est exemplaire et le montant des p\u00e9nalit\u00e9s p\u00e9cuniaires est un record dans les annales de la justice am\u00e9ricaine. Ces p\u00e9nalit\u00e9s s&rsquo;\u00e9l\u00e8vent \u00e0 246 milliards de dollars. Le t\u00e9moignage de Jeffrey Wigand fut d\u00e9terminant dans cette action.<\/p>\n<p style=\"text-align: justify;\">Aujourd&rsquo;hui, Jeffrey Wigand n&rsquo;enseigne plus au lyc\u00e9e et donne des conf\u00e9rences dans le monde entier \u00e0 des publics vari\u00e9s, notamment des enfants, des \u00e9tudiants en universit\u00e9, en m\u00e9decine et en droit, ainsi qu&rsquo;\u00e0 un groupe diversifi\u00e9 de d\u00e9cideurs politiques. Il a \u00e9t\u00e9 consultant de nombreux gouvernements du monde entier sur les politiques de lutte anti-tabac.<\/p>\n","protected":false},"excerpt":{"rendered":"<p>Jeffrey Wigand Jeffrey Wigand\u00a0(n\u00e9 le\u00a017 d\u00e9cembre 1942, \u00e0\u00a0New York) est surtout connu comme\u00a0lanceur d&rsquo;alerte\u00a0des m\u00e9faits de l&rsquo;industrie du tabac. Ancien vice-pr\u00e9sident responsable de la recherche et du d\u00e9veloppement du fabricant de cigarettes am\u00e9ricain\u00a0Brown &amp; Williamson, il se retourna contre l&rsquo;industrie du tabac et permit la poursuite en justice de l&rsquo;industrie du tabac aux \u00c9tats-Unis. Son [&hellip;]<\/p>\n","protected":false},"author":1,"featured_media":10861,"parent":0,"menu_order":0,"comment_status":"closed","ping_status":"closed","template":"","meta":{"footnotes":""},"class_list":["post-10857","page","type-page","status-publish","has-post-thumbnail","hentry"],"_links":{"self":[{"href":"https:\/\/oraziopuglisi.art\/index.php\/wp-json\/wp\/v2\/pages\/10857","targetHints":{"allow":["GET"]}}],"collection":[{"href":"https:\/\/oraziopuglisi.art\/index.php\/wp-json\/wp\/v2\/pages"}],"about":[{"href":"https:\/\/oraziopuglisi.art\/index.php\/wp-json\/wp\/v2\/types\/page"}],"author":[{"embeddable":true,"href":"https:\/\/oraziopuglisi.art\/index.php\/wp-json\/wp\/v2\/users\/1"}],"replies":[{"embeddable":true,"href":"https:\/\/oraziopuglisi.art\/index.php\/wp-json\/wp\/v2\/comments?post=10857"}],"version-history":[{"count":4,"href":"https:\/\/oraziopuglisi.art\/index.php\/wp-json\/wp\/v2\/pages\/10857\/revisions"}],"predecessor-version":[{"id":10863,"href":"https:\/\/oraziopuglisi.art\/index.php\/wp-json\/wp\/v2\/pages\/10857\/revisions\/10863"}],"wp:featuredmedia":[{"embeddable":true,"href":"https:\/\/oraziopuglisi.art\/index.php\/wp-json\/wp\/v2\/media\/10861"}],"wp:attachment":[{"href":"https:\/\/oraziopuglisi.art\/index.php\/wp-json\/wp\/v2\/media?parent=10857"}],"curies":[{"name":"wp","href":"https:\/\/api.w.org\/{rel}","templated":true}]}}