{"id":10840,"date":"2024-08-13T08:14:05","date_gmt":"2024-08-13T06:14:05","guid":{"rendered":"https:\/\/oraziopuglisi.art\/?page_id=10840"},"modified":"2024-08-13T08:17:40","modified_gmt":"2024-08-13T06:17:40","slug":"erin-brockovich","status":"publish","type":"page","link":"https:\/\/oraziopuglisi.art\/index.php\/erin-brockovich\/","title":{"rendered":"Erin Brockovich"},"content":{"rendered":"<ul>\n<li style=\"text-align: justify;\"><b><a title=\"Erin Brockovich\" href=\"https:\/\/fr.wikipedia.org\/wiki\/Erin_Brockovich\">Erin Brockovich<\/a><\/b>\u00a0a d\u00e9voil\u00e9 l&rsquo;affaire du\u00a0<a title=\"Chrome hexavalent\" href=\"https:\/\/fr.wikipedia.org\/wiki\/Chrome_hexavalent\">chrome hexavalent<\/a>\u00a0dans l&rsquo;eau potable de\u00a0<a class=\"new\" title=\"Hinkley (page inexistante)\" href=\"https:\/\/fr.wikipedia.org\/w\/index.php?title=Hinkley&amp;action=edit&amp;redlink=1\">Hinkley<\/a>, en Californie. Elle d\u00e9couvre elle-m\u00eame les probl\u00e8mes de sant\u00e9 publique en travaillant comme adjointe juridique sur diff\u00e9rentes demandes d&rsquo;indemnisation. En 1993, elle obtiendra de la\u00a0<i><a title=\"Pacific Gas and Electric Company\" href=\"https:\/\/fr.wikipedia.org\/wiki\/Pacific_Gas_and_Electric_Company\">Pacific Gas and Electric Company<\/a><\/i>\u00a0<span class=\"nowrap\">333 millions<\/span>\u00a0de dollars pour les victimes \u00e0 l&rsquo;issue d&rsquo;un proc\u00e8s. Son histoire est racont\u00e9e dans le film\u00a0<i><a title=\"Erin Brockovich, seule contre tous\" href=\"https:\/\/fr.wikipedia.org\/wiki\/Erin_Brockovich,_seule_contre_tous\">Erin Brockovich, seule contre tous<\/a><\/i>. Elle est aujourd&rsquo;hui pr\u00e9sidente de\u00a0<i>Brockovich Research &amp; Consulting<\/i>.<\/li>\n<\/ul>\n<p>&nbsp;<\/p>\n<p><img loading=\"lazy\" decoding=\"async\" class=\"size-medium wp-image-10843 aligncenter\" src=\"http:\/\/oraziopuglisi.art\/wp-content\/uploads\/2024\/08\/Erin-Brockovich-167x300.jpg\" alt=\"\" width=\"167\" height=\"300\" srcset=\"https:\/\/oraziopuglisi.art\/wp-content\/uploads\/2024\/08\/Erin-Brockovich-167x300.jpg 167w, https:\/\/oraziopuglisi.art\/wp-content\/uploads\/2024\/08\/Erin-Brockovich.jpg 255w\" sizes=\"auto, (max-width: 167px) 100vw, 167px\" \/><\/p>\n<p>&nbsp;<\/p>\n<p><b>Erin Brockovich<\/b>-Ellis, n\u00e9e Erin L. E. Pattee le\u00a0<time class=\"nowrap bday\" datetime=\"1960-06-22\" data-sort-value=\"1960-06-22\">22 juin 1960<\/time>\u00a0\u00e0\u00a0<a title=\"Lawrence (Kansas)\" href=\"https:\/\/fr.wikipedia.org\/wiki\/Lawrence_(Kansas)\">Lawrence<\/a>\u00a0(<a title=\"Kansas\" href=\"https:\/\/fr.wikipedia.org\/wiki\/Kansas\">Kansas<\/a>), est une\u00a0<a title=\"Juriste\" href=\"https:\/\/fr.wikipedia.org\/wiki\/Juriste\">juriste<\/a>,\u00a0<a class=\"mw-redirect\" title=\"Femme d'affaires\" href=\"https:\/\/fr.wikipedia.org\/wiki\/Femme_d%27affaires\">femme d&rsquo;affaires<\/a>\u00a0et\u00a0<a title=\"Liste de militants \u00e9cologistes\" href=\"https:\/\/fr.wikipedia.org\/wiki\/Liste_de_militants_%C3%A9cologistes\">militante \u00e9cologiste<\/a>\u00a0<a title=\"\u00c9tats-Unis\" href=\"https:\/\/fr.wikipedia.org\/wiki\/%C3%89tats-Unis\">am\u00e9ricaine<\/a>. Elle est connue pour avoir r\u00e9v\u00e9l\u00e9 une affaire de\u00a0<a class=\"new\" title=\"Pollution des eaux potables \u00e0 Hinkley (page inexistante)\" href=\"https:\/\/fr.wikipedia.org\/w\/index.php?title=Pollution_des_eaux_potables_%C3%A0_Hinkley&amp;action=edit&amp;redlink=1\">pollution des eaux potables \u00e0 Hinkley<\/a>\u00a0<a class=\"extiw\" title=\"en:Hinkley groundwater contamination\" href=\"https:\/\/en.wikipedia.org\/wiki\/Hinkley_groundwater_contamination\"><span class=\"indicateur-langue\" title=\"Article en anglais\u00a0: \u00ab\u00a0Hinkley groundwater contamination\u00a0\u00bb\">(en)<\/span><\/a>\u00a0(<a title=\"Californie\" href=\"https:\/\/fr.wikipedia.org\/wiki\/Californie\">Californie<\/a>) par la soci\u00e9t\u00e9\u00a0<a title=\"Pacific Gas and Electric Company\" href=\"https:\/\/fr.wikipedia.org\/wiki\/Pacific_Gas_and_Electric_Company\">Pacific Gas and Electric Company<\/a>\u00a0(PG&amp;E), condamn\u00e9e en 1993. Cette pollution a entra\u00een\u00e9 des morts et maladies graves comme des cancers.<\/p>\n<div class=\"mw-heading mw-heading2\">\n<h2 id=\"Biographie\">Biographie<\/h2>\n<p><span class=\"mw-editsection\"><span class=\"mw-editsection-bracket\">[<\/span><a class=\"mw-editsection-visualeditor\" title=\"Modifier la section\u202f: Biographie\" href=\"https:\/\/fr.wikipedia.org\/w\/index.php?title=Erin_Brockovich&amp;veaction=edit&amp;section=1\">modifier<\/a><span class=\"mw-editsection-divider\">\u00a0|\u00a0<\/span><a title=\"Modifier le code source de la section : Biographie\" href=\"https:\/\/fr.wikipedia.org\/w\/index.php?title=Erin_Brockovich&amp;action=edit&amp;section=1\">modifier le code<\/a><span class=\"mw-editsection-bracket\">]<\/span><\/span><\/div>\n<figure class=\"mw-default-size mw-halign-left\"><a class=\"mw-file-description\" href=\"https:\/\/commons.wikimedia.org\/wiki\/File:Erin_Brockovich_(6850072742).jpg?uselang=fr\"><img loading=\"lazy\" decoding=\"async\" class=\"mw-file-element\" src=\"https:\/\/upload.wikimedia.org\/wikipedia\/commons\/thumb\/c\/cf\/Erin_Brockovich_%286850072742%29.jpg\/170px-Erin_Brockovich_%286850072742%29.jpg\" srcset=\"\/\/upload.wikimedia.org\/wikipedia\/commons\/thumb\/c\/cf\/Erin_Brockovich_%286850072742%29.jpg\/255px-Erin_Brockovich_%286850072742%29.jpg 1.5x, \/\/upload.wikimedia.org\/wikipedia\/commons\/thumb\/c\/cf\/Erin_Brockovich_%286850072742%29.jpg\/340px-Erin_Brockovich_%286850072742%29.jpg 2x\" alt=\"Erin Brockovich en 2012.\" width=\"170\" height=\"305\" data-file-width=\"1000\" data-file-height=\"1792\" \/><\/a><figcaption>Erin Brockovich en 2012.<\/figcaption><\/figure>\n<p style=\"text-align: justify;\">Brockovich est n\u00e9e Erin Pattee \u00e0 Lawrence, Kansas , fille de Betty Jo (n\u00e9e O&rsquo;Neal; vers 1923\u20132008), journaliste, et de Frank Pattee (1924\u20132011), ing\u00e9nieur industriel et joueur de football. Elle a deux fr\u00e8res, Frank Jr. et Thomas (1954\u20131992), et une s\u0153ur, Jodie<sup id=\"cite_ref-1\" class=\"reference\"><a href=\"https:\/\/fr.wikipedia.org\/wiki\/Erin_Brockovich#cite_note-1\">1<\/a><\/sup>. Elle est dipl\u00f4m\u00e9e de Lawrence High School et \u00e9tudie ensuite \u00e0 l&rsquo;<a title=\"Universit\u00e9 d'\u00c9tat du Kansas\" href=\"https:\/\/fr.wikipedia.org\/wiki\/Universit%C3%A9_d%27%C3%89tat_du_Kansas\">universit\u00e9 d&rsquo;\u00c9tat du Kansas<\/a>. Elle a obtenu un dipl\u00f4me d&rsquo;associ\u00e9 en arts appliqu\u00e9s du Wade College \u00e0\u00a0<a title=\"Dallas\" href=\"https:\/\/fr.wikipedia.org\/wiki\/Dallas\">Dallas<\/a>, Texas, malgr\u00e9 sa\u00a0<a title=\"Dyslexie\" href=\"https:\/\/fr.wikipedia.org\/wiki\/Dyslexie\">dyslexie<\/a><sup id=\"cite_ref-2\" class=\"reference\"><a href=\"https:\/\/fr.wikipedia.org\/wiki\/Erin_Brockovich#cite_note-2\">2<\/a><\/sup>. Apr\u00e8s \u00eatre sortie de l&rsquo;universit\u00e9, elle encha\u00eene les emplois, travaille pour la cha\u00eene\u00a0<a class=\"mw-redirect\" title=\"Kmart\" href=\"https:\/\/fr.wikipedia.org\/wiki\/Kmart\">Kmart<\/a>, pour une soci\u00e9t\u00e9 de\u00a0<a title=\"Courtier\" href=\"https:\/\/fr.wikipedia.org\/wiki\/Courtier\">courtage<\/a>\u00a0ou encore de une firme publicitaire; elle devient \u00ab\u00a0Miss c\u00f4te ouest des \u00c9tats-Unis\u00a0\u00bb en 1981, se marie et divorce deux fois, et a trois enfants<sup id=\"cite_ref-The_Guardian_3-0\" class=\"reference\"><a href=\"https:\/\/fr.wikipedia.org\/wiki\/Erin_Brockovich#cite_note-The_Guardian-3\">3<\/a><\/sup>.<\/p>\n<p style=\"text-align: justify;\">En 1992, \u00e0 la suite d&rsquo;un accident de voiture, elle d\u00e9cide de porter plainte contre son chauffard, mais ne gagne pas son proc\u00e8s malgr\u00e9 ce que lui avait promis son avocat,\u00a0<a class=\"new\" title=\"Edward L. Masry (page inexistante)\" href=\"https:\/\/fr.wikipedia.org\/w\/index.php?title=Edward_L._Masry&amp;action=edit&amp;redlink=1\">Edward \u00ab\u00a0Ed\u00a0\u00bb Masry<\/a>\u00a0<a class=\"extiw\" title=\"en:Edward L. Masry\" href=\"https:\/\/en.wikipedia.org\/wiki\/Edward_L._Masry\"><span class=\"indicateur-langue\" title=\"Article en anglais\u00a0: \u00ab\u00a0Edward L. Masry\u00a0\u00bb\">(en)<\/span><\/a>. En guise de d\u00e9dommagement, elle exige de se faire embaucher dans son cabinet, malgr\u00e9 un manque de formation en droit. Elle n&rsquo;h\u00e9rite que d&rsquo;un dossier d&rsquo;indemnisation immobili\u00e8re, mais intrigu\u00e9e par des requ\u00eates en soins m\u00e9dicaux sur les m\u00eames personnes, elle enqu\u00eate, d\u00e9couvre des causes probables de pollution par le\u00a0<a title=\"Chrome hexavalent\" href=\"https:\/\/fr.wikipedia.org\/wiki\/Chrome_hexavalent\">chrome hexavalent<\/a>\u00a0dans les eaux potables, et instruit le dossier des centaines de victimes. Apr\u00e8s un travail acharn\u00e9 et un combat qui la rendit c\u00e9l\u00e8bre de par la diff\u00e9rence d&rsquo;\u00e9chelle et de pouvoir entre les deux partis, elle leur fait obtenir en 1993 un d\u00e9dommagement \u00e9lev\u00e9 (<span class=\"nowrap\">333 millions $US<\/span>) aupr\u00e8s de la soci\u00e9t\u00e9\u00a0<a title=\"Pacific Gas and Electric Company\" href=\"https:\/\/fr.wikipedia.org\/wiki\/Pacific_Gas_and_Electric_Company\">Pacific Gas and Electric Company<\/a>\u00a0(PG&amp;E) de Californie<sup id=\"cite_ref-4\" class=\"reference\"><a href=\"https:\/\/fr.wikipedia.org\/wiki\/Erin_Brockovich#cite_note-4\">4<\/a><\/sup>. \u00c0 l&rsquo;issue de ce proc\u00e8s, sur les\u00a0<span class=\"nowrap\">40 millions $US<\/span>\u00a0qu&rsquo;obtient le cabinet de Me Masry, elle gagne\u00a0<span class=\"nowrap\">2 millions $US<\/span>, ce qui changera radicalement sa vie<sup id=\"cite_ref-The_Guardian_3-1\" class=\"reference\"><a href=\"https:\/\/fr.wikipedia.org\/wiki\/Erin_Brockovich#cite_note-The_Guardian-3\">3<\/a><\/sup>. Peu apr\u00e8s, un film sur le proc\u00e8s, centr\u00e9 autour du personnage d&rsquo;Erin, est r\u00e9alis\u00e9. Par la suite, elle continue activement ses activit\u00e9s d&rsquo;enqu\u00eate et d\u2019investigation.<\/p>\n<p style=\"text-align: justify;\">Erin Brockovich est ensuite animatrice des s\u00e9ries t\u00e9l\u00e9vis\u00e9es\u00a0<i>Challenge America with Erin Brockovich<\/i>\u00a0sur la cha\u00eene\u00a0<a title=\"American Broadcasting Company\" href=\"https:\/\/fr.wikipedia.org\/wiki\/American_Broadcasting_Company\">ABC<\/a>\u00a0et\u00a0<i>Final Justice<\/i>\u00a0sur\u00a0<a title=\"Lifetime (cha\u00eene de t\u00e9l\u00e9vision am\u00e9ricaine)\" href=\"https:\/\/fr.wikipedia.org\/wiki\/Lifetime_(cha%C3%AEne_de_t%C3%A9l%C3%A9vision_am%C3%A9ricaine)\">Lifetime<\/a>.<\/p>\n<p style=\"text-align: justify;\">En mars 2009, elle demande \u00e0 l&rsquo;ambassadeur des \u00c9tats-Unis en\u00a0<a title=\"Gr\u00e8ce\" href=\"https:\/\/fr.wikipedia.org\/wiki\/Gr%C3%A8ce\">Gr\u00e8ce<\/a>\u00a0de pousser pour la r\u00e9solution du probl\u00e8me de la pollution de l&rsquo;<a title=\"Asop\u00f3s (B\u00e9otie)\" href=\"https:\/\/fr.wikipedia.org\/wiki\/Asop%C3%B3s_(B%C3%A9otie)\">Asop\u00f3s<\/a>\u00a0qui contient entre autres du\u00a0<a title=\"Chrome hexavalent\" href=\"https:\/\/fr.wikipedia.org\/wiki\/Chrome_hexavalent\">chrome hexavalent<\/a><sup id=\"cite_ref-5\" class=\"reference\"><a href=\"https:\/\/fr.wikipedia.org\/wiki\/Erin_Brockovich#cite_note-5\">5<\/a><\/sup>.<\/p>\n<p style=\"text-align: justify;\">En 2016, elle est pr\u00e9sidente de\u00a0<i>Brockovich Research &amp; Consulting<\/i>\u00a0et poursuit l&rsquo;instruction d&rsquo;affaires similaires.<\/p>\n<p style=\"text-align: justify;\">En 2021, elle prend position pour la d\u00e9fense de\u00a0<a title=\"Steven Donziger\" href=\"https:\/\/fr.wikipedia.org\/wiki\/Steven_Donziger\">Steve Donziger<\/a>\u00a0dans un article du\u00a0<a title=\"The Guardian\" href=\"https:\/\/fr.wikipedia.org\/wiki\/The_Guardian\">Guardian<\/a><sup id=\"cite_ref-6\" class=\"reference\"><a href=\"https:\/\/fr.wikipedia.org\/wiki\/Erin_Brockovich#cite_note-6\">6<\/a><\/sup>.<\/p>\n<p style=\"text-align: justify;\">En 2023, elle alerte sur les risques de pollution de l&rsquo;eau \u00e0 la suite du\u00a0<a title=\"D\u00e9raillement d'un train dans l'Ohio en 2023\" href=\"https:\/\/fr.wikipedia.org\/wiki\/D%C3%A9raillement_d%27un_train_dans_l%27Ohio_en_2023\">d\u00e9raillement d&rsquo;un train de produits chimiques dans l&rsquo;Ohio<\/a><sup id=\"cite_ref-7\" class=\"reference\"><a href=\"https:\/\/fr.wikipedia.org\/wiki\/Erin_Brockovich#cite_note-7\">7<\/a><\/sup>.<\/p>\n","protected":false},"excerpt":{"rendered":"<p>Erin Brockovich\u00a0a d\u00e9voil\u00e9 l&rsquo;affaire du\u00a0chrome hexavalent\u00a0dans l&rsquo;eau potable de\u00a0Hinkley, en Californie. Elle d\u00e9couvre elle-m\u00eame les probl\u00e8mes de sant\u00e9 publique en travaillant comme adjointe juridique sur diff\u00e9rentes demandes d&rsquo;indemnisation. En 1993, elle obtiendra de la\u00a0Pacific Gas and Electric Company\u00a0333 millions\u00a0de dollars pour les victimes \u00e0 l&rsquo;issue d&rsquo;un proc\u00e8s. Son histoire est racont\u00e9e dans le film\u00a0Erin Brockovich, [&hellip;]<\/p>\n","protected":false},"author":1,"featured_media":10843,"parent":0,"menu_order":0,"comment_status":"closed","ping_status":"closed","template":"","meta":{"footnotes":""},"class_list":["post-10840","page","type-page","status-publish","has-post-thumbnail","hentry"],"_links":{"self":[{"href":"https:\/\/oraziopuglisi.art\/index.php\/wp-json\/wp\/v2\/pages\/10840","targetHints":{"allow":["GET"]}}],"collection":[{"href":"https:\/\/oraziopuglisi.art\/index.php\/wp-json\/wp\/v2\/pages"}],"about":[{"href":"https:\/\/oraziopuglisi.art\/index.php\/wp-json\/wp\/v2\/types\/page"}],"author":[{"embeddable":true,"href":"https:\/\/oraziopuglisi.art\/index.php\/wp-json\/wp\/v2\/users\/1"}],"replies":[{"embeddable":true,"href":"https:\/\/oraziopuglisi.art\/index.php\/wp-json\/wp\/v2\/comments?post=10840"}],"version-history":[{"count":5,"href":"https:\/\/oraziopuglisi.art\/index.php\/wp-json\/wp\/v2\/pages\/10840\/revisions"}],"predecessor-version":[{"id":10846,"href":"https:\/\/oraziopuglisi.art\/index.php\/wp-json\/wp\/v2\/pages\/10840\/revisions\/10846"}],"wp:featuredmedia":[{"embeddable":true,"href":"https:\/\/oraziopuglisi.art\/index.php\/wp-json\/wp\/v2\/media\/10843"}],"wp:attachment":[{"href":"https:\/\/oraziopuglisi.art\/index.php\/wp-json\/wp\/v2\/media?parent=10840"}],"curies":[{"name":"wp","href":"https:\/\/api.w.org\/{rel}","templated":true}]}}