{"id":10824,"date":"2024-08-12T19:26:11","date_gmt":"2024-08-12T17:26:11","guid":{"rendered":"https:\/\/oraziopuglisi.art\/?page_id=10824"},"modified":"2024-08-12T20:22:36","modified_gmt":"2024-08-12T18:22:36","slug":"la-pyrolyse","status":"publish","type":"page","link":"https:\/\/oraziopuglisi.art\/index.php\/la-pyrolyse\/","title":{"rendered":"La Pyrolyse"},"content":{"rendered":"<p style=\"text-align: center;\"><a href=\"https:\/\/fr.wikipedia.org\/wiki\/Pyrolyse\">Lien Wikip\u00e9dia<\/a><\/p>\n<p style=\"text-align: justify;\">La\u00a0<b>pyrolyse<\/b>, ou\u00a0<a title=\"Thermolyse (chimie)\" href=\"https:\/\/fr.wikipedia.org\/wiki\/Thermolyse_(chimie)\">thermolyse<\/a>, est la d\u00e9composition chimique d&rsquo;un\u00a0<a title=\"Compos\u00e9 organique\" href=\"https:\/\/fr.wikipedia.org\/wiki\/Compos%C3%A9_organique\">compos\u00e9 organique<\/a>\u00a0par une augmentation importante de sa\u00a0<a title=\"Temp\u00e9rature\" href=\"https:\/\/fr.wikipedia.org\/wiki\/Temp%C3%A9rature\">temp\u00e9rature<\/a>\u00a0pour obtenir d&rsquo;autres produits (gaz et mati\u00e8re) qu&rsquo;il ne contenait pas. L&rsquo;op\u00e9ration est r\u00e9alis\u00e9e en l&rsquo;absence d&rsquo;oxyg\u00e8ne ou en atmosph\u00e8re pauvre en oxyg\u00e8ne pour \u00e9viter l&rsquo;<a title=\"R\u00e9action d'oxydor\u00e9duction\" href=\"https:\/\/fr.wikipedia.org\/wiki\/R%C3%A9action_d%27oxydor%C3%A9duction\">oxydation<\/a>\u00a0et la\u00a0<a title=\"Combustion\" href=\"https:\/\/fr.wikipedia.org\/wiki\/Combustion\">combustion<\/a>\u00a0(l\u2019op\u00e9ration ne produit donc pas de flamme). Il s&rsquo;agit du premier stade de transformation thermique apr\u00e8s la\u00a0<a title=\"R\u00e9action de d\u00e9shydratation\" href=\"https:\/\/fr.wikipedia.org\/wiki\/R%C3%A9action_de_d%C3%A9shydratation\">d\u00e9shydratation<\/a>.<\/p>\n<p style=\"text-align: justify;\">Elle permet g\u00e9n\u00e9ralement d&rsquo;obtenir un solide carbon\u00e9, une huile et un gaz. Elle d\u00e9bute \u00e0 un niveau de temp\u00e9rature relativement bas (\u00e0 partir de 200 \u00b0C) et se poursuit jusqu&rsquo;\u00e0 1 000 \u00b0C environ. Selon la temp\u00e9rature, la proportion des trois compos\u00e9s r\u00e9sultants est diff\u00e9rente<sup id=\"cite_ref-1\" class=\"reference\"><a href=\"https:\/\/fr.wikipedia.org\/wiki\/Pyrolyse#cite_note-1\">1<\/a><\/sup>. Elle peut notamment \u00eatre produite dans un\u00a0<a title=\"Four solaire\" href=\"https:\/\/fr.wikipedia.org\/wiki\/Four_solaire\">four solaire<\/a>, comme cela a \u00e9t\u00e9 montr\u00e9 \u00e0\u00a0<a title=\"Four solaire d'Odeillo\" href=\"https:\/\/fr.wikipedia.org\/wiki\/Four_solaire_d%27Odeillo\">Odeillo<\/a><sup id=\"cite_ref-2\" class=\"reference\"><a href=\"https:\/\/fr.wikipedia.org\/wiki\/Pyrolyse#cite_note-2\">2<\/a><\/sup>.<\/p>\n<p>&nbsp;<\/p>\n<p><iframe loading=\"lazy\" title=\"Explication de la pyrolyse par David Valour, directeur valorisation chez Pizzorno Environnement\" width=\"600\" height=\"338\" src=\"https:\/\/www.youtube.com\/embed\/rbeFUTo3qk8?feature=oembed\" frameborder=\"0\" allow=\"accelerometer; autoplay; clipboard-write; encrypted-media; gyroscope; picture-in-picture; web-share\" referrerpolicy=\"strict-origin-when-cross-origin\" allowfullscreen><\/iframe><\/p>\n","protected":false},"excerpt":{"rendered":"<p>Lien Wikip\u00e9dia La\u00a0pyrolyse, ou\u00a0thermolyse, est la d\u00e9composition chimique d&rsquo;un\u00a0compos\u00e9 organique\u00a0par une augmentation importante de sa\u00a0temp\u00e9rature\u00a0pour obtenir d&rsquo;autres produits (gaz et mati\u00e8re) qu&rsquo;il ne contenait pas. L&rsquo;op\u00e9ration est r\u00e9alis\u00e9e en l&rsquo;absence d&rsquo;oxyg\u00e8ne ou en atmosph\u00e8re pauvre en oxyg\u00e8ne pour \u00e9viter l&rsquo;oxydation\u00a0et la\u00a0combustion\u00a0(l\u2019op\u00e9ration ne produit donc pas de flamme). Il s&rsquo;agit du premier stade de transformation thermique [&hellip;]<\/p>\n","protected":false},"author":1,"featured_media":10830,"parent":0,"menu_order":0,"comment_status":"closed","ping_status":"closed","template":"","meta":{"footnotes":""},"class_list":["post-10824","page","type-page","status-publish","has-post-thumbnail","hentry"],"_links":{"self":[{"href":"https:\/\/oraziopuglisi.art\/index.php\/wp-json\/wp\/v2\/pages\/10824","targetHints":{"allow":["GET"]}}],"collection":[{"href":"https:\/\/oraziopuglisi.art\/index.php\/wp-json\/wp\/v2\/pages"}],"about":[{"href":"https:\/\/oraziopuglisi.art\/index.php\/wp-json\/wp\/v2\/types\/page"}],"author":[{"embeddable":true,"href":"https:\/\/oraziopuglisi.art\/index.php\/wp-json\/wp\/v2\/users\/1"}],"replies":[{"embeddable":true,"href":"https:\/\/oraziopuglisi.art\/index.php\/wp-json\/wp\/v2\/comments?post=10824"}],"version-history":[{"count":4,"href":"https:\/\/oraziopuglisi.art\/index.php\/wp-json\/wp\/v2\/pages\/10824\/revisions"}],"predecessor-version":[{"id":10831,"href":"https:\/\/oraziopuglisi.art\/index.php\/wp-json\/wp\/v2\/pages\/10824\/revisions\/10831"}],"wp:featuredmedia":[{"embeddable":true,"href":"https:\/\/oraziopuglisi.art\/index.php\/wp-json\/wp\/v2\/media\/10830"}],"wp:attachment":[{"href":"https:\/\/oraziopuglisi.art\/index.php\/wp-json\/wp\/v2\/media?parent=10824"}],"curies":[{"name":"wp","href":"https:\/\/api.w.org\/{rel}","templated":true}]}}