{"id":10815,"date":"2024-08-12T18:40:38","date_gmt":"2024-08-12T16:40:38","guid":{"rendered":"https:\/\/oraziopuglisi.art\/?page_id=10815"},"modified":"2024-08-12T19:23:47","modified_gmt":"2024-08-12T17:23:47","slug":"le-traitement-des-dechets","status":"publish","type":"page","link":"https:\/\/oraziopuglisi.art\/index.php\/le-traitement-des-dechets\/","title":{"rendered":"Le traitement des d\u00e9chets"},"content":{"rendered":"<p style=\"text-align: center;\"><a href=\"https:\/\/www.notre-environnement.gouv.fr\/themes\/economie\/les-dechets-ressources\/article\/le-traitement-des-dechets#:~:text=Les%20d%C3%A9chets%20peuvent%20%C3%AAtre%20valoris%C3%A9s,partir%20des%20d%C3%A9chetsest%20l'incin%C3%A9ration.&amp;text=La%20production%20d'%C3%A9nergie%20%C3%A0,UIOM%20suit%20une%20tendance%20irr%C3%A9guli%C3%A8re.\">Le traitement des d\u00e9chets<\/a><\/p>\n<div class=\"fr-text--lead\" style=\"text-align: justify;\">Tous les deux ans, la France conform\u00e9ment \u00e0 la r\u00e9glementation europ\u00e9enne, pr\u00e9sente un bilan de la production de d\u00e9chets et de leurs traitements. En France, en 2018, 27\u00a0% des d\u00e9chets sont mis en d\u00e9charge, 7\u00a0% sont incin\u00e9r\u00e9s avec ou sans r\u00e9cup\u00e9ration d\u2019\u00e9nergie et 66\u00a0% sont recycl\u00e9s.<\/div>\n<div class=\" \">\n<p style=\"text-align: justify;\">Tous d\u00e9chets confondus, 66\u00a0% des d\u00e9chets ont \u00e9t\u00e9 recycl\u00e9s en 2018. Les taux de recyclage varient de 35\u00a0% pour les d\u00e9chets dangereux (incluant la r\u00e9g\u00e9n\u00e9ration des huiles par exemple), \u00e0 49\u00a0% pour les d\u00e9chets non min\u00e9raux non dangereux, et \u00e0 73\u00a0% pour les d\u00e9chets min\u00e9raux. Ces taux concernent les installations qui recyclent les d\u00e9chets sur le territoire, donc excluent les exportations pour recyclage.<\/p>\n<p style=\"text-align: justify;\">Le stockage (mise en d\u00e9charge) reste stable par rapport \u00e0 2016 et s\u2019\u00e9tablit \u00e0 27\u00a0% des tonnages.<\/p>\n<p style=\"text-align: justify;\">L\u2019incin\u00e9ration sans r\u00e9cup\u00e9ration d\u2019\u00e9nergie continue \u00e0 diminuer avec 1,3\u00a0% des quantit\u00e9s trait\u00e9es contre 1,6\u00a0% en 2016.<\/p>\n<\/div>\n<p>&nbsp;<\/p>\n","protected":false},"excerpt":{"rendered":"<p>Le traitement des d\u00e9chets Tous les deux ans, la France conform\u00e9ment \u00e0 la r\u00e9glementation europ\u00e9enne, pr\u00e9sente un bilan de la production de d\u00e9chets et de leurs traitements. En France, en 2018, 27\u00a0% des d\u00e9chets sont mis en d\u00e9charge, 7\u00a0% sont incin\u00e9r\u00e9s avec ou sans r\u00e9cup\u00e9ration d\u2019\u00e9nergie et 66\u00a0% sont recycl\u00e9s. Tous d\u00e9chets confondus, 66\u00a0% des [&hellip;]<\/p>\n","protected":false},"author":1,"featured_media":10819,"parent":0,"menu_order":0,"comment_status":"closed","ping_status":"closed","template":"","meta":{"footnotes":""},"class_list":["post-10815","page","type-page","status-publish","has-post-thumbnail","hentry"],"_links":{"self":[{"href":"https:\/\/oraziopuglisi.art\/index.php\/wp-json\/wp\/v2\/pages\/10815","targetHints":{"allow":["GET"]}}],"collection":[{"href":"https:\/\/oraziopuglisi.art\/index.php\/wp-json\/wp\/v2\/pages"}],"about":[{"href":"https:\/\/oraziopuglisi.art\/index.php\/wp-json\/wp\/v2\/types\/page"}],"author":[{"embeddable":true,"href":"https:\/\/oraziopuglisi.art\/index.php\/wp-json\/wp\/v2\/users\/1"}],"replies":[{"embeddable":true,"href":"https:\/\/oraziopuglisi.art\/index.php\/wp-json\/wp\/v2\/comments?post=10815"}],"version-history":[{"count":4,"href":"https:\/\/oraziopuglisi.art\/index.php\/wp-json\/wp\/v2\/pages\/10815\/revisions"}],"predecessor-version":[{"id":10821,"href":"https:\/\/oraziopuglisi.art\/index.php\/wp-json\/wp\/v2\/pages\/10815\/revisions\/10821"}],"wp:featuredmedia":[{"embeddable":true,"href":"https:\/\/oraziopuglisi.art\/index.php\/wp-json\/wp\/v2\/media\/10819"}],"wp:attachment":[{"href":"https:\/\/oraziopuglisi.art\/index.php\/wp-json\/wp\/v2\/media?parent=10815"}],"curies":[{"name":"wp","href":"https:\/\/api.w.org\/{rel}","templated":true}]}}