{"id":10754,"date":"2024-08-11T19:13:22","date_gmt":"2024-08-11T17:13:22","guid":{"rendered":"https:\/\/oraziopuglisi.art\/?page_id=10754"},"modified":"2024-08-12T06:48:39","modified_gmt":"2024-08-12T04:48:39","slug":"edward-snowden","status":"publish","type":"page","link":"https:\/\/oraziopuglisi.art\/index.php\/edward-snowden\/","title":{"rendered":"Edward Snowden"},"content":{"rendered":"<p style=\"text-align: center;\"><a href=\"https:\/\/fr.wikipedia.org\/wiki\/Edward_Snowden\">Lien Wikip\u00e9dia<\/a><\/p>\n<p style=\"text-align: justify;\"><b>Edward Joseph Snowden<\/b>, n\u00e9 le\u00a0<time class=\"nowrap bday\" datetime=\"1983-06-21\" data-sort-value=\"1983-06-21\">21 juin 1983<\/time>\u00a0\u00e0\u00a0<a title=\"Elizabeth City\" href=\"https:\/\/fr.wikipedia.org\/wiki\/Elizabeth_City\">Elizabeth City<\/a>\u00a0(<a title=\"Caroline du Nord\" href=\"https:\/\/fr.wikipedia.org\/wiki\/Caroline_du_Nord\">Caroline du Nord<\/a>), est un\u00a0<a title=\"Informaticien\" href=\"https:\/\/fr.wikipedia.org\/wiki\/Informaticien\">informaticien<\/a>\u00a0et\u00a0<a title=\"Lanceur d'alerte\" href=\"https:\/\/fr.wikipedia.org\/wiki\/Lanceur_d%27alerte\">lanceur d&rsquo;alerte<\/a>\u00a0<a title=\"\u00c9tats-Unis\" href=\"https:\/\/fr.wikipedia.org\/wiki\/%C3%89tats-Unis\">am\u00e9ricain<\/a>, naturalis\u00e9\u00a0<a title=\"Russie\" href=\"https:\/\/fr.wikipedia.org\/wiki\/Russie\">russe<\/a>\u00a0en 2022. Ancien employ\u00e9 de la\u00a0<a title=\"Central Intelligence Agency\" href=\"https:\/\/fr.wikipedia.org\/wiki\/Central_Intelligence_Agency\">Central Intelligence Agency<\/a>\u00a0(CIA) et de la\u00a0<a title=\"National Security Agency\" href=\"https:\/\/fr.wikipedia.org\/wiki\/National_Security_Agency\">National Security Agency<\/a>\u00a0(NSA), il a r\u00e9v\u00e9l\u00e9 l&rsquo;existence de plusieurs programmes de\u00a0<a title=\"Surveillance globale\" href=\"https:\/\/fr.wikipedia.org\/wiki\/Surveillance_globale\">surveillance de masse<\/a>\u00a0<a title=\"\u00c9tats-Unis\" href=\"https:\/\/fr.wikipedia.org\/wiki\/%C3%89tats-Unis\">am\u00e9ricains<\/a>\u00a0et\u00a0<a title=\"Royaume-Uni\" href=\"https:\/\/fr.wikipedia.org\/wiki\/Royaume-Uni\">britanniques<\/a>.<\/p>\n<p style=\"text-align: justify;\">\u00c0 compter du\u00a0<time class=\"nowrap\" datetime=\"2013-06-06\" data-sort-value=\"2013-06-06\">6 juin 2013<\/time>, Snowden rend publiques, par l\u2019interm\u00e9diaire des\u00a0<a title=\"M\u00e9dia\" href=\"https:\/\/fr.wikipedia.org\/wiki\/M%C3%A9dia\">m\u00e9dias<\/a>, des informations class\u00e9es\u00a0<a title=\"Information class\u00e9e secr\u00e8te\" href=\"https:\/\/fr.wikipedia.org\/wiki\/Information_class%C3%A9e_secr%C3%A8te\">top-secr\u00e8tes<\/a>\u00a0de la NSA concernant la captation des\u00a0<a title=\"Donn\u00e9e de connexion\" href=\"https:\/\/fr.wikipedia.org\/wiki\/Donn%C3%A9e_de_connexion\">donn\u00e9es de connexion<\/a>\u00a0des\u00a0<a title=\"Appel t\u00e9l\u00e9phonique\" href=\"https:\/\/fr.wikipedia.org\/wiki\/Appel_t%C3%A9l%C3%A9phonique\">appels t\u00e9l\u00e9phoniques<\/a>\u00a0aux \u00c9tats-Unis, ainsi que les\u00a0<a title=\"\u00c9coute (surveillance)\" href=\"https:\/\/fr.wikipedia.org\/wiki\/%C3%89coute_(surveillance)\">syst\u00e8mes d\u2019\u00e9coute<\/a>\u00a0sur\u00a0<a title=\"Internet\" href=\"https:\/\/fr.wikipedia.org\/wiki\/Internet\">Internet<\/a>\u00a0des programmes de surveillance\u00a0<a title=\"PRISM (programme de surveillance)\" href=\"https:\/\/fr.wikipedia.org\/wiki\/PRISM_(programme_de_surveillance)\">PRISM<\/a>,\u00a0<a title=\"XKeyscore\" href=\"https:\/\/fr.wikipedia.org\/wiki\/XKeyscore\">XKeyscore<\/a>,\u00a0<a title=\"Boundless Informant\" href=\"https:\/\/fr.wikipedia.org\/wiki\/Boundless_Informant\">Boundless Informant<\/a>\u00a0et\u00a0<a title=\"Bullrun\" href=\"https:\/\/fr.wikipedia.org\/wiki\/Bullrun\">Bullrun<\/a>\u00a0du\u00a0<a title=\"Gouvernement f\u00e9d\u00e9ral des \u00c9tats-Unis\" href=\"https:\/\/fr.wikipedia.org\/wiki\/Gouvernement_f%C3%A9d%C3%A9ral_des_%C3%89tats-Unis\">gouvernement am\u00e9ricain<\/a>, mais aussi les programmes de surveillance\u00a0<a title=\"Tempora\" href=\"https:\/\/fr.wikipedia.org\/wiki\/Tempora\">Tempora<\/a>,\u00a0<a title=\"Muscular\" href=\"https:\/\/fr.wikipedia.org\/wiki\/Muscular\">Muscular<\/a>\u00a0et\u00a0<a title=\"Optic Nerve (programme de surveillance)\" href=\"https:\/\/fr.wikipedia.org\/wiki\/Optic_Nerve_(programme_de_surveillance)\">Optic Nerve<\/a>\u00a0du\u00a0<a title=\"Gouvernement du Royaume-Uni\" href=\"https:\/\/fr.wikipedia.org\/wiki\/Gouvernement_du_Royaume-Uni\">gouvernement britannique<\/a>. Pour justifier ses r\u00e9v\u00e9lations, il d\u00e9clare que son\u00a0<span class=\"citation\">\u00ab\u00a0seul objectif est de dire au public ce qui est fait en son nom et ce qui est fait contre lui\u00a0\u00bb<\/span>.<\/p>\n<p style=\"text-align: justify;\">\u00c0 la suite de ses r\u00e9v\u00e9lations, Edward Snowden est\u00a0<a title=\"Mise en examen\" href=\"https:\/\/fr.wikipedia.org\/wiki\/Mise_en_examen\">inculp\u00e9<\/a>\u00a0le\u00a0<time class=\"nowrap\" datetime=\"2013-06-22\" data-sort-value=\"2013-06-22\">22 juin 2013<\/time>\u00a0par le gouvernement am\u00e9ricain sous les chefs d\u2019accusation d\u2019<a title=\"Renseignement\" href=\"https:\/\/fr.wikipedia.org\/wiki\/Renseignement\">espionnage<\/a>, de\u00a0<a title=\"Vol (droit)\" href=\"https:\/\/fr.wikipedia.org\/wiki\/Vol_(droit)\">vol<\/a>\u00a0et d&rsquo;utilisation ill\u00e9gale de biens gouvernementaux.<\/p>\n<p style=\"text-align: justify;\">S&rsquo;exilant \u00e0\u00a0<a title=\"Hong Kong\" href=\"https:\/\/fr.wikipedia.org\/wiki\/Hong_Kong\">Hong Kong<\/a>\u00a0en\u00a0<time class=\"nowrap\" datetime=\"2013-06\" data-sort-value=\"2013-06\">juin 2013<\/time>, puis \u00e0\u00a0<a title=\"Moscou\" href=\"https:\/\/fr.wikipedia.org\/wiki\/Moscou\">Moscou<\/a>, Edward Snowden obtient le\u00a0<time class=\"nowrap\" datetime=\"2013-07-31\" data-sort-value=\"2013-07-31\">31 juillet 2013<\/time>\u00a0l\u2019<a class=\"mw-redirect\" title=\"Asile politique\" href=\"https:\/\/fr.wikipedia.org\/wiki\/Asile_politique\">asile<\/a>\u00a0temporaire en\u00a0<a title=\"Russie\" href=\"https:\/\/fr.wikipedia.org\/wiki\/Russie\">Russie<\/a>. Le\u00a0<time class=\"nowrap\" datetime=\"2014-08-01\" data-sort-value=\"2014-08-01\"><abbr class=\"abbr\" title=\"premier\">1<sup>er<\/sup><\/abbr>\u00a0ao\u00fbt 2014<\/time>, il obtient un\u00a0<a title=\"R\u00e9sident\" href=\"https:\/\/fr.wikipedia.org\/wiki\/R%C3%A9sident\">droit de r\u00e9sidence<\/a>\u00a0pour trois ans en Russie.<\/p>\n<p>&nbsp;<\/p>\n<div id=\"attachment_10765\" style=\"width: 210px\" class=\"wp-caption aligncenter\"><img loading=\"lazy\" decoding=\"async\" aria-describedby=\"caption-attachment-10765\" class=\"size-medium wp-image-10765\" src=\"http:\/\/oraziopuglisi.art\/wp-content\/uploads\/2024\/08\/Edward-Snowden-2-200x300.jpg\" alt=\"\" width=\"200\" height=\"300\" srcset=\"https:\/\/oraziopuglisi.art\/wp-content\/uploads\/2024\/08\/Edward-Snowden-2-200x300.jpg 200w, https:\/\/oraziopuglisi.art\/wp-content\/uploads\/2024\/08\/Edward-Snowden-2-683x1024.jpg 683w, https:\/\/oraziopuglisi.art\/wp-content\/uploads\/2024\/08\/Edward-Snowden-2-768x1151.jpg 768w, https:\/\/oraziopuglisi.art\/wp-content\/uploads\/2024\/08\/Edward-Snowden-2-1025x1536.jpg 1025w, https:\/\/oraziopuglisi.art\/wp-content\/uploads\/2024\/08\/Edward-Snowden-2-1367x2048.jpg 1367w, https:\/\/oraziopuglisi.art\/wp-content\/uploads\/2024\/08\/Edward-Snowden-2-1240x1858.jpg 1240w, https:\/\/oraziopuglisi.art\/wp-content\/uploads\/2024\/08\/Edward-Snowden-2-508x761.jpg 508w, https:\/\/oraziopuglisi.art\/wp-content\/uploads\/2024\/08\/Edward-Snowden-2-scaled.jpg 1709w\" sizes=\"auto, (max-width: 200px) 100vw, 200px\" \/><p id=\"caption-attachment-10765\" class=\"wp-caption-text\">Version 1.0.0<\/p><\/div>\n<p>&nbsp;<\/p>\n<p style=\"text-align: justify;\">Le\u00a0<time class=\"nowrap\" datetime=\"2014-04-14\" data-sort-value=\"2014-04-14\">14 avril 2014<\/time>, l&rsquo;\u00e9dition am\u00e9ricaine du\u00a0<i><a title=\"The Guardian\" href=\"https:\/\/fr.wikipedia.org\/wiki\/The_Guardian\">Guardian<\/a><\/i>\u00a0et le\u00a0<i><a title=\"The Washington Post\" href=\"https:\/\/fr.wikipedia.org\/wiki\/The_Washington_Post\">Washington Post<\/a><\/i>\u00a0se voient d\u00e9cerner le\u00a0<a title=\"Prix Pulitzer\" href=\"https:\/\/fr.wikipedia.org\/wiki\/Prix_Pulitzer\">prix Pulitzer<\/a>\u00a0pour la publication des r\u00e9v\u00e9lations de Snowden sur le syst\u00e8me de surveillance de la NSA, rendues possibles gr\u00e2ce aux documents qu&rsquo;il leur a fournis.<\/p>\n<p style=\"text-align: justify;\">Le\u00a0<time class=\"nowrap\" datetime=\"2022-09-26\" data-sort-value=\"2022-09-26\">26 septembre 2022<\/time>, le pr\u00e9sident russe\u00a0<a title=\"Vladimir Poutine\" href=\"https:\/\/fr.wikipedia.org\/wiki\/Vladimir_Poutine\">Vladimir Poutine<\/a>\u00a0signe un\u00a0<a title=\"D\u00e9cret\" href=\"https:\/\/fr.wikipedia.org\/wiki\/D%C3%A9cret\">d\u00e9cret<\/a>\u00a0(<i><a class=\"mw-redirect\" title=\"Ukase\" href=\"https:\/\/fr.wikipedia.org\/wiki\/Ukase\">oukase<\/a><\/i>) lui accordant la\u00a0<a title=\"Citoyennet\u00e9 russe\" href=\"https:\/\/fr.wikipedia.org\/wiki\/Citoyennet%C3%A9_russe\">citoyennet\u00e9 russe<\/a>.<\/p>\n<p><iframe loading=\"lazy\" title=\"Comment Edward Snowden est devenu lanceur d\u2019alerte\" width=\"600\" height=\"338\" src=\"https:\/\/www.youtube.com\/embed\/0zeC5Vju1Ac?feature=oembed\" frameborder=\"0\" allow=\"accelerometer; autoplay; clipboard-write; encrypted-media; gyroscope; picture-in-picture; web-share\" referrerpolicy=\"strict-origin-when-cross-origin\" allowfullscreen><\/iframe><\/p>\n<p><iframe loading=\"lazy\" title=\"Entretien EXCLUSIF avec Edward Snowden\u00a0: &quot;On a chang\u00e9 les lois pour l\u00e9gitimer la surveillance&quot;\" width=\"600\" height=\"338\" src=\"https:\/\/www.youtube.com\/embed\/OWHtptkykPg?feature=oembed\" frameborder=\"0\" allow=\"accelerometer; autoplay; clipboard-write; encrypted-media; gyroscope; picture-in-picture; web-share\" referrerpolicy=\"strict-origin-when-cross-origin\" allowfullscreen><\/iframe><\/p>\n<p><iframe loading=\"lazy\" title=\"Edward Snowden : l&#039;interview int\u00e9grale en vid\u00e9o\" width=\"600\" height=\"338\" src=\"https:\/\/www.youtube.com\/embed\/MQmntYFKrX4?feature=oembed\" frameborder=\"0\" allow=\"accelerometer; autoplay; clipboard-write; encrypted-media; gyroscope; picture-in-picture; web-share\" referrerpolicy=\"strict-origin-when-cross-origin\" allowfullscreen><\/iframe><\/p>\n<p>&nbsp;<\/p>\n","protected":false},"excerpt":{"rendered":"<p>Lien Wikip\u00e9dia Edward Joseph Snowden, n\u00e9 le\u00a021 juin 1983\u00a0\u00e0\u00a0Elizabeth City\u00a0(Caroline du Nord), est un\u00a0informaticien\u00a0et\u00a0lanceur d&rsquo;alerte\u00a0am\u00e9ricain, naturalis\u00e9\u00a0russe\u00a0en 2022. Ancien employ\u00e9 de la\u00a0Central Intelligence Agency\u00a0(CIA) et de la\u00a0National Security Agency\u00a0(NSA), il a r\u00e9v\u00e9l\u00e9 l&rsquo;existence de plusieurs programmes de\u00a0surveillance de masse\u00a0am\u00e9ricains\u00a0et\u00a0britanniques. \u00c0 compter du\u00a06 juin 2013, Snowden rend publiques, par l\u2019interm\u00e9diaire des\u00a0m\u00e9dias, des informations class\u00e9es\u00a0top-secr\u00e8tes\u00a0de la NSA concernant [&hellip;]<\/p>\n","protected":false},"author":1,"featured_media":10762,"parent":0,"menu_order":0,"comment_status":"closed","ping_status":"closed","template":"","meta":{"footnotes":""},"class_list":["post-10754","page","type-page","status-publish","has-post-thumbnail","hentry"],"_links":{"self":[{"href":"https:\/\/oraziopuglisi.art\/index.php\/wp-json\/wp\/v2\/pages\/10754","targetHints":{"allow":["GET"]}}],"collection":[{"href":"https:\/\/oraziopuglisi.art\/index.php\/wp-json\/wp\/v2\/pages"}],"about":[{"href":"https:\/\/oraziopuglisi.art\/index.php\/wp-json\/wp\/v2\/types\/page"}],"author":[{"embeddable":true,"href":"https:\/\/oraziopuglisi.art\/index.php\/wp-json\/wp\/v2\/users\/1"}],"replies":[{"embeddable":true,"href":"https:\/\/oraziopuglisi.art\/index.php\/wp-json\/wp\/v2\/comments?post=10754"}],"version-history":[{"count":8,"href":"https:\/\/oraziopuglisi.art\/index.php\/wp-json\/wp\/v2\/pages\/10754\/revisions"}],"predecessor-version":[{"id":10769,"href":"https:\/\/oraziopuglisi.art\/index.php\/wp-json\/wp\/v2\/pages\/10754\/revisions\/10769"}],"wp:featuredmedia":[{"embeddable":true,"href":"https:\/\/oraziopuglisi.art\/index.php\/wp-json\/wp\/v2\/media\/10762"}],"wp:attachment":[{"href":"https:\/\/oraziopuglisi.art\/index.php\/wp-json\/wp\/v2\/media?parent=10754"}],"curies":[{"name":"wp","href":"https:\/\/api.w.org\/{rel}","templated":true}]}}