{"id":10750,"date":"2024-08-11T19:11:04","date_gmt":"2024-08-11T17:11:04","guid":{"rendered":"https:\/\/oraziopuglisi.art\/?page_id=10750"},"modified":"2024-08-12T07:06:03","modified_gmt":"2024-08-12T05:06:03","slug":"julian-assange","status":"publish","type":"page","link":"https:\/\/oraziopuglisi.art\/index.php\/julian-assange\/","title":{"rendered":"Julian Assange"},"content":{"rendered":"<p style=\"text-align: center;\"><a href=\"https:\/\/fr.wikipedia.org\/wiki\/Julian_Assange\">Julian Assange<\/a><\/p>\n<p style=\"text-align: justify;\"><b>Julian Assange<\/b>\u00a0(prononc\u00e9\u00a0<span class=\"API nowrap\" title=\"Alphabet phon\u00e9tique international\">\/<a class=\"mw-redirect\" title=\"API \u02c8\" href=\"https:\/\/fr.wikipedia.org\/wiki\/API_%CB%88\"><span title=\"[\u02c8] indique que la syllabe ou voyelle suivante porte l'accent tonique.\">\u02c8<\/span><\/a><a class=\"mw-redirect\" title=\"API d\u0361\u0292\" href=\"https:\/\/fr.wikipedia.org\/wiki\/API_d%CD%A1%CA%92\"><span title=\"[d\u0361\u0292] \u00ab dj \u00bb dans \u00ab djellaba \u00bb.\">d\u0361\u0292<\/span><\/a><a class=\"mw-redirect\" title=\"API u\" href=\"https:\/\/fr.wikipedia.org\/wiki\/API_u\"><span title=\"[u] \u00ab ou \u00bb dans \u00ab coup \u00bb.\">u<\/span><\/a><a class=\"mw-redirect\" title=\"API \u02d0\" href=\"https:\/\/fr.wikipedia.org\/wiki\/API_%CB%90\"><span title=\"[\u02d0] indique que le son pr\u00e9c\u00e9dent est allong\u00e9\/g\u00e9min\u00e9.\">\u02d0<\/span><\/a><a class=\"mw-redirect\" title=\"API l\" href=\"https:\/\/fr.wikipedia.org\/wiki\/API_l\"><span title=\"[l] \u00ab l \u00bb dans \u00ab loup \u00bb.\">l<\/span><\/a><a class=\"mw-redirect\" title=\"API i\" href=\"https:\/\/fr.wikipedia.org\/wiki\/API_i\"><span title=\"[i] \u00ab i \u00bb dans \u00ab si \u00bb.\">i<\/span><\/a><a class=\"mw-redirect\" title=\"API \u0259\" href=\"https:\/\/fr.wikipedia.org\/wiki\/API_%C9%99\"><span title=\"[\u0259] \u00ab e \u00bb dans \u00ab refrain \u00bb.\">\u0259<\/span><\/a><a class=\"mw-redirect\" title=\"API n\" href=\"https:\/\/fr.wikipedia.org\/wiki\/API_n\"><span title=\"[n] en fran\u00e7ais \u00ab n \u00bb dans \u00ab nous \u00bb ; ailleurs avec la langue un peu plus en arri\u00e8re.\">n<\/span><\/a>\u00a0<a class=\"mw-redirect\" title=\"API \u0259\" href=\"https:\/\/fr.wikipedia.org\/wiki\/API_%C9%99\"><span title=\"[\u0259] \u00ab e \u00bb dans \u00ab refrain \u00bb.\">\u0259<\/span><\/a><a class=\"mw-redirect\" title=\"API \u02c8\" href=\"https:\/\/fr.wikipedia.org\/wiki\/API_%CB%88\"><span title=\"[\u02c8] indique que la syllabe ou voyelle suivante porte l'accent tonique.\">\u02c8<\/span><\/a><a class=\"mw-redirect\" title=\"API s\" href=\"https:\/\/fr.wikipedia.org\/wiki\/API_s\"><span title=\"[s] en fran\u00e7ais \u00ab s \u00bb dans \u00ab sa \u00bb ; ailleurs avec la langue un peu plus en arri\u00e8re (tel le basque : \u00ab s \u00bb dans \u00ab euskara \u00bb).\">s<\/span><\/a><a class=\"mw-redirect\" title=\"API \u0251\" href=\"https:\/\/fr.wikipedia.org\/wiki\/API_%C9%91\"><span title=\"[\u0251] \u00ab \u00e2 \u00bb dans \u00ab p\u00e2te \u00bb.\">\u0251<\/span><\/a><a class=\"mw-redirect\" title=\"API \u02d0\" href=\"https:\/\/fr.wikipedia.org\/wiki\/API_%CB%90\"><span title=\"[\u02d0] indique que le son pr\u00e9c\u00e9dent est allong\u00e9\/g\u00e9min\u00e9.\">\u02d0<\/span><\/a><a class=\"mw-redirect\" title=\"API n\" href=\"https:\/\/fr.wikipedia.org\/wiki\/API_n\"><span title=\"[n] en fran\u00e7ais \u00ab n \u00bb dans \u00ab nous \u00bb ; ailleurs avec la langue un peu plus en arri\u00e8re.\">n<\/span><\/a><a class=\"mw-redirect\" title=\"API \u0292\" href=\"https:\/\/fr.wikipedia.org\/wiki\/API_%CA%92\"><span title=\"[\u0292] \u00ab j \u00bb dans \u00ab joue \u00bb.\">\u0292<\/span><\/a>\/<\/span>), n\u00e9\u00a0<b>Julian Paul Hawkins<\/b>\u00a0le\u00a0<time class=\"nowrap bday\" datetime=\"1971-07-03\" data-sort-value=\"1971-07-03\">3 juillet 1971<\/time>\u00a0\u00e0\u00a0<a title=\"Townsville\" href=\"https:\/\/fr.wikipedia.org\/wiki\/Townsville\">Townsville<\/a>\u00a0(<a title=\"Queensland\" href=\"https:\/\/fr.wikipedia.org\/wiki\/Queensland\">Queensland<\/a>), est un\u00a0<a title=\"Informaticien\" href=\"https:\/\/fr.wikipedia.org\/wiki\/Informaticien\">informaticien<\/a>\u00a0et\u00a0<a title=\"Cybermilitantisme\" href=\"https:\/\/fr.wikipedia.org\/wiki\/Cybermilitantisme\">cybermilitant<\/a>\u00a0<a title=\"Australie\" href=\"https:\/\/fr.wikipedia.org\/wiki\/Australie\">australien<\/a>\u00a0devenu\u00a0<a title=\"Journaliste\" href=\"https:\/\/fr.wikipedia.org\/wiki\/Journaliste\">journaliste<\/a>\u00a0et\u00a0<a title=\"Lanceur d'alerte\" href=\"https:\/\/fr.wikipedia.org\/wiki\/Lanceur_d%27alerte\">lanceur d&rsquo;alerte<\/a>. Il est principalement connu pour \u00eatre le fondateur,\u00a0<a title=\"R\u00e9dacteur en chef\" href=\"https:\/\/fr.wikipedia.org\/wiki\/R%C3%A9dacteur_en_chef\">r\u00e9dacteur en chef<\/a>\u00a0et\u00a0<a title=\"Porte-parole\" href=\"https:\/\/fr.wikipedia.org\/wiki\/Porte-parole\">porte-parole<\/a>\u00a0de\u00a0<a title=\"WikiLeaks\" href=\"https:\/\/fr.wikipedia.org\/wiki\/WikiLeaks\">WikiLeaks<\/a>.<\/p>\n<p style=\"text-align: justify;\">En 2010, \u00e0 la suite des r\u00e9v\u00e9lations de WikiLeaks sur les\u00a0<a title=\"Crime de guerre\" href=\"https:\/\/fr.wikipedia.org\/wiki\/Crime_de_guerre\">crimes de guerres<\/a><sup id=\"cite_ref-1\" class=\"reference\"><a href=\"https:\/\/fr.wikipedia.org\/wiki\/Julian_Assange#cite_note-1\">1<\/a><\/sup>\u00a0commis par les\u00a0<a title=\"\u00c9tats-Unis\" href=\"https:\/\/fr.wikipedia.org\/wiki\/%C3%89tats-Unis\">\u00c9tats-Unis<\/a>\u00a0et leurs alli\u00e9s en\u00a0<a title=\"Irak\" href=\"https:\/\/fr.wikipedia.org\/wiki\/Irak\">Irak<\/a>\u00a0et en\u00a0<a title=\"Afghanistan\" href=\"https:\/\/fr.wikipedia.org\/wiki\/Afghanistan\">Afghanistan<\/a>, Assange acquiert une grande notori\u00e9t\u00e9. Il est ensuite au c\u0153ur d&rsquo;une affaire politico-judiciaire internationale, qui le prive de libert\u00e9 \u00e0 partir de 2010 dans des circonstances telles qu&rsquo;il a pu \u00eatre qualifi\u00e9 de\u00a0<a title=\"Prisonnier politique\" href=\"https:\/\/fr.wikipedia.org\/wiki\/Prisonnier_politique\">prisonnier politique<\/a>.<\/p>\n<p>&nbsp;<\/p>\n<p><img loading=\"lazy\" decoding=\"async\" class=\"alignnone size-medium wp-image-10782 aligncenter\" src=\"http:\/\/oraziopuglisi.art\/wp-content\/uploads\/2024\/08\/Julian-assange-2-214x300.png\" alt=\"\" width=\"214\" height=\"300\" srcset=\"https:\/\/oraziopuglisi.art\/wp-content\/uploads\/2024\/08\/Julian-assange-2-214x300.png 214w, https:\/\/oraziopuglisi.art\/wp-content\/uploads\/2024\/08\/Julian-assange-2-730x1024.png 730w, https:\/\/oraziopuglisi.art\/wp-content\/uploads\/2024\/08\/Julian-assange-2-768x1078.png 768w, https:\/\/oraziopuglisi.art\/wp-content\/uploads\/2024\/08\/Julian-assange-2-508x713.png 508w, https:\/\/oraziopuglisi.art\/wp-content\/uploads\/2024\/08\/Julian-assange-2.png 912w\" sizes=\"auto, (max-width: 214px) 100vw, 214px\" \/><\/p>\n<p>&nbsp;<\/p>\n<p style=\"text-align: justify;\">En\u00a0<a title=\"Lib\u00e9ration conditionnelle\" href=\"https:\/\/fr.wikipedia.org\/wiki\/Lib%C3%A9ration_conditionnelle\">libert\u00e9 surveill\u00e9e<\/a>, puis r\u00e9fugi\u00e9 dans l&rsquo;<a title=\"Ambassade d'\u00c9quateur \u00e0 Londres\" href=\"https:\/\/fr.wikipedia.org\/wiki\/Ambassade_d%27%C3%89quateur_%C3%A0_Londres\">ambassade d&rsquo;\u00c9quateur \u00e0 Londres<\/a>\u00a0entre 2012 et 2019, il est incarc\u00e9r\u00e9 au\u00a0<a title=\"Royaume-Uni\" href=\"https:\/\/fr.wikipedia.org\/wiki\/Royaume-Uni\">Royaume-Uni<\/a>\u00a0\u00e0 partir de 2019, au c\u0153ur d&rsquo;une proc\u00e9dure d&rsquo;<a title=\"Extradition\" href=\"https:\/\/fr.wikipedia.org\/wiki\/Extradition\">extradition<\/a>\u00a0demand\u00e9e par les \u00c9tats-Unis apr\u00e8s avoir \u00e9t\u00e9 inculp\u00e9 pour \u00ab\u00a0\u202fespionnage \u202f\u00bb\u00a0; il encourt 175 ans de prison.<\/p>\n<p style=\"text-align: justify;\">Il compara\u00eet le\u00a0<time class=\"nowrap\" datetime=\"06-26\" data-sort-value=\"06-26\">26 juin<\/time>\u00a02024 devant un tribunal f\u00e9d\u00e9ral \u00e9tatsunien des\u00a0<a title=\"\u00celes Mariannes du Nord\" href=\"https:\/\/fr.wikipedia.org\/wiki\/%C3%8Eles_Mariannes_du_Nord\">\u00eeles Mariannes<\/a>\u00a0qui, dans le cadre d&rsquo;un accord de\u00a0<a class=\"mw-redirect\" title=\"Plaider coupable\" href=\"https:\/\/fr.wikipedia.org\/wiki\/Plaider_coupable\">plaider coupable<\/a>\u00a0avec la justice am\u00e9ricaine, le condamne \u00e0 62 mois de prison, couverts par sa d\u00e9tention provisoire \u00e0\u00a0<a title=\"Londres\" href=\"https:\/\/fr.wikipedia.org\/wiki\/Londres\">Londres<\/a>, ce qui lui permet de regagner librement l&rsquo;Australie.<\/p>\n<p><iframe loading=\"lazy\" title=\"Julian Assange, l&#039;ennemi public num\u00e9ro 1\" width=\"600\" height=\"338\" src=\"https:\/\/www.youtube.com\/embed\/OHKf8eQdLKw?feature=oembed\" frameborder=\"0\" allow=\"accelerometer; autoplay; clipboard-write; encrypted-media; gyroscope; picture-in-picture; web-share\" referrerpolicy=\"strict-origin-when-cross-origin\" allowfullscreen><\/iframe><\/p>\n<p><iframe loading=\"lazy\" title=\"Julian Assange : chronique d\u2019une extradition annonc\u00e9e (2021) | ARTE Reportage\" width=\"600\" height=\"338\" src=\"https:\/\/www.youtube.com\/embed\/QSrJQ_53Zww?feature=oembed\" frameborder=\"0\" allow=\"accelerometer; autoplay; clipboard-write; encrypted-media; gyroscope; picture-in-picture; web-share\" referrerpolicy=\"strict-origin-when-cross-origin\" allowfullscreen><\/iframe><\/p>\n<p>&nbsp;<\/p>\n","protected":false},"excerpt":{"rendered":"<p>Julian Assange Julian Assange\u00a0(prononc\u00e9\u00a0\/\u02c8d\u0361\u0292u\u02d0li\u0259n\u00a0\u0259\u02c8s\u0251\u02d0n\u0292\/), n\u00e9\u00a0Julian Paul Hawkins\u00a0le\u00a03 juillet 1971\u00a0\u00e0\u00a0Townsville\u00a0(Queensland), est un\u00a0informaticien\u00a0et\u00a0cybermilitant\u00a0australien\u00a0devenu\u00a0journaliste\u00a0et\u00a0lanceur d&rsquo;alerte. Il est principalement connu pour \u00eatre le fondateur,\u00a0r\u00e9dacteur en chef\u00a0et\u00a0porte-parole\u00a0de\u00a0WikiLeaks. En 2010, \u00e0 la suite des r\u00e9v\u00e9lations de WikiLeaks sur les\u00a0crimes de guerres1\u00a0commis par les\u00a0\u00c9tats-Unis\u00a0et leurs alli\u00e9s en\u00a0Irak\u00a0et en\u00a0Afghanistan, Assange acquiert une grande notori\u00e9t\u00e9. Il est ensuite au c\u0153ur d&rsquo;une affaire politico-judiciaire internationale, [&hellip;]<\/p>\n","protected":false},"author":1,"featured_media":10759,"parent":0,"menu_order":0,"comment_status":"closed","ping_status":"closed","template":"","meta":{"footnotes":""},"class_list":["post-10750","page","type-page","status-publish","has-post-thumbnail","hentry"],"_links":{"self":[{"href":"https:\/\/oraziopuglisi.art\/index.php\/wp-json\/wp\/v2\/pages\/10750","targetHints":{"allow":["GET"]}}],"collection":[{"href":"https:\/\/oraziopuglisi.art\/index.php\/wp-json\/wp\/v2\/pages"}],"about":[{"href":"https:\/\/oraziopuglisi.art\/index.php\/wp-json\/wp\/v2\/types\/page"}],"author":[{"embeddable":true,"href":"https:\/\/oraziopuglisi.art\/index.php\/wp-json\/wp\/v2\/users\/1"}],"replies":[{"embeddable":true,"href":"https:\/\/oraziopuglisi.art\/index.php\/wp-json\/wp\/v2\/comments?post=10750"}],"version-history":[{"count":7,"href":"https:\/\/oraziopuglisi.art\/index.php\/wp-json\/wp\/v2\/pages\/10750\/revisions"}],"predecessor-version":[{"id":10785,"href":"https:\/\/oraziopuglisi.art\/index.php\/wp-json\/wp\/v2\/pages\/10750\/revisions\/10785"}],"wp:featuredmedia":[{"embeddable":true,"href":"https:\/\/oraziopuglisi.art\/index.php\/wp-json\/wp\/v2\/media\/10759"}],"wp:attachment":[{"href":"https:\/\/oraziopuglisi.art\/index.php\/wp-json\/wp\/v2\/media?parent=10750"}],"curies":[{"name":"wp","href":"https:\/\/api.w.org\/{rel}","templated":true}]}}