{"id":10719,"date":"2024-08-11T17:19:13","date_gmt":"2024-08-11T15:19:13","guid":{"rendered":"https:\/\/oraziopuglisi.art\/?page_id=10719"},"modified":"2026-01-10T22:55:10","modified_gmt":"2026-01-10T21:55:10","slug":"maurice-lemoine-et-lamerique-latine","status":"publish","type":"page","link":"https:\/\/oraziopuglisi.art\/index.php\/maurice-lemoine-et-lamerique-latine\/","title":{"rendered":"Maurice Lemoine et l&rsquo;Am\u00e9rique Latine"},"content":{"rendered":"<p style=\"text-align: center;\"><a href=\"https:\/\/fr.wikipedia.org\/wiki\/Maurice_Lemoine\">Maurice Lemoine<\/a><\/p>\n<p style=\"text-align: justify;\"><b>Maurice Lemoine<\/b>, n\u00e9 en 1944, est un\u00a0<a title=\"Journaliste\" href=\"https:\/\/fr.wikipedia.org\/wiki\/Journaliste\">journaliste<\/a>\u00a0et\u00a0<a title=\"\u00c9crivain\" href=\"https:\/\/fr.wikipedia.org\/wiki\/%C3%89crivain\">\u00e9crivain<\/a>, r\u00e9dacteur en chef de\u00a0<i>La Chronique d&rsquo;<a title=\"Amnesty International\" href=\"https:\/\/fr.wikipedia.org\/wiki\/Amnesty_International\">Amnesty International<\/a><\/i>\u00a0de 1993 \u00e0 1996, avant de rejoindre le\u00a0<i><a title=\"Le Monde diplomatique\" href=\"https:\/\/fr.wikipedia.org\/wiki\/Le_Monde_diplomatique\">Monde diplomatique<\/a><\/i>, dont il a \u00e9galement \u00e9t\u00e9 le r\u00e9dacteur en chef de\u00a0<a title=\"2006\" href=\"https:\/\/fr.wikipedia.org\/wiki\/2006\">2006<\/a>\u00a0\u00e0\u00a0<a title=\"2010\" href=\"https:\/\/fr.wikipedia.org\/wiki\/2010\">2010<\/a>.<\/p>\n<p>Il est\u00a0<span class=\"citation\">\u00ab\u00a0sp\u00e9cialiste du monde\u00a0<a title=\"Cara\u00efbes\" href=\"https:\/\/fr.wikipedia.org\/wiki\/Cara%C3%AFbes\">Cara\u00efbe<\/a>\u00a0et\u00a0<a title=\"Am\u00e9rique latine\" href=\"https:\/\/fr.wikipedia.org\/wiki\/Am%C3%A9rique_latine\">latino-am\u00e9ricain<\/a>\u00a0\u00bb<\/span><sup id=\"cite_ref-1\" class=\"reference\"><a href=\"https:\/\/fr.wikipedia.org\/wiki\/Maurice_Lemoine#cite_note-1\"><span class=\"cite-bracket\">[<\/span>1<span class=\"cite-bracket\">]<\/span><\/a><\/sup>.<\/p>\n<p>&nbsp;<\/p>\n<p>&nbsp;<\/p>\n<p><img loading=\"lazy\" decoding=\"async\" class=\" wp-image-21753 aligncenter\" src=\"http:\/\/oraziopuglisi.art\/wp-content\/uploads\/2026\/01\/Le_journaliste_Maurice_Lemoine-300x199.png\" alt=\"\" width=\"537\" height=\"356\" srcset=\"https:\/\/oraziopuglisi.art\/wp-content\/uploads\/2026\/01\/Le_journaliste_Maurice_Lemoine-300x199.png 300w, https:\/\/oraziopuglisi.art\/wp-content\/uploads\/2026\/01\/Le_journaliste_Maurice_Lemoine-508x337.png 508w, https:\/\/oraziopuglisi.art\/wp-content\/uploads\/2026\/01\/Le_journaliste_Maurice_Lemoine.png 555w\" sizes=\"auto, (max-width: 537px) 100vw, 537px\" \/><\/p>\n<div class=\"mw-heading mw-heading2\">\n<h2 id=\"Biographie\">Biographie<\/h2>\n<\/div>\n<p style=\"text-align: justify;\">Il a \u00e9t\u00e9 membre de la r\u00e9daction de la revue\u00a0<i><a title=\"Autrement\" href=\"https:\/\/fr.wikipedia.org\/wiki\/Autrement\">Autrement<\/a><\/i>, producteur d\u00e9l\u00e9gu\u00e9 aux\u00a0<i>Nuits Magn\u00e9tiques<\/i>\u00a0sur\u00a0<a title=\"France Culture\" href=\"https:\/\/fr.wikipedia.org\/wiki\/France_Culture\">France Culture<\/a>, puis r\u00e9dacteur en chef de\u00a0<i>La Chronique d&rsquo;<a title=\"Amnesty International\" href=\"https:\/\/fr.wikipedia.org\/wiki\/Amnesty_International\">Amnesty International<\/a><\/i>\u00a0de 1993 \u00e0 1996.<\/p>\n<p style=\"text-align: justify;\">Il est sp\u00e9cialiste de la situation politique\u00a0<a title=\"Am\u00e9rique latine\" href=\"https:\/\/fr.wikipedia.org\/wiki\/Am%C3%A9rique_latine\">latino-am\u00e9ricaine<\/a><sup id=\"cite_ref-Huma07052015_2-0\" class=\"reference\"><a href=\"https:\/\/fr.wikipedia.org\/wiki\/Maurice_Lemoine#cite_note-Huma07052015-2\"><span class=\"cite-bracket\">[<\/span>2<span class=\"cite-bracket\">]<\/span><\/a><\/sup>.<\/p>\n<p style=\"text-align: justify;\">Il publie le\u00a0<time class=\"nowrap\" datetime=\"2015-04-02\" data-sort-value=\"2015-04-02\">2 avril 2015<\/time>\u00a0un livre sur les coups d\u2019\u00c9tat en Am\u00e9rique latine,\u00a0<i>Les enfants cach\u00e9s du g\u00e9n\u00e9ral Pinochet, pr\u00e9cis de coups d\u2019\u00c9tat et autres tentatives de d\u00e9stabilisation<\/i>\u00a0aux \u00e9ditions Don Quichotte.\u00a0<span class=\"citation\">\u00ab\u00a0V\u00e9ritable enqu\u00eate passionnante de 700 pages\u00a0\u00bb<\/span>\u00a0selon\u00a0<i><a title=\"L'Humanit\u00e9\" href=\"https:\/\/fr.wikipedia.org\/wiki\/L%27Humanit%C3%A9\">L&rsquo;Humanit\u00e9<\/a><\/i>, l&rsquo;ouvrage\u00a0<span class=\"citation\">\u00ab\u00a0revient sur quasiment un si\u00e8cle de tentatives des \u00c9tats-Unis pour contr\u00f4ler ce qu\u2019ils consid\u00e8rent comme leur \u00ab\u00a0arri\u00e8re-cour\u00a0\u00bb. Un livre n\u00e9cessaire pour comprendre ce qui se joue en ce moment, alors que la volont\u00e9 d\u2019\u00e9mancipation n\u2019a jamais \u00e9t\u00e9 aussi forte et partag\u00e9e en Am\u00e9rique latine\u00a0\u00bb<\/span><sup id=\"cite_ref-Huma07052015_2-1\" class=\"reference\"><a href=\"https:\/\/fr.wikipedia.org\/wiki\/Maurice_Lemoine#cite_note-Huma07052015-2\"><span class=\"cite-bracket\">[<\/span>2<span class=\"cite-bracket\">]<\/span><\/a><\/sup>.<\/p>\n<div class=\"mw-heading mw-heading2\">\n<h2 id=\"Ouvrages\">Ouvrages<\/h2>\n<\/div>\n<ul>\n<li style=\"text-align: justify;\"><i>Le cuir et le baston<\/i>\u00a0(1977)<\/li>\n<li style=\"text-align: justify;\"><i>Leurs anc\u00eatres les Gaulois&#8230; Le mal antillais<\/i>\u00a0(1979)<\/li>\n<li style=\"text-align: justify;\"><span id=\"1981\" class=\"ouvrage\"><cite class=\"italique\">Sucre amer. Esclaves aujourd&rsquo;hui dans les Cara\u00efbes<\/cite>, Paris, Encre,\u00a0<time>1981<\/time>, 291\u00a0<abbr class=\"abbr\" title=\"pages\">p.<\/abbr>\u00a0<small>(<a title=\"International Standard Book Number\" href=\"https:\/\/fr.wikipedia.org\/wiki\/International_Standard_Book_Number\">ISBN<\/a>\u00a0<a title=\"Sp\u00e9cial:Ouvrages de r\u00e9f\u00e9rence\/2-86418-104-5\" href=\"https:\/\/fr.wikipedia.org\/wiki\/Sp%C3%A9cial:Ouvrages_de_r%C3%A9f%C3%A9rence\/2-86418-104-5\"><span class=\"nowrap\">2-86418-104-5<\/span><\/a>)<\/small><\/span>\u00a0<sup id=\"cite_ref-3\" class=\"reference\"><a href=\"https:\/\/fr.wikipedia.org\/wiki\/Maurice_Lemoine#cite_note-3\"><span class=\"cite-bracket\">[<\/span>3<span class=\"cite-bracket\">]<\/span><\/a><\/sup>; traduction en anglais\u00a0:\u00a0<span id=\"1985\" class=\"ouvrage\"><abbr class=\"abbr indicateur-langue\" title=\"Langue : anglais\">(en)<\/abbr>\u00a0<cite class=\"italique\" lang=\"en\">Bitter sugar: slaves today in the Caribbean<\/cite>, Chicago, Banner Press,\u00a0<time>1985<\/time>, 308\u00a0<abbr class=\"abbr\" title=\"pages\">p.<\/abbr>\u00a0<small>(<a title=\"International Standard Book Number\" href=\"https:\/\/fr.wikipedia.org\/wiki\/International_Standard_Book_Number\">ISBN<\/a>\u00a0<a title=\"Sp\u00e9cial:Ouvrages de r\u00e9f\u00e9rence\/9780916650186\" href=\"https:\/\/fr.wikipedia.org\/wiki\/Sp%C3%A9cial:Ouvrages_de_r%C3%A9f%C3%A9rence\/9780916650186\"><span class=\"nowrap\">9780916650186<\/span><\/a>)<\/small><\/span><sup id=\"cite_ref-4\" class=\"reference\"><a href=\"https:\/\/fr.wikipedia.org\/wiki\/Maurice_Lemoine#cite_note-4\"><span class=\"cite-bracket\">[<\/span>4<span class=\"cite-bracket\">]<\/span><\/a><\/sup>.<\/li>\n<li style=\"text-align: justify;\"><i>Un mec ou les m\u00e9moires d&rsquo;un macho<\/i>\u00a0(1984)<\/li>\n<li style=\"text-align: justify;\"><span id=\"1988\" class=\"ouvrage\"><cite class=\"italique\">Les Cent portes de l&rsquo;Am\u00e9rique latine<\/cite>, Paris, Autrement,\u00a0<abbr class=\"abbr\" title=\"collection\">coll.<\/abbr>\u00a0\u00ab\u00a0Enjeux et strat\u00e9gies\u00a0\u00bb,\u00a0<time>1988<\/time>, 359\u00a0<abbr class=\"abbr\" title=\"pages\">p.<\/abbr>\u00a0<small>(<a title=\"International Standard Book Number\" href=\"https:\/\/fr.wikipedia.org\/wiki\/International_Standard_Book_Number\">ISBN<\/a>\u00a0<a title=\"Sp\u00e9cial:Ouvrages de r\u00e9f\u00e9rence\/2-86260-273-6\" href=\"https:\/\/fr.wikipedia.org\/wiki\/Sp%C3%A9cial:Ouvrages_de_r%C3%A9f%C3%A9rence\/2-86260-273-6\"><span class=\"nowrap\">2-86260-273-6<\/span><\/a>)<\/small><\/span><sup id=\"cite_ref-5\" class=\"reference\"><a href=\"https:\/\/fr.wikipedia.org\/wiki\/Maurice_Lemoine#cite_note-5\"><span class=\"cite-bracket\">[<\/span>5<span class=\"cite-bracket\">]<\/span><\/a><\/sup><\/li>\n<li style=\"text-align: justify;\"><i>Andalousie<\/i>, avec Nicole Czechowski, Autrement, 1989<\/li>\n<li style=\"text-align: justify;\"><span id=\"1987\" class=\"ouvrage\"><cite class=\"italique\">Les Cit\u00e9s interdites<\/cite>, Paris, Encre,\u00a0<time>1987<\/time>, 430\u00a0<abbr class=\"abbr\" title=\"pages\">p.<\/abbr>\u00a0<small>(<a title=\"International Standard Book Number\" href=\"https:\/\/fr.wikipedia.org\/wiki\/International_Standard_Book_Number\">ISBN<\/a>\u00a0<a title=\"Sp\u00e9cial:Ouvrages de r\u00e9f\u00e9rence\/2-86418-293-9\" href=\"https:\/\/fr.wikipedia.org\/wiki\/Sp%C3%A9cial:Ouvrages_de_r%C3%A9f%C3%A9rence\/2-86418-293-9\"><span class=\"nowrap\">2-86418-293-9<\/span><\/a>)<\/small><\/span><sup id=\"cite_ref-6\" class=\"reference\"><a href=\"https:\/\/fr.wikipedia.org\/wiki\/Maurice_Lemoine#cite_note-6\"><span class=\"cite-bracket\">[<\/span>6<span class=\"cite-bracket\">]<\/span><\/a><\/sup><\/li>\n<li style=\"text-align: justify;\"><i>Antilles, espoirs et d\u00e9chirements de l&rsquo;\u00e2me cr\u00e9ole<\/i>\u00a0(1989) avec Daniel Bastien<\/li>\n<li style=\"text-align: justify;\"><i>Cuba, 30 ans de R\u00e9volution<\/i>, Autrement, 1989<sup id=\"cite_ref-7\" class=\"reference\"><a href=\"https:\/\/fr.wikipedia.org\/wiki\/Maurice_Lemoine#cite_note-7\"><span class=\"cite-bracket\">[<\/span>7<span class=\"cite-bracket\">]<\/span><\/a><\/sup><\/li>\n<li style=\"text-align: justify;\"><i>Amers Indiens<\/i>, Syros\/Alternatives, 1993<\/li>\n<li style=\"text-align: justify;\"><i>Les Cheminots. Que reste-t-il de la grande famille\u00a0?<\/i>, avec Georges Ribeill et Anna Malan, Syros, 1993<\/li>\n<li style=\"text-align: justify;\"><i>L&rsquo;esclavage<\/i>, Casterman, 1997<\/li>\n<li style=\"text-align: justify;\"><i>Les 100 portes de l&rsquo;Am\u00e9rique latine<\/i>, \u00c9ditions de l&rsquo;atelier\/\u00c9ditions ouvri\u00e8res, 1997<\/li>\n<li style=\"text-align: justify;\"><i>Petit C\u0153ur<\/i>\u00a0(1999) avec\u00a0<a title=\"\u00c9lisabeth Brami\" href=\"https:\/\/fr.wikipedia.org\/wiki\/%C3%89lisabeth_Brami\">\u00c9lisabeth Brami<\/a><\/li>\n<li style=\"text-align: justify;\"><i>La Dette. Roman de la paysannerie du nordeste br\u00e9silien<\/i>, Nantes, L&rsquo;Atalante, 2001<sup id=\"cite_ref-8\" class=\"reference\"><a href=\"https:\/\/fr.wikipedia.org\/wiki\/Maurice_Lemoine#cite_note-8\"><span class=\"cite-bracket\">[<\/span>8<span class=\"cite-bracket\">]<\/span><\/a><\/sup><\/li>\n<li style=\"text-align: justify;\"><i>Am\u00e9rique centrale &#8211; Les naufrag\u00e9s d&rsquo;Esquipulas<\/i>\u00a0(2002)<\/li>\n<li style=\"text-align: justify;\"><i>Premier voyage en langue maya avec surr\u00e9alistes \u00e0 bord<\/i>\u00a0(2003) de Armand Gatti pr\u00e9fac\u00e9 par Maurice Lemoine<\/li>\n<li style=\"text-align: justify;\"><i>Chavez presidente!<\/i>, Flammarion, 2005<\/li>\n<li style=\"text-align: justify;\"><i>Cinq Cubains \u00e0 Miami &#8211; Le roman de la guerre secr\u00e8te entre Cuba et les \u00c9tats-Unis<\/i>, Don Quichotte \u00e9ditions, (2010)<\/li>\n<li style=\"text-align: justify;\"><i>Sur les eaux noires du fleuve<\/i>, Don Quichotte \u00e9ditions, 2013<\/li>\n<li style=\"text-align: justify;\"><i>Les enfants cach\u00e9s du G\u00e9n\u00e9ral Pinochet. Pr\u00e9cis de coups d&rsquo;\u00c9tat modernes et autres tentatives de d\u00e9stabilisation<\/i>, Don Quichotte \u00e9ditions, 2015<\/li>\n<li style=\"text-align: justify;\"><i>Venezuela. Chronique d&rsquo;une d\u00e9stabilisation<\/i>, Le Temps des cerises, 2019<\/li>\n<\/ul>\n<div class=\"mw-heading mw-heading2\" style=\"text-align: justify;\">\n<h2 id=\"Notes_et_r\u00e9f\u00e9rences\"><span id=\"Notes_et_r.C3.A9f.C3.A9rences\"><\/span>Notes et r\u00e9f\u00e9rences<\/h2>\n<\/div>\n<div class=\"references-small decimal\" style=\"text-align: justify;\">\n<div class=\"mw-references-wrap\">\n<ol class=\"references\">\n<li id=\"cite_note-1\"><span class=\"reference-text\"><span id=\"(1944-....)70228-frfre\" class=\"ouvrage\"><span id=\"Lemoine,_Maurice_(1944-....)70228-frfre\" class=\"ouvrage\">Lemoine, Maurice\u00a0<span class=\"nom_auteur\">(1944-&#8230;.)<\/span>, \u00ab\u00a0<a class=\"external text\" href=\"https:\/\/catalogue.bnf.fr\/ark:\/12148\/cb119123998\" rel=\"nofollow\"><cite>BnF Catalogue g\u00e9n\u00e9ral<\/cite><\/a><small class=\"cachelinks\">\u00a0[<a title=\"archive sur Wikiwix\" href=\"https:\/\/archive.wikiwix.com\/cache\/?url=https%3A%2F%2Fcatalogue.bnf.fr%2Fark%3A%2F12148%2Fcb119123998\">archive<\/a>]<\/small>\u00a0\u00bb, sur\u00a0<span class=\"italique\">catalogue.bnf.fr<\/span>, 70228-frfre\u00a0<small>(consult\u00e9 le\u00a0<time class=\"nowrap\" datetime=\"2018-10-29\" data-sort-value=\"2018-10-29\">29 octobre 2018<\/time>)<\/small><\/span><\/span><\/span><\/li>\n<li id=\"cite_note-Huma07052015-2\"><span class=\"reference-text\"><span class=\"noarchive\">\u00ab\u00a0<a class=\"external text\" href=\"https:\/\/web.archive.org\/web\/20161103075018\/https:\/\/www.humanite.fr\/maurice-lemoine-les-etats-unis-la-fabrique-de-coups-detat-en-amerique-latine-573551\" rel=\"nofollow\">Maurice Lemoine. Les \u00c9tats-Unis\u00a0: la fabrique de coups d\u2019\u00c9tat en am\u00e9rique latine<\/a>\u00a0\u00bb<\/span>,\u00a0<i><a title=\"L'Humanit\u00e9\" href=\"https:\/\/fr.wikipedia.org\/wiki\/L%27Humanit%C3%A9\">L&rsquo;Humanit\u00e9<\/a><\/i>,\u00a0<time class=\"nowrap\" datetime=\"2015-05-07\" data-sort-value=\"2015-05-07\">7 mai 2015<\/time><small>(version du\u00a0<time class=\"nowrap\" datetime=\"2016-11-03\" data-sort-value=\"2016-11-03\">3 novembre 2016<\/time>\u00a0sur\u00a0<i><a title=\"Internet Archive\" href=\"https:\/\/fr.wikipedia.org\/wiki\/Internet_Archive\">Internet Archive<\/a><\/i>)<\/small>.<\/span><\/li>\n<li id=\"cite_note-3\"><span class=\"reference-text\"><span id=\"Henry-Valmore1983\" class=\"ouvrage\"><span id=\"Simonne_Henry-Valmore1983\" class=\"ouvrage\">Simonne\u00a0<span class=\"nom_auteur\">Henry-Valmore<\/span>, \u00ab\u00a0<cite>Review of SUCRE AMER<\/cite>\u00a0\u00bb,\u00a0<i>Pr\u00e9sence Africaine<\/i>,\u00a0<abbr class=\"abbr\" title=\"num\u00e9ro\">n<sup>o<\/sup><\/abbr>\u00a0125,\u200e\u00a0<time>1983<\/time>,\u00a0<abbr class=\"abbr\" title=\"pages\">p.<\/abbr><span class=\"nowrap\">278\u2013280<\/span><small>(<a title=\"International Standard Serial Number\" href=\"https:\/\/fr.wikipedia.org\/wiki\/International_Standard_Serial_Number\">ISSN<\/a><span class=\"plainlinks noarchive\"><a class=\"external text\" href=\"https:\/\/portal.issn.org\/resource\/issn\/0032-7638\" rel=\"nofollow\">0032-7638<\/a><\/span>,\u00a0<a class=\"external text\" href=\"https:\/\/www.jstor.org\/stable\/24350704\" rel=\"nofollow\">lire en ligne<\/a><small class=\"cachelinks\">\u00a0[<a title=\"archive sur Wikiwix\" href=\"https:\/\/archive.wikiwix.com\/cache\/?url=https%3A%2F%2Fwww.jstor.org%2Fstable%2F24350704\">archive<\/a>]<\/small>, consult\u00e9 le\u00a0<time class=\"nowrap\" datetime=\"2024-08-02\" data-sort-value=\"2024-08-02\">2 ao\u00fbt 2024<\/time>)<\/small><\/span><\/span><\/span><\/li>\n<li id=\"cite_note-4\"><span class=\"reference-text\"><span id=\"Wilson1986\" class=\"ouvrage\"><span id=\"Basil_Wilson1986\" class=\"ouvrage\"><abbr class=\"abbr indicateur-langue\" title=\"Langue : anglais\">(en)<\/abbr>\u00a0Basil Wilson, \u00ab\u00a0<cite lang=\"en\">\u00ab\u00a0Maurice Lemoine,\u00a0\u00bb Bitter Sweet: Slaves Today in the Caribbean\u00a0\u00bb (Book Review)<\/cite>\u00a0\u00bb,\u00a0<i><span class=\"lang-en\" lang=\"en\">Science and Society<\/span><\/i>,\u00a0<abbr class=\"abbr\" title=\"volume\">vol.<\/abbr>\u00a050,\u00a0<abbr class=\"abbr\" title=\"num\u00e9ro\">n<sup>o<\/sup><\/abbr>\u00a02,\u200e\u00a0<time>1986<\/time>,\u00a0<abbr class=\"abbr\" title=\"page\">p.<\/abbr>\u00a0247\u00a0<small>(<a class=\"external text\" href=\"https:\/\/www.proquest.com\/openview\/2c1fec6a4bf20a129530ff397e4eb5ad\/1?pq-origsite=gscholar&amp;cbl=1821290\" rel=\"nofollow\">lire en ligne<\/a><small class=\"cachelinks\">\u00a0[<a title=\"archive sur Wikiwix\" href=\"https:\/\/archive.wikiwix.com\/cache\/?url=https%3A%2F%2Fwww.proquest.com%2Fopenview%2F2c1fec6a4bf20a129530ff397e4eb5ad%2F1%3Fpq-origsite%3Dgscholar%26cbl%3D1821290\">archive<\/a>]<\/small><span class=\"skin-invert-image\"><span title=\"Acc\u00e8s limit\u00e9 au document\"><img loading=\"lazy\" decoding=\"async\" class=\"mw-file-element\" src=\"https:\/\/upload.wikimedia.org\/wikipedia\/commons\/thumb\/d\/d6\/Lock-gray-alt-2.svg\/20px-Lock-gray-alt-2.svg.png\" alt=\"Acc\u00e8s limit\u00e9\" width=\"9\" height=\"14\" data-file-width=\"512\" data-file-height=\"813\" \/><\/span><\/span>)<\/small><\/span><\/span>.<\/span><\/li>\n<li id=\"cite_note-5\"><span class=\"reference-text\"><span id=\"Texeraud1989\" class=\"ouvrage\"><span id=\"Marie-Th\u00e9r\u00e8se_Texeraud1989\" class=\"ouvrage\">Marie-Th\u00e9r\u00e8se Texeraud, \u00ab\u00a0<cite>Maurice Lemoine. \u00ab\u00a0Les 100 portes de l&rsquo;Am\u00e9rique latine. Les dates, les chiffres, les noms, les faits\u00a0\u00bb (compte-rendu)<\/cite>\u00a0\u00bb,\u00a0<i>Politique \u00e9trang\u00e8re<\/i>,\u00a0<abbr class=\"abbr\" title=\"num\u00e9ro\">n<sup>o<\/sup><\/abbr>\u00a02,\u200e\u00a0<time>1989<\/time>,\u00a0<abbr class=\"abbr\" title=\"pages\">p.<\/abbr><span class=\"nowrap\">346-347<\/span><small>(<a class=\"external text\" href=\"https:\/\/www.persee.fr\/doc\/polit_0032-342x_1989_num_54_2_3861_t1_0346_0000_1\" rel=\"nofollow\">lire en ligne<\/a><small class=\"cachelinks\">\u00a0[<a title=\"archive sur Wikiwix\" href=\"https:\/\/archive.wikiwix.com\/cache\/?url=https%3A%2F%2Fwww.persee.fr%2Fdoc%2Fpolit_0032-342x_1989_num_54_2_3861_t1_0346_0000_1\">archive<\/a>]<\/small><span class=\"skin-invert-image\"><span title=\"Acc\u00e8s libre au document\"><img loading=\"lazy\" decoding=\"async\" class=\"mw-file-element\" src=\"https:\/\/upload.wikimedia.org\/wikipedia\/commons\/thumb\/6\/65\/Lock-green.svg\/20px-Lock-green.svg.png\" alt=\"Acc\u00e8s libre\" width=\"9\" height=\"14\" data-file-width=\"512\" data-file-height=\"813\" \/><\/span><\/span>)<\/small><\/span><\/span>.<\/span><\/li>\n<li id=\"cite_note-6\"><span class=\"reference-text\"><span id=\"Chikha1989\" class=\"ouvrage\"><span id=\"Elisabeth_Chikha1989\" class=\"ouvrage\">Elisabeth Chikha, \u00ab\u00a0<cite>Maurice Lemoine. Les cit\u00e9s interdites Marseille\u00a0: filles et fils de l&rsquo;immigration au quotidien<\/cite>\u00a0\u00bb,\u00a0<i>Hommes et Migrations<\/i>,\u00a0<abbr class=\"abbr\" title=\"num\u00e9ro\">n<sup>o<\/sup><\/abbr>\u00a01121,\u200e\u00a0<time class=\"nowrap\" datetime=\"1989-04\" data-sort-value=\"1989-04\">avril 1989<\/time>,\u00a0<abbr class=\"abbr\" title=\"pages\">p.<\/abbr><span class=\"nowrap\">43-44<\/span><small>(<a class=\"external text\" href=\"https:\/\/www.persee.fr\/doc\/homig_1142-852x_1989_num_1121_1_5791_t1_0043_0000_1\" rel=\"nofollow\">lire en ligne<\/a><small class=\"cachelinks\">\u00a0[<a title=\"archive sur Wikiwix\" href=\"https:\/\/archive.wikiwix.com\/cache\/?url=https%3A%2F%2Fwww.persee.fr%2Fdoc%2Fhomig_1142-852x_1989_num_1121_1_5791_t1_0043_0000_1\">archive<\/a>]<\/small><span class=\"skin-invert-image\"><span title=\"Acc\u00e8s libre au document\"><img loading=\"lazy\" decoding=\"async\" class=\"mw-file-element\" src=\"https:\/\/upload.wikimedia.org\/wikipedia\/commons\/thumb\/6\/65\/Lock-green.svg\/20px-Lock-green.svg.png\" alt=\"Acc\u00e8s libre\" width=\"9\" height=\"14\" data-file-width=\"512\" data-file-height=\"813\" \/><\/span><\/span>)<\/small><\/span><\/span>.<\/span><\/li>\n<li id=\"cite_note-7\"><span class=\"reference-text\"><span id=\"Obrecht1989\" class=\"ouvrage\"><span id=\"Th\u00e9r\u00e8se_Obrecht1989\" class=\"ouvrage\">Th\u00e9r\u00e8se Obrecht, \u00ab\u00a0<cite>De Fidel \u00e0 Castro<\/cite>\u00a0\u00bb,\u00a0<i><a title=\"Journal de Gen\u00e8ve\" href=\"https:\/\/fr.wikipedia.org\/wiki\/Journal_de_Gen%C3%A8ve\">Journal de Gen\u00e8ve<\/a><\/i>,\u200e\u00a0<time class=\"nowrap\" datetime=\"1989-03-10\" data-sort-value=\"1989-03-10\">10 mars 1989<\/time>,\u00a0<abbr class=\"abbr\" title=\"page\">p.<\/abbr>\u00a02\u00a0<small>(<a class=\"external text\" href=\"https:\/\/www.letempsarchives.ch\/page\/JDG_1989_03_10\/2\/article\/9491917\" rel=\"nofollow\">lire en ligne<\/a><small class=\"cachelinks\">\u00a0[<a title=\"archive sur Wikiwix\" href=\"https:\/\/archive.wikiwix.com\/cache\/?url=https%3A%2F%2Fwww.letempsarchives.ch%2Fpage%2FJDG_1989_03_10%2F2%2Farticle%2F9491917\">archive<\/a>]<\/small>)<\/small><\/span><\/span><\/span><\/li>\n<li id=\"cite_note-8\"><span class=\"reference-text\"><span id=\"Marti2001\" class=\"ouvrage\"><span id=\"Serge_Marti2001\" class=\"ouvrage\">Serge Marti, \u00ab\u00a0<cite>\u00ab\u00a0La Dette. Roman de la paysannerie br\u00e9silienne\u00a0\u00bb, de Maurice Lemoine<\/cite>\u00a0\u00bb,\u00a0<i><a title=\"Le Monde\" href=\"https:\/\/fr.wikipedia.org\/wiki\/Le_Monde\">Le Monde<\/a><\/i>, Paris,\u00a0<a title=\"Groupe Le Monde\" href=\"https:\/\/fr.wikipedia.org\/wiki\/Groupe_Le_Monde\">Groupe Le Monde<\/a>,\u200e\u00a0<time class=\"nowrap\" datetime=\"2001-06-06\" data-sort-value=\"2001-06-06\">6 juin 2001<\/time><small>(<a title=\"International Standard Serial Number\" href=\"https:\/\/fr.wikipedia.org\/wiki\/International_Standard_Serial_Number\">ISSN<\/a><span class=\"plainlinks noarchive\"><a class=\"external text\" href=\"https:\/\/portal.issn.org\/resource\/issn\/0395-2037\" rel=\"nofollow\">0395-2037<\/a><\/span>,\u00a0<a class=\"external text\" href=\"https:\/\/www.lemonde.fr\/archives\/article\/2001\/06\/06\/la-dette-roman-de-la-paysannerie-bresilienne-de-maurice-lemoine_4201477_1819218.html\" rel=\"nofollow\">lire en ligne<\/a><small class=\"cachelinks\">\u00a0[<a title=\"archive sur Wikiwix\" href=\"https:\/\/archive.wikiwix.com\/cache\/?url=https%3A%2F%2Fwww.lemonde.fr%2Farchives%2Farticle%2F2001%2F06%2F06%2Fla-dette-roman-de-la-paysannerie-bresilienne-de-maurice-lemoine_4201477_1819218.html\">archive<\/a>]<\/small><span class=\"skin-invert-image\"><span title=\"Acc\u00e8s limit\u00e9 au document\"><img loading=\"lazy\" decoding=\"async\" class=\"mw-file-element\" src=\"https:\/\/upload.wikimedia.org\/wikipedia\/commons\/thumb\/d\/d6\/Lock-gray-alt-2.svg\/20px-Lock-gray-alt-2.svg.png\" alt=\"Acc\u00e8s limit\u00e9\" width=\"9\" height=\"14\" data-file-width=\"512\" data-file-height=\"813\" \/><\/span><\/span>)<\/small><\/span><\/span>.<\/span><\/li>\n<\/ol>\n<\/div>\n<\/div>\n<p>&nbsp;<\/p>\n<p>&nbsp;<\/p>\n<p><iframe loading=\"lazy\" title=\"USA - VENEZUELA : UNE OP\u00c9RATION MAFIEUSE SALU\u00c9E PAR LES \u00ab\u00a0COLLABOS\u00a0\u00bb - Maurice Lemoine\" width=\"600\" height=\"338\" src=\"https:\/\/www.youtube.com\/embed\/cv3HLXHV798?feature=oembed\" frameborder=\"0\" allow=\"accelerometer; autoplay; clipboard-write; encrypted-media; gyroscope; picture-in-picture; web-share\" referrerpolicy=\"strict-origin-when-cross-origin\" allowfullscreen><\/iframe><\/p>\n<p>&nbsp;<\/p>\n<p>&nbsp;<\/p>\n<p><iframe loading=\"lazy\" title=\"1\u00e8re campagne europ\u00e9enne de solidarit\u00e9 avec le Venezuela\" width=\"600\" height=\"338\" src=\"https:\/\/www.youtube.com\/embed\/VbBSmas6mLY?feature=oembed\" frameborder=\"0\" allow=\"accelerometer; autoplay; clipboard-write; encrypted-media; gyroscope; picture-in-picture; web-share\" referrerpolicy=\"strict-origin-when-cross-origin\" allowfullscreen><\/iframe><\/p>\n<p>&nbsp;<\/p>\n<p><iframe loading=\"lazy\" title=\"Maurice LEMOINE - L&#039;Am\u00e9rique latine (2\/2) : ALBA, dictatures sanguinaires ou pays r\u00e9sistants ?\" width=\"600\" height=\"338\" src=\"https:\/\/www.youtube.com\/embed\/VjWOhWyQCbI?feature=oembed\" frameborder=\"0\" allow=\"accelerometer; autoplay; clipboard-write; encrypted-media; gyroscope; picture-in-picture; web-share\" referrerpolicy=\"strict-origin-when-cross-origin\" allowfullscreen><\/iframe><\/p>\n<p>&nbsp;<\/p>\n<p><iframe loading=\"lazy\" title=\"Maurice LEMOINE, \u00ab Pas de R\u00e9volution sans\u2026 contre-r\u00e9volution \u00bb\" width=\"600\" height=\"338\" src=\"https:\/\/www.youtube.com\/embed\/PPEKFlDoLCE?feature=oembed\" frameborder=\"0\" allow=\"accelerometer; autoplay; clipboard-write; encrypted-media; gyroscope; picture-in-picture; web-share\" referrerpolicy=\"strict-origin-when-cross-origin\" allowfullscreen><\/iframe><\/p>\n","protected":false},"excerpt":{"rendered":"<p>Maurice Lemoine Maurice Lemoine, n\u00e9 en 1944, est un\u00a0journaliste\u00a0et\u00a0\u00e9crivain, r\u00e9dacteur en chef de\u00a0La Chronique d&rsquo;Amnesty International\u00a0de 1993 \u00e0 1996, avant de rejoindre le\u00a0Monde diplomatique, dont il a \u00e9galement \u00e9t\u00e9 le r\u00e9dacteur en chef de\u00a02006\u00a0\u00e0\u00a02010. Il est\u00a0\u00ab\u00a0sp\u00e9cialiste du monde\u00a0Cara\u00efbe\u00a0et\u00a0latino-am\u00e9ricain\u00a0\u00bb[1]. &nbsp; &nbsp; Biographie Il a \u00e9t\u00e9 membre de la r\u00e9daction de la revue\u00a0Autrement, producteur d\u00e9l\u00e9gu\u00e9 aux\u00a0Nuits Magn\u00e9tiques\u00a0sur\u00a0France [&hellip;]<\/p>\n","protected":false},"author":1,"featured_media":21753,"parent":0,"menu_order":0,"comment_status":"closed","ping_status":"closed","template":"","meta":{"footnotes":""},"class_list":["post-10719","page","type-page","status-publish","has-post-thumbnail","hentry"],"_links":{"self":[{"href":"https:\/\/oraziopuglisi.art\/index.php\/wp-json\/wp\/v2\/pages\/10719","targetHints":{"allow":["GET"]}}],"collection":[{"href":"https:\/\/oraziopuglisi.art\/index.php\/wp-json\/wp\/v2\/pages"}],"about":[{"href":"https:\/\/oraziopuglisi.art\/index.php\/wp-json\/wp\/v2\/types\/page"}],"author":[{"embeddable":true,"href":"https:\/\/oraziopuglisi.art\/index.php\/wp-json\/wp\/v2\/users\/1"}],"replies":[{"embeddable":true,"href":"https:\/\/oraziopuglisi.art\/index.php\/wp-json\/wp\/v2\/comments?post=10719"}],"version-history":[{"count":10,"href":"https:\/\/oraziopuglisi.art\/index.php\/wp-json\/wp\/v2\/pages\/10719\/revisions"}],"predecessor-version":[{"id":21854,"href":"https:\/\/oraziopuglisi.art\/index.php\/wp-json\/wp\/v2\/pages\/10719\/revisions\/21854"}],"wp:featuredmedia":[{"embeddable":true,"href":"https:\/\/oraziopuglisi.art\/index.php\/wp-json\/wp\/v2\/media\/21753"}],"wp:attachment":[{"href":"https:\/\/oraziopuglisi.art\/index.php\/wp-json\/wp\/v2\/media?parent=10719"}],"curies":[{"name":"wp","href":"https:\/\/api.w.org\/{rel}","templated":true}]}}