{"id":10686,"date":"2024-08-11T16:35:36","date_gmt":"2024-08-11T14:35:36","guid":{"rendered":"https:\/\/oraziopuglisi.art\/?page_id=10686"},"modified":"2025-07-23T00:31:11","modified_gmt":"2025-07-22T22:31:11","slug":"ryuichi-sakamoto","status":"publish","type":"page","link":"https:\/\/oraziopuglisi.art\/index.php\/ryuichi-sakamoto\/","title":{"rendered":"Ryuichi Sakamoto"},"content":{"rendered":"<p style=\"text-align: center;\"><a href=\"https:\/\/fr.wikipedia.org\/wiki\/Ry%C5%ABichi_Sakamoto\">Ryuichi Sakamoto<\/a><\/p>\n<p><img loading=\"lazy\" decoding=\"async\" class=\"alignnone size-full wp-image-17548\" src=\"http:\/\/oraziopuglisi.art\/wp-content\/uploads\/2025\/07\/ryuichi_sakamoto_3383785258-scaled-1.jpg\" alt=\"\" width=\"1857\" height=\"2560\" srcset=\"https:\/\/oraziopuglisi.art\/wp-content\/uploads\/2025\/07\/ryuichi_sakamoto_3383785258-scaled-1.jpg 1857w, https:\/\/oraziopuglisi.art\/wp-content\/uploads\/2025\/07\/ryuichi_sakamoto_3383785258-scaled-1-218x300.jpg 218w, https:\/\/oraziopuglisi.art\/wp-content\/uploads\/2025\/07\/ryuichi_sakamoto_3383785258-scaled-1-743x1024.jpg 743w, https:\/\/oraziopuglisi.art\/wp-content\/uploads\/2025\/07\/ryuichi_sakamoto_3383785258-scaled-1-768x1059.jpg 768w, https:\/\/oraziopuglisi.art\/wp-content\/uploads\/2025\/07\/ryuichi_sakamoto_3383785258-scaled-1-1114x1536.jpg 1114w, https:\/\/oraziopuglisi.art\/wp-content\/uploads\/2025\/07\/ryuichi_sakamoto_3383785258-scaled-1-1486x2048.jpg 1486w, https:\/\/oraziopuglisi.art\/wp-content\/uploads\/2025\/07\/ryuichi_sakamoto_3383785258-scaled-1-1240x1709.jpg 1240w, https:\/\/oraziopuglisi.art\/wp-content\/uploads\/2025\/07\/ryuichi_sakamoto_3383785258-scaled-1-508x700.jpg 508w\" sizes=\"auto, (max-width: 1857px) 100vw, 1857px\" \/><\/p>\n<p style=\"text-align: justify;\"><b>Ry\u016bichi Sakamoto<\/b>\u00a0(<span class=\"lang-ja\" lang=\"ja\" title=\"Japonais\">\u5742\u672c \u9f8d\u4e00<\/span>,\u00a0<i class=\"lang-ja-Latn-alalc97\" lang=\"ja-Latn-alalc97\" title=\"Transcription Hepburn\">Sakamoto Ry\u016bichi<\/i><span class=\"t_nihongo_help noprint\"><span class=\"t_nihongo_icon\"><sup><a title=\"Aide:Japonais\" href=\"https:\/\/fr.wikipedia.org\/wiki\/Aide:Japonais\">?<\/a><\/sup><\/span><\/span>), n\u00e9 le\u00a0<time class=\"nowrap bday\" datetime=\"1952-01-17\" data-sort-value=\"1952-01-17\">17 janvier 1952<\/time>\u00a0\u00e0\u00a0<a title=\"Tokyo\" href=\"https:\/\/fr.wikipedia.org\/wiki\/Tokyo\">Tokyo<\/a>\u00a0et mort le\u00a0<time class=\"nowrap dday\" datetime=\"2023-03-28\" data-sort-value=\"2023-03-28\">28 mars 2023<\/time>\u00a0dans la m\u00eame ville, est un\u00a0<a title=\"Musicien\" href=\"https:\/\/fr.wikipedia.org\/wiki\/Musicien\">musicien<\/a>,\u00a0<a title=\"Compositeur\" href=\"https:\/\/fr.wikipedia.org\/wiki\/Compositeur\">compositeur<\/a>,\u00a0<a title=\"Producteur de musique\" href=\"https:\/\/fr.wikipedia.org\/wiki\/Producteur_de_musique\">producteur de musique<\/a>\u00a0et\u00a0<a title=\"Acteur\" href=\"https:\/\/fr.wikipedia.org\/wiki\/Acteur\">acteur<\/a>\u00a0<a title=\"Japon\" href=\"https:\/\/fr.wikipedia.org\/wiki\/Japon\">japonais<\/a>.<\/p>\n<p style=\"text-align: justify;\">Connu initialement pour avoir fait partie du groupe de musique \u00e9lectronique\u00a0<a title=\"Yellow Magic Orchestra\" href=\"https:\/\/fr.wikipedia.org\/wiki\/Yellow_Magic_Orchestra\">Yellow Magic Orchestra<\/a>\u00a0(YMO), il devient c\u00e9l\u00e8bre internationalement pour la composition de ses\u00a0<a title=\"Musique de film\" href=\"https:\/\/fr.wikipedia.org\/wiki\/Musique_de_film\">musiques de films<\/a>, notamment celles de\u00a0<i><a title=\"Furyo\" href=\"https:\/\/fr.wikipedia.org\/wiki\/Furyo\">Furyo<\/a><\/i>\u00a0et du\u00a0<i><a title=\"Le Dernier Empereur\" href=\"https:\/\/fr.wikipedia.org\/wiki\/Le_Dernier_Empereur\">Dernier Empereur<\/a><\/i>, qui lui valent respectivement un\u00a0<a title=\"British Academy Film Award de la meilleure musique de film\" href=\"https:\/\/fr.wikipedia.org\/wiki\/British_Academy_Film_Award_de_la_meilleure_musique_de_film\">BAFTA<\/a>\u00a0en 1984 et un\u00a0<a title=\"Oscar de la meilleure musique de film\" href=\"https:\/\/fr.wikipedia.org\/wiki\/Oscar_de_la_meilleure_musique_de_film\">Oscar<\/a>\u00a0en 1988.<\/p>\n<p><iframe loading=\"lazy\" title=\"Ryuichi Sakamoto - Merry Christmas, Mr. Lawrence\" width=\"600\" height=\"338\" src=\"https:\/\/www.youtube.com\/embed\/LGs_vGt0MY8?feature=oembed\" frameborder=\"0\" allow=\"accelerometer; autoplay; clipboard-write; encrypted-media; gyroscope; picture-in-picture; web-share\" referrerpolicy=\"strict-origin-when-cross-origin\" allowfullscreen><\/iframe><\/p>\n<p><iframe loading=\"lazy\" title=\"Merry Christmas Mr. Lawrence \/ Ryuichi Sakamoto - From Ryuichi Sakamoto: Playing the Piano 2022\" width=\"600\" height=\"338\" src=\"https:\/\/www.youtube.com\/embed\/z9tECKZ60zk?feature=oembed\" frameborder=\"0\" allow=\"accelerometer; autoplay; clipboard-write; encrypted-media; gyroscope; picture-in-picture; web-share\" referrerpolicy=\"strict-origin-when-cross-origin\" allowfullscreen><\/iframe><\/p>\n<div class=\"mw-heading mw-heading3\">\n<h3 id=\"Enfance_et_jeunesse\">Enfance et jeunesse<\/h3>\n<\/div>\n<p style=\"text-align: justify;\">Fils d&rsquo;un c\u00e9l\u00e8bre \u00e9diteur (<a class=\"new\" title=\"Kazuki Sakamoto (page inexistante)\" href=\"https:\/\/fr.wikipedia.org\/w\/index.php?title=Kazuki_Sakamoto&amp;action=edit&amp;redlink=1\">Kazuki Sakamoto<\/a>), Sakamoto a commenc\u00e9 tr\u00e8s t\u00f4t le piano et la composition. Il est inspir\u00e9 \u00e0 la fois par la\u00a0<a title=\"Musique impressionniste\" href=\"https:\/\/fr.wikipedia.org\/wiki\/Musique_impressionniste\">musique impressionniste<\/a>, notamment celle de\u00a0<a title=\"Claude Debussy\" href=\"https:\/\/fr.wikipedia.org\/wiki\/Claude_Debussy\">Claude Debussy<\/a>, et par le\u00a0<a title=\"Pop rock\" href=\"https:\/\/fr.wikipedia.org\/wiki\/Pop_rock\">pop rock<\/a>\u00a0des\u00a0<a title=\"The Beatles\" href=\"https:\/\/fr.wikipedia.org\/wiki\/The_Beatles\">Beatles<\/a>\u00a0et des\u00a0<a title=\"The Rolling Stones\" href=\"https:\/\/fr.wikipedia.org\/wiki\/The_Rolling_Stones\">Rolling Stones<\/a>\u00a0en vogue \u00e0 l&rsquo;\u00e9poque. Il suit des cours \u00e0 l&rsquo;<a class=\"mw-redirect\" title=\"Universit\u00e9 des beaux-arts et de la musique de Tokyo\" href=\"https:\/\/fr.wikipedia.org\/wiki\/Universit%C3%A9_des_beaux-arts_et_de_la_musique_de_Tokyo\">Universit\u00e9 des beaux-arts et de musique de Tokyo<\/a>\u00a0o\u00f9 il \u00e9tudie la composition ainsi que la musique \u00e9lectronique et\u00a0<a title=\"Musiques du monde\" href=\"https:\/\/fr.wikipedia.org\/wiki\/Musiques_du_monde\">ethnique<\/a>. Il se sp\u00e9cialise dans l&rsquo;<a title=\"Ethnomusicologie\" href=\"https:\/\/fr.wikipedia.org\/wiki\/Ethnomusicologie\">ethnomusicologie<\/a>\u00a0marquant son int\u00e9r\u00eat pour les\u00a0<a title=\"Musiques du monde\" href=\"https:\/\/fr.wikipedia.org\/wiki\/Musiques_du_monde\">musiques du monde<\/a>\u00a0et tout particuli\u00e8rement la\u00a0<a title=\"Musique d'Okinawa\" href=\"https:\/\/fr.wikipedia.org\/wiki\/Musique_d%27Okinawa\">musique d&rsquo;Okinawa<\/a>, la\u00a0<a title=\"Musique indienne\" href=\"https:\/\/fr.wikipedia.org\/wiki\/Musique_indienne\">musique indienne<\/a>\u00a0et\u00a0<a title=\"Musique africaine\" href=\"https:\/\/fr.wikipedia.org\/wiki\/Musique_africaine\">africaine<\/a>.<\/p>\n<p style=\"text-align: justify;\">Il s&rsquo;int\u00e9resse aussi \u00e0 l&rsquo;essor de la musique \u00e9lectronique via les synth\u00e9tiseurs\u00a0<a title=\"Buchla\" href=\"https:\/\/fr.wikipedia.org\/wiki\/Buchla\">Buchla<\/a>,\u00a0<a title=\"Moog\" href=\"https:\/\/fr.wikipedia.org\/wiki\/Moog\">Moog<\/a>, et\u00a0<a title=\"ARP (synth\u00e9tiseurs)\" href=\"https:\/\/fr.wikipedia.org\/wiki\/ARP_(synth%C3%A9tiseurs)\">ARP<\/a>\u00a0disponibles \u00e0 l&rsquo;universit\u00e9<sup id=\"cite_ref-dayal_interview_1-0\" class=\"reference\"><a href=\"https:\/\/fr.wikipedia.org\/wiki\/Ry%C5%ABichi_Sakamoto#cite_note-dayal_interview-1\"><span class=\"cite-bracket\">[<\/span>1<span class=\"cite-bracket\">]<\/span><\/a><\/sup>.<\/p>\n<p style=\"text-align: justify;\">Il publie en 1975 un premier album en collaboration avec le percussionniste Tsuchitori Toshiyuki\u00a0<i>Disappointment-Hateruma<\/i>. \u00c0 la fin des ann\u00e9es 1970, il travaille comme clavi\u00e9riste pour plusieurs autres musiciens, s&rsquo;occupe de l&rsquo;arrangement des premiers albums de\u00a0<a title=\"Taeko \u014cnuki\" href=\"https:\/\/fr.wikipedia.org\/wiki\/Taeko_%C5%8Cnuki\">Taeko \u014cnuki<\/a>\u00a0avant de collaborer avec\u00a0<a title=\"Haruomi Hosono\" href=\"https:\/\/fr.wikipedia.org\/wiki\/Haruomi_Hosono\">Haruomi Hosono<\/a>, proposant des compositions pour les albums\u00a0<i>Paraiso\u00a0<\/i>et\u00a0<i>Pacific<\/i>.<\/p>\n<p style=\"text-align: justify;\">Le premier album solo de Sakamoto, co-r\u00e9alis\u00e9 avec\u00a0<a title=\"Hideki Matsutake\" href=\"https:\/\/fr.wikipedia.org\/wiki\/Hideki_Matsutake\">Hideki Matsutake<\/a>\u00a0et Hosono,\u00a0<i>Thousand Knives<\/i>\u00a0est enregistr\u00e9 entre avril et juillet 1978. L&rsquo;album exp\u00e9rimente plusieurs styles de musiques comme la\u00a0<a title=\"Musique \u00e9lectronique\" href=\"https:\/\/fr.wikipedia.org\/wiki\/Musique_%C3%A9lectronique\">musique \u00e9lectronique<\/a>\u00a0sur les morceaux\u00a0<i>Thousand Knives<\/i>\u00a0et\u00a0<i>The End of Asia<\/i>\u00a0o\u00f9 celle-ci est fusionn\u00e9e avec de la\u00a0<a title=\"Musique japonaise traditionnelle\" href=\"https:\/\/fr.wikipedia.org\/wiki\/Musique_japonaise_traditionnelle\">musique japonaise traditionnelle<\/a>\u00a0ou la musique\u00a0<a title=\"Musique minimaliste\" href=\"https:\/\/fr.wikipedia.org\/wiki\/Musique_minimaliste\">minimaliste<\/a>\u00a0sur le morceau\u00a0<i>Grasshoppers<\/i>. Une nouvelle version de\u00a0<i>Thousand Knives<\/i>\u00a0sortira sur l&rsquo;album de 1981 de Yellow Magic Orchestra,\u00a0<i><a class=\"new\" title=\"BGM (album) (page inexistante)\" href=\"https:\/\/fr.wikipedia.org\/w\/index.php?title=BGM_(album)&amp;action=edit&amp;redlink=1\">BGM<\/a><\/i><sup id=\"cite_ref-2\" class=\"reference\"><a href=\"https:\/\/fr.wikipedia.org\/wiki\/Ry%C5%ABichi_Sakamoto#cite_note-2\"><span class=\"cite-bracket\">[<\/span>2<span class=\"cite-bracket\">]<\/span><\/a><\/sup>.<\/p>\n<p><iframe loading=\"lazy\" title=\"[1Hour] \ub958\uc774\uce58 \uc0ac\uce74\ubaa8\ud1a0 (Ryuichi Sakamoto) - Aqua\" width=\"600\" height=\"338\" src=\"https:\/\/www.youtube.com\/embed\/m-096ArZAT4?feature=oembed\" frameborder=\"0\" allow=\"accelerometer; autoplay; clipboard-write; encrypted-media; gyroscope; picture-in-picture; web-share\" referrerpolicy=\"strict-origin-when-cross-origin\" allowfullscreen><\/iframe><\/p>\n<p>&nbsp;<\/p>\n<div class=\"mw-heading mw-heading3\">\n<h3 id=\"Yellow_Magic_Orchestra_(YMO)\" style=\"text-align: justify;\">Yellow Magic Orchestra (YMO)<\/h3>\n<\/div>\n<p style=\"text-align: justify;\">\u00c0 la m\u00eame \u00e9poque, Sakamoto co-fonde le trio japonais\u00a0<a title=\"Yellow Magic Orchestra\" href=\"https:\/\/fr.wikipedia.org\/wiki\/Yellow_Magic_Orchestra\">Yellow Magic Orchestra<\/a>\u00a0(YMO, synth-rock\/synth, J-Pop), avec\u00a0<a title=\"Haruomi Hosono\" href=\"https:\/\/fr.wikipedia.org\/wiki\/Haruomi_Hosono\">Haruomi Hosono<\/a>\u00a0et\u00a0<a title=\"Yukihiro Takahashi\" href=\"https:\/\/fr.wikipedia.org\/wiki\/Yukihiro_Takahashi\">Yukihiro Takahashi<\/a>. Leur musique, beaucoup influenc\u00e9e par\u00a0<a title=\"Kraftwerk\" href=\"https:\/\/fr.wikipedia.org\/wiki\/Kraftwerk\">Kraftwerk<\/a>, aura un r\u00f4le pionnier dans l&rsquo;essor de l&rsquo;<a title=\"Electropop\" href=\"https:\/\/fr.wikipedia.org\/wiki\/Electropop\">electropop<\/a><sup id=\"cite_ref-allmusic_ymo_3-0\" class=\"reference\"><a href=\"https:\/\/fr.wikipedia.org\/wiki\/Ry%C5%ABichi_Sakamoto#cite_note-allmusic_ymo-3\"><span class=\"cite-bracket\">[<\/span>3<span class=\"cite-bracket\">]<\/span><\/a><\/sup><sup class=\"reference cite_virgule\">,<\/sup><sup id=\"cite_ref-guardian_ymo_4-0\" class=\"reference\"><a href=\"https:\/\/fr.wikipedia.org\/wiki\/Ry%C5%ABichi_Sakamoto#cite_note-guardian_ymo-4\"><span class=\"cite-bracket\">[<\/span>4<span class=\"cite-bracket\">]<\/span><\/a><\/sup>\u00a0de la\u00a0<a title=\"Synthpop\" href=\"https:\/\/fr.wikipedia.org\/wiki\/Synthpop\">synthpop<\/a>, de la musique dite\u00a0<a title=\"Cyberpunk\" href=\"https:\/\/fr.wikipedia.org\/wiki\/Cyberpunk\">cyberpunk<\/a><sup id=\"cite_ref-5\" class=\"reference\"><a href=\"https:\/\/fr.wikipedia.org\/wiki\/Ry%C5%ABichi_Sakamoto#cite_note-5\"><span class=\"cite-bracket\">[<\/span>5<span class=\"cite-bracket\">]<\/span><\/a><\/sup>\u00a0de l&rsquo;<a title=\"Ambient house\" href=\"https:\/\/fr.wikipedia.org\/wiki\/Ambient_house\">ambient house<\/a><sup id=\"cite_ref-allmusic_ymo_3-1\" class=\"reference\"><a href=\"https:\/\/fr.wikipedia.org\/wiki\/Ry%C5%ABichi_Sakamoto#cite_note-allmusic_ymo-3\"><span class=\"cite-bracket\">[<\/span>3<span class=\"cite-bracket\">]<\/span><\/a><\/sup>, de l&rsquo;<a title=\"Electronica\" href=\"https:\/\/fr.wikipedia.org\/wiki\/Electronica\">electronica<\/a><sup id=\"cite_ref-guardian_ymo_4-1\" class=\"reference\"><a href=\"https:\/\/fr.wikipedia.org\/wiki\/Ry%C5%ABichi_Sakamoto#cite_note-guardian_ymo-4\"><span class=\"cite-bracket\">[<\/span>4<span class=\"cite-bracket\">]<\/span><\/a><\/sup>, et influencera d&rsquo;autres genres comme la musique\u00a0<a class=\"mw-redirect\" title=\"Hip hop\" href=\"https:\/\/fr.wikipedia.org\/wiki\/Hip_hop\">hip hop<\/a><sup id=\"cite_ref-guardian_ymo_4-2\" class=\"reference\"><a href=\"https:\/\/fr.wikipedia.org\/wiki\/Ry%C5%ABichi_Sakamoto#cite_note-guardian_ymo-4\"><span class=\"cite-bracket\">[<\/span>4<span class=\"cite-bracket\">]<\/span><\/a><\/sup>\u00a0la\u00a0<a title=\"Techno\" href=\"https:\/\/fr.wikipedia.org\/wiki\/Techno\">techno<\/a><sup id=\"cite_ref-bogdanov_1996_6-0\" class=\"reference\"><a href=\"https:\/\/fr.wikipedia.org\/wiki\/Ry%C5%ABichi_Sakamoto#cite_note-bogdanov_1996-6\"><span class=\"cite-bracket\">[<\/span>6<span class=\"cite-bracket\">]<\/span><\/a><\/sup>\u00a0ou l&rsquo;<a title=\"Acid house\" href=\"https:\/\/fr.wikipedia.org\/wiki\/Acid_house\">acid house<\/a><sup id=\"cite_ref-JV_7-0\" class=\"reference\"><a href=\"https:\/\/fr.wikipedia.org\/wiki\/Ry%C5%ABichi_Sakamoto#cite_note-JV-7\"><span class=\"cite-bracket\">[<\/span>7<span class=\"cite-bracket\">]<\/span><\/a><\/sup>. Le groupe conna\u00eetra un immense succ\u00e8s au Japon et fera parler de lui \u00e0 l&rsquo;international, notamment pour le single\u00a0<i>Computer Game\/Firecracker<\/i>\u00a0qui finira dans le Top 20 britannique au d\u00e9but des ann\u00e9es 1980.<\/p>\n<p style=\"text-align: justify;\">Au sein du groupe, Sakamoto compose un certain nombre de hits comme\u00a0<i><a title=\"Yellow Magic Orchestra (album)\" href=\"https:\/\/fr.wikipedia.org\/wiki\/Yellow_Magic_Orchestra_(album)\">Tong Poo<\/a><\/i>\u00a0(1978),\u00a0<i><a title=\"Solid State Survivor\" href=\"https:\/\/fr.wikipedia.org\/wiki\/Solid_State_Survivor\">Technopolis<\/a><\/i>\u00a0(1979),\u00a0<i>Nice Age<\/i>\u00a0(1980),\u00a0<i>Ongaku<\/i>\u00a0(1983) et\u00a0<i>You&rsquo;ve Got to Help Yourself<\/i>\u00a0(1983) tout en jouant du clavier sur la plupart des autres morceaux. On peut l&rsquo;entendre chanter sur certaines chansons comme\u00a0<i>Kimi ni mune kyun<\/i>. Officiellement mis en pause en 1983, le groupe ressortira un nouvel album dix ans plus tard nomm\u00e9\u00a0<i>Technodon<\/i>.<\/p>\n<p>&nbsp;<\/p>\n<p><iframe loading=\"lazy\" title=\"\uc720\ub3c5 \ub2f9\uc2e0 \uc5c6\ub294 \uc774 \ubc24\uc774 \ub108\ubb34 \uc544\ud515\ub2c8\ub2e4. [\ud835\udc0f\ud835\udc0b\ud835\udc00\ud835\udc18\ud835\udc0b\ud835\udc08\ud835\udc12\ud835\udc13]\" width=\"600\" height=\"338\" src=\"https:\/\/www.youtube.com\/embed\/nlr9p5nNHOA?feature=oembed\" frameborder=\"0\" allow=\"accelerometer; autoplay; clipboard-write; encrypted-media; gyroscope; picture-in-picture; web-share\" referrerpolicy=\"strict-origin-when-cross-origin\" allowfullscreen><\/iframe><\/p>\n<p><img loading=\"lazy\" decoding=\"async\" class=\"alignnone size-full wp-image-10696\" src=\"http:\/\/oraziopuglisi.art\/wp-content\/uploads\/2024\/08\/images-1.jpeg\" alt=\"\" width=\"184\" height=\"273\" \/> <img loading=\"lazy\" decoding=\"async\" class=\"alignnone size-medium wp-image-10697\" src=\"http:\/\/oraziopuglisi.art\/wp-content\/uploads\/2024\/08\/images-2.jpeg\" alt=\"\" width=\"274\" height=\"184\" \/> <img loading=\"lazy\" decoding=\"async\" class=\"alignnone size-medium wp-image-10698\" src=\"http:\/\/oraziopuglisi.art\/wp-content\/uploads\/2024\/08\/images-3.jpeg\" alt=\"\" width=\"300\" height=\"168\" \/> <img loading=\"lazy\" decoding=\"async\" class=\"alignnone size-medium wp-image-10699\" src=\"http:\/\/oraziopuglisi.art\/wp-content\/uploads\/2024\/08\/images.jpeg\" alt=\"\" width=\"266\" height=\"189\" \/> <img loading=\"lazy\" decoding=\"async\" class=\"alignnone size-medium wp-image-10700\" src=\"http:\/\/oraziopuglisi.art\/wp-content\/uploads\/2024\/08\/ryuichi_sakamoto_-_afp-300x169.jpg\" alt=\"\" width=\"300\" height=\"169\" srcset=\"https:\/\/oraziopuglisi.art\/wp-content\/uploads\/2024\/08\/ryuichi_sakamoto_-_afp-300x169.jpg 300w, https:\/\/oraziopuglisi.art\/wp-content\/uploads\/2024\/08\/ryuichi_sakamoto_-_afp-1024x575.jpg 1024w, https:\/\/oraziopuglisi.art\/wp-content\/uploads\/2024\/08\/ryuichi_sakamoto_-_afp-768x432.jpg 768w, https:\/\/oraziopuglisi.art\/wp-content\/uploads\/2024\/08\/ryuichi_sakamoto_-_afp-1240x697.jpg 1240w, https:\/\/oraziopuglisi.art\/wp-content\/uploads\/2024\/08\/ryuichi_sakamoto_-_afp-508x285.jpg 508w, https:\/\/oraziopuglisi.art\/wp-content\/uploads\/2024\/08\/ryuichi_sakamoto_-_afp.jpg 1500w\" sizes=\"auto, (max-width: 300px) 100vw, 300px\" \/><\/p>\n<p><iframe loading=\"lazy\" title=\"Ryuichi Sakamoto - Trio World Tour (Full DVD)\" width=\"600\" height=\"338\" src=\"https:\/\/www.youtube.com\/embed\/fH0TBh1ZIR8?feature=oembed\" frameborder=\"0\" allow=\"accelerometer; autoplay; clipboard-write; encrypted-media; gyroscope; picture-in-picture; web-share\" referrerpolicy=\"strict-origin-when-cross-origin\" allowfullscreen><\/iframe><\/p>\n","protected":false},"excerpt":{"rendered":"<p>Ryuichi Sakamoto Ry\u016bichi Sakamoto\u00a0(\u5742\u672c \u9f8d\u4e00,\u00a0Sakamoto Ry\u016bichi?), n\u00e9 le\u00a017 janvier 1952\u00a0\u00e0\u00a0Tokyo\u00a0et mort le\u00a028 mars 2023\u00a0dans la m\u00eame ville, est un\u00a0musicien,\u00a0compositeur,\u00a0producteur de musique\u00a0et\u00a0acteur\u00a0japonais. Connu initialement pour avoir fait partie du groupe de musique \u00e9lectronique\u00a0Yellow Magic Orchestra\u00a0(YMO), il devient c\u00e9l\u00e8bre internationalement pour la composition de ses\u00a0musiques de films, notamment celles de\u00a0Furyo\u00a0et du\u00a0Dernier Empereur, qui lui valent respectivement un\u00a0BAFTA\u00a0en [&hellip;]<\/p>\n","protected":false},"author":1,"featured_media":10695,"parent":0,"menu_order":0,"comment_status":"closed","ping_status":"closed","template":"","meta":{"footnotes":""},"class_list":["post-10686","page","type-page","status-publish","has-post-thumbnail","hentry"],"_links":{"self":[{"href":"https:\/\/oraziopuglisi.art\/index.php\/wp-json\/wp\/v2\/pages\/10686","targetHints":{"allow":["GET"]}}],"collection":[{"href":"https:\/\/oraziopuglisi.art\/index.php\/wp-json\/wp\/v2\/pages"}],"about":[{"href":"https:\/\/oraziopuglisi.art\/index.php\/wp-json\/wp\/v2\/types\/page"}],"author":[{"embeddable":true,"href":"https:\/\/oraziopuglisi.art\/index.php\/wp-json\/wp\/v2\/users\/1"}],"replies":[{"embeddable":true,"href":"https:\/\/oraziopuglisi.art\/index.php\/wp-json\/wp\/v2\/comments?post=10686"}],"version-history":[{"count":11,"href":"https:\/\/oraziopuglisi.art\/index.php\/wp-json\/wp\/v2\/pages\/10686\/revisions"}],"predecessor-version":[{"id":17549,"href":"https:\/\/oraziopuglisi.art\/index.php\/wp-json\/wp\/v2\/pages\/10686\/revisions\/17549"}],"wp:featuredmedia":[{"embeddable":true,"href":"https:\/\/oraziopuglisi.art\/index.php\/wp-json\/wp\/v2\/media\/10695"}],"wp:attachment":[{"href":"https:\/\/oraziopuglisi.art\/index.php\/wp-json\/wp\/v2\/media?parent=10686"}],"curies":[{"name":"wp","href":"https:\/\/api.w.org\/{rel}","templated":true}]}}