{"id":10682,"date":"2024-08-11T16:30:50","date_gmt":"2024-08-11T14:30:50","guid":{"rendered":"https:\/\/oraziopuglisi.art\/?page_id=10682"},"modified":"2025-11-08T17:55:31","modified_gmt":"2025-11-08T16:55:31","slug":"la-musique-italienne","status":"publish","type":"page","link":"https:\/\/oraziopuglisi.art\/index.php\/la-musique-italienne\/","title":{"rendered":"La Musique Italienne"},"content":{"rendered":"<blockquote class=\"wp-embedded-content\" data-secret=\"DdvI315P7p\"><p><a href=\"https:\/\/oraziopuglisi.art\/index.php\/histoire-de-la-musique-italienne\/\">Histoire de la Musique Italienne<\/a><\/p><\/blockquote>\n<p><iframe loading=\"lazy\" class=\"wp-embedded-content\" sandbox=\"allow-scripts\" security=\"restricted\" style=\"position: absolute; visibility: hidden;\" title=\"\u00ab\u00a0Histoire de la Musique Italienne\u00a0\u00bb &#8212; Orazio Puglisi\" src=\"https:\/\/oraziopuglisi.art\/index.php\/histoire-de-la-musique-italienne\/embed\/#?secret=6g2myIoqWT#?secret=DdvI315P7p\" data-secret=\"DdvI315P7p\" width=\"600\" height=\"338\" frameborder=\"0\" marginwidth=\"0\" marginheight=\"0\" scrolling=\"no\"><\/iframe><\/p>\n<blockquote class=\"wp-embedded-content\" data-secret=\"BEPt1PLPS2\"><p><a href=\"https:\/\/oraziopuglisi.art\/index.php\/le-xxie-siecle-3\/\">Le XXI\u00e8 Si\u00e8cle<\/a><\/p><\/blockquote>\n<p><iframe loading=\"lazy\" class=\"wp-embedded-content\" sandbox=\"allow-scripts\" security=\"restricted\" style=\"position: absolute; visibility: hidden;\" title=\"\u00ab\u00a0Le XXI\u00e8 Si\u00e8cle\u00a0\u00bb &#8212; Orazio Puglisi\" src=\"https:\/\/oraziopuglisi.art\/index.php\/le-xxie-siecle-3\/embed\/#?secret=NtdQam6VA8#?secret=BEPt1PLPS2\" data-secret=\"BEPt1PLPS2\" width=\"600\" height=\"338\" frameborder=\"0\" marginwidth=\"0\" marginheight=\"0\" scrolling=\"no\"><\/iframe><\/p>\n<blockquote class=\"wp-embedded-content\" data-secret=\"vxgoloE1dq\"><p><a href=\"https:\/\/oraziopuglisi.art\/index.php\/le-xxe-siecle-5\/\">Le XX\u00e8 Si\u00e8cle<\/a><\/p><\/blockquote>\n<p><iframe loading=\"lazy\" class=\"wp-embedded-content\" sandbox=\"allow-scripts\" security=\"restricted\" style=\"position: absolute; visibility: hidden;\" title=\"\u00ab\u00a0Le XX\u00e8 Si\u00e8cle\u00a0\u00bb &#8212; Orazio Puglisi\" src=\"https:\/\/oraziopuglisi.art\/index.php\/le-xxe-siecle-5\/embed\/#?secret=y5LVyrNa13#?secret=vxgoloE1dq\" data-secret=\"vxgoloE1dq\" width=\"600\" height=\"338\" frameborder=\"0\" marginwidth=\"0\" marginheight=\"0\" scrolling=\"no\"><\/iframe><\/p>\n<blockquote class=\"wp-embedded-content\" data-secret=\"wQreQJu9Jw\"><p><a href=\"https:\/\/oraziopuglisi.art\/index.php\/le-xixe-siecle-5\/\">Le XIX\u00e8 Si\u00e8cle<\/a><\/p><\/blockquote>\n<p><iframe loading=\"lazy\" class=\"wp-embedded-content\" sandbox=\"allow-scripts\" security=\"restricted\" style=\"position: absolute; visibility: hidden;\" title=\"\u00ab\u00a0Le XIX\u00e8 Si\u00e8cle\u00a0\u00bb &#8212; Orazio Puglisi\" src=\"https:\/\/oraziopuglisi.art\/index.php\/le-xixe-siecle-5\/embed\/#?secret=WQNinbYv90#?secret=wQreQJu9Jw\" data-secret=\"wQreQJu9Jw\" width=\"600\" height=\"338\" frameborder=\"0\" marginwidth=\"0\" marginheight=\"0\" scrolling=\"no\"><\/iframe><\/p>\n<blockquote class=\"wp-embedded-content\" data-secret=\"p3r7A7DxcS\"><p><a href=\"https:\/\/oraziopuglisi.art\/index.php\/le-xviiie-siecle-2\/\">Le XVIII\u00e8 Si\u00e8cle<\/a><\/p><\/blockquote>\n<p><iframe loading=\"lazy\" class=\"wp-embedded-content\" sandbox=\"allow-scripts\" security=\"restricted\" style=\"position: absolute; visibility: hidden;\" title=\"\u00ab\u00a0Le XVIII\u00e8 Si\u00e8cle\u00a0\u00bb &#8212; Orazio Puglisi\" src=\"https:\/\/oraziopuglisi.art\/index.php\/le-xviiie-siecle-2\/embed\/#?secret=gEi9o2gvzE#?secret=p3r7A7DxcS\" data-secret=\"p3r7A7DxcS\" width=\"600\" height=\"338\" frameborder=\"0\" marginwidth=\"0\" marginheight=\"0\" scrolling=\"no\"><\/iframe><\/p>\n<blockquote class=\"wp-embedded-content\" data-secret=\"eifiPTArPs\"><p><a href=\"https:\/\/oraziopuglisi.art\/index.php\/le-xviie-siecle-4\/\">Le XVII\u00e8 Si\u00e8cle<\/a><\/p><\/blockquote>\n<p><iframe loading=\"lazy\" class=\"wp-embedded-content\" sandbox=\"allow-scripts\" security=\"restricted\" style=\"position: absolute; visibility: hidden;\" title=\"\u00ab\u00a0Le XVII\u00e8 Si\u00e8cle\u00a0\u00bb &#8212; Orazio Puglisi\" src=\"https:\/\/oraziopuglisi.art\/index.php\/le-xviie-siecle-4\/embed\/#?secret=Oc4tzboOtc#?secret=eifiPTArPs\" data-secret=\"eifiPTArPs\" width=\"600\" height=\"338\" frameborder=\"0\" marginwidth=\"0\" marginheight=\"0\" scrolling=\"no\"><\/iframe><\/p>\n<blockquote class=\"wp-embedded-content\" data-secret=\"vzxYNmLIur\"><p><a href=\"https:\/\/oraziopuglisi.art\/index.php\/le-xvie-siecle\/\">Le XVI\u00e8 Si\u00e8cle<\/a><\/p><\/blockquote>\n<p><iframe loading=\"lazy\" class=\"wp-embedded-content\" sandbox=\"allow-scripts\" security=\"restricted\" style=\"position: absolute; visibility: hidden;\" title=\"\u00ab\u00a0Le XVI\u00e8 Si\u00e8cle\u00a0\u00bb &#8212; Orazio Puglisi\" src=\"https:\/\/oraziopuglisi.art\/index.php\/le-xvie-siecle\/embed\/#?secret=pO1l5KNO3h#?secret=vzxYNmLIur\" data-secret=\"vzxYNmLIur\" width=\"600\" height=\"338\" frameborder=\"0\" marginwidth=\"0\" marginheight=\"0\" scrolling=\"no\"><\/iframe><\/p>\n<blockquote class=\"wp-embedded-content\" data-secret=\"rxUBx6LKOD\"><p><a href=\"https:\/\/oraziopuglisi.art\/index.php\/le-xve-siecle\/\">Le XV\u00e8 Si\u00e8cle<\/a><\/p><\/blockquote>\n<p><iframe loading=\"lazy\" class=\"wp-embedded-content\" sandbox=\"allow-scripts\" security=\"restricted\" style=\"position: absolute; visibility: hidden;\" title=\"\u00ab\u00a0Le XV\u00e8 Si\u00e8cle\u00a0\u00bb &#8212; Orazio Puglisi\" src=\"https:\/\/oraziopuglisi.art\/index.php\/le-xve-siecle\/embed\/#?secret=68T2IH3Ff3#?secret=rxUBx6LKOD\" data-secret=\"rxUBx6LKOD\" width=\"600\" height=\"338\" frameborder=\"0\" marginwidth=\"0\" marginheight=\"0\" scrolling=\"no\"><\/iframe><\/p>\n","protected":false},"excerpt":{"rendered":"<p>Histoire de la Musique Italienne Le XXI\u00e8 Si\u00e8cle Le XX\u00e8 Si\u00e8cle Le XIX\u00e8 Si\u00e8cle Le XVIII\u00e8 Si\u00e8cle Le XVII\u00e8 Si\u00e8cle Le XVI\u00e8 Si\u00e8cle Le XV\u00e8 Si\u00e8cle<\/p>\n","protected":false},"author":1,"featured_media":11187,"parent":0,"menu_order":0,"comment_status":"closed","ping_status":"closed","template":"","meta":{"footnotes":""},"class_list":["post-10682","page","type-page","status-publish","has-post-thumbnail","hentry"],"_links":{"self":[{"href":"https:\/\/oraziopuglisi.art\/index.php\/wp-json\/wp\/v2\/pages\/10682","targetHints":{"allow":["GET"]}}],"collection":[{"href":"https:\/\/oraziopuglisi.art\/index.php\/wp-json\/wp\/v2\/pages"}],"about":[{"href":"https:\/\/oraziopuglisi.art\/index.php\/wp-json\/wp\/v2\/types\/page"}],"author":[{"embeddable":true,"href":"https:\/\/oraziopuglisi.art\/index.php\/wp-json\/wp\/v2\/users\/1"}],"replies":[{"embeddable":true,"href":"https:\/\/oraziopuglisi.art\/index.php\/wp-json\/wp\/v2\/comments?post=10682"}],"version-history":[{"count":3,"href":"https:\/\/oraziopuglisi.art\/index.php\/wp-json\/wp\/v2\/pages\/10682\/revisions"}],"predecessor-version":[{"id":20517,"href":"https:\/\/oraziopuglisi.art\/index.php\/wp-json\/wp\/v2\/pages\/10682\/revisions\/20517"}],"wp:featuredmedia":[{"embeddable":true,"href":"https:\/\/oraziopuglisi.art\/index.php\/wp-json\/wp\/v2\/media\/11187"}],"wp:attachment":[{"href":"https:\/\/oraziopuglisi.art\/index.php\/wp-json\/wp\/v2\/media?parent=10682"}],"curies":[{"name":"wp","href":"https:\/\/api.w.org\/{rel}","templated":true}]}}