{"id":10673,"date":"2024-08-11T16:14:05","date_gmt":"2024-08-11T14:14:05","guid":{"rendered":"https:\/\/oraziopuglisi.art\/?page_id=10673"},"modified":"2024-08-11T16:28:18","modified_gmt":"2024-08-11T14:28:18","slug":"au-piano","status":"publish","type":"page","link":"https:\/\/oraziopuglisi.art\/index.php\/au-piano\/","title":{"rendered":"Au Piano"},"content":{"rendered":"<div class=\"mw-heading mw-heading4\">\n<h4 id=\"Piano\">Piano<\/h4>\n<\/div>\n<div class=\"colonnes\">\n<ul>\n<li>1888-1889\u00a0:\u00a0<i><a title=\"Petite Suite (Debussy)\" href=\"https:\/\/fr.wikipedia.org\/wiki\/Petite_Suite_(Debussy)\">Petite Suite<\/a><\/i>, pour piano \u00e0 4 mains<\/li>\n<li>1888-1891\u00a0:\u00a0<i><a title=\"Arabesques (Debussy)\" href=\"https:\/\/fr.wikipedia.org\/wiki\/Arabesques_(Debussy)\">Arabesques<\/a><\/i><\/li>\n<li>1890\u00a0:\u00a0<i><a title=\"Marche \u00e9cossaise sur un th\u00e8me populaire\" href=\"https:\/\/fr.wikipedia.org\/wiki\/Marche_%C3%A9cossaise_sur_un_th%C3%A8me_populaire\">Marche \u00e9cossaise sur un th\u00e8me populaire<\/a><\/i>, pour piano \u00e0 4 mains<\/li>\n<li>1890-1905\u00a0:\u00a0<i><a title=\"Suite bergamasque\" href=\"https:\/\/fr.wikipedia.org\/wiki\/Suite_bergamasque\">Suite bergamasque<\/a><\/i><\/li>\n<li>1903\u00a0:\u00a0<i><a class=\"mw-redirect\" title=\"Estampes (Debussy)\" href=\"https:\/\/fr.wikipedia.org\/wiki\/Estampes_(Debussy)\">Estampes<\/a><\/i><\/li>\n<li>1904\u00a0:\u00a0<i><a title=\"Masques (Debussy)\" href=\"https:\/\/fr.wikipedia.org\/wiki\/Masques_(Debussy)\">Masques<\/a><\/i><\/li>\n<li>1904\u00a0:\u00a0<i><a title=\"L'Isle joyeuse\" href=\"https:\/\/fr.wikipedia.org\/wiki\/L%27Isle_joyeuse\">L\u2019Isle joyeuse<\/a><\/i><\/li>\n<li>1905\u00a0:\u00a0<i><a title=\"Images (1re s\u00e9rie)\" href=\"https:\/\/fr.wikipedia.org\/wiki\/Images_(1re_s%C3%A9rie)\">Images &#8211; Livre I<\/a><\/i><\/li>\n<li>1906-1908\u00a0:\u00a0<i><a title=\"Children's Corner\" href=\"https:\/\/fr.wikipedia.org\/wiki\/Children%27s_Corner\">Children\u2019s Corner<\/a><\/i><\/li>\n<li>1907\u00a0:\u00a0<i><a title=\"Images (2e s\u00e9rie)\" href=\"https:\/\/fr.wikipedia.org\/wiki\/Images_(2e_s%C3%A9rie)\">Images &#8211; Livre II<\/a><\/i><\/li>\n<li>1909-1912\u00a0:\u00a0<i><a class=\"mw-redirect\" title=\"Pr\u00e9ludes (Debussy)\" href=\"https:\/\/fr.wikipedia.org\/wiki\/Pr%C3%A9ludes_(Debussy)\">Pr\u00e9ludes<\/a><\/i><\/li>\n<li>1914-1915\u00a0:\u00a0<i><a title=\"\u00c9pigraphes antiques\" href=\"https:\/\/fr.wikipedia.org\/wiki\/%C3%89pigraphes_antiques\">Six \u00e9pigraphes antiques<\/a>,<\/i>\u00a0pour piano \u00e0 4 mains<\/li>\n<li>1915\u00a0:\u00a0<i><a title=\"En blanc et noir\" href=\"https:\/\/fr.wikipedia.org\/wiki\/En_blanc_et_noir\">En blanc et noir<\/a><\/i>, pour 2 pianos \u00e0 4 mains<\/li>\n<li>1915\u00a0:\u00a0<i><a title=\"\u00c9tudes de Debussy\" href=\"https:\/\/fr.wikipedia.org\/wiki\/%C3%89tudes_de_Debussy\">\u00c9tudes<\/a><\/i><\/li>\n<\/ul>\n<\/div>\n","protected":false},"excerpt":{"rendered":"<p>Piano 1888-1889\u00a0:\u00a0Petite Suite, pour piano \u00e0 4 mains 1888-1891\u00a0:\u00a0Arabesques 1890\u00a0:\u00a0Marche \u00e9cossaise sur un th\u00e8me populaire, pour piano \u00e0 4 mains 1890-1905\u00a0:\u00a0Suite bergamasque 1903\u00a0:\u00a0Estampes 1904\u00a0:\u00a0Masques 1904\u00a0:\u00a0L\u2019Isle joyeuse 1905\u00a0:\u00a0Images &#8211; Livre I 1906-1908\u00a0:\u00a0Children\u2019s Corner 1907\u00a0:\u00a0Images &#8211; Livre II 1909-1912\u00a0:\u00a0Pr\u00e9ludes 1914-1915\u00a0:\u00a0Six \u00e9pigraphes antiques,\u00a0pour piano \u00e0 4 mains 1915\u00a0:\u00a0En blanc et noir, pour 2 pianos \u00e0 4 mains 1915\u00a0:\u00a0\u00c9tudes<\/p>\n","protected":false},"author":1,"featured_media":0,"parent":0,"menu_order":0,"comment_status":"closed","ping_status":"closed","template":"","meta":{"footnotes":""},"class_list":["post-10673","page","type-page","status-publish","hentry"],"_links":{"self":[{"href":"https:\/\/oraziopuglisi.art\/index.php\/wp-json\/wp\/v2\/pages\/10673","targetHints":{"allow":["GET"]}}],"collection":[{"href":"https:\/\/oraziopuglisi.art\/index.php\/wp-json\/wp\/v2\/pages"}],"about":[{"href":"https:\/\/oraziopuglisi.art\/index.php\/wp-json\/wp\/v2\/types\/page"}],"author":[{"embeddable":true,"href":"https:\/\/oraziopuglisi.art\/index.php\/wp-json\/wp\/v2\/users\/1"}],"replies":[{"embeddable":true,"href":"https:\/\/oraziopuglisi.art\/index.php\/wp-json\/wp\/v2\/comments?post=10673"}],"version-history":[{"count":2,"href":"https:\/\/oraziopuglisi.art\/index.php\/wp-json\/wp\/v2\/pages\/10673\/revisions"}],"predecessor-version":[{"id":10677,"href":"https:\/\/oraziopuglisi.art\/index.php\/wp-json\/wp\/v2\/pages\/10673\/revisions\/10677"}],"wp:attachment":[{"href":"https:\/\/oraziopuglisi.art\/index.php\/wp-json\/wp\/v2\/media?parent=10673"}],"curies":[{"name":"wp","href":"https:\/\/api.w.org\/{rel}","templated":true}]}}