{"id":10655,"date":"2024-08-11T15:49:57","date_gmt":"2024-08-11T13:49:57","guid":{"rendered":"https:\/\/oraziopuglisi.art\/?page_id=10655"},"modified":"2024-08-11T16:15:12","modified_gmt":"2024-08-11T14:15:12","slug":"debussy","status":"publish","type":"page","link":"https:\/\/oraziopuglisi.art\/index.php\/debussy\/","title":{"rendered":"Debussy"},"content":{"rendered":"<p style=\"text-align: center;\">\u00a0<\/p>\n<p style=\"text-align: center;\"><a href=\"https:\/\/fr.wikipedia.org\/wiki\/Claude_Debussy\">Claude de Bussy<\/a><\/p>\n<p style=\"text-align: justify;\"><b>Claude Debussy<\/b>, n\u00e9 le\u00a0<time class=\"nowrap date-lien bday\" datetime=\"1862-08-22\" data-sort-value=\"1862-08-22\"><a title=\"22 ao\u00fbt\" href=\"https:\/\/fr.wikipedia.org\/wiki\/22_ao%C3%BBt\">22<\/a>\u00a0<a title=\"Ao\u00fbt 1862\" href=\"https:\/\/fr.wikipedia.org\/wiki\/Ao%C3%BBt_1862\">ao\u00fbt<\/a>\u00a0<a title=\"1862 en musique classique\" href=\"https:\/\/fr.wikipedia.org\/wiki\/1862_en_musique_classique\">1862<\/a><\/time>\u00a0\u00e0\u00a0<a title=\"Saint-Germain-en-Laye\" href=\"https:\/\/fr.wikipedia.org\/wiki\/Saint-Germain-en-Laye\">Saint-Germain-en-Laye<\/a>\u00a0et mort le\u00a0<time class=\"nowrap date-lien dday\" datetime=\"1918-03-25\" data-sort-value=\"1918-03-25\"><a title=\"25 mars\" href=\"https:\/\/fr.wikipedia.org\/wiki\/25_mars\">25<\/a>\u00a0<a title=\"Mars 1918\" href=\"https:\/\/fr.wikipedia.org\/wiki\/Mars_1918\">mars<\/a>\u00a0<a title=\"1918 en musique classique\" href=\"https:\/\/fr.wikipedia.org\/wiki\/1918_en_musique_classique\">1918<\/a><\/time>\u00a0\u00e0\u00a0<a title=\"Paris\" href=\"https:\/\/fr.wikipedia.org\/wiki\/Paris\">Paris<\/a>\u00a0<a title=\"16e arrondissement de Paris\" href=\"https:\/\/fr.wikipedia.org\/wiki\/16e_arrondissement_de_Paris\"><abbr class=\"abbr\" title=\"Seizi\u00e8me\">16<sup>e<\/sup><\/abbr><\/a><sup id=\"cite_ref-2\" class=\"reference\"><a href=\"https:\/\/fr.wikipedia.org\/wiki\/Claude_Debussy#cite_note-2\">2<\/a><\/sup>, est un\u00a0<a title=\"Compositeur\" href=\"https:\/\/fr.wikipedia.org\/wiki\/Compositeur\">compositeur<\/a>\u00a0<a title=\"France\" href=\"https:\/\/fr.wikipedia.org\/wiki\/France\">fran\u00e7ais<\/a>.<\/p>\n<p style=\"text-align: justify;\">En posant en 1894 avec\u00a0<i><a title=\"Pr\u00e9lude \u00e0 l'Apr\u00e8s-midi d'un faune\" href=\"https:\/\/fr.wikipedia.org\/wiki\/Pr%C3%A9lude_%C3%A0_l%27Apr%C3%A8s-midi_d%27un_faune\">Pr\u00e9lude \u00e0 l&rsquo;Apr\u00e8s-midi d&rsquo;un faune<\/a><\/i>\u00a0le premier jalon de la musique moderne, Debussy place d\u2019embl\u00e9e son \u0153uvre sous le sceau de l\u2019avant-garde musicale. Il est bri\u00e8vement wagn\u00e9rien en 1889, puis anticonformiste le reste de sa vie, en rejetant tous les acad\u00e9mismes esth\u00e9tiques. Avec\u00a0<i><a title=\"La Mer (Debussy)\" href=\"https:\/\/fr.wikipedia.org\/wiki\/La_Mer_(Debussy)\">La Mer<\/a><\/i>, il renouvelle la forme symphonique\u00a0; avec\u00a0<i><a title=\"Jeux (ballet)\" href=\"https:\/\/fr.wikipedia.org\/wiki\/Jeux_(ballet)\">Jeux<\/a><\/i>, il inscrit la musique pour ballet dans un modernisme proph\u00e9tique\u00a0; avec\u00a0<i><a title=\"Pell\u00e9as et M\u00e9lisande (op\u00e9ra)\" href=\"https:\/\/fr.wikipedia.org\/wiki\/Pell%C3%A9as_et_M%C3%A9lisande_(op%C3%A9ra)\">Pell\u00e9as et M\u00e9lisande<\/a><\/i>, l\u2019op\u00e9ra fran\u00e7ais sort des orni\u00e8res de la tradition du drame lyrique, tandis qu\u2019il conf\u00e8re \u00e0 la musique de chambre, avec\u00a0<a title=\"Quatuor \u00e0 cordes de Debussy\" href=\"https:\/\/fr.wikipedia.org\/wiki\/Quatuor_%C3%A0_cordes_de_Debussy\">son quatuor \u00e0 cordes<\/a>, des accents impressionnistes inspir\u00e9s.<\/p>\n<p>&nbsp;<\/p>\n<p><img loading=\"lazy\" decoding=\"async\" class=\"alignnone size-full wp-image-10670\" src=\"http:\/\/oraziopuglisi.art\/wp-content\/uploads\/2024\/08\/Claude-De-Bussy.jpeg\" alt=\"\" width=\"205\" height=\"246\" \/><\/p>\n<p style=\"text-align: justify;\">Une part importante de son \u0153uvre est pour le\u00a0<a title=\"Piano\" href=\"https:\/\/fr.wikipedia.org\/wiki\/Piano\">piano<\/a>\u00a0(la plus vaste de la\u00a0<a title=\"Musique fran\u00e7aise\" href=\"https:\/\/fr.wikipedia.org\/wiki\/Musique_fran%C3%A7aise\">musique fran\u00e7aise<\/a>\u00a0avec celle de\u00a0<a title=\"Gabriel Faur\u00e9\" href=\"https:\/\/fr.wikipedia.org\/wiki\/Gabriel_Faur%C3%A9\">Gabriel Faur\u00e9<\/a><sup id=\"cite_ref-3\" class=\"reference\"><a href=\"https:\/\/fr.wikipedia.org\/wiki\/Claude_Debussy#cite_note-3\">3<\/a><\/sup>) et utilise une palette sonore particuli\u00e8rement riche et \u00e9vocatrice.<\/p>\n<p style=\"text-align: justify;\">Claude Debussy laisse l\u2019image d\u2019un cr\u00e9ateur original et profond d\u2019une musique o\u00f9 souffle le vent de la libert\u00e9. Son impact sera d\u00e9cisif dans l\u2019<a title=\"Histoire de la musique\" href=\"https:\/\/fr.wikipedia.org\/wiki\/Histoire_de_la_musique\">histoire de la musique<\/a>. Pour\u00a0<a title=\"Andr\u00e9 Boucourechliev\" href=\"https:\/\/fr.wikipedia.org\/wiki\/Andr%C3%A9_Boucourechliev\">Andr\u00e9 Boucourechliev<\/a>, il incarnerait la v\u00e9ritable r\u00e9volution musicale du vingti\u00e8me si\u00e8cle<sup id=\"cite_ref-4\" class=\"reference\"><a href=\"https:\/\/fr.wikipedia.org\/wiki\/Claude_Debussy#cite_note-4\">4<\/a><\/sup>.<\/p>\n<blockquote class=\"wp-embedded-content\" data-secret=\"qadRfOi5sw\"><p><a href=\"https:\/\/oraziopuglisi.art\/index.php\/au-piano\/\">Au Piano<\/a><\/p><\/blockquote>\n<p><iframe loading=\"lazy\" class=\"wp-embedded-content\" sandbox=\"allow-scripts\" security=\"restricted\" style=\"position: absolute; visibility: hidden;\" title=\"\u00ab\u00a0Au Piano\u00a0\u00bb &#8212; Orazio Puglisi\" src=\"https:\/\/oraziopuglisi.art\/index.php\/au-piano\/embed\/#?secret=YyeCew7apg#?secret=qadRfOi5sw\" data-secret=\"qadRfOi5sw\" width=\"600\" height=\"338\" frameborder=\"0\" marginwidth=\"0\" marginheight=\"0\" scrolling=\"no\"><\/iframe><\/p>\n<div class=\"mw-heading mw-heading4\">\u00a0<\/div>\n<div class=\"colonnes\">\n<ul>\n<li>\u00a0<\/li>\n<\/ul>\n<p><img loading=\"lazy\" decoding=\"async\" class=\"alignnone size-medium wp-image-10671\" src=\"http:\/\/oraziopuglisi.art\/wp-content\/uploads\/2024\/08\/1820-1910_Nadar_-_French_composer_Claude_Debussy_1862-1918_-_Portrait_of_the_french_composer_Cla_-_MeisterDrucke-9-220x300.jpg\" alt=\"\" width=\"220\" height=\"300\" srcset=\"https:\/\/oraziopuglisi.art\/wp-content\/uploads\/2024\/08\/1820-1910_Nadar_-_French_composer_Claude_Debussy_1862-1918_-_Portrait_of_the_french_composer_Cla_-_MeisterDrucke-9-220x300.jpg 220w, https:\/\/oraziopuglisi.art\/wp-content\/uploads\/2024\/08\/1820-1910_Nadar_-_French_composer_Claude_Debussy_1862-1918_-_Portrait_of_the_french_composer_Cla_-_MeisterDrucke-9-753x1024.jpg 753w, https:\/\/oraziopuglisi.art\/wp-content\/uploads\/2024\/08\/1820-1910_Nadar_-_French_composer_Claude_Debussy_1862-1918_-_Portrait_of_the_french_composer_Cla_-_MeisterDrucke-9-768x1045.jpg 768w, https:\/\/oraziopuglisi.art\/wp-content\/uploads\/2024\/08\/1820-1910_Nadar_-_French_composer_Claude_Debussy_1862-1918_-_Portrait_of_the_french_composer_Cla_-_MeisterDrucke-9-508x691.jpg 508w, https:\/\/oraziopuglisi.art\/wp-content\/uploads\/2024\/08\/1820-1910_Nadar_-_French_composer_Claude_Debussy_1862-1918_-_Portrait_of_the_french_composer_Cla_-_MeisterDrucke-9.jpg 926w\" sizes=\"auto, (max-width: 220px) 100vw, 220px\" \/><\/p>\n<\/div>\n<div class=\"mw-heading mw-heading4\">\n<h4 id=\"Musique_de_chambre\">Musique de chambre<\/h4>\n<\/div>\n<div class=\"colonnes\">\n<ul>\n<li>1893\u00a0:\u00a0<i><a class=\"mw-redirect\" title=\"Quatuor \u00e0 cordes (Debussy)\" href=\"https:\/\/fr.wikipedia.org\/wiki\/Quatuor_%C3%A0_cordes_(Debussy)\">Quatuor \u00e0 cordes en sol mineur<\/a><\/i><\/li>\n<li>1904\u00a0:\u00a0<i><a title=\"Deux danses (Debussy)\" href=\"https:\/\/fr.wikipedia.org\/wiki\/Deux_danses_(Debussy)\">Danse sacr\u00e9e et danse profane<\/a>, pour harpe et orchestre \u00e0 cordes<\/i><\/li>\n<li>1913\u00a0:\u00a0<i><a title=\"Syrinx (Debussy)\" href=\"https:\/\/fr.wikipedia.org\/wiki\/Syrinx_(Debussy)\">Syrinx<\/a><\/i>, pour fl\u00fbte traversi\u00e8re<\/li>\n<li>1915\u00a0:\u00a0<i><a title=\"Sonate pour violoncelle et piano de Debussy\" href=\"https:\/\/fr.wikipedia.org\/wiki\/Sonate_pour_violoncelle_et_piano_de_Debussy\">Sonate pour violoncelle et piano<\/a><\/i><\/li>\n<li>1915\u00a0:\u00a0<i><a title=\"Sonate pour fl\u00fbte, alto et harpe\" href=\"https:\/\/fr.wikipedia.org\/wiki\/Sonate_pour_fl%C3%BBte,_alto_et_harpe\">Sonate pour fl\u00fbte, alto et harpe<\/a><\/i><\/li>\n<li>1916-1917\u00a0:\u00a0<i><a title=\"Sonate pour violon et piano de Debussy\" href=\"https:\/\/fr.wikipedia.org\/wiki\/Sonate_pour_violon_et_piano_de_Debussy\">Sonate pour violon et piano<\/a><\/i><\/li>\n<\/ul>\n<\/div>\n<div class=\"mw-heading mw-heading4\">\n<h4 id=\"Orchestre\">Orchestre<\/h4>\n<\/div>\n<div class=\"colonnes\">\n<ul>\n<li>1892-1894\u00a0:\u00a0<i><a class=\"mw-redirect\" title=\"Pr\u00e9lude \u00e0 l'apr\u00e8s-midi d'un faune\" href=\"https:\/\/fr.wikipedia.org\/wiki\/Pr%C3%A9lude_%C3%A0_l%27apr%C3%A8s-midi_d%27un_faune\">Pr\u00e9lude \u00e0 l\u2019apr\u00e8s-midi d\u2019un faune<\/a><\/i><\/li>\n<li>1897-1899\u00a0:\u00a0<i><a title=\"Nocturnes (Debussy)\" href=\"https:\/\/fr.wikipedia.org\/wiki\/Nocturnes_(Debussy)\">Nocturnes<\/a><\/i><\/li>\n<li>1903-1905\u00a0:\u00a0<i><a title=\"La Mer (Debussy)\" href=\"https:\/\/fr.wikipedia.org\/wiki\/La_Mer_(Debussy)\">La Mer<\/a><\/i><\/li>\n<li>1905-1912\u00a0:\u00a0<i><a title=\"Images pour orchestre\" href=\"https:\/\/fr.wikipedia.org\/wiki\/Images_pour_orchestre\">Images pour orchestre<\/a><\/i><\/li>\n<li>1909-1910\u00a0:\u00a0<i><a title=\"Premi\u00e8re Rhapsodie\" href=\"https:\/\/fr.wikipedia.org\/wiki\/Premi%C3%A8re_Rhapsodie\">Rhapsodie pour clarinette et orchestre<\/a><\/i><\/li>\n<\/ul>\n<\/div>\n<div class=\"mw-heading mw-heading4\">\n<h4 id=\"Ballets\">Ballets<\/h4>\n<\/div>\n<ul>\n<li>1912\u00a0:\u00a0<i><a title=\"Jeux (ballet)\" href=\"https:\/\/fr.wikipedia.org\/wiki\/Jeux_(ballet)\">Jeux<\/a><\/i><\/li>\n<li>1913\u00a0:\u00a0<i><a title=\"La Bo\u00eete \u00e0 joujoux\" href=\"https:\/\/fr.wikipedia.org\/wiki\/La_Bo%C3%AEte_%C3%A0_joujoux\">La Bo\u00eete \u00e0 joujoux<\/a><\/i><\/li>\n<\/ul>\n<div class=\"mw-heading mw-heading4\">\n<h4 id=\"\u0152uvres_lyriques\"><span id=\".C5.92uvres_lyriques\"><\/span>\u0152uvres lyriques<\/h4>\n<\/div>\n<div class=\"colonnes\">\n<ul>\n<li style=\"text-align: justify;\">1884\u00a0:\u00a0<i><a title=\"L'Enfant prodigue (Debussy)\" href=\"https:\/\/fr.wikipedia.org\/wiki\/L%27Enfant_prodigue_(Debussy)\">L\u2019Enfant prodigue<\/a><\/i>. cantate sacr\u00e9e sur un livret d\u2019<a title=\"\u00c9douard Guinand\" href=\"https:\/\/fr.wikipedia.org\/wiki\/%C3%89douard_Guinand\">\u00c9douard Guinand<\/a>.<\/li>\n<li style=\"text-align: justify;\">1888\u00a0:\u00a0<i><a title=\"La Damoiselle \u00e9lue (Debussy)\" href=\"https:\/\/fr.wikipedia.org\/wiki\/La_Damoiselle_%C3%A9lue_(Debussy)\">La Damoiselle \u00e9lue<\/a>\u00a0: \u00ab\u00a0La damoiselle \u00e9lue s\u2019appuyait Sur la barri\u00e8re du Ciel\u00a0\u00bb<\/i>, cantate sur le po\u00e8me\u00a0<i><a class=\"mw-redirect mw-disambig\" title=\"The Blessed Damozel\" href=\"https:\/\/fr.wikipedia.org\/wiki\/The_Blessed_Damozel\">The Blessed Damozel<\/a><\/i>\u00a0de\u00a0<a title=\"Dante Gabriel Rossetti\" href=\"https:\/\/fr.wikipedia.org\/wiki\/Dante_Gabriel_Rossetti\">Dante Gabriel Rossetti<\/a>\u00a0(orchestr\u00e9e en 1902).<\/li>\n<li style=\"text-align: justify;\">1893-1902\u00a0:\u00a0<i><a title=\"Pell\u00e9as et M\u00e9lisande (op\u00e9ra)\" href=\"https:\/\/fr.wikipedia.org\/wiki\/Pell%C3%A9as_et_M%C3%A9lisande_(op%C3%A9ra)\">Pell\u00e9as et M\u00e9lisande<\/a><\/i>, drame lyrique en cinq actes sur un livret de\u00a0<a title=\"Maurice Maeterlinck\" href=\"https:\/\/fr.wikipedia.org\/wiki\/Maurice_Maeterlinck\">Maurice Maeterlinck<\/a>.<\/li>\n<li style=\"text-align: justify;\">1908-1916\u00a0:\u00a0<i><a title=\"La Chute de la maison Usher (Debussy)\" href=\"https:\/\/fr.wikipedia.org\/wiki\/La_Chute_de_la_maison_Usher_(Debussy)\">La Chute de la maison Usher<\/a><\/i><sup id=\"cite_ref-100\" class=\"reference\"><a href=\"https:\/\/fr.wikipedia.org\/wiki\/Claude_Debussy#cite_note-100\">n 4<\/a><\/sup><sup class=\"reference cite_virgule\">,<\/sup><sup id=\"cite_ref-101\" class=\"reference\"><a href=\"https:\/\/fr.wikipedia.org\/wiki\/Claude_Debussy#cite_note-101\">97<\/a><\/sup><sup class=\"reference cite_virgule\">,<\/sup><sup id=\"cite_ref-102\" class=\"reference\"><a href=\"https:\/\/fr.wikipedia.org\/wiki\/Claude_Debussy#cite_note-102\">98<\/a><\/sup>\u00a0et\u00a0<i><a title=\"Le Diable dans le beffroi\" href=\"https:\/\/fr.wikipedia.org\/wiki\/Le_Diable_dans_le_beffroi\">Le Diable dans le beffroi<\/a><\/i>, deux op\u00e9ras (inachev\u00e9s) en un acte, d\u2019apr\u00e8s\u00a0<a title=\"Edgar Allan Poe\" href=\"https:\/\/fr.wikipedia.org\/wiki\/Edgar_Allan_Poe\">Edgar Allan Poe<\/a>\u00a0traduit par\u00a0<a title=\"Charles Baudelaire\" href=\"https:\/\/fr.wikipedia.org\/wiki\/Charles_Baudelaire\">Charles Baudelaire<\/a>.<\/li>\n<li>1911\u00a0:\u00a0<i><a title=\"Le Martyre de saint S\u00e9bastien (Debussy)\" href=\"https:\/\/fr.wikipedia.org\/wiki\/Le_Martyre_de_saint_S%C3%A9bastien_(Debussy)\">Le Martyre de saint S\u00e9bastien<\/a><\/i>, myst\u00e8re en cinq actes sur un livret de\u00a0<a title=\"Gabriele D'Annunzio\" href=\"https:\/\/fr.wikipedia.org\/wiki\/Gabriele_D%27Annunzio\">Gabriele D\u2019Annunzio<\/a>.<\/li>\n<\/ul>\n<\/div>\n<div class=\"mw-heading mw-heading4\">\n<h4 id=\"M\u00e9lodies\"><span id=\"M.C3.A9lodies\"><\/span>M\u00e9lodies<\/h4>\n<\/div>\n<div class=\"colonnes\">\n<ul>\n<li style=\"text-align: justify;\">1888\u00a0:\u00a0<i><a title=\"Ariettes oubli\u00e9es\" href=\"https:\/\/fr.wikipedia.org\/wiki\/Ariettes_oubli%C3%A9es\">Ariettes oubli\u00e9es<\/a><\/i>\u00a0d\u2019apr\u00e8s\u00a0<a title=\"Paul Verlaine\" href=\"https:\/\/fr.wikipedia.org\/wiki\/Paul_Verlaine\">Verlaine<\/a><\/li>\n<li>1887-1889\u00a0:\u00a0<i><a title=\"Cinq po\u00e8mes de Charles Baudelaire\" href=\"https:\/\/fr.wikipedia.org\/wiki\/Cinq_po%C3%A8mes_de_Charles_Baudelaire\">Cinq po\u00e8mes de Charles Baudelaire<\/a><\/i><\/li>\n<li>1891\u00a0:\u00a0<i><a title=\"F\u00eates galantes (Debussy)\" href=\"https:\/\/fr.wikipedia.org\/wiki\/F%C3%AAtes_galantes_(Debussy)\">F\u00eates galantes<\/a><\/i>\u00a0(premier recueil) d\u2019apr\u00e8s Verlaine<\/li>\n<li>1891\u00a0:\u00a0<i><a class=\"mw-redirect\" title=\"Trois M\u00e9lodies (Debussy)\" href=\"https:\/\/fr.wikipedia.org\/wiki\/Trois_M%C3%A9lodies_(Debussy)\">Trois m\u00e9lodies<\/a><\/i>\u00a0d\u2019apr\u00e8s Verlaine<\/li>\n<li>1897-1899\u00a0:\u00a0<i><a class=\"mw-redirect\" title=\"Trois chansons de Bilitis (Debussy)\" href=\"https:\/\/fr.wikipedia.org\/wiki\/Trois_chansons_de_Bilitis_(Debussy)\">Trois chansons de Bilitis<\/a><\/i>\u00a0d\u2019apr\u00e8s\u00a0<a title=\"Pierre Lou\u00ffs\" href=\"https:\/\/fr.wikipedia.org\/wiki\/Pierre_Lou%C3%BFs\">Pierre Lou\u00ffs<\/a><\/li>\n<li>1904\u00a0:\u00a0<i><a title=\"F\u00eates galantes (Debussy)\" href=\"https:\/\/fr.wikipedia.org\/wiki\/F%C3%AAtes_galantes_(Debussy)\">F\u00eates galantes<\/a><\/i>\u00a0(second recueil) d\u2019apr\u00e8s Verlaine<\/li>\n<li>1904\u00a0:\u00a0<i><a title=\"Trois Chansons de France\" href=\"https:\/\/fr.wikipedia.org\/wiki\/Trois_Chansons_de_France\">Trois Chansons de France<\/a><\/i>\u00a0d\u2019apr\u00e8s\u00a0<a title=\"Charles Ier d'Orl\u00e9ans\" href=\"https:\/\/fr.wikipedia.org\/wiki\/Charles_Ier_d%27Orl%C3%A9ans\">Charles d\u2019Orl\u00e9ans<\/a>\u00a0et\u00a0<a title=\"Fran\u00e7ois L'Hermite\" href=\"https:\/\/fr.wikipedia.org\/wiki\/Fran%C3%A7ois_L%27Hermite\">Tristan L\u2019Hermite<\/a><\/li>\n<li>1898\/1908\u00a0:\u00a0<i><a title=\"Trois Chansons de Charles d'Orl\u00e9ans\" href=\"https:\/\/fr.wikipedia.org\/wiki\/Trois_Chansons_de_Charles_d%27Orl%C3%A9ans\">Trois Chansons de Charles d&rsquo;Orl\u00e9ans<\/a><\/i><\/li>\n<li>1904-1910\u00a0:\u00a0<i><a title=\"Le Promenoir des deux amants (Debussy)\" href=\"https:\/\/fr.wikipedia.org\/wiki\/Le_Promenoir_des_deux_amants_(Debussy)\">Le Promenoir des deux amants<\/a><\/i>\u00a0d\u2019apr\u00e8s Tristan L&rsquo;Hermite<\/li>\n<li>1910-1911\u00a0:\u00a0<i><a title=\"Trois ballades de Fran\u00e7ois Villon\" href=\"https:\/\/fr.wikipedia.org\/wiki\/Trois_ballades_de_Fran%C3%A7ois_Villon\">Trois ballades de Fran\u00e7ois Villon<\/a><\/i><\/li>\n<li>1913\u00a0:\u00a0<i><a title=\"Trois po\u00e8mes de St\u00e9phane Mallarm\u00e9\" href=\"https:\/\/fr.wikipedia.org\/wiki\/Trois_po%C3%A8mes_de_St%C3%A9phane_Mallarm%C3%A9\">Trois po\u00e8mes de St\u00e9phane Mallarm\u00e9<\/a><\/i><\/li>\n<li>1915\u00a0:\u00a0<i><a title=\"No\u00ebl des enfants qui n'ont plus de maison\" href=\"https:\/\/fr.wikipedia.org\/wiki\/No%C3%ABl_des_enfants_qui_n%27ont_plus_de_maison\">No\u00ebl des enfants qui n&rsquo;ont plus de maison<\/a><\/i><\/li>\n<\/ul>\n<\/div>\n<div class=\"mw-heading mw-heading3\">\n<h3 id=\"\u00c9crits\"><span id=\".C3.89crits\"><\/span>\u00c9crits<\/h3>\n<\/div>\n<div class=\"colonnes\">\n<ul>\n<li style=\"text-align: justify;\"><span id=\"Debussy1987\" class=\"ouvrage\"><span id=\"Claude_Debussy1987\" class=\"ouvrage\">Claude Debussy,\u00a0<cite class=\"italique\">Monsieur Croche et autres \u00e9crits<\/cite>, Paris,\u00a0<a title=\"\u00c9ditions Gallimard\" href=\"https:\/\/fr.wikipedia.org\/wiki\/%C3%89ditions_Gallimard\">\u00c9ditions Gallimard<\/a>,\u00a0<abbr class=\"abbr\" title=\"collection\">coll.<\/abbr>\u00a0\u00ab\u00a0L&rsquo;Imaginaire\u00a0\u00bb,\u00a0<time>1987<\/time>, 361\u00a0<abbr class=\"abbr\" title=\"pages\">p.<\/abbr>\u00a0<small>(<a title=\"International Standard Book Number\" href=\"https:\/\/fr.wikipedia.org\/wiki\/International_Standard_Book_Number\">ISBN<\/a>\u00a0<a title=\"Sp\u00e9cial:Ouvrages de r\u00e9f\u00e9rence\/2-07-071107-2\" href=\"https:\/\/fr.wikipedia.org\/wiki\/Sp%C3%A9cial:Ouvrages_de_r%C3%A9f%C3%A9rence\/2-07-071107-2\"><span class=\"nowrap\">2-07-071107-2<\/span><\/a>,\u00a0<a class=\"external text\" href=\"https:\/\/archive.org\/details\/monsieurcrochean00debu\" rel=\"nofollow\">lire en ligne<\/a><small class=\"cachelinks\">\u00a0[<a title=\"archive sur Wikiwix\" href=\"https:\/\/archive.wikiwix.com\/cache\/?url=https%3A%2F%2Farchive.org%2Fdetails%2Fmonsieurcrochean00debu\">archive<\/a>]<\/small>)<\/small><\/span><\/span>\u00a0[\u00e9dition, avec introduction et notes, par\u00a0<a title=\"Fran\u00e7ois Lesure\" href=\"https:\/\/fr.wikipedia.org\/wiki\/Fran%C3%A7ois_Lesure\">Fran\u00e7ois Lesure<\/a>\u00a0de l&rsquo;\u0153uvre critique de Debussy (articles publi\u00e9s de 1901 \u00e0 1917). La premi\u00e8re \u00e9dition date de 1971].<\/li>\n<li style=\"text-align: justify;\">Claude Debussy,\u00a0<i>Correspondance<\/i>, annot\u00e9e par\u00a0<a title=\"Paul-Jean Toulet\" href=\"https:\/\/fr.wikipedia.org\/wiki\/Paul-Jean_Toulet\">Paul-Jean Toulet<\/a>, Paris, \u00c9ditions du Sandre, 2005\u00a0<small>(<a title=\"International Standard Book Number\" href=\"https:\/\/fr.wikipedia.org\/wiki\/International_Standard_Book_Number\">ISBN<\/a>\u00a0<a title=\"Sp\u00e9cial:Ouvrages de r\u00e9f\u00e9rence\/2-914958-20-X\" href=\"https:\/\/fr.wikipedia.org\/wiki\/Sp%C3%A9cial:Ouvrages_de_r%C3%A9f%C3%A9rence\/2-914958-20-X\"><span class=\"nowrap\">2-914958-20-X<\/span><\/a>)<\/small><sup id=\"cite_ref-103\" class=\"reference\"><a href=\"https:\/\/fr.wikipedia.org\/wiki\/Claude_Debussy#cite_note-103\">99<\/a><\/sup>.<\/li>\n<li style=\"text-align: justify;\">Claude Debussy,\u00a0<i>Correspondance 1872-1918<\/i>, \u00e9dition \u00e9tablie par\u00a0<a title=\"Fran\u00e7ois Lesure\" href=\"https:\/\/fr.wikipedia.org\/wiki\/Fran%C3%A7ois_Lesure\">Fran\u00e7ois Lesure<\/a>\u00a0et\u00a0<a title=\"Denis Herlin\" href=\"https:\/\/fr.wikipedia.org\/wiki\/Denis_Herlin\">Denis Herlin<\/a>, Paris, Gallimard, 2005\u00a0<small>(<a title=\"International Standard Book Number\" href=\"https:\/\/fr.wikipedia.org\/wiki\/International_Standard_Book_Number\">ISBN<\/a>\u00a0<a title=\"Sp\u00e9cial:Ouvrages de r\u00e9f\u00e9rence\/2070772551\" href=\"https:\/\/fr.wikipedia.org\/wiki\/Sp%C3%A9cial:Ouvrages_de_r%C3%A9f%C3%A9rence\/2070772551\"><span class=\"nowrap\">2070772551<\/span><\/a>)<\/small><sup id=\"cite_ref-104\" class=\"reference\"><a href=\"https:\/\/fr.wikipedia.org\/wiki\/Claude_Debussy#cite_note-104\">n 5<\/a><\/sup>.<\/li>\n<\/ul>\n<\/div>\n<div class=\"mw-heading mw-heading2\">\n<h2 id=\"Distinctions\">Distinctions<\/h2>\n<\/div>\n<ul>\n<li>1884\u00a0:\u00a0<a class=\"mw-redirect\" title=\"Prix de Rome\" href=\"https:\/\/fr.wikipedia.org\/wiki\/Prix_de_Rome\">grand prix de Rome<\/a><sup id=\"cite_ref-105\" class=\"reference\"><a href=\"https:\/\/fr.wikipedia.org\/wiki\/Claude_Debussy#cite_note-105\">100<\/a><\/sup>.<\/li>\n<li><time class=\"nowrap\" datetime=\"1903-01-13\" data-sort-value=\"1903-01-13\">13 janvier 1903<\/time>\u00a0:\u00a0<span class=\"noviewer\"><a class=\"mw-file-description\" title=\"Chevalier de la L\u00e9gion d'honneur\" href=\"https:\/\/commons.wikimedia.org\/wiki\/File:Legion_Honneur_Chevalier_ribbon.svg?uselang=fr\"><img loading=\"lazy\" decoding=\"async\" class=\"mw-file-element\" src=\"https:\/\/upload.wikimedia.org\/wikipedia\/commons\/thumb\/e\/e6\/Legion_Honneur_Chevalier_ribbon.svg\/50px-Legion_Honneur_Chevalier_ribbon.svg.png\" srcset=\"\/\/upload.wikimedia.org\/wikipedia\/commons\/thumb\/e\/e6\/Legion_Honneur_Chevalier_ribbon.svg\/75px-Legion_Honneur_Chevalier_ribbon.svg.png 1.5x, \/\/upload.wikimedia.org\/wikipedia\/commons\/thumb\/e\/e6\/Legion_Honneur_Chevalier_ribbon.svg\/100px-Legion_Honneur_Chevalier_ribbon.svg.png 2x\" alt=\"Chevalier de la L\u00e9gion d'honneur\" width=\"50\" height=\"14\" data-file-width=\"218\" data-file-height=\"60\" \/><\/a><\/span>\u00a0<a title=\"Ordre national de la L\u00e9gion d'honneur\" href=\"https:\/\/fr.wikipedia.org\/wiki\/Ordre_national_de_la_L%C3%A9gion_d%27honneur\">Chevalier de la L\u00e9gion d&rsquo;honneur<\/a><sup id=\"cite_ref-106\" class=\"reference\"><a title=\"\" href=\"https:\/\/fr.wikipedia.org\/wiki\/Claude_Debussy#cite_note-106\">101<\/a><\/sup>.<\/li>\n<\/ul>\n<p style=\"text-align: center;\">Clair de Lune<\/p>\n<p><iframe loading=\"lazy\" title=\"Debussy - Clair de Lune\" width=\"600\" height=\"338\" src=\"https:\/\/www.youtube.com\/embed\/WNcsUNKlAKw?feature=oembed\" frameborder=\"0\" allow=\"accelerometer; autoplay; clipboard-write; encrypted-media; gyroscope; picture-in-picture; web-share\" referrerpolicy=\"strict-origin-when-cross-origin\" allowfullscreen><\/iframe><\/p>\n","protected":false},"excerpt":{"rendered":"<p>\u00a0 Claude de Bussy Claude Debussy, n\u00e9 le\u00a022\u00a0ao\u00fbt\u00a01862\u00a0\u00e0\u00a0Saint-Germain-en-Laye\u00a0et mort le\u00a025\u00a0mars\u00a01918\u00a0\u00e0\u00a0Paris\u00a016e2, est un\u00a0compositeur\u00a0fran\u00e7ais. En posant en 1894 avec\u00a0Pr\u00e9lude \u00e0 l&rsquo;Apr\u00e8s-midi d&rsquo;un faune\u00a0le premier jalon de la musique moderne, Debussy place d\u2019embl\u00e9e son \u0153uvre sous le sceau de l\u2019avant-garde musicale. Il est bri\u00e8vement wagn\u00e9rien en 1889, puis anticonformiste le reste de sa vie, en rejetant tous les [&hellip;]<\/p>\n","protected":false},"author":1,"featured_media":10668,"parent":0,"menu_order":0,"comment_status":"closed","ping_status":"closed","template":"","meta":{"footnotes":""},"class_list":["post-10655","page","type-page","status-publish","has-post-thumbnail","hentry"],"_links":{"self":[{"href":"https:\/\/oraziopuglisi.art\/index.php\/wp-json\/wp\/v2\/pages\/10655","targetHints":{"allow":["GET"]}}],"collection":[{"href":"https:\/\/oraziopuglisi.art\/index.php\/wp-json\/wp\/v2\/pages"}],"about":[{"href":"https:\/\/oraziopuglisi.art\/index.php\/wp-json\/wp\/v2\/types\/page"}],"author":[{"embeddable":true,"href":"https:\/\/oraziopuglisi.art\/index.php\/wp-json\/wp\/v2\/users\/1"}],"replies":[{"embeddable":true,"href":"https:\/\/oraziopuglisi.art\/index.php\/wp-json\/wp\/v2\/comments?post=10655"}],"version-history":[{"count":15,"href":"https:\/\/oraziopuglisi.art\/index.php\/wp-json\/wp\/v2\/pages\/10655\/revisions"}],"predecessor-version":[{"id":10676,"href":"https:\/\/oraziopuglisi.art\/index.php\/wp-json\/wp\/v2\/pages\/10655\/revisions\/10676"}],"wp:featuredmedia":[{"embeddable":true,"href":"https:\/\/oraziopuglisi.art\/index.php\/wp-json\/wp\/v2\/media\/10668"}],"wp:attachment":[{"href":"https:\/\/oraziopuglisi.art\/index.php\/wp-json\/wp\/v2\/media?parent=10655"}],"curies":[{"name":"wp","href":"https:\/\/api.w.org\/{rel}","templated":true}]}}