{"id":10633,"date":"2024-08-11T15:38:43","date_gmt":"2024-08-11T13:38:43","guid":{"rendered":"https:\/\/oraziopuglisi.art\/?page_id=10633"},"modified":"2026-04-18T09:38:00","modified_gmt":"2026-04-18T07:38:00","slug":"la-malfaisance-americaine","status":"publish","type":"page","link":"https:\/\/oraziopuglisi.art\/index.php\/la-malfaisance-americaine\/","title":{"rendered":"La malfaisance am\u00e9ricaine"},"content":{"rendered":"<form action=\"https:\/\/www.paypal.com\/donate\" method=\"post\" target=\"_top\"><input name=\"hosted_button_id\" type=\"hidden\" value=\"QSSRVLDUKP2MG\" \/> <input title=\"PayPal - The safer, easier way to pay online!\" alt=\"Bouton Faites un don avec PayPal\" name=\"submit\" src=\"https:\/\/www.paypalobjects.com\/fr_FR\/FR\/i\/btn\/btn_donateCC_LG.gif\" type=\"image\" \/><img loading=\"lazy\" decoding=\"async\" src=\"https:\/\/www.paypal.com\/fr_FR\/i\/scr\/pixel.gif\" alt=\"\" width=\"1\" height=\"1\" border=\"0\" \/><img loading=\"lazy\" decoding=\"async\" src=\"https:\/\/www.paypal.com\/fr_FR\/i\/scr\/pixel.gif\" alt=\"\" width=\"1\" height=\"1\" border=\"0\" \/><\/form>\n<form action=\"https:\/\/www.paypal.com\/donate\" method=\"post\" target=\"_top\"><input name=\"hosted_button_id\" type=\"hidden\" value=\"KUYGR8EGYTG64\" \/><\/p>\n<p style=\"text-align: center;\"><span style=\"color: #ff0000;\">Faire un don par Qr Code<\/span><\/p>\n<p style=\"text-align: center;\"><a href=\"http:\/\/xn--vidosechecsenligne-dwb.com\/wp-content\/uploads\/2022\/05\/QR-code.png\"><img loading=\"lazy\" decoding=\"async\" class=\"alignnone size-full wp-image-36569\" src=\"http:\/\/xn--vidosechecsenligne-dwb.com\/wp-content\/uploads\/2022\/05\/QR-code.png\" alt=\"\" width=\"192\" height=\"192\" \/><\/a><\/p>\n<p>&nbsp;<\/p>\n<blockquote class=\"wp-embedded-content\" data-secret=\"x2WI0EHpAR\"><p><a href=\"http:\/\/ismeaa.com\/index.php\/le-stay-behind\/\">Le Stay Behind<\/a><\/p><\/blockquote>\n<p><iframe loading=\"lazy\" class=\"wp-embedded-content\" sandbox=\"allow-scripts\" security=\"restricted\" style=\"position: absolute; visibility: hidden;\" title=\"\u00ab\u00a0Le Stay Behind\u00a0\u00bb &#8212; Ismeaa\" src=\"http:\/\/ismeaa.com\/index.php\/le-stay-behind\/embed\/#?secret=jaqSBdY5bC#?secret=x2WI0EHpAR\" data-secret=\"x2WI0EHpAR\" width=\"600\" height=\"338\" frameborder=\"0\" marginwidth=\"0\" marginheight=\"0\" scrolling=\"no\"><\/iframe><\/p>\n<p>&nbsp;<\/p>\n<p><iframe loading=\"lazy\" title=\"Veill\u00e9e de PRI\u00c8RE : le pape L\u00c9ON XIV lance la R\u00c9SISTANCE contre TRUMP | GPTV LA MATINALE\" width=\"600\" height=\"338\" src=\"https:\/\/www.youtube.com\/embed\/0owhoH15bo0?feature=oembed\" frameborder=\"0\" allow=\"accelerometer; autoplay; clipboard-write; encrypted-media; gyroscope; picture-in-picture; web-share\" referrerpolicy=\"strict-origin-when-cross-origin\" allowfullscreen><\/iframe><\/p>\n<p>&nbsp;<\/p>\n<p><iframe loading=\"lazy\" title=\"La guerre \u00e9conomique des USA contre l\u2019Europe - Youssef Hindi #28\" width=\"600\" height=\"338\" src=\"https:\/\/www.youtube.com\/embed\/0ox3YVa60I8?feature=oembed\" frameborder=\"0\" allow=\"accelerometer; autoplay; clipboard-write; encrypted-media; gyroscope; picture-in-picture; web-share\" referrerpolicy=\"strict-origin-when-cross-origin\" allowfullscreen><\/iframe><\/p>\n<p>&nbsp;<\/p>\n<p>&nbsp;<\/p>\n<p><iframe loading=\"lazy\" title=\"A la veille des \u00e9lections, l\u2019empire US est nu ! - Le Zoom - Nikola Mirkovic - TVL\" width=\"600\" height=\"338\" src=\"https:\/\/www.youtube.com\/embed\/RzpqA16Wd1M?feature=oembed\" frameborder=\"0\" allow=\"accelerometer; autoplay; clipboard-write; encrypted-media; gyroscope; picture-in-picture; web-share\" referrerpolicy=\"strict-origin-when-cross-origin\" allowfullscreen><\/iframe><\/p>\n<p>&nbsp;<\/p>\n<p><iframe loading=\"lazy\" title=\"Les USA se sont impos\u00e9s au monde par la force - Les Conversations n\u00b047 avec A. Juillet (2\u00e8me partie)\" width=\"600\" height=\"338\" src=\"https:\/\/www.youtube.com\/embed\/FIx4H4LCyoU?feature=oembed\" frameborder=\"0\" allow=\"accelerometer; autoplay; clipboard-write; encrypted-media; gyroscope; picture-in-picture; web-share\" referrerpolicy=\"strict-origin-when-cross-origin\" allowfullscreen><\/iframe><\/p>\n<p><iframe loading=\"lazy\" title=\"\ud83c\udf99 Henry de Lesquen | Marc Rousset | La Russie doit-elle \u00eatre l&#039;alli\u00e9e ou l&#039;ennemie de la France ?\" width=\"600\" height=\"338\" src=\"https:\/\/www.youtube.com\/embed\/7y6wVHD0-Vg?feature=oembed\" frameborder=\"0\" allow=\"accelerometer; autoplay; clipboard-write; encrypted-media; gyroscope; picture-in-picture; web-share\" referrerpolicy=\"strict-origin-when-cross-origin\" allowfullscreen><\/iframe><\/p>\n<p><iframe loading=\"lazy\" title=\"Lo\u00efk Le Floch-Prigent \u00ab La France \u00e9tait au dessus de nos personnes \u00bb - Les Conversations n\u00b039 - TVL\" width=\"600\" height=\"338\" src=\"https:\/\/www.youtube.com\/embed\/eeEIgZFbhrM?feature=oembed\" frameborder=\"0\" allow=\"accelerometer; autoplay; clipboard-write; encrypted-media; gyroscope; picture-in-picture; web-share\" referrerpolicy=\"strict-origin-when-cross-origin\" allowfullscreen><\/iframe><\/p>\n<p><iframe loading=\"lazy\" title=\"Ukraine: l&#039;\u00e9chec critique de l&#039;Occident | Idriss Aberkane avec Xavier Moreau\" width=\"600\" height=\"338\" src=\"https:\/\/www.youtube.com\/embed\/-s7zJqDihK0?feature=oembed\" frameborder=\"0\" allow=\"accelerometer; autoplay; clipboard-write; encrypted-media; gyroscope; picture-in-picture; web-share\" referrerpolicy=\"strict-origin-when-cross-origin\" allowfullscreen><\/iframe><\/p>\n<p><iframe loading=\"lazy\" title=\"\u00ab Ukraine : il faut d\u00e9battre! \u00bb : D\u00e9bat contradictoire avec M.Collon, J.Baud, A. Merlin et J. Vogel\" width=\"600\" height=\"338\" src=\"https:\/\/www.youtube.com\/embed\/drgjOH3v7Pk?feature=oembed\" frameborder=\"0\" allow=\"accelerometer; autoplay; clipboard-write; encrypted-media; gyroscope; picture-in-picture; web-share\" referrerpolicy=\"strict-origin-when-cross-origin\" allowfullscreen><\/iframe><\/p>\n<p><iframe loading=\"lazy\" title=\"Les (vraies) raisons inavouables et le grand tabou du chaos ukrainien avec Nikola Mirkovic\" width=\"600\" height=\"338\" src=\"https:\/\/www.youtube.com\/embed\/LZ0M52cpMg8?feature=oembed\" frameborder=\"0\" allow=\"accelerometer; autoplay; clipboard-write; encrypted-media; gyroscope; picture-in-picture; web-share\" referrerpolicy=\"strict-origin-when-cross-origin\" allowfullscreen><\/iframe><\/p>\n<p><iframe loading=\"lazy\" title=\"&quot;Aujourd&#039;hui, l&#039;Europe est en train de s&#039;effacer de la plan\u00e8te des puissances&quot; - Herv\u00e9 Juvin\" width=\"600\" height=\"338\" src=\"https:\/\/www.youtube.com\/embed\/vzi6QGjxegs?feature=oembed\" frameborder=\"0\" allow=\"accelerometer; autoplay; clipboard-write; encrypted-media; gyroscope; picture-in-picture; web-share\" referrerpolicy=\"strict-origin-when-cross-origin\" allowfullscreen><\/iframe><\/p>\n<p>&nbsp;<\/p>\n<p><iframe loading=\"lazy\" title=\"Twitter Files - Charles Gave &quot;Il y a eu une kabbale dirig\u00e9e par le parti d\u00e9mocrate !&quot;\" width=\"600\" height=\"338\" src=\"https:\/\/www.youtube.com\/embed\/u4yYoicI9xk?feature=oembed\" frameborder=\"0\" allow=\"accelerometer; autoplay; clipboard-write; encrypted-media; gyroscope; picture-in-picture; web-share\" referrerpolicy=\"strict-origin-when-cross-origin\" allowfullscreen><\/iframe><\/p>\n<p><iframe loading=\"lazy\" title=\"Guerre en Ukraine : nos gouvernements nous disent-ils la v\u00e9rit\u00e9 ? Avec M. Onfray et S. Simon\" width=\"600\" height=\"338\" src=\"https:\/\/www.youtube.com\/embed\/7losFmCfWk4?feature=oembed\" frameborder=\"0\" allow=\"accelerometer; autoplay; clipboard-write; encrypted-media; gyroscope; picture-in-picture; web-share\" referrerpolicy=\"strict-origin-when-cross-origin\" allowfullscreen><\/iframe><\/p>\n<p><iframe loading=\"lazy\" title=\"Ploutocratie europ\u00e9enne, quel avenir pour les peuples? | Alexis Poulin\" width=\"600\" height=\"338\" src=\"https:\/\/www.youtube.com\/embed\/b1i0zdBnn7A?feature=oembed\" frameborder=\"0\" allow=\"accelerometer; autoplay; clipboard-write; encrypted-media; gyroscope; picture-in-picture; web-share\" referrerpolicy=\"strict-origin-when-cross-origin\" allowfullscreen><\/iframe><\/p>\n<p><iframe loading=\"lazy\" title=\"A. del Valle : &quot;Si les sanctions g\u00e9n\u00e9rales continuent envers la Russie, on va le payer tr\u00e8s cher !&quot;\" width=\"600\" height=\"338\" src=\"https:\/\/www.youtube.com\/embed\/_3AQ0DuxMLg?feature=oembed\" frameborder=\"0\" allow=\"accelerometer; autoplay; clipboard-write; encrypted-media; gyroscope; picture-in-picture; web-share\" referrerpolicy=\"strict-origin-when-cross-origin\" allowfullscreen><\/iframe><\/p>\n<p><iframe loading=\"lazy\" title=\"OTAN : AU SERVICE DE QUI ? - MICHEL MIDI AVEC BRUNO GUIGUE\" width=\"600\" height=\"338\" src=\"https:\/\/www.youtube.com\/embed\/vQKM_x8MrRM?feature=oembed\" frameborder=\"0\" allow=\"accelerometer; autoplay; clipboard-write; encrypted-media; gyroscope; picture-in-picture; web-share\" referrerpolicy=\"strict-origin-when-cross-origin\" allowfullscreen><\/iframe><\/p>\n<p><iframe loading=\"lazy\" title=\"Jacques Baud : &quot;Les Am\u00e9ricains ont instrumentalis\u00e9 l&#039;Ukraine de fa\u00e7on perverse.&quot;\" width=\"600\" height=\"338\" src=\"https:\/\/www.youtube.com\/embed\/noqlx0B6evo?feature=oembed\" frameborder=\"0\" allow=\"accelerometer; autoplay; clipboard-write; encrypted-media; gyroscope; picture-in-picture; web-share\" referrerpolicy=\"strict-origin-when-cross-origin\" allowfullscreen><\/iframe><\/p>\n<p><iframe loading=\"lazy\" title=\"Quels sont les objectifs de Vladimir Poutine en Ukraine ? | IDRISS ABERKANE\" width=\"600\" height=\"338\" src=\"https:\/\/www.youtube.com\/embed\/ei2qTdOYW8Q?feature=oembed\" frameborder=\"0\" allow=\"accelerometer; autoplay; clipboard-write; encrypted-media; gyroscope; picture-in-picture; web-share\" referrerpolicy=\"strict-origin-when-cross-origin\" allowfullscreen><\/iframe><\/p>\n<p><iframe loading=\"lazy\" title=\"Malika Sorel - &quot;Les Am\u00e9ricains d\u00e9versent de l&#039;argent pour influer sur les banlieues fran\u00e7aises&quot;\" width=\"600\" height=\"338\" src=\"https:\/\/www.youtube.com\/embed\/ff2w_EWphGI?feature=oembed\" frameborder=\"0\" allow=\"accelerometer; autoplay; clipboard-write; encrypted-media; gyroscope; picture-in-picture; web-share\" referrerpolicy=\"strict-origin-when-cross-origin\" allowfullscreen><\/iframe><\/p>\n<p>https:\/\/www.youtube.com\/watch?v=7xZHqOa1h4Y<\/p>\n<p>Elle est gentille la france (j&rsquo;ai mis un petit \u00ab\u00a0f\u00a0\u00bbon dirait)<\/p>\n<p><iframe loading=\"lazy\" title=\"Quelle place pour le souverainisme en France ?\" width=\"600\" height=\"338\" src=\"https:\/\/www.youtube.com\/embed\/9IC9e9LV7tg?feature=oembed\" frameborder=\"0\" allow=\"accelerometer; autoplay; clipboard-write; encrypted-media; gyroscope; picture-in-picture; web-share\" referrerpolicy=\"strict-origin-when-cross-origin\" allowfullscreen><\/iframe><\/p>\n<p>Le petit dernier (B\u00e9b\u00e9&#8230;dans le dos)<\/p>\n<p><iframe loading=\"lazy\" title=\"Affaire des sous-marins et des Rafale : &quot;L&#039;OTAN n&#039;a plus de raison d&#039;\u00eatre&quot;\" width=\"600\" height=\"338\" src=\"https:\/\/www.youtube.com\/embed\/nNazWMrMSUI?feature=oembed\" frameborder=\"0\" allow=\"accelerometer; autoplay; clipboard-write; encrypted-media; gyroscope; picture-in-picture; web-share\" referrerpolicy=\"strict-origin-when-cross-origin\" allowfullscreen><\/iframe><\/p>\n<p>&nbsp;<\/p>\n<p>&nbsp;<\/p>\n<p><a href=\"https:\/\/fr.wikipedia.org\/wiki\/Stay-behind\">Le Stay Behind<\/a><\/p>\n<p>&nbsp;<\/p>\n<p>&nbsp;<\/p>\n<p><iframe loading=\"lazy\" src=\"https:\/\/www.youtube.com\/embed\/Q6SIxUA_Ans\" width=\"644\" height=\"362\" frameborder=\"0\" allowfullscreen=\"allowfullscreen\"><\/iframe> <iframe loading=\"lazy\" src=\"https:\/\/www.youtube.com\/embed\/HQUzcsj3wSg\" width=\"644\" height=\"362\" frameborder=\"0\" allowfullscreen=\"allowfullscreen\"><\/iframe> <iframe loading=\"lazy\" src=\"https:\/\/www.youtube.com\/embed\/tOO-rW8zRuQ\" width=\"644\" height=\"362\" frameborder=\"0\" allowfullscreen=\"allowfullscreen\"><\/iframe><\/p>\n<p>&nbsp;<\/p>\n<p style=\"text-align: center;\"><span style=\"font-family: 'book antiqua', palatino, serif;\">Pascal Boniface et son Institut <a href=\"http:\/\/www.iris-france.org\/chercheurs\/pascal-boniface\/\">Iris<\/a><\/span><\/p>\n<p style=\"text-align: justify;\"><span style=\"font-family: 'book antiqua', palatino, serif;\">Pascal Boniface est Directeur de l\u2019Institut de relations internationales et strat\u00e9giques (IRIS) et enseignant \u00e0 l\u2019Institut d\u2019Etudes europ\u00e9ennes de l\u2019Universit\u00e9 de Paris 8.<\/span><\/p>\n<p style=\"text-align: justify;\"><span style=\"font-family: 'book antiqua', palatino, serif;\">Pascal Boniface dirige \u00e9galement\u00a0<em>La Revue internationale et strat\u00e9gique<\/em>(parution trimestrielle depuis 1991) et\u00a0<em>L\u2019Ann\u00e9e strat\u00e9gique<\/em>\u00a0(parution annuelle depuis 1985).<\/span><\/p>\n<p style=\"text-align: justify;\"><span style=\"font-family: 'book antiqua', palatino, serif;\">Il a \u00e9crit ou dirig\u00e9 la publication d\u2019une soixantaine\u00a0d\u2019ouvrages ayant pour th\u00e8me les relations internationales, les questions nucl\u00e9aires et de d\u00e9sarmement, les rapports de force entre les puissances, la politique \u00e9trang\u00e8re fran\u00e7aise, l\u2019impact du sport dans les relations internationales (il a d\u00e9velopp\u00e9 le concept de\u00a0<em>g\u00e9opolitique du sport<\/em>), le conflit du Proche-Orient et ses r\u00e9percussions en France. Nombre d\u2019entre eux sont devenus des classiques r\u00e9\u00e9dit\u00e9s r\u00e9guli\u00e8rement et traduits dans plusieurs langues.<\/span><\/p>\n<p style=\"text-align: justify;\"><span style=\"font-family: 'book antiqua', palatino, serif;\">Pascal Boniface publie de nombreux articles dans des revues internationales de g\u00e9opolitique, intervient r\u00e9guli\u00e8rement dans les m\u00e9dias, nationaux ou internationaux, \u00e9crits ou audiovisuels et fait de nombreuses conf\u00e9rences et d\u00e9bats en France et \u00e0 l\u2019\u00e9tranger. Il est l\u2019un des g\u00e9opolitologues les plus suivis sur les r\u00e9seaux sociaux, notamment Twitter et Facebook. Il d\u00e9crypte l\u2019actualit\u00e9 internationale en vid\u00e9o sur sa cha\u00eene YouTube et son podcast hebdomadaire\u00a0\u00ab\u00a0Comprendre le monde\u00a0\u00bb, ainsi qu\u2019\u00e0 travers ses diff\u00e9rents blogs :\u00a0<a href=\"http:\/\/www.iris-france.org\/102755-manuel-valls-mort-a-lintelligence\/\">IRIS<\/a>,\u00a0<a href=\"https:\/\/blogs.mediapart.fr\/pascalboniface\/blog\">Mediapart<\/a>\u00a0et\u00a0<a href=\"http:\/\/www.pascalboniface.com\/\">personnel<\/a>.<\/span><\/p>\n<p style=\"text-align: justify;\"><span style=\"font-family: 'book antiqua', palatino, serif;\">Pascal Boniface est membre du Conseil national de l\u2019\u00e9thique de la F\u00e9d\u00e9ration fran\u00e7aise de football. Il est par ailleurs consultant pour les questions g\u00e9opolitiques du Mus\u00e9e de l\u2019Olympisme et consultant g\u00e9opolitique pour l\u2019ONG\u00a0<em>Peace and Sport<\/em>.<\/span><\/p>\n<p style=\"text-align: justify;\"><span style=\"font-family: 'book antiqua', palatino, serif;\">Pascal Boniface est Chevalier de l\u2019Ordre national du m\u00e9rite et Officier de la L\u00e9gion d\u2019honneur. Il a \u00e9galement re\u00e7u le prix Vauban en 2011.<\/span><\/p>\n<div class=\"searcher-right\">\n<p><a href=\"http:\/\/www.iris-france.org\/wp-content\/uploads\/2018\/06\/Ouvrages_062018.pdf\"><em>Consulter la liste compl\u00e8te de ses publications<\/em><\/a><\/p>\n<\/div>\n<p><img decoding=\"async\" class=\"aligncenter\" src=\"http:\/\/www.iris-france.org\/wp-content\/uploads\/2014\/09\/BONIFACE-Pascal-2.jpg\" alt=\"R\u00c3\u00a9sultat de recherche d'images pour &quot;pascal boniface&quot;\" \/><\/p>\n<p style=\"text-align: center;\">\n<span style=\"font-family: 'book antiqua', palatino, serif;\"><img loading=\"lazy\" decoding=\"async\" src=\"https:\/\/www.paypalobjects.com\/fr_FR\/i\/scr\/pixel.gif\" alt=\"\" width=\"1\" height=\"1\" border=\"0\" \/><\/span><br \/>\n<iframe loading=\"lazy\" src=\"https:\/\/www.youtube.com\/embed\/ik-UCJAEsL0\" width=\"560\" height=\"315\" frameborder=\"0\" allowfullscreen=\"allowfullscreen\"><\/iframe><\/p>\n<\/form>\n<p><iframe loading=\"lazy\" src=\"https:\/\/www.youtube.com\/embed\/dejeVuL9-7c\" width=\"560\" height=\"315\" frameborder=\"0\" allowfullscreen=\"allowfullscreen\"><\/iframe><\/p>\n<p><iframe loading=\"lazy\" src=\"https:\/\/www.youtube.com\/embed\/eLYuJCZZOec\" width=\"560\" height=\"315\" frameborder=\"0\" allowfullscreen=\"allowfullscreen\"><\/iframe> <iframe loading=\"lazy\" src=\"https:\/\/www.youtube.com\/embed\/cqcxC0HJZDA\" width=\"560\" height=\"315\" frameborder=\"0\" allowfullscreen=\"allowfullscreen\"><\/iframe> <iframe loading=\"lazy\" src=\"https:\/\/www.youtube.com\/embed\/9v35ktQbIyQ\" width=\"560\" height=\"315\" frameborder=\"0\" allowfullscreen=\"allowfullscreen\"><\/iframe><\/p>\n<p><iframe loading=\"lazy\" src=\"https:\/\/www.youtube.com\/embed\/cqcxC0HJZDA\" width=\"644\" height=\"362\" frameborder=\"0\" allowfullscreen=\"allowfullscreen\"><\/iframe><\/p>\n<p><iframe loading=\"lazy\" src=\"https:\/\/www.youtube.com\/embed\/RvxxBFldsf8\" width=\"644\" height=\"362\" frameborder=\"0\" allowfullscreen=\"allowfullscreen\"><\/iframe><\/p>\n","protected":false},"excerpt":{"rendered":"<p>Faire un don par Qr Code &nbsp; Le Stay Behind &nbsp; &nbsp; &nbsp; &nbsp; &nbsp; &nbsp; https:\/\/www.youtube.com\/watch?v=7xZHqOa1h4Y Elle est gentille la france (j&rsquo;ai mis un petit \u00ab\u00a0f\u00a0\u00bbon dirait) Le petit dernier (B\u00e9b\u00e9&#8230;dans le dos) &nbsp; &nbsp; Le Stay Behind &nbsp; &nbsp; &nbsp; Pascal Boniface et son Institut Iris Pascal Boniface est Directeur de l\u2019Institut de [&hellip;]<\/p>\n","protected":false},"author":1,"featured_media":17552,"parent":0,"menu_order":0,"comment_status":"closed","ping_status":"closed","template":"","meta":{"footnotes":""},"class_list":["post-10633","page","type-page","status-publish","has-post-thumbnail","hentry"],"_links":{"self":[{"href":"https:\/\/oraziopuglisi.art\/index.php\/wp-json\/wp\/v2\/pages\/10633","targetHints":{"allow":["GET"]}}],"collection":[{"href":"https:\/\/oraziopuglisi.art\/index.php\/wp-json\/wp\/v2\/pages"}],"about":[{"href":"https:\/\/oraziopuglisi.art\/index.php\/wp-json\/wp\/v2\/types\/page"}],"author":[{"embeddable":true,"href":"https:\/\/oraziopuglisi.art\/index.php\/wp-json\/wp\/v2\/users\/1"}],"replies":[{"embeddable":true,"href":"https:\/\/oraziopuglisi.art\/index.php\/wp-json\/wp\/v2\/comments?post=10633"}],"version-history":[{"count":6,"href":"https:\/\/oraziopuglisi.art\/index.php\/wp-json\/wp\/v2\/pages\/10633\/revisions"}],"predecessor-version":[{"id":22938,"href":"https:\/\/oraziopuglisi.art\/index.php\/wp-json\/wp\/v2\/pages\/10633\/revisions\/22938"}],"wp:featuredmedia":[{"embeddable":true,"href":"https:\/\/oraziopuglisi.art\/index.php\/wp-json\/wp\/v2\/media\/17552"}],"wp:attachment":[{"href":"https:\/\/oraziopuglisi.art\/index.php\/wp-json\/wp\/v2\/media?parent=10633"}],"curies":[{"name":"wp","href":"https:\/\/api.w.org\/{rel}","templated":true}]}}