{"id":10601,"date":"2024-08-11T15:13:58","date_gmt":"2024-08-11T13:13:58","guid":{"rendered":"https:\/\/oraziopuglisi.art\/?page_id=10601"},"modified":"2024-08-27T12:11:59","modified_gmt":"2024-08-27T10:11:59","slug":"complot-pas-complot","status":"publish","type":"page","link":"https:\/\/oraziopuglisi.art\/index.php\/complot-pas-complot\/","title":{"rendered":"Complot pas Complot"},"content":{"rendered":"<form action=\"https:\/\/www.paypal.com\/donate\" method=\"post\" target=\"_top\"><input name=\"hosted_button_id\" type=\"hidden\" value=\"QSSRVLDUKP2MG\" \/> <input title=\"PayPal - The safer, easier way to pay online!\" alt=\"Bouton Faites un don avec PayPal\" name=\"submit\" src=\"https:\/\/www.paypalobjects.com\/fr_FR\/FR\/i\/btn\/btn_donateCC_LG.gif\" type=\"image\" \/><img loading=\"lazy\" decoding=\"async\" src=\"https:\/\/www.paypal.com\/fr_FR\/i\/scr\/pixel.gif\" alt=\"\" width=\"1\" height=\"1\" border=\"0\" \/><img loading=\"lazy\" decoding=\"async\" src=\"https:\/\/www.paypal.com\/fr_FR\/i\/scr\/pixel.gif\" alt=\"\" width=\"1\" height=\"1\" border=\"0\" \/><\/form>\n<form action=\"https:\/\/www.paypal.com\/donate\" method=\"post\" target=\"_top\"><input name=\"hosted_button_id\" type=\"hidden\" value=\"KUYGR8EGYTG64\" \/> \u00a0<\/p>\n<p style=\"text-align: center;\"><span style=\"color: #ff0000;\">Faire un don par Qr Code<\/span><\/p>\n<p style=\"text-align: center;\"><a href=\"http:\/\/xn--vidosechecsenligne-dwb.com\/wp-content\/uploads\/2022\/05\/QR-code.png\"><img loading=\"lazy\" decoding=\"async\" class=\"alignnone size-full wp-image-36569\" src=\"http:\/\/xn--vidosechecsenligne-dwb.com\/wp-content\/uploads\/2022\/05\/QR-code.png\" alt=\"\" width=\"192\" height=\"192\" \/><\/a><\/p>\n<p style=\"text-align: center;\"><a href=\"https:\/\/www.amazon.fr\/Livres-Orazio-Puglisi\/s?rh=n%3A301061%2Cp_27%3AOrazio+Puglisi\">Achetez mes livres\u00a0<\/a><\/p>\n<p>&nbsp;<\/p>\n<p>&nbsp;<\/p>\n<p style=\"text-align: center;\">Virement bancaire<\/p>\n<\/form>\n<form action=\"https:\/\/www.paypal.com\/cgi-bin\/webscr\" method=\"post\" target=\"_top\">\n<p style=\"text-align: center;\"><span style=\"font-family: 'book antiqua', palatino, serif;\">IBAN FR81 2004 1010 0820 6402 0P02 955<\/span><\/p>\n<p style=\"text-align: center;\"><span style=\"font-family: 'book antiqua', palatino, serif;\">BIC PSSTFRPPMAR<\/span><\/p>\n<p>\u00a0<\/p>\n<p style=\"text-align: center;\"><span style=\"font-family: 'book antiqua', palatino, serif;\">Orazio Puglisi<\/span><\/p>\n<p style=\"text-align: center;\"><span style=\"font-family: 'book antiqua', palatino, serif;\">06 14 35 15 52<\/span><\/p>\n<p style=\"text-align: center;\"><span style=\"font-family: 'book antiqua', palatino, serif;\"><a href=\"mailto:oraziopuglisi@gmail.com\">oraziopuglisi@gmail.com<\/a><\/span><\/p>\n<p style=\"text-align: center;\"><span style=\"font-family: 'book antiqua', palatino, serif;\"><a href=\"mailto:puglisiorazio@wanadoo.fr\">puglisiorazio@wanadoo.fr<\/a><\/span><\/p>\n<\/form>\n<form action=\"https:\/\/www.paypal.com\/cgi-bin\/webscr\" method=\"post\" target=\"_top\">\n<p style=\"text-align: center;\"><span style=\"font-family: 'book antiqua', palatino, serif;\"><input name=\"cmd\" type=\"hidden\" value=\"_s-xclick\" \/><\/span><\/p>\n<p style=\"text-align: center;\"><span style=\"font-family: 'book antiqua', palatino, serif;\"><input name=\"hosted_button_id\" type=\"hidden\" value=\"B9KUAAXX2KE3G\" \/><\/span><\/p>\n<p><span style=\"font-family: 'book antiqua', palatino, serif;\"><img loading=\"lazy\" decoding=\"async\" class=\"aligncenter\" src=\"https:\/\/www.paypalobjects.com\/fr_FR\/i\/scr\/pixel.gif\" alt=\"\" width=\"1\" height=\"1\" border=\"0\" \/><\/span><\/p>\n<p style=\"text-align: center;\"><a href=\"https:\/\/fr.wikipedia.org\/wiki\/Th%C3%A9orie_du_complot\">Lien Wikip\u00e9dia<\/a><\/p>\n<p style=\"text-align: center;\"><a href=\"https:\/\/www.reseau-canope.fr\/les-valeurs-de-la-republique\/le-complotisme-dans-lhistoire-lhistoire-face-au-complotisme.html\">R\u00e9seau Canop\u00e9<\/a><\/p>\n<p style=\"text-align: center;\"><a href=\"https:\/\/ehne.fr\/fr\/eduscol\/premi%C3%A8re-sp%C3%A9cialit%C3%A9-histoire\/premi%C3%A8re-sp%C3%A9cialit%C3%A9-histoire\/th%C3%A8me-4-s%E2%80%99informer-un-regard-critique-sur-les-sources-et-modes-de-communication\/les-th%C3%A9ories-du-complot\">Educsol<\/a><\/p>\n<p>&nbsp;<\/p>\n<p><span style=\"font-family: 'book antiqua', palatino, serif;\"><img loading=\"lazy\" decoding=\"async\" class=\"aligncenter\" src=\"https:\/\/www.paypalobjects.com\/fr_FR\/i\/scr\/pixel.gif\" alt=\"\" width=\"1\" height=\"1\" border=\"0\" \/><\/span><\/p>\n<\/form>\n<p><iframe loading=\"lazy\" src=\"https:\/\/www.youtube.com\/embed\/JQ4HLUdb_s8\" width=\"560\" height=\"315\" frameborder=\"0\" allowfullscreen=\"allowfullscreen\"><\/iframe><\/p>\n<p>1 &#8211; Op\u00e9ration Ajax <a class=\"yt-simple-endpoint style-scope yt-formatted-string\" spellcheck=\"false\" href=\"https:\/\/www.youtube.com\/redirect?v=JQ4HLUdb_s8&amp;event=video_description&amp;q=http%3A%2F%2Fwww.lalibre.be%2Factu%2Finternational%2Fobama-admet-l-implication-americaine-dans-le-coup-d-etat-de-1953-en-iran-51b8ab65e4b0de6db9b6e890&amp;redir_token=Kb6Ht13ZO4RIdRw1zVe9fBkL3oZ8MTU2MzI3NTEyNUAxNTYzMTg4NzI1\" target=\"_blank\" rel=\"nofollow noopener noreferrer\">http:\/\/www.lalibre.be\/actu\/internatio&#8230;<\/a><\/p>\n<p>2 &#8211; Op\u00e9ration Northwoods <a class=\"yt-simple-endpoint style-scope yt-formatted-string\" spellcheck=\"false\" href=\"https:\/\/www.youtube.com\/redirect?v=JQ4HLUdb_s8&amp;event=video_description&amp;q=http%3A%2F%2Fnsarchive.gwu.edu%2Fnews%2F20010430%2Fnorthwoods.pdf&amp;redir_token=Kb6Ht13ZO4RIdRw1zVe9fBkL3oZ8MTU2MzI3NTEyNUAxNTYzMTg4NzI1\" target=\"_blank\" rel=\"nofollow noopener noreferrer\">http:\/\/nsarchive.gwu.edu\/news\/2001043&#8230;<\/a> Livre : Operation Northwoods: A Lesson in Terror : <a class=\"yt-simple-endpoint style-scope yt-formatted-string\" spellcheck=\"false\" href=\"https:\/\/www.youtube.com\/redirect?v=JQ4HLUdb_s8&amp;event=video_description&amp;q=http%3A%2F%2Famzn.to%2F2sne1Nw&amp;redir_token=Kb6Ht13ZO4RIdRw1zVe9fBkL3oZ8MTU2MzI3NTEyNUAxNTYzMTg4NzI1\" target=\"_blank\" rel=\"nofollow noopener noreferrer\">http:\/\/amzn.to\/2sne1Nw<\/a><\/p>\n<p>3 &#8211; Op\u00e9ration Track II <a class=\"yt-simple-endpoint style-scope yt-formatted-string\" spellcheck=\"false\" href=\"https:\/\/www.youtube.com\/redirect?v=JQ4HLUdb_s8&amp;event=video_description&amp;q=http%3A%2F%2Fnsarchive.gwu.edu%2FNSAEBB%2FNSAEBB8%2Fdocs%2Fdoc01.pdf&amp;redir_token=Kb6Ht13ZO4RIdRw1zVe9fBkL3oZ8MTU2MzI3NTEyNUAxNTYzMTg4NzI1\" target=\"_blank\" rel=\"nofollow noopener noreferrer\">http:\/\/nsarchive.gwu.edu\/NSAEBB\/NSAEB&#8230;<\/a> <a class=\"yt-simple-endpoint style-scope yt-formatted-string\" spellcheck=\"false\" href=\"https:\/\/www.youtube.com\/redirect?v=JQ4HLUdb_s8&amp;event=video_description&amp;q=http%3A%2F%2Fnsarchive.gwu.edu%2FNSAEBB%2FNSAEBB8%2Fnsaebb8i.htm&amp;redir_token=Kb6Ht13ZO4RIdRw1zVe9fBkL3oZ8MTU2MzI3NTEyNUAxNTYzMTg4NzI1\" target=\"_blank\" rel=\"nofollow noopener noreferrer\">http:\/\/nsarchive.gwu.edu\/NSAEBB\/NSAEB&#8230;<\/a> Livre : 30 ans de CIA : <a class=\"yt-simple-endpoint style-scope yt-formatted-string\" spellcheck=\"false\" href=\"https:\/\/www.youtube.com\/redirect?v=JQ4HLUdb_s8&amp;event=video_description&amp;q=http%3A%2F%2Famzn.to%2F2snajUc&amp;redir_token=Kb6Ht13ZO4RIdRw1zVe9fBkL3oZ8MTU2MzI3NTEyNUAxNTYzMTg4NzI1\" target=\"_blank\" rel=\"nofollow noopener noreferrer\">http:\/\/amzn.to\/2snajUc<\/a><\/p>\n<p>4 &#8211; Op\u00e9ration Popeye <a class=\"yt-simple-endpoint style-scope yt-formatted-string\" spellcheck=\"false\" href=\"https:\/\/www.youtube.com\/redirect?v=JQ4HLUdb_s8&amp;event=video_description&amp;q=https%3A%2F%2Fwww.vietnam.ttu.edu%2Fstar%2Fimages%2F239%2F2390601002C.pdf&amp;redir_token=Kb6Ht13ZO4RIdRw1zVe9fBkL3oZ8MTU2MzI3NTEyNUAxNTYzMTg4NzI1\" target=\"_blank\" rel=\"nofollow noopener noreferrer\">https:\/\/www.vietnam.ttu.edu\/star\/imag&#8230;<\/a><\/p>\n<p>5 &#8211; Operation Cyclone <a class=\"yt-simple-endpoint style-scope yt-formatted-string\" spellcheck=\"false\" href=\"https:\/\/www.youtube.com\/redirect?v=JQ4HLUdb_s8&amp;event=video_description&amp;q=http%3A%2F%2Farchives-lepost.huffingtonpost.fr%2Farticle%2F2009%2F02%2F06%2F1414387_brzezinski-gates-les-creeteurs-du-couple-ben-laden-al-qaida.html&amp;redir_token=Kb6Ht13ZO4RIdRw1zVe9fBkL3oZ8MTU2MzI3NTEyNUAxNTYzMTg4NzI1\" target=\"_blank\" rel=\"nofollow noopener noreferrer\">http:\/\/archives-lepost.huffingtonpost&#8230;<\/a><\/p>\n<p>6 &#8211; Operation Iraqi Freedom <a class=\"yt-simple-endpoint style-scope yt-formatted-string\" spellcheck=\"false\" href=\"https:\/\/www.youtube.com\/redirect?v=JQ4HLUdb_s8&amp;event=video_description&amp;q=http%3A%2F%2Fwww.independent.co.uk%2Fnews%2Fuk%2Fpolitics%2Ftony-blair-and-iraq-the-damning-evidence-8563133.html%23sthash.wMrOu601.dpuf&amp;redir_token=Kb6Ht13ZO4RIdRw1zVe9fBkL3oZ8MTU2MzI3NTEyNUAxNTYzMTg4NzI1\" target=\"_blank\" rel=\"nofollow noopener noreferrer\">http:\/\/www.independent.co.uk\/news\/uk\/&#8230;<\/a><\/p>\n<p>7 &#8211; Incident du Tonkin <a class=\"yt-simple-endpoint style-scope yt-formatted-string\" spellcheck=\"false\" href=\"https:\/\/www.youtube.com\/redirect?v=JQ4HLUdb_s8&amp;event=video_description&amp;q=http%3A%2F%2Fwww.nytimes.com%2F2010%2F07%2F15%2Fworld%2Fasia%2F15vietnam.html&amp;redir_token=Kb6Ht13ZO4RIdRw1zVe9fBkL3oZ8MTU2MzI3NTEyNUAxNTYzMTg4NzI1\" target=\"_blank\" rel=\"nofollow noopener noreferrer\">http:\/\/www.nytimes.com\/2010\/07\/15\/wor&#8230;<\/a> <a class=\"yt-simple-endpoint style-scope yt-formatted-string\" spellcheck=\"false\" href=\"https:\/\/www.youtube.com\/redirect?v=JQ4HLUdb_s8&amp;event=video_description&amp;q=http%3A%2F%2Fwww.nytimes.com%2F2005%2F10%2F31%2Fpolitics%2Fvietnam-study-castingdoubts-remains-secret.html&amp;redir_token=Kb6Ht13ZO4RIdRw1zVe9fBkL3oZ8MTU2MzI3NTEyNUAxNTYzMTg4NzI1\" target=\"_blank\" rel=\"nofollow noopener noreferrer\">http:\/\/www.nytimes.com\/2005\/10\/31\/pol&#8230;<\/a><\/p>\n<p>8 &#8211; Op\u00e9ration Gladio <a class=\"yt-simple-endpoint style-scope yt-formatted-string\" spellcheck=\"false\" href=\"https:\/\/www.youtube.com\/redirect?v=JQ4HLUdb_s8&amp;event=video_description&amp;q=http%3A%2F%2Fwww.globalresearch.ca%2Foperation-gladio-cia-network-of-stay-behind-secret-armies%2F9556&amp;redir_token=Kb6Ht13ZO4RIdRw1zVe9fBkL3oZ8MTU2MzI3NTEyNUAxNTYzMTg4NzI1\" target=\"_blank\" rel=\"nofollow noopener noreferrer\">http:\/\/www.globalresearch.ca\/operatio&#8230;<\/a><\/p>\n<p>9 &#8211; Op\u00e9ration Fast and Furious <a class=\"yt-simple-endpoint style-scope yt-formatted-string\" spellcheck=\"false\" href=\"https:\/\/www.youtube.com\/redirect?v=JQ4HLUdb_s8&amp;event=video_description&amp;q=http%3A%2F%2Fwww.cbsnews.com%2Fnews%2Fdocuments-atf-used-fast-and-furious-to-make-the-case-for-gun-regulations%2F&amp;redir_token=Kb6Ht13ZO4RIdRw1zVe9fBkL3oZ8MTU2MzI3NTEyNUAxNTYzMTg4NzI1\" target=\"_blank\" rel=\"nofollow noopener noreferrer\">http:\/\/www.cbsnews.com\/news\/documents&#8230;<\/a><\/p>\n<p>10 &#8211; Le pistolet cardiaque de la CIA <a class=\"yt-simple-endpoint style-scope yt-formatted-string\" spellcheck=\"false\" href=\"https:\/\/www.youtube.com\/watch?v=kkJ6lJqhuDM\">https:\/\/www.youtube.com\/watch?v=kkJ6l&#8230;<\/a><\/p>\n<p>2 livres int\u00e9ressants :<\/p>\n<p>\u25ba Les m\u00e9thodes manipulatrices des lobbies qui ont d\u00e9grad\u00e9 l&rsquo;Europe : <a class=\"yt-simple-endpoint style-scope yt-formatted-string\" spellcheck=\"false\" href=\"https:\/\/www.youtube.com\/redirect?v=JQ4HLUdb_s8&amp;event=video_description&amp;q=http%3A%2F%2Famzn.to%2F2sxXfd5&amp;redir_token=Kb6Ht13ZO4RIdRw1zVe9fBkL3oZ8MTU2MzI3NTEyNUAxNTYzMTg4NzI1\" target=\"_blank\" rel=\"nofollow noopener noreferrer\">http:\/\/amzn.to\/2sxXfd5<\/a><\/p>\n<p>\u25ba 56 haut-fonctionnaires fran\u00e7ais complices de criminels et terroristes : <a class=\"yt-simple-endpoint style-scope yt-formatted-string\" spellcheck=\"false\" href=\"https:\/\/www.youtube.com\/redirect?v=JQ4HLUdb_s8&amp;event=video_description&amp;q=http%3A%2F%2Famzn.to%2F2sndT0L&amp;redir_token=Kb6Ht13ZO4RIdRw1zVe9fBkL3oZ8MTU2MzI3NTEyNUAxNTYzMTg4NzI1\" target=\"_blank\" rel=\"nofollow noopener noreferrer\">http:\/\/amzn.to\/2sndT0L<\/a><\/p>\n<p>&nbsp;<\/p>\n<p style=\"text-align: center;\"><a href=\"https:\/\/fr.wikipedia.org\/wiki\/Th%C3%A9orie_du_complot\">Lien wikip\u00e9dia<\/a><\/p>\n<p>&nbsp;<\/p>\n<blockquote class=\"wp-embedded-content\" data-secret=\"YY0NiDi3KN\"><p><a href=\"https:\/\/oraziopuglisi.art\/index.php\/canope-et-lhistoire-du-complotisme\/\">Canop\u00e9 et l&rsquo;histoire du Complotisme<\/a><\/p><\/blockquote>\n<p><iframe loading=\"lazy\" class=\"wp-embedded-content\" sandbox=\"allow-scripts\" security=\"restricted\" style=\"position: absolute; visibility: hidden;\" title=\"\u00ab\u00a0Canop\u00e9 et l&rsquo;histoire du Complotisme\u00a0\u00bb &#8212; Orazio Puglisi\" src=\"https:\/\/oraziopuglisi.art\/index.php\/canope-et-lhistoire-du-complotisme\/embed\/#?secret=ZieZxdJGAS#?secret=YY0NiDi3KN\" data-secret=\"YY0NiDi3KN\" width=\"600\" height=\"338\" frameborder=\"0\" marginwidth=\"0\" marginheight=\"0\" scrolling=\"no\"><\/iframe><\/p>\n<p>&nbsp;<\/p>\n<p>&nbsp;<\/p>\n<p><iframe loading=\"lazy\" src=\"https:\/\/www.youtube.com\/embed\/DbB0RN09mcc\" width=\"644\" height=\"362\" frameborder=\"0\" allowfullscreen=\"allowfullscreen\"><\/iframe><br \/>\n<iframe loading=\"lazy\" src=\"https:\/\/www.youtube.com\/embed\/Sr1wRIcPN5Y\" width=\"644\" height=\"362\" frameborder=\"0\" allowfullscreen=\"allowfullscreen\"><\/iframe><\/p>\n<p><iframe loading=\"lazy\" src=\"https:\/\/www.youtube.com\/embed\/UvkhFpb7M7Y\" width=\"644\" height=\"362\" frameborder=\"0\" allowfullscreen=\"allowfullscreen\"><\/iframe><\/p>\n","protected":false},"excerpt":{"rendered":"<p>\u00a0 Faire un don par Qr Code Achetez mes livres\u00a0 &nbsp; &nbsp; Virement bancaire IBAN FR81 2004 1010 0820 6402 0P02 955 BIC PSSTFRPPMAR \u00a0 Orazio Puglisi 06 14 35 15 52 oraziopuglisi@gmail.com puglisiorazio@wanadoo.fr Lien Wikip\u00e9dia R\u00e9seau Canop\u00e9 Educsol &nbsp; 1 &#8211; Op\u00e9ration Ajax http:\/\/www.lalibre.be\/actu\/internatio&#8230; 2 &#8211; Op\u00e9ration Northwoods http:\/\/nsarchive.gwu.edu\/news\/2001043&#8230; Livre : Operation Northwoods: A [&hellip;]<\/p>\n","protected":false},"author":1,"featured_media":10918,"parent":0,"menu_order":0,"comment_status":"closed","ping_status":"closed","template":"","meta":{"footnotes":""},"class_list":["post-10601","page","type-page","status-publish","has-post-thumbnail","hentry"],"_links":{"self":[{"href":"https:\/\/oraziopuglisi.art\/index.php\/wp-json\/wp\/v2\/pages\/10601","targetHints":{"allow":["GET"]}}],"collection":[{"href":"https:\/\/oraziopuglisi.art\/index.php\/wp-json\/wp\/v2\/pages"}],"about":[{"href":"https:\/\/oraziopuglisi.art\/index.php\/wp-json\/wp\/v2\/types\/page"}],"author":[{"embeddable":true,"href":"https:\/\/oraziopuglisi.art\/index.php\/wp-json\/wp\/v2\/users\/1"}],"replies":[{"embeddable":true,"href":"https:\/\/oraziopuglisi.art\/index.php\/wp-json\/wp\/v2\/comments?post=10601"}],"version-history":[{"count":9,"href":"https:\/\/oraziopuglisi.art\/index.php\/wp-json\/wp\/v2\/pages\/10601\/revisions"}],"predecessor-version":[{"id":10919,"href":"https:\/\/oraziopuglisi.art\/index.php\/wp-json\/wp\/v2\/pages\/10601\/revisions\/10919"}],"wp:featuredmedia":[{"embeddable":true,"href":"https:\/\/oraziopuglisi.art\/index.php\/wp-json\/wp\/v2\/media\/10918"}],"wp:attachment":[{"href":"https:\/\/oraziopuglisi.art\/index.php\/wp-json\/wp\/v2\/media?parent=10601"}],"curies":[{"name":"wp","href":"https:\/\/api.w.org\/{rel}","templated":true}]}}