{"id":10435,"date":"2024-08-11T07:39:01","date_gmt":"2024-08-11T05:39:01","guid":{"rendered":"https:\/\/oraziopuglisi.art\/?page_id=10435"},"modified":"2026-04-11T07:46:04","modified_gmt":"2026-04-11T05:46:04","slug":"information","status":"publish","type":"page","link":"https:\/\/oraziopuglisi.art\/index.php\/information\/","title":{"rendered":"Information"},"content":{"rendered":"<blockquote class=\"wp-embedded-content\" data-secret=\"UbWXSx5FDd\"><p><a href=\"https:\/\/oraziopuglisi.art\/index.php\/le-journalisme\/\">Le Journalisme<\/a><\/p><\/blockquote>\n<p><iframe loading=\"lazy\" class=\"wp-embedded-content\" sandbox=\"allow-scripts\" security=\"restricted\" style=\"position: absolute; visibility: hidden;\" title=\"\u00ab\u00a0Le Journalisme\u00a0\u00bb &#8212; Orazio Puglisi\" src=\"https:\/\/oraziopuglisi.art\/index.php\/le-journalisme\/embed\/#?secret=iyhGCnkOvm#?secret=UbWXSx5FDd\" data-secret=\"UbWXSx5FDd\" width=\"600\" height=\"338\" frameborder=\"0\" marginwidth=\"0\" marginheight=\"0\" scrolling=\"no\"><\/iframe><\/p>\n<blockquote class=\"wp-embedded-content\" data-secret=\"Wz8RK1ivAS\"><p><a href=\"https:\/\/oraziopuglisi.art\/index.php\/les-lanceurs-dalerte\/\">Les Lanceurs d&rsquo;alerte<\/a><\/p><\/blockquote>\n<p><iframe loading=\"lazy\" class=\"wp-embedded-content\" sandbox=\"allow-scripts\" security=\"restricted\" style=\"position: absolute; visibility: hidden;\" title=\"\u00ab\u00a0Les Lanceurs d&rsquo;alerte\u00a0\u00bb &#8212; Orazio Puglisi\" src=\"https:\/\/oraziopuglisi.art\/index.php\/les-lanceurs-dalerte\/embed\/#?secret=pgJIGEvHt2#?secret=Wz8RK1ivAS\" data-secret=\"Wz8RK1ivAS\" width=\"600\" height=\"338\" frameborder=\"0\" marginwidth=\"0\" marginheight=\"0\" scrolling=\"no\"><\/iframe><\/p>\n<blockquote class=\"wp-embedded-content\" data-secret=\"dc4VT0XyNe\"><p><a href=\"https:\/\/oraziopuglisi.art\/index.php\/complot-pas-complot\/\">Complot pas Complot<\/a><\/p><\/blockquote>\n<p><iframe loading=\"lazy\" class=\"wp-embedded-content\" sandbox=\"allow-scripts\" security=\"restricted\" style=\"position: absolute; visibility: hidden;\" title=\"\u00ab\u00a0Complot pas Complot\u00a0\u00bb &#8212; Orazio Puglisi\" src=\"https:\/\/oraziopuglisi.art\/index.php\/complot-pas-complot\/embed\/#?secret=Wj8UI2MGtD#?secret=dc4VT0XyNe\" data-secret=\"dc4VT0XyNe\" width=\"600\" height=\"338\" frameborder=\"0\" marginwidth=\"0\" marginheight=\"0\" scrolling=\"no\"><\/iframe><\/p>\n<blockquote class=\"wp-embedded-content\" data-secret=\"y6e15H5ILJ\"><p><a href=\"https:\/\/oraziopuglisi.art\/index.php\/agences-et-organisations-internationales\/\">Agences et Organisations Internationales<\/a><\/p><\/blockquote>\n<p><iframe loading=\"lazy\" class=\"wp-embedded-content\" sandbox=\"allow-scripts\" security=\"restricted\" style=\"position: absolute; visibility: hidden;\" title=\"\u00ab\u00a0Agences et Organisations Internationales\u00a0\u00bb &#8212; Orazio Puglisi\" src=\"https:\/\/oraziopuglisi.art\/index.php\/agences-et-organisations-internationales\/embed\/#?secret=sleRaQPM1W#?secret=y6e15H5ILJ\" data-secret=\"y6e15H5ILJ\" width=\"600\" height=\"338\" frameborder=\"0\" marginwidth=\"0\" marginheight=\"0\" scrolling=\"no\"><\/iframe><\/p>\n<blockquote class=\"wp-embedded-content\" data-secret=\"y3Y8gSlwFp\"><p><a href=\"https:\/\/oraziopuglisi.art\/index.php\/petite-histoire-des-genocides\/\">Petite histoire des G\u00e9nocides<\/a><\/p><\/blockquote>\n<p><iframe loading=\"lazy\" class=\"wp-embedded-content\" sandbox=\"allow-scripts\" security=\"restricted\" style=\"position: absolute; visibility: hidden;\" title=\"\u00ab\u00a0Petite histoire des G\u00e9nocides\u00a0\u00bb &#8212; Orazio Puglisi\" src=\"https:\/\/oraziopuglisi.art\/index.php\/petite-histoire-des-genocides\/embed\/#?secret=JcQYFIB9D9#?secret=y3Y8gSlwFp\" data-secret=\"y3Y8gSlwFp\" width=\"600\" height=\"338\" frameborder=\"0\" marginwidth=\"0\" marginheight=\"0\" scrolling=\"no\"><\/iframe><\/p>\n<p>&nbsp;<\/p>\n<blockquote class=\"wp-embedded-content\" data-secret=\"WwUTNyC97M\"><p><a href=\"https:\/\/oraziopuglisi.art\/index.php\/la-question-de-la-democratie\/\">La question de la d\u00e9mocratie<\/a><\/p><\/blockquote>\n<p><iframe loading=\"lazy\" class=\"wp-embedded-content\" sandbox=\"allow-scripts\" security=\"restricted\" style=\"position: absolute; visibility: hidden;\" title=\"\u00ab\u00a0La question de la d\u00e9mocratie\u00a0\u00bb &#8212; Orazio Puglisi\" src=\"https:\/\/oraziopuglisi.art\/index.php\/la-question-de-la-democratie\/embed\/#?secret=A8fpMBWoxx#?secret=WwUTNyC97M\" data-secret=\"WwUTNyC97M\" width=\"600\" height=\"338\" frameborder=\"0\" marginwidth=\"0\" marginheight=\"0\" scrolling=\"no\"><\/iframe><\/p>\n<blockquote class=\"wp-embedded-content\" data-secret=\"Tk2mlRxSR9\"><p><a href=\"https:\/\/oraziopuglisi.art\/index.php\/le-negationnisme\/\">Le N\u00e9gationnisme<\/a><\/p><\/blockquote>\n<p><iframe loading=\"lazy\" class=\"wp-embedded-content\" sandbox=\"allow-scripts\" security=\"restricted\" style=\"position: absolute; visibility: hidden;\" title=\"\u00ab\u00a0Le N\u00e9gationnisme\u00a0\u00bb &#8212; Orazio Puglisi\" src=\"https:\/\/oraziopuglisi.art\/index.php\/le-negationnisme\/embed\/#?secret=KRKqVYKlbM#?secret=Tk2mlRxSR9\" data-secret=\"Tk2mlRxSR9\" width=\"600\" height=\"338\" frameborder=\"0\" marginwidth=\"0\" marginheight=\"0\" scrolling=\"no\"><\/iframe><\/p>\n<blockquote class=\"wp-embedded-content\" data-secret=\"5eNaTlT4lG\"><p><a href=\"https:\/\/oraziopuglisi.art\/index.php\/la-peine-de-mort\/\">La Peine de Mort<\/a><\/p><\/blockquote>\n<p><iframe loading=\"lazy\" class=\"wp-embedded-content\" sandbox=\"allow-scripts\" security=\"restricted\" style=\"position: absolute; visibility: hidden;\" title=\"\u00ab\u00a0La Peine de Mort\u00a0\u00bb &#8212; Orazio Puglisi\" src=\"https:\/\/oraziopuglisi.art\/index.php\/la-peine-de-mort\/embed\/#?secret=xGt9powYcq#?secret=5eNaTlT4lG\" data-secret=\"5eNaTlT4lG\" width=\"600\" height=\"338\" frameborder=\"0\" marginwidth=\"0\" marginheight=\"0\" scrolling=\"no\"><\/iframe><\/p>\n<p>&nbsp;<\/p>\n<blockquote class=\"wp-embedded-content\" data-secret=\"1MGRMTyB7i\"><p><a href=\"https:\/\/oraziopuglisi.art\/index.php\/le-feminisme\/\">Le F\u00e9minisme<\/a><\/p><\/blockquote>\n<p><iframe loading=\"lazy\" class=\"wp-embedded-content\" sandbox=\"allow-scripts\" security=\"restricted\" style=\"position: absolute; visibility: hidden;\" title=\"\u00ab\u00a0Le F\u00e9minisme\u00a0\u00bb &#8212; Orazio Puglisi\" src=\"https:\/\/oraziopuglisi.art\/index.php\/le-feminisme\/embed\/#?secret=C9QBb3ux6n#?secret=1MGRMTyB7i\" data-secret=\"1MGRMTyB7i\" width=\"600\" height=\"338\" frameborder=\"0\" marginwidth=\"0\" marginheight=\"0\" scrolling=\"no\"><\/iframe><\/p>\n<p>&nbsp;<\/p>\n<blockquote class=\"wp-embedded-content\" data-secret=\"K58NPH1OHA\"><p><a href=\"https:\/\/oraziopuglisi.art\/index.php\/le-feminisme-en-philosophie\/\">Le F\u00e9minisme en Philosophie<\/a><\/p><\/blockquote>\n<p><iframe loading=\"lazy\" class=\"wp-embedded-content\" sandbox=\"allow-scripts\" security=\"restricted\" style=\"position: absolute; visibility: hidden;\" title=\"\u00ab\u00a0Le F\u00e9minisme en Philosophie\u00a0\u00bb &#8212; Orazio Puglisi\" src=\"https:\/\/oraziopuglisi.art\/index.php\/le-feminisme-en-philosophie\/embed\/#?secret=TpCJDHJzQb#?secret=K58NPH1OHA\" data-secret=\"K58NPH1OHA\" width=\"600\" height=\"338\" frameborder=\"0\" marginwidth=\"0\" marginheight=\"0\" scrolling=\"no\"><\/iframe><\/p>\n<p>&nbsp;<\/p>\n<blockquote class=\"wp-embedded-content\" data-secret=\"E8N3ca2LSL\"><p><a href=\"https:\/\/oraziopuglisi.art\/index.php\/la-pma\/\">La Pma<\/a><\/p><\/blockquote>\n<p><iframe loading=\"lazy\" class=\"wp-embedded-content\" sandbox=\"allow-scripts\" security=\"restricted\" style=\"position: absolute; visibility: hidden;\" title=\"\u00ab\u00a0La Pma\u00a0\u00bb &#8212; Orazio Puglisi\" src=\"https:\/\/oraziopuglisi.art\/index.php\/la-pma\/embed\/#?secret=uRGJMwKIHb#?secret=E8N3ca2LSL\" data-secret=\"E8N3ca2LSL\" width=\"600\" height=\"338\" frameborder=\"0\" marginwidth=\"0\" marginheight=\"0\" scrolling=\"no\"><\/iframe><\/p>\n<p>&nbsp;<\/p>\n<blockquote class=\"wp-embedded-content\" data-secret=\"aoeKcxhZ2k\"><p><a href=\"https:\/\/oraziopuglisi.art\/index.php\/la-question-du-genre\/\">La Question du Genre<\/a><\/p><\/blockquote>\n<p><iframe loading=\"lazy\" class=\"wp-embedded-content\" sandbox=\"allow-scripts\" security=\"restricted\" style=\"position: absolute; visibility: hidden;\" title=\"\u00ab\u00a0La Question du Genre\u00a0\u00bb &#8212; Orazio Puglisi\" src=\"https:\/\/oraziopuglisi.art\/index.php\/la-question-du-genre\/embed\/#?secret=Th5s2lUKQC#?secret=aoeKcxhZ2k\" data-secret=\"aoeKcxhZ2k\" width=\"600\" height=\"338\" frameborder=\"0\" marginwidth=\"0\" marginheight=\"0\" scrolling=\"no\"><\/iframe><\/p>\n<p>&nbsp;<\/p>\n<blockquote class=\"wp-embedded-content\" data-secret=\"b9K9ijGhtm\"><p><a href=\"https:\/\/oraziopuglisi.art\/index.php\/la-question-lgbt\/\">La Question LGBT<\/a><\/p><\/blockquote>\n<p><iframe loading=\"lazy\" class=\"wp-embedded-content\" sandbox=\"allow-scripts\" security=\"restricted\" style=\"position: absolute; visibility: hidden;\" title=\"\u00ab\u00a0La Question LGBT\u00a0\u00bb &#8212; Orazio Puglisi\" src=\"https:\/\/oraziopuglisi.art\/index.php\/la-question-lgbt\/embed\/#?secret=siqM3LBugh#?secret=b9K9ijGhtm\" data-secret=\"b9K9ijGhtm\" width=\"600\" height=\"338\" frameborder=\"0\" marginwidth=\"0\" marginheight=\"0\" scrolling=\"no\"><\/iframe><\/p>\n<p>&nbsp;<\/p>\n<blockquote class=\"wp-embedded-content\" data-secret=\"SyCCFem1z6\"><p><a href=\"https:\/\/oraziopuglisi.art\/index.php\/les-femen\/\">Les Femen<\/a><\/p><\/blockquote>\n<p><iframe loading=\"lazy\" class=\"wp-embedded-content\" sandbox=\"allow-scripts\" security=\"restricted\" style=\"position: absolute; visibility: hidden;\" title=\"\u00ab\u00a0Les Femen\u00a0\u00bb &#8212; Orazio Puglisi\" src=\"https:\/\/oraziopuglisi.art\/index.php\/les-femen\/embed\/#?secret=UilQRV2KZZ#?secret=SyCCFem1z6\" data-secret=\"SyCCFem1z6\" width=\"600\" height=\"338\" frameborder=\"0\" marginwidth=\"0\" marginheight=\"0\" scrolling=\"no\"><\/iframe><\/p>\n<p>&nbsp;<\/p>\n<blockquote class=\"wp-embedded-content\" data-secret=\"gCJLeUCWTc\"><p><a href=\"https:\/\/oraziopuglisi.art\/index.php\/lavortement\/\">L&rsquo;avortement<\/a><\/p><\/blockquote>\n<p><iframe loading=\"lazy\" class=\"wp-embedded-content\" sandbox=\"allow-scripts\" security=\"restricted\" style=\"position: absolute; visibility: hidden;\" title=\"\u00ab\u00a0L&rsquo;avortement\u00a0\u00bb &#8212; Orazio Puglisi\" src=\"https:\/\/oraziopuglisi.art\/index.php\/lavortement\/embed\/#?secret=u1khJ1iZo1#?secret=gCJLeUCWTc\" data-secret=\"gCJLeUCWTc\" width=\"600\" height=\"338\" frameborder=\"0\" marginwidth=\"0\" marginheight=\"0\" scrolling=\"no\"><\/iframe><\/p>\n<p>&nbsp;<\/p>\n<blockquote class=\"wp-embedded-content\" data-secret=\"CaYrRF14MN\"><p><a href=\"https:\/\/oraziopuglisi.art\/index.php\/la-question-de-la-race\/\">La question de la Race<\/a><\/p><\/blockquote>\n<p><iframe loading=\"lazy\" class=\"wp-embedded-content\" sandbox=\"allow-scripts\" security=\"restricted\" style=\"position: absolute; visibility: hidden;\" title=\"\u00ab\u00a0La question de la Race\u00a0\u00bb &#8212; Orazio Puglisi\" src=\"https:\/\/oraziopuglisi.art\/index.php\/la-question-de-la-race\/embed\/#?secret=WIn2qjx6rb#?secret=CaYrRF14MN\" data-secret=\"CaYrRF14MN\" width=\"600\" height=\"338\" frameborder=\"0\" marginwidth=\"0\" marginheight=\"0\" scrolling=\"no\"><\/iframe><\/p>\n<p>&nbsp;<\/p>\n<p>&nbsp;<\/p>\n<blockquote class=\"wp-embedded-content\" data-secret=\"wTT5EwG24c\"><p><a href=\"https:\/\/oraziopuglisi.art\/index.php\/la-corruption\/\">La corruption<\/a><\/p><\/blockquote>\n<p><iframe loading=\"lazy\" class=\"wp-embedded-content\" sandbox=\"allow-scripts\" security=\"restricted\" style=\"position: absolute; visibility: hidden;\" title=\"\u00ab\u00a0La corruption\u00a0\u00bb &#8212; Orazio Puglisi\" src=\"https:\/\/oraziopuglisi.art\/index.php\/la-corruption\/embed\/#?secret=88sLsMj2NZ#?secret=wTT5EwG24c\" data-secret=\"wTT5EwG24c\" width=\"600\" height=\"338\" frameborder=\"0\" marginwidth=\"0\" marginheight=\"0\" scrolling=\"no\"><\/iframe><\/p>\n<p>&nbsp;<\/p>\n<p>&nbsp;<\/p>\n<blockquote class=\"wp-embedded-content\" data-secret=\"HdBLYaZvkp\"><p><a href=\"https:\/\/oraziopuglisi.art\/index.php\/la-question-du-mondialisme\/\">La question du Mondialisme<\/a><\/p><\/blockquote>\n<p><iframe loading=\"lazy\" class=\"wp-embedded-content\" sandbox=\"allow-scripts\" security=\"restricted\" style=\"position: absolute; visibility: hidden;\" title=\"\u00ab\u00a0La question du Mondialisme\u00a0\u00bb &#8212; Orazio Puglisi\" src=\"https:\/\/oraziopuglisi.art\/index.php\/la-question-du-mondialisme\/embed\/#?secret=iBN6Fv19Rc#?secret=HdBLYaZvkp\" data-secret=\"HdBLYaZvkp\" width=\"600\" height=\"338\" frameborder=\"0\" marginwidth=\"0\" marginheight=\"0\" scrolling=\"no\"><\/iframe><\/p>\n<p>&nbsp;<\/p>\n<blockquote class=\"wp-embedded-content\" data-secret=\"zufAmfaCgn\"><p><a href=\"https:\/\/oraziopuglisi.art\/index.php\/la-malfaisance-americaine\/\">La malfaisance am\u00e9ricaine<\/a><\/p><\/blockquote>\n<p><iframe loading=\"lazy\" class=\"wp-embedded-content\" sandbox=\"allow-scripts\" security=\"restricted\" style=\"position: absolute; visibility: hidden;\" title=\"\u00ab\u00a0La malfaisance am\u00e9ricaine\u00a0\u00bb &#8212; Orazio Puglisi\" src=\"https:\/\/oraziopuglisi.art\/index.php\/la-malfaisance-americaine\/embed\/#?secret=12ELMgjRfr#?secret=zufAmfaCgn\" data-secret=\"zufAmfaCgn\" width=\"600\" height=\"338\" frameborder=\"0\" marginwidth=\"0\" marginheight=\"0\" scrolling=\"no\"><\/iframe><\/p>\n<p>&nbsp;<\/p>\n<blockquote class=\"wp-embedded-content\" data-secret=\"sMcKuuDvmC\"><p><a href=\"https:\/\/oraziopuglisi.art\/index.php\/la-malfaisance-russe\/\">La malfaisance russe<\/a><\/p><\/blockquote>\n<p><iframe loading=\"lazy\" class=\"wp-embedded-content\" sandbox=\"allow-scripts\" security=\"restricted\" style=\"position: absolute; visibility: hidden;\" title=\"\u00ab\u00a0La malfaisance russe\u00a0\u00bb &#8212; Orazio Puglisi\" src=\"https:\/\/oraziopuglisi.art\/index.php\/la-malfaisance-russe\/embed\/#?secret=D0XluRWCAs#?secret=sMcKuuDvmC\" data-secret=\"sMcKuuDvmC\" width=\"600\" height=\"338\" frameborder=\"0\" marginwidth=\"0\" marginheight=\"0\" scrolling=\"no\"><\/iframe><\/p>\n<p>&nbsp;<\/p>\n<blockquote class=\"wp-embedded-content\" data-secret=\"M0Dg1NNF4C\"><p><a href=\"https:\/\/oraziopuglisi.art\/index.php\/la-franc-maconnerie\/\">La Franc Ma\u00e7onnerie<\/a><\/p><\/blockquote>\n<p><iframe loading=\"lazy\" class=\"wp-embedded-content\" sandbox=\"allow-scripts\" security=\"restricted\" style=\"position: absolute; visibility: hidden;\" title=\"\u00ab\u00a0La Franc Ma\u00e7onnerie\u00a0\u00bb &#8212; Orazio Puglisi\" src=\"https:\/\/oraziopuglisi.art\/index.php\/la-franc-maconnerie\/embed\/#?secret=fmteURZlyU#?secret=M0Dg1NNF4C\" data-secret=\"M0Dg1NNF4C\" width=\"600\" height=\"338\" frameborder=\"0\" marginwidth=\"0\" marginheight=\"0\" scrolling=\"no\"><\/iframe><\/p>\n<p>&nbsp;<\/p>\n<blockquote class=\"wp-embedded-content\" data-secret=\"9y9n1ca98C\"><p><a href=\"https:\/\/oraziopuglisi.art\/index.php\/les-societes-secretes\/\">Les Soci\u00e9t\u00e9s secr\u00e8tes<\/a><\/p><\/blockquote>\n<p><iframe loading=\"lazy\" class=\"wp-embedded-content\" sandbox=\"allow-scripts\" security=\"restricted\" style=\"position: absolute; visibility: hidden;\" title=\"\u00ab\u00a0Les Soci\u00e9t\u00e9s secr\u00e8tes\u00a0\u00bb &#8212; Orazio Puglisi\" src=\"https:\/\/oraziopuglisi.art\/index.php\/les-societes-secretes\/embed\/#?secret=9cOXbsdOYG#?secret=9y9n1ca98C\" data-secret=\"9y9n1ca98C\" width=\"600\" height=\"338\" frameborder=\"0\" marginwidth=\"0\" marginheight=\"0\" scrolling=\"no\"><\/iframe><\/p>\n<p>&nbsp;<\/p>\n<blockquote class=\"wp-embedded-content\" data-secret=\"QEiq3kwwFG\"><p><a href=\"https:\/\/oraziopuglisi.art\/index.php\/nos-elites-nous-trahissent\/\">Nos \u00e9lites nous trahissent<\/a><\/p><\/blockquote>\n<p><iframe loading=\"lazy\" class=\"wp-embedded-content\" sandbox=\"allow-scripts\" security=\"restricted\" style=\"position: absolute; visibility: hidden;\" title=\"\u00ab\u00a0Nos \u00e9lites nous trahissent\u00a0\u00bb &#8212; Orazio Puglisi\" src=\"https:\/\/oraziopuglisi.art\/index.php\/nos-elites-nous-trahissent\/embed\/#?secret=Y5zTWgNRcA#?secret=QEiq3kwwFG\" data-secret=\"QEiq3kwwFG\" width=\"600\" height=\"338\" frameborder=\"0\" marginwidth=\"0\" marginheight=\"0\" scrolling=\"no\"><\/iframe><\/p>\n<p>&nbsp;<\/p>\n<blockquote class=\"wp-embedded-content\" data-secret=\"Fch9LfDds3\"><p><a href=\"https:\/\/oraziopuglisi.art\/index.php\/letat-gaspille\/\">L&rsquo;\u00e9tat Gaspille<\/a><\/p><\/blockquote>\n<p><iframe loading=\"lazy\" class=\"wp-embedded-content\" sandbox=\"allow-scripts\" security=\"restricted\" style=\"position: absolute; visibility: hidden;\" title=\"\u00ab\u00a0L&rsquo;\u00e9tat Gaspille\u00a0\u00bb &#8212; Orazio Puglisi\" src=\"https:\/\/oraziopuglisi.art\/index.php\/letat-gaspille\/embed\/#?secret=yYf35DMBOs#?secret=Fch9LfDds3\" data-secret=\"Fch9LfDds3\" width=\"600\" height=\"338\" frameborder=\"0\" marginwidth=\"0\" marginheight=\"0\" scrolling=\"no\"><\/iframe><\/p>\n<p>&nbsp;<\/p>\n<blockquote class=\"wp-embedded-content\" data-secret=\"WqkPFSml17\"><p><a href=\"https:\/\/oraziopuglisi.art\/index.php\/ils-nous-coutent-cher\/\">Ils nous co\u00fbtent cher<\/a><\/p><\/blockquote>\n<p><iframe loading=\"lazy\" class=\"wp-embedded-content\" sandbox=\"allow-scripts\" security=\"restricted\" style=\"position: absolute; visibility: hidden;\" title=\"\u00ab\u00a0Ils nous co\u00fbtent cher\u00a0\u00bb &#8212; Orazio Puglisi\" src=\"https:\/\/oraziopuglisi.art\/index.php\/ils-nous-coutent-cher\/embed\/#?secret=eBFFmcPuf5#?secret=WqkPFSml17\" data-secret=\"WqkPFSml17\" width=\"600\" height=\"338\" frameborder=\"0\" marginwidth=\"0\" marginheight=\"0\" scrolling=\"no\"><\/iframe><\/p>\n<p>&nbsp;<\/p>\n<blockquote class=\"wp-embedded-content\" data-secret=\"vFH0Wbj1Nm\"><p><a href=\"https:\/\/oraziopuglisi.art\/index.php\/nos-dirigeants-nous-trahissent\/\">Nos dirigeants nous trahissent<\/a><\/p><\/blockquote>\n<p><iframe loading=\"lazy\" class=\"wp-embedded-content\" sandbox=\"allow-scripts\" security=\"restricted\" style=\"position: absolute; visibility: hidden;\" title=\"\u00ab\u00a0Nos dirigeants nous trahissent\u00a0\u00bb &#8212; Orazio Puglisi\" src=\"https:\/\/oraziopuglisi.art\/index.php\/nos-dirigeants-nous-trahissent\/embed\/#?secret=yIYH29J1Wb#?secret=vFH0Wbj1Nm\" data-secret=\"vFH0Wbj1Nm\" width=\"600\" height=\"338\" frameborder=\"0\" marginwidth=\"0\" marginheight=\"0\" scrolling=\"no\"><\/iframe><\/p>\n<p>&nbsp;<\/p>\n<blockquote class=\"wp-embedded-content\" data-secret=\"UUg9unUUue\"><p><a href=\"https:\/\/oraziopuglisi.art\/index.php\/la-question-juive\/\">La Question Juive<\/a><\/p><\/blockquote>\n<p><iframe loading=\"lazy\" class=\"wp-embedded-content\" sandbox=\"allow-scripts\" security=\"restricted\" style=\"position: absolute; visibility: hidden;\" title=\"\u00ab\u00a0La Question Juive\u00a0\u00bb &#8212; Orazio Puglisi\" src=\"https:\/\/oraziopuglisi.art\/index.php\/la-question-juive\/embed\/#?secret=Im9gHZvAeM#?secret=UUg9unUUue\" data-secret=\"UUg9unUUue\" width=\"600\" height=\"338\" frameborder=\"0\" marginwidth=\"0\" marginheight=\"0\" scrolling=\"no\"><\/iframe><\/p>\n<blockquote class=\"wp-embedded-content\" data-secret=\"5tyTi18uwU\"><p><a href=\"https:\/\/oraziopuglisi.art\/index.php\/les-penseurs-contemporains\/\">Les penseurs contemporains<\/a><\/p><\/blockquote>\n<p><iframe loading=\"lazy\" class=\"wp-embedded-content\" sandbox=\"allow-scripts\" security=\"restricted\" style=\"position: absolute; visibility: hidden;\" title=\"\u00ab\u00a0Les penseurs contemporains\u00a0\u00bb &#8212; Orazio Puglisi\" src=\"https:\/\/oraziopuglisi.art\/index.php\/les-penseurs-contemporains\/embed\/#?secret=rzknafG3lY#?secret=5tyTi18uwU\" data-secret=\"5tyTi18uwU\" width=\"600\" height=\"338\" frameborder=\"0\" marginwidth=\"0\" marginheight=\"0\" scrolling=\"no\"><\/iframe><\/p>\n<blockquote class=\"wp-embedded-content\" data-secret=\"2bX3w9D257\"><p><a href=\"https:\/\/oraziopuglisi.art\/index.php\/la-finance-internationale\/\">La Finance Internationale<\/a><\/p><\/blockquote>\n<p><iframe loading=\"lazy\" class=\"wp-embedded-content\" sandbox=\"allow-scripts\" security=\"restricted\" style=\"position: absolute; visibility: hidden;\" title=\"\u00ab\u00a0La Finance Internationale\u00a0\u00bb &#8212; Orazio Puglisi\" src=\"https:\/\/oraziopuglisi.art\/index.php\/la-finance-internationale\/embed\/#?secret=fLL1aTTKBC#?secret=2bX3w9D257\" data-secret=\"2bX3w9D257\" width=\"600\" height=\"338\" frameborder=\"0\" marginwidth=\"0\" marginheight=\"0\" scrolling=\"no\"><\/iframe><\/p>\n<blockquote class=\"wp-embedded-content\" data-secret=\"CBv3RY8MCR\"><p><a href=\"https:\/\/oraziopuglisi.art\/index.php\/la-question-de-la-monnaie\/\">La question de la monnaie<\/a><\/p><\/blockquote>\n<p><iframe loading=\"lazy\" class=\"wp-embedded-content\" sandbox=\"allow-scripts\" security=\"restricted\" style=\"position: absolute; visibility: hidden;\" title=\"\u00ab\u00a0La question de la monnaie\u00a0\u00bb &#8212; Orazio Puglisi\" src=\"https:\/\/oraziopuglisi.art\/index.php\/la-question-de-la-monnaie\/embed\/#?secret=Pha4L6KEow#?secret=CBv3RY8MCR\" data-secret=\"CBv3RY8MCR\" width=\"600\" height=\"338\" frameborder=\"0\" marginwidth=\"0\" marginheight=\"0\" scrolling=\"no\"><\/iframe><\/p>\n<blockquote class=\"wp-embedded-content\" data-secret=\"k7PG3mVmB1\"><p><a href=\"https:\/\/oraziopuglisi.art\/index.php\/la-pedocriminalite\/\">La p\u00e9docriminalit\u00e9<\/a><\/p><\/blockquote>\n<p><iframe loading=\"lazy\" class=\"wp-embedded-content\" sandbox=\"allow-scripts\" security=\"restricted\" style=\"position: absolute; visibility: hidden;\" title=\"\u00ab\u00a0La p\u00e9docriminalit\u00e9\u00a0\u00bb &#8212; Orazio Puglisi\" src=\"https:\/\/oraziopuglisi.art\/index.php\/la-pedocriminalite\/embed\/#?secret=6V9JAngQ9P#?secret=k7PG3mVmB1\" data-secret=\"k7PG3mVmB1\" width=\"600\" height=\"338\" frameborder=\"0\" marginwidth=\"0\" marginheight=\"0\" scrolling=\"no\"><\/iframe><\/p>\n<blockquote class=\"wp-embedded-content\" data-secret=\"Pir6u3CYV8\"><p><a href=\"https:\/\/oraziopuglisi.art\/index.php\/la-question-de-lhistoricite-du-christ\/\">La Question de l&rsquo;Historicit\u00e9 du Christ<\/a><\/p><\/blockquote>\n<p><iframe loading=\"lazy\" class=\"wp-embedded-content\" sandbox=\"allow-scripts\" security=\"restricted\" style=\"position: absolute; visibility: hidden;\" title=\"\u00ab\u00a0La Question de l&rsquo;Historicit\u00e9 du Christ\u00a0\u00bb &#8212; Orazio Puglisi\" src=\"https:\/\/oraziopuglisi.art\/index.php\/la-question-de-lhistoricite-du-christ\/embed\/#?secret=Z3gsJRYm0y#?secret=Pir6u3CYV8\" data-secret=\"Pir6u3CYV8\" width=\"600\" height=\"338\" frameborder=\"0\" marginwidth=\"0\" marginheight=\"0\" scrolling=\"no\"><\/iframe><\/p>\n<p>&nbsp;<\/p>\n<blockquote class=\"wp-embedded-content\" data-secret=\"pWzX81Z0P9\"><p><a href=\"https:\/\/oraziopuglisi.art\/index.php\/la-france-dans-le-chaos-du-monde\/\">La France dans le chaos du monde<\/a><\/p><\/blockquote>\n<p><iframe loading=\"lazy\" class=\"wp-embedded-content\" sandbox=\"allow-scripts\" security=\"restricted\" style=\"position: absolute; visibility: hidden;\" title=\"\u00ab\u00a0La France dans le chaos du monde\u00a0\u00bb &#8212; Orazio Puglisi\" src=\"https:\/\/oraziopuglisi.art\/index.php\/la-france-dans-le-chaos-du-monde\/embed\/#?secret=B5vepuBaMj#?secret=pWzX81Z0P9\" data-secret=\"pWzX81Z0P9\" width=\"600\" height=\"338\" frameborder=\"0\" marginwidth=\"0\" marginheight=\"0\" scrolling=\"no\"><\/iframe><\/p>\n","protected":false},"excerpt":{"rendered":"<p>Le Journalisme Les Lanceurs d&rsquo;alerte Complot pas Complot Agences et Organisations Internationales Petite histoire des G\u00e9nocides &nbsp; La question de la d\u00e9mocratie Le N\u00e9gationnisme La Peine de Mort &nbsp; Le F\u00e9minisme &nbsp; Le F\u00e9minisme en Philosophie &nbsp; La Pma &nbsp; La Question du Genre &nbsp; La Question LGBT &nbsp; Les Femen &nbsp; L&rsquo;avortement &nbsp; La [&hellip;]<\/p>\n","protected":false},"author":1,"featured_media":10453,"parent":0,"menu_order":0,"comment_status":"closed","ping_status":"closed","template":"","meta":{"footnotes":""},"class_list":["post-10435","page","type-page","status-publish","has-post-thumbnail","hentry"],"_links":{"self":[{"href":"https:\/\/oraziopuglisi.art\/index.php\/wp-json\/wp\/v2\/pages\/10435","targetHints":{"allow":["GET"]}}],"collection":[{"href":"https:\/\/oraziopuglisi.art\/index.php\/wp-json\/wp\/v2\/pages"}],"about":[{"href":"https:\/\/oraziopuglisi.art\/index.php\/wp-json\/wp\/v2\/types\/page"}],"author":[{"embeddable":true,"href":"https:\/\/oraziopuglisi.art\/index.php\/wp-json\/wp\/v2\/users\/1"}],"replies":[{"embeddable":true,"href":"https:\/\/oraziopuglisi.art\/index.php\/wp-json\/wp\/v2\/comments?post=10435"}],"version-history":[{"count":11,"href":"https:\/\/oraziopuglisi.art\/index.php\/wp-json\/wp\/v2\/pages\/10435\/revisions"}],"predecessor-version":[{"id":22642,"href":"https:\/\/oraziopuglisi.art\/index.php\/wp-json\/wp\/v2\/pages\/10435\/revisions\/22642"}],"wp:featuredmedia":[{"embeddable":true,"href":"https:\/\/oraziopuglisi.art\/index.php\/wp-json\/wp\/v2\/media\/10453"}],"wp:attachment":[{"href":"https:\/\/oraziopuglisi.art\/index.php\/wp-json\/wp\/v2\/media?parent=10435"}],"curies":[{"name":"wp","href":"https:\/\/api.w.org\/{rel}","templated":true}]}}