{"id":10104,"date":"2024-08-06T11:12:04","date_gmt":"2024-08-06T09:12:04","guid":{"rendered":"https:\/\/oraziopuglisi.art\/?page_id=10104"},"modified":"2024-08-06T11:24:08","modified_gmt":"2024-08-06T09:24:08","slug":"le-moyen-age","status":"publish","type":"page","link":"https:\/\/oraziopuglisi.art\/index.php\/le-moyen-age\/","title":{"rendered":"Le Moyen Age"},"content":{"rendered":"<h3 style=\"text-align: justify;\"><span id=\"Moyen_\u00c2ge\" class=\"mw-headline\">Moyen \u00c2ge<\/span><\/h3>\n<div class=\"thumb tright\" style=\"text-align: justify;\">\n<div class=\"thumbinner\">\n<a class=\"image\" href=\"https:\/\/commons.wikimedia.org\/wiki\/File:Meister_der_Schule_von_Nowgorod_002.jpg?uselang=fr\"><img loading=\"lazy\" decoding=\"async\" class=\"thumbimage\" src=\"https:\/\/upload.wikimedia.org\/wikipedia\/commons\/thumb\/3\/3b\/Meister_der_Schule_von_Nowgorod_002.jpg\/170px-Meister_der_Schule_von_Nowgorod_002.jpg\" srcset=\"\/\/upload.wikimedia.org\/wikipedia\/commons\/thumb\/3\/3b\/Meister_der_Schule_von_Nowgorod_002.jpg\/255px-Meister_der_Schule_von_Nowgorod_002.jpg 1.5x, \/\/upload.wikimedia.org\/wikipedia\/commons\/thumb\/3\/3b\/Meister_der_Schule_von_Nowgorod_002.jpg\/340px-Meister_der_Schule_von_Nowgorod_002.jpg 2x\" alt=\"\" width=\"170\" height=\"214\" data-file-width=\"2024\" data-file-height=\"2543\" \/><\/a><\/p>\n<div class=\"thumbcaption\">\n<div class=\"magnify\"><\/div>\n<p><i><a title=\"Crucifixion\" href=\"https:\/\/fr.wikipedia.org\/wiki\/Crucifixion\">Crucifixion<\/a><\/i>, art byzantin,\u00a0<abbr class=\"abbr\" title=\"14\u1d49 si\u00e8cle\"><span class=\"romain\">xiv<\/span><sup>e<\/sup><\/abbr>\u00a0si\u00e8cle.<\/p>\n<\/div>\n<\/div>\n<\/div>\n<p style=\"text-align: justify;\">L\u2019av\u00e8nement du\u00a0<a title=\"Christianisme\" href=\"https:\/\/fr.wikipedia.org\/wiki\/Christianisme\">christianisme<\/a>\u00a0s\u2019est accompagn\u00e9 d\u2019un changement d\u2019\u00e9tat d\u2019esprit qui a influenc\u00e9 les styles de peinture. Au\u00a0<a title=\"VIe si\u00e8cle\" href=\"https:\/\/fr.wikipedia.org\/wiki\/VIe_si%C3%A8cle\"><abbr class=\"abbr\" title=\"6\u1d49 si\u00e8cle\"><span class=\"romain\">vi<\/span><sup>e<\/sup><\/abbr>\u00a0si\u00e8cle<\/a>, l\u2019<a title=\"Art byzantin\" href=\"https:\/\/fr.wikipedia.org\/wiki\/Art_byzantin\">art byzantin<\/a>\u00a0a mis l\u2019accent sur l\u2019<a title=\"Iconographie\" href=\"https:\/\/fr.wikipedia.org\/wiki\/Iconographie\">iconographie<\/a>\u00a0traditionnelle, influenc\u00e9e par la peinture d\u2019<a title=\"Ic\u00f4ne (religion)\" href=\"https:\/\/fr.wikipedia.org\/wiki\/Ic%C3%B4ne_(religion)\">ic\u00f4nes<\/a>\u00a0grecque et russe\u00a0<a title=\"Christianisme orthodoxe\" href=\"https:\/\/fr.wikipedia.org\/wiki\/Christianisme_orthodoxe\">orthodoxe<\/a>, et il a relativement peu chang\u00e9 au cours des mille ans de l\u2019<a title=\"Empire byzantin\" href=\"https:\/\/fr.wikipedia.org\/wiki\/Empire_byzantin\">empire byzantin<\/a>. On trouvait \u00e9galement de nombreuses et de\u00a0<a title=\"Fresque\" href=\"https:\/\/fr.wikipedia.org\/wiki\/Fresque\">fresques<\/a>, mais peu d\u2019entre elles ont surv\u00e9cu contrairement aux\u00a0<a class=\"mw-redirect\" title=\"Mosa\u00efque (art)\" href=\"https:\/\/fr.wikipedia.org\/wiki\/Mosa%C3%AFque_(art)\">mosa\u00efques<\/a>\u00a0byzantines. En g\u00e9n\u00e9ral, l\u2019art de Byzance reposait sur l\u2019abstraction et la stylisation des figures et du paysage. Toutefois, pendant certaines p\u00e9riodes, en particulier au\u00a0<a title=\"Xe si\u00e8cle\" href=\"https:\/\/fr.wikipedia.org\/wiki\/Xe_si%C3%A8cle\"><abbr class=\"abbr\" title=\"10\u1d49 si\u00e8cle\"><span class=\"romain\">x<\/span><sup>e<\/sup><\/abbr>\u00a0si\u00e8cle<\/a>\u00a0avec l\u2019<a class=\"new\" title=\"Art mac\u00e9donien (page inexistante)\" href=\"https:\/\/fr.wikipedia.org\/w\/index.php?title=Art_mac%C3%A9donien&amp;action=edit&amp;redlink=1\">art mac\u00e9donien<\/a>, l\u2019art byzantin est devenu plus flexible dans son approche.<\/p>\n<div class=\"thumb tleft\" style=\"text-align: justify;\">\n<div class=\"thumbinner\">\n<a class=\"image\" href=\"https:\/\/commons.wikimedia.org\/wiki\/File:Hastings_book_of_the_hours.jpg?uselang=fr\"><img loading=\"lazy\" decoding=\"async\" class=\"thumbimage\" src=\"https:\/\/upload.wikimedia.org\/wikipedia\/commons\/thumb\/d\/d1\/Hastings_book_of_the_hours.jpg\/170px-Hastings_book_of_the_hours.jpg\" srcset=\"\/\/upload.wikimedia.org\/wikipedia\/commons\/thumb\/d\/d1\/Hastings_book_of_the_hours.jpg\/255px-Hastings_book_of_the_hours.jpg 1.5x, \/\/upload.wikimedia.org\/wikipedia\/commons\/thumb\/d\/d1\/Hastings_book_of_the_hours.jpg\/340px-Hastings_book_of_the_hours.jpg 2x\" alt=\"\" width=\"170\" height=\"234\" data-file-width=\"2052\" data-file-height=\"2824\" \/><\/a><\/p>\n<div class=\"thumbcaption\">\n<div class=\"magnify\"><\/div>\n<p>extrait du\u00a0<a title=\"Livre d'heures\" href=\"https:\/\/fr.wikipedia.org\/wiki\/Livre_d%27heures\">Livre d&rsquo;heures<\/a>\n<\/div>\n<\/div>\n<\/div>\n<p style=\"text-align: justify;\">Dans l\u2019Europe du\u00a0<a title=\"Moyen \u00c2ge\" href=\"https:\/\/fr.wikipedia.org\/wiki\/Moyen_%C3%82ge\">Moyen \u00c2ge<\/a>, la premi\u00e8re forme d\u2019art et de peinture \u00e0 \u00e9merger fut l\u2019<a title=\"Art anglo-saxon\" href=\"https:\/\/fr.wikipedia.org\/wiki\/Art_anglo-saxon\">art anglo-saxon<\/a>\u00a0dont les seuls exemples survivants sont des\u00a0<a title=\"Enluminure\" href=\"https:\/\/fr.wikipedia.org\/wiki\/Enluminure\">manuscrits enlumin\u00e9s<\/a>\u00a0tels que le\u00a0<a title=\"Livre de Kells\" href=\"https:\/\/fr.wikipedia.org\/wiki\/Livre_de_Kells\">livre de Kells<\/a>. Elles sont c\u00e9l\u00e8bres pour leur d\u00e9coration abstraite, m\u00eame si des portraits et parfois des sc\u00e8nes sont \u00e9galement d\u00e9peints, particuli\u00e8rement des portraits d\u2019<a title=\"\u00c9vang\u00e9lisme\" href=\"https:\/\/fr.wikipedia.org\/wiki\/%C3%89vang%C3%A9lisme\">\u00e9vang\u00e9liste<\/a>. L\u2019<a title=\"Art carolingien\" href=\"https:\/\/fr.wikipedia.org\/wiki\/Art_carolingien\">art carolingien<\/a>\u00a0et\u00a0<a title=\"Otton Ier (empereur du Saint-Empire)\" href=\"https:\/\/fr.wikipedia.org\/wiki\/Otton_Ier_(empereur_du_Saint-Empire)\">othonien<\/a>\u00a0sont \u00e9galement principalement connus par les manuscrits, m\u00eame si certaines peintures murales demeurent. Durant cette p\u00e9riode, la peinture m\u00eale les influences insulaires et \u00ab\u00a0barbares\u00a0\u00bb, ainsi qu\u2019une forte influence byzantine.<\/p>\n<p style=\"text-align: justify;\">Les murs des \u00e9glises\u00a0<a title=\"Art roman\" href=\"https:\/\/fr.wikipedia.org\/wiki\/Art_roman\">romanes<\/a>\u00a0et\u00a0<a title=\"Art gothique\" href=\"https:\/\/fr.wikipedia.org\/wiki\/Art_gothique\">gothiques<\/a>\u00a0\u00e9taient d\u00e9cor\u00e9s de\u00a0<a title=\"Fresque\" href=\"https:\/\/fr.wikipedia.org\/wiki\/Fresque\">fresques<\/a>\u00a0ou de sculptures. Les quelques murs restants ont une grande intensit\u00e9 et combinent l\u2019\u00e9nergie d\u00e9corative de l\u2019<a title=\"Art celte\" href=\"https:\/\/fr.wikipedia.org\/wiki\/Art_celte\">art celte<\/a>\u00a0avec un nouveau traitement des personnages.<\/p>\n<div class=\"thumb tright\" style=\"text-align: justify;\">\n<div class=\"thumbinner\">\n<a class=\"image\" href=\"https:\/\/commons.wikimedia.org\/wiki\/File:Giotto_di_Bondone_014.jpg?uselang=fr\"><img loading=\"lazy\" decoding=\"async\" class=\"thumbimage\" src=\"https:\/\/upload.wikimedia.org\/wikipedia\/commons\/thumb\/4\/4f\/Giotto_di_Bondone_014.jpg\/170px-Giotto_di_Bondone_014.jpg\" srcset=\"\/\/upload.wikimedia.org\/wikipedia\/commons\/thumb\/4\/4f\/Giotto_di_Bondone_014.jpg\/255px-Giotto_di_Bondone_014.jpg 1.5x, \/\/upload.wikimedia.org\/wikipedia\/commons\/thumb\/4\/4f\/Giotto_di_Bondone_014.jpg\/340px-Giotto_di_Bondone_014.jpg 2x\" alt=\"\" width=\"170\" height=\"206\" data-file-width=\"2024\" data-file-height=\"2457\" \/><\/a><\/p>\n<div class=\"thumbcaption\">\n<div class=\"magnify\"><\/div>\n<p>D\u00e9tail d\u2019une\u00a0<a title=\"Fresque\" href=\"https:\/\/fr.wikipedia.org\/wiki\/Fresque\">fresque<\/a>\u00a0de\u00a0<a title=\"Giotto di Bondone\" href=\"https:\/\/fr.wikipedia.org\/wiki\/Giotto_di_Bondone\">Giotto di Bondone<\/a>\u00a0(1304-1306).<\/p>\n<\/div>\n<\/div>\n<\/div>\n<p style=\"text-align: justify;\">La peinture sur panneaux de bois s\u2019est r\u00e9pandue \u00e0 l\u2019\u00e9poque romane, sous l\u2019influence de la peinture d\u2019ic\u00f4nes byzantine. Vers le milieu du\u00a0<a title=\"XIIIe si\u00e8cle\" href=\"https:\/\/fr.wikipedia.org\/wiki\/XIIIe_si%C3%A8cle\"><abbr class=\"abbr\" title=\"13\u1d49 si\u00e8cle\"><span class=\"romain\">xiii<\/span><sup>e<\/sup><\/abbr>\u00a0si\u00e8cle<\/a>, l\u2019<a title=\"Art m\u00e9di\u00e9val\" href=\"https:\/\/fr.wikipedia.org\/wiki\/Art_m%C3%A9di%C3%A9val\">art m\u00e9di\u00e9val<\/a>\u00a0et la\u00a0<a title=\"Peinture gothique\" href=\"https:\/\/fr.wikipedia.org\/wiki\/Peinture_gothique\">peinture gothique<\/a>\u00a0sont devenus plus r\u00e9alistes, avec un d\u00e9but d\u2019int\u00e9r\u00eat pour la repr\u00e9sentation des volumes et de la perspective, en\u00a0<a title=\"Italie\" href=\"https:\/\/fr.wikipedia.org\/wiki\/Italie\">Italie<\/a>\u00a0avec\u00a0<a title=\"Cimabue\" href=\"https:\/\/fr.wikipedia.org\/wiki\/Cimabue\">Cimabue<\/a>\u00a0puis son pupille\u00a0<a title=\"Giotto di Bondone\" href=\"https:\/\/fr.wikipedia.org\/wiki\/Giotto_di_Bondone\">Giotto di Bondone<\/a>. Avec Giotto, le traitement de la\u00a0<a title=\"Composition picturale\" href=\"https:\/\/fr.wikipedia.org\/wiki\/Composition_picturale\">composition<\/a>\u00a0par les meilleurs peintres est devenu beaucoup plus libre et innovateur. Giotto et Cimabue sont consid\u00e9r\u00e9s comme les deux grands ma\u00eetres de la peinture m\u00e9di\u00e9vale dans la culture occidentale. Cimabue, dans la tradition byzantine, avait une approche plus r\u00e9aliste et plus dramatique de son art, alors que Giotto a d\u00e9velopp\u00e9 ces innovations \u00e0 un plus haut niveau ce qui a d\u2019ailleurs jet\u00e9 les bases de la peinture classique occidentale. Les deux artistes \u00e9taient donc les pionniers du\u00a0<a title=\"Naturalisme (peinture)\" href=\"https:\/\/fr.wikipedia.org\/wiki\/Naturalisme_(peinture)\">naturalisme<\/a>.<\/p>\n<p style=\"text-align: justify;\">Les \u00e9glises ont \u00e9t\u00e9 construites avec de plus en plus de fen\u00eatres et l\u2019utilisation du\u00a0<a title=\"Vitrail\" href=\"https:\/\/fr.wikipedia.org\/wiki\/Vitrail\">vitrail<\/a>\u00a0s\u2019est r\u00e9pandue comme moyen de d\u00e9coration. Un des exemples les plus c\u00e9l\u00e8bres est la\u00a0<a title=\"Cath\u00e9drale Notre-Dame de Chartres\" href=\"https:\/\/fr.wikipedia.org\/wiki\/Cath%C3%A9drale_Notre-Dame_de_Chartres\">cath\u00e9drale Notre-Dame de Chartres<\/a>. Au\u00a0<a title=\"XIVe si\u00e8cle\" href=\"https:\/\/fr.wikipedia.org\/wiki\/XIVe_si%C3%A8cle\"><abbr class=\"abbr\" title=\"14\u1d49 si\u00e8cle\"><span class=\"romain\">xiv<\/span><sup>e<\/sup><\/abbr>\u00a0si\u00e8cle<\/a>, les soci\u00e9t\u00e9s occidentales \u00e9taient plus riches et plus cultiv\u00e9es et les peintres ont trouv\u00e9 de nouveaux d\u00e9bouch\u00e9s aupr\u00e8s de la\u00a0<a title=\"Noblesse\" href=\"https:\/\/fr.wikipedia.org\/wiki\/Noblesse\">noblesse<\/a>\u00a0et la\u00a0<a title=\"Bourgeoisie\" href=\"https:\/\/fr.wikipedia.org\/wiki\/Bourgeoisie\">bourgeoisie<\/a>. Les enluminures ont pris un nouveau caract\u00e8re, les femmes de la Cour, habill\u00e9es \u00e0 la mode, ont \u00e9t\u00e9 repr\u00e9sent\u00e9es dans leur environnement. Ce style est rapidement devenu un mod\u00e8le international et les peintures de panneau en\u00a0<a title=\"Tempera\" href=\"https:\/\/fr.wikipedia.org\/wiki\/Tempera\">tempera<\/a>\u00a0ainsi que les\u00a0<a title=\"Retable\" href=\"https:\/\/fr.wikipedia.org\/wiki\/Retable\">retables<\/a>\u00a0ont gagn\u00e9 en importance.<\/p>\n","protected":false},"excerpt":{"rendered":"<p>Moyen \u00c2ge Crucifixion, art byzantin,\u00a0xive\u00a0si\u00e8cle. L\u2019av\u00e8nement du\u00a0christianisme\u00a0s\u2019est accompagn\u00e9 d\u2019un changement d\u2019\u00e9tat d\u2019esprit qui a influenc\u00e9 les styles de peinture. Au\u00a0vie\u00a0si\u00e8cle, l\u2019art byzantin\u00a0a mis l\u2019accent sur l\u2019iconographie\u00a0traditionnelle, influenc\u00e9e par la peinture d\u2019ic\u00f4nes\u00a0grecque et russe\u00a0orthodoxe, et il a relativement peu chang\u00e9 au cours des mille ans de l\u2019empire byzantin. On trouvait \u00e9galement de nombreuses et de\u00a0fresques, mais [&hellip;]<\/p>\n","protected":false},"author":1,"featured_media":10111,"parent":0,"menu_order":0,"comment_status":"closed","ping_status":"closed","template":"","meta":{"footnotes":""},"class_list":["post-10104","page","type-page","status-publish","has-post-thumbnail","hentry"],"_links":{"self":[{"href":"https:\/\/oraziopuglisi.art\/index.php\/wp-json\/wp\/v2\/pages\/10104","targetHints":{"allow":["GET"]}}],"collection":[{"href":"https:\/\/oraziopuglisi.art\/index.php\/wp-json\/wp\/v2\/pages"}],"about":[{"href":"https:\/\/oraziopuglisi.art\/index.php\/wp-json\/wp\/v2\/types\/page"}],"author":[{"embeddable":true,"href":"https:\/\/oraziopuglisi.art\/index.php\/wp-json\/wp\/v2\/users\/1"}],"replies":[{"embeddable":true,"href":"https:\/\/oraziopuglisi.art\/index.php\/wp-json\/wp\/v2\/comments?post=10104"}],"version-history":[{"count":2,"href":"https:\/\/oraziopuglisi.art\/index.php\/wp-json\/wp\/v2\/pages\/10104\/revisions"}],"predecessor-version":[{"id":10110,"href":"https:\/\/oraziopuglisi.art\/index.php\/wp-json\/wp\/v2\/pages\/10104\/revisions\/10110"}],"wp:featuredmedia":[{"embeddable":true,"href":"https:\/\/oraziopuglisi.art\/index.php\/wp-json\/wp\/v2\/media\/10111"}],"wp:attachment":[{"href":"https:\/\/oraziopuglisi.art\/index.php\/wp-json\/wp\/v2\/media?parent=10104"}],"curies":[{"name":"wp","href":"https:\/\/api.w.org\/{rel}","templated":true}]}}