{"id":10028,"date":"2024-08-06T07:25:33","date_gmt":"2024-08-06T05:25:33","guid":{"rendered":"https:\/\/oraziopuglisi.art\/?page_id=10028"},"modified":"2024-08-06T08:00:53","modified_gmt":"2024-08-06T06:00:53","slug":"esthetique-arabo-islamique","status":"publish","type":"page","link":"https:\/\/oraziopuglisi.art\/index.php\/esthetique-arabo-islamique\/","title":{"rendered":"Esth\u00e9tique Arabo Islamique"},"content":{"rendered":"<p style=\"text-align: justify;\">L&rsquo;esth\u00e9tique arabo-islamique, ou esth\u00e9tique islamique, ne se rapporte pas exclusivement \u00e0 la religion, mais \u00e0 toute la pens\u00e9e de la culture et du contexte islamique, et aux pratiques religieuses et profanes. Faute de textes, il n&rsquo;est pas possible de connaitre les th\u00e9ories esth\u00e9tiques de l&rsquo;\u00e9poque pr\u00e9islamique. Les philosophes islamiques n&rsquo;ont pas r\u00e9dig\u00e9 d&rsquo;\u0153uvres se rapportant strictement \u00e0 l&rsquo;esth\u00e9tique, mais dans leurs discussions \u00e0 propos de Dieu, ils abordent diff\u00e9rents d\u00e9bats dont les th\u00e8mes (arts, beaut\u00e9, imagination&#8230;) sont \u00e9tudi\u00e9s aujourd&rsquo;hui dans cette discipline.<\/p>\n<p style=\"text-align: justify;\">Les id\u00e9es sur la\u00a0<b><a title=\"Beau\" href=\"https:\/\/fr.wikipedia.org\/wiki\/Beau\">beaut\u00e9<\/a><\/b>\u00a0sont inspir\u00e9es d\u00e8s le\u00a0<abbr class=\"abbr\" title=\"9\u1d49 si\u00e8cle\"><span class=\"romain\">ix<\/span><sup>e<\/sup><\/abbr>\u00a0si\u00e8cle, par les doctrines\u00a0<a title=\"N\u00e9oplatonisme\" href=\"https:\/\/fr.wikipedia.org\/wiki\/N%C3%A9oplatonisme\">n\u00e9oplatoniciennes<\/a>, notamment celles de\u00a0<a title=\"Plotin\" href=\"https:\/\/fr.wikipedia.org\/wiki\/Plotin\">Plotin<\/a>, avec un texte arabe diffus\u00e9 sous le nom de\u00a0<i><a title=\"Th\u00e9ologie d'Aristote\" href=\"https:\/\/fr.wikipedia.org\/wiki\/Th%C3%A9ologie_d%27Aristote\">Th\u00e9ologie d&rsquo;Aristote<\/a><\/i>, qui influen\u00e7a les philosophes\u00a0<a title=\"Al-Kindi\" href=\"https:\/\/fr.wikipedia.org\/wiki\/Al-Kindi\">Al-Kindi<\/a>\u00a0(801-873),\u00a0<a class=\"mw-redirect\" title=\"Al-Farabi\" href=\"https:\/\/fr.wikipedia.org\/wiki\/Al-Farabi\">Al-Farabi<\/a>\u00a0(872-950) et\u00a0<a title=\"Avicenne\" href=\"https:\/\/fr.wikipedia.org\/wiki\/Avicenne\">Avicenne<\/a>\u00a0(980-1037). Ces philosophes reprennent notamment la distinction entre beaut\u00e9 sensible et beaut\u00e9 intelligible, et les liens avec la perception, l&rsquo;amour et le plaisir. Dans\u00a0<i>La Cit\u00e9 vertueuse<\/i>, Al-Farabi introduit l&rsquo;id\u00e9e de beaut\u00e9 intelligible dans les discussions sur les\u00a0<a class=\"mw-redirect\" title=\"Noms de Dieu en islam\" href=\"https:\/\/fr.wikipedia.org\/wiki\/Noms_de_Dieu_en_islam\">noms de Dieu<\/a>. Il invoque la beaut\u00e9 et perfection de Dieu, pour justifier les rapports de transcendance entre\u00a0<a title=\"Perfection\" href=\"https:\/\/fr.wikipedia.org\/wiki\/Perfection\">perfection<\/a>, beaut\u00e9 et plaisir. Les \u0153uvres humaines sont ainsi intrins\u00e8quement imparfaites (compar\u00e9es \u00e0 celles de Dieu)\u00a0; il s&rsquo;\u00e9tablira au fil des si\u00e8cles dans la soci\u00e9t\u00e9 islamique des d\u00e9bats sur la pertinence de la\u00a0<a title=\"Repr\u00e9sentation figur\u00e9e dans les arts de l'Islam\" href=\"https:\/\/fr.wikipedia.org\/wiki\/Repr%C3%A9sentation_figur%C3%A9e_dans_les_arts_de_l%27Islam\">repr\u00e9sentation figur\u00e9e<\/a>\u00a0dans l&rsquo;art. Dans son\u00a0<i>Trait\u00e9 sur l&rsquo;Amour<\/i>, Avicenne d\u00e9taille plus encore les distinctions entre la beaut\u00e9 intelligible et sensible, et les formes de plaisir ou d&rsquo;attirance, en consid\u00e9rant aussi des \u00e9l\u00e9ments psychologiques et spirituels. Avicenne affirme, par exemple, que le d\u00e9sir pour la beaut\u00e9 sensible peut \u00eatre une noble chose, aussi longtemps que ses aspects purement animaux sont subordonn\u00e9s, et que l&rsquo;intelligible conserve la facult\u00e9 d&rsquo;influencer le sensible.<\/p>\n<p style=\"text-align: justify;\">Une part importante des discussions philosophiques concerne les\u00a0<b><a class=\"mw-redirect\" title=\"Arts d'Islam\" href=\"https:\/\/fr.wikipedia.org\/wiki\/Arts_d%27Islam\">arts<\/a><\/b>, plus particuli\u00e8rement la\u00a0<a title=\"Rh\u00e9torique\" href=\"https:\/\/fr.wikipedia.org\/wiki\/Rh%C3%A9torique\">rh\u00e9torique<\/a>\u00a0et la\u00a0<a title=\"Po\u00e9sie arabe\" href=\"https:\/\/fr.wikipedia.org\/wiki\/Po%C3%A9sie_arabe\">po\u00e9sie arabe<\/a>\u00a0ou\u00a0<a title=\"Litt\u00e9rature persane\" href=\"https:\/\/fr.wikipedia.org\/wiki\/Litt%C3%A9rature_persane#Po%C3%A9sie\">persane<\/a><sup id=\"cite_ref-45\" class=\"reference\"><a href=\"https:\/\/fr.wikipedia.org\/wiki\/Esth%C3%A9tique#cite_note-45\">45<\/a><\/sup>. Inspir\u00e9e par les commentateurs grecs d&rsquo;<a title=\"Aristote\" href=\"https:\/\/fr.wikipedia.org\/wiki\/Aristote\">Aristote<\/a>, cette approche des arts est moins esth\u00e9tique, que linguistique et logique. Les philosophes s&rsquo;interrogent sur l&rsquo;efficacit\u00e9 du langage, ses m\u00e9canismes linguistiques, ses usages (religieux, politique), ses capacit\u00e9s cognitives (persuader, faire imaginer). L&rsquo;existence de la rh\u00e9torique et de la po\u00e9sie demeure aussi essentielle pour les philosophes, dans leurs explications des liens compl\u00e9mentaires entre religion et philosophie (Al-Farabi,\u00a0<a title=\"Averro\u00e8s\" href=\"https:\/\/fr.wikipedia.org\/wiki\/Averro%C3%A8s\">Averro\u00e8s<\/a>\u00a01126-1198).<\/p>\n<p style=\"text-align: justify;\">La\u00a0<b><a title=\"Musique islamique\" href=\"https:\/\/fr.wikipedia.org\/wiki\/Musique_islamique\">musique<\/a><\/b>\u00a0est l&rsquo;objet de plusieurs interpr\u00e9tations suivant les \u00e9coles\u00a0: si les\u00a0<a title=\"Oul\u00e9ma\" href=\"https:\/\/fr.wikipedia.org\/wiki\/Oul%C3%A9ma\">oul\u00e9mas<\/a>\u00a0la consid\u00e8rent avec une certaine m\u00e9fiance, les\u00a0<a class=\"mw-redirect\" title=\"Soufi\" href=\"https:\/\/fr.wikipedia.org\/wiki\/Soufi\">soufis<\/a>\u00a0lui accordent un r\u00f4le spirituel important.\u00a0<a class=\"mw-redirect\" title=\"Al-Ghaz\u00e2l\u00ee\" href=\"https:\/\/fr.wikipedia.org\/wiki\/Al-Ghaz%C3%A2l%C3%AE\">Al-Ghaz\u00e2l\u00ee<\/a>\u00a0(1058-1111) consacre de nombreuses pages sur les effets de l&rsquo;audition de la musique, de la po\u00e9sie et de la pri\u00e8re sur l&rsquo;\u00e2me, et les philosophes comme Avicenne d\u00e9veloppent des th\u00e9ories math\u00e9matiques sur les sons, en rapport avec la\u00a0<a title=\"Harmonie des sph\u00e8res\" href=\"https:\/\/fr.wikipedia.org\/wiki\/Harmonie_des_sph%C3%A8res\">musique des sph\u00e8res<\/a>.<\/p>\n","protected":false},"excerpt":{"rendered":"<p>L&rsquo;esth\u00e9tique arabo-islamique, ou esth\u00e9tique islamique, ne se rapporte pas exclusivement \u00e0 la religion, mais \u00e0 toute la pens\u00e9e de la culture et du contexte islamique, et aux pratiques religieuses et profanes. Faute de textes, il n&rsquo;est pas possible de connaitre les th\u00e9ories esth\u00e9tiques de l&rsquo;\u00e9poque pr\u00e9islamique. Les philosophes islamiques n&rsquo;ont pas r\u00e9dig\u00e9 d&rsquo;\u0153uvres se rapportant [&hellip;]<\/p>\n","protected":false},"author":1,"featured_media":10031,"parent":0,"menu_order":0,"comment_status":"closed","ping_status":"closed","template":"","meta":{"footnotes":""},"class_list":["post-10028","page","type-page","status-publish","has-post-thumbnail","hentry"],"_links":{"self":[{"href":"https:\/\/oraziopuglisi.art\/index.php\/wp-json\/wp\/v2\/pages\/10028","targetHints":{"allow":["GET"]}}],"collection":[{"href":"https:\/\/oraziopuglisi.art\/index.php\/wp-json\/wp\/v2\/pages"}],"about":[{"href":"https:\/\/oraziopuglisi.art\/index.php\/wp-json\/wp\/v2\/types\/page"}],"author":[{"embeddable":true,"href":"https:\/\/oraziopuglisi.art\/index.php\/wp-json\/wp\/v2\/users\/1"}],"replies":[{"embeddable":true,"href":"https:\/\/oraziopuglisi.art\/index.php\/wp-json\/wp\/v2\/comments?post=10028"}],"version-history":[{"count":2,"href":"https:\/\/oraziopuglisi.art\/index.php\/wp-json\/wp\/v2\/pages\/10028\/revisions"}],"predecessor-version":[{"id":10030,"href":"https:\/\/oraziopuglisi.art\/index.php\/wp-json\/wp\/v2\/pages\/10028\/revisions\/10030"}],"wp:featuredmedia":[{"embeddable":true,"href":"https:\/\/oraziopuglisi.art\/index.php\/wp-json\/wp\/v2\/media\/10031"}],"wp:attachment":[{"href":"https:\/\/oraziopuglisi.art\/index.php\/wp-json\/wp\/v2\/media?parent=10028"}],"curies":[{"name":"wp","href":"https:\/\/api.w.org\/{rel}","templated":true}]}}