{"id":10022,"date":"2024-08-06T07:20:38","date_gmt":"2024-08-06T05:20:38","guid":{"rendered":"https:\/\/oraziopuglisi.art\/?page_id=10022"},"modified":"2024-08-06T07:24:20","modified_gmt":"2024-08-06T05:24:20","slug":"esthetique-hindoue","status":"publish","type":"page","link":"https:\/\/oraziopuglisi.art\/index.php\/esthetique-hindoue\/","title":{"rendered":"Esth\u00e9tique Hindoue"},"content":{"rendered":"<p style=\"text-align: justify;\">Des r\u00e9flexions esth\u00e9tiques, produites d\u00e8s le VIIIe si\u00e8cle en\u00a0<a title=\"Inde\" href=\"https:\/\/fr.wikipedia.org\/wiki\/Inde\">Inde<\/a>, ont pour mati\u00e8re le\u00a0<a title=\"Th\u00e9\u00e2tre\" href=\"https:\/\/fr.wikipedia.org\/wiki\/Th%C3%A9%C3%A2tre\">th\u00e9\u00e2tre<\/a>, qui r\u00e9unit plusieurs arts (jeu dramatique,\u00a0<a title=\"Po\u00e9sie\" href=\"https:\/\/fr.wikipedia.org\/wiki\/Po%C3%A9sie\">po\u00e9sie<\/a>,\u00a0<a title=\"Musique\" href=\"https:\/\/fr.wikipedia.org\/wiki\/Musique\">musique<\/a>,\u00a0<a title=\"Danse\" href=\"https:\/\/fr.wikipedia.org\/wiki\/Danse\">danse<\/a>). Aux\u00a0<abbr class=\"abbr\" title=\"10\u1d49 si\u00e8cle\"><span class=\"romain\">x<\/span><sup>e<\/sup><\/abbr>\u00a0et\u00a0<abbr class=\"abbr\" title=\"11\u1d49 si\u00e8cle\"><span class=\"romain\">xi<\/span><sup>e<\/sup><\/abbr>\u00a0si\u00e8cles,\u00a0<a title=\"Abhinavagupta\" href=\"https:\/\/fr.wikipedia.org\/wiki\/Abhinavagupta\">Abhinavagupta<\/a>, dans son commentaire l&rsquo;Abhinavabh\u0101rat\u012b, effectue une synth\u00e8se de l&rsquo;esth\u00e9tique. La\u00a0<a title=\"Philosophie\" href=\"https:\/\/fr.wikipedia.org\/wiki\/Philosophie\">philosophie<\/a>\u00a0de l&rsquo;esth\u00e9tique est un domaine profane. Au centre de l&rsquo;esth\u00e9tique hindoue, le concept de Rasa, en sanskrit \u00ab\u00a0essence\u00a0\u00bb, \u00ab\u00a0go\u00fbt\u00a0\u00bb ou \u00ab\u00a0saveur\u00a0\u00bb (litt\u00e9ralement \u00ab\u00a0s\u00e8ve\u00a0\u00bb ou \u00ab\u00a0jus\u00a0\u00bb ), est attribu\u00e9 \u00e0\u00a0<a class=\"mw-disambig\" title=\"Bharata\" href=\"https:\/\/fr.wikipedia.org\/wiki\/Bharata\">Bharata<\/a>\u00a0et d\u00e9velopp\u00e9 par\u00a0<a title=\"Abhinavagupta\" href=\"https:\/\/fr.wikipedia.org\/wiki\/Abhinavagupta\">Abhinavagupta<\/a>, qui le qualifie d&rsquo; \u00ab\u00a0essence de la po\u00e9sie\u00a0\u00bb. Cette abstraction sugg\u00e8re que les sentiments humains (\u00e0 chaque sentiment correspond un registre artistique) impr\u00e8gnent les formes incarn\u00e9es. Les rasa, que l&rsquo;on retrouve en\u00a0<a title=\"Th\u00e9\u00e2tre\" href=\"https:\/\/fr.wikipedia.org\/wiki\/Th%C3%A9%C3%A2tre\">th\u00e9\u00e2tre<\/a>\u00a0et en\u00a0<a title=\"Po\u00e9sie\" href=\"https:\/\/fr.wikipedia.org\/wiki\/Po%C3%A9sie\">po\u00e9sie<\/a>, constituent les composantes de l&rsquo;exp\u00e9rience esth\u00e9tique<sup id=\"cite_ref-46\" class=\"reference\"><a href=\"https:\/\/fr.wikipedia.org\/wiki\/Esth%C3%A9tique#cite_note-46\">46<\/a><\/sup>. \u00c9merveillement et b\u00e9atitude, sup\u00e9rieurs \u00e0 toute joie quotidienne, repr\u00e9sentent l&rsquo;essence du rasa. Les causes et effets actualisent les dispositions d&rsquo;esprit permanentes, qui r\u00e9sultent \u00e0 la fois de l&rsquo;exp\u00e9rience (y compris artistique) de la vie et des vies ant\u00e9rieures. La combinaison des \u00e9l\u00e9ments dramatiques (dans l\u2019\u0153uvre th\u00e9\u00e2trale) permet ainsi d&rsquo;\u00e9veiller les sentiments, pour en faire des rasa (ces m\u00eames dispositions sont \u00e0 l&rsquo;origine des sentiments ordinaires dans une conception non-esth\u00e9tique).<\/p>\n<p style=\"text-align: justify;\">Ainsi, le mat\u00e9riau de l&rsquo;art poss\u00e8de un pouvoir propre de r\u00e9v\u00e9lation des rasa, qui m\u00e8ne \u00e0 une exp\u00e9rience de jubilation. Abhinavagupta compare le th\u00e9\u00e2tre aux rites, dans l&rsquo;agencement des actions porteur d&rsquo;un pouvoir. Cet art s&rsquo;oppose \u00e0 la vie quotidienne, \u00e0 la satisfaction d&rsquo;un besoin ou d&rsquo;un int\u00e9r\u00eat o\u00f9 les limites de temps, espace et causalit\u00e9 asservissent la conscience. Le temps de la d\u00e9lectation esth\u00e9tique est le pr\u00e9sent, qui correspond \u00e0 l&rsquo;\u00e9ternit\u00e9. Il ne s&rsquo;agit pas de repr\u00e9senter (forme de r\u00e9it\u00e9ration du pass\u00e9), mais de jubiler.<\/p>\n<p style=\"text-align: justify;\">Le terme de pratibh signifie \u00e0 la fois inspiration et sensibilit\u00e9. Il correspond aux perceptions ineffables. La b\u00e9atitude est l&rsquo;essence de la conscience \u00e0 laquelle acc\u00e8de l&rsquo;artiste (yogin). L&rsquo;esth\u00e9tique hindoue prend ainsi une dimension m\u00e9taphysique<sup id=\"cite_ref-47\" class=\"reference\"><a href=\"https:\/\/fr.wikipedia.org\/wiki\/Esth%C3%A9tique#cite_note-47\">47<\/a><\/sup>.<\/p>\n<p>&nbsp;<\/p>\n<p style=\"text-align: center;\"><strong>Le Rasa<\/strong><\/p>\n<p style=\"text-align: justify;\">Le terme sanskrit\u00a0<b>rasa<\/b>\u00a0(litt\u00e9ralement \u00ab\u00a0s\u00e8ve\u00a0\u00bb) est utilis\u00e9 dans la tradition classique indienne pour d\u00e9signer le sentiment propre \u00e0 une \u0153uvre litt\u00e9raire, dramatique ou musicale<sup id=\"cite_ref-1\" class=\"reference\"><a href=\"https:\/\/fr.wikipedia.org\/wiki\/Rasa_(esth%C3%A9tique)#cite_note-1\">1<\/a><\/sup>. Cette th\u00e9orie esth\u00e9tique fut d\u2019abord formul\u00e9e dans le\u00a0<a title=\"N\u00e2tya-sh\u00e2stra\" href=\"https:\/\/fr.wikipedia.org\/wiki\/N%C3%A2tya-sh%C3%A2stra\">N\u00e2tya-sh\u00e2stra<\/a>, un trait\u00e9 sur le th\u00e9\u00e2tre, la danse et la musique. Seuls huit rasa y \u00e9taient mentionn\u00e9s (les neuf mentionn\u00e9s ci-dessous moins le shanta rasa). Ce terme d\u00e9crit l\u2019exp\u00e9rience de go\u00fbt esth\u00e9tique lors d\u2019une repr\u00e9sentation. Ces rasa, exp\u00e9riment\u00e9s par le spectateur, sont chacun li\u00e9s \u00e0 huit \u00e9motions (<i><a title=\"Bhava\" href=\"https:\/\/fr.wikipedia.org\/wiki\/Bhava\">bhava<\/a><\/i>) fondamentales, appel\u00e9es\u00a0<i>sth\u0101yibh\u0101va<\/i>, qui sont exprim\u00e9es et d\u00e9velopp\u00e9es par l&rsquo;acteur\u00a0: rati, \u201cl\u2019amour\u201d; hasa, \u201cle rire\u201d; shoka, \u201cle chagrin\u201d; krodha, la \u201ccol\u00e8re\u201d; utsaha, \u201cl\u2019\u00e9nergie\u201d; bhaya, \u201cla peur\u201d; jugupsa, \u201cle d\u00e9go\u00fbt\u201d; vismaya, \u201cl\u2019\u00e9tonnement\u201d. Combin\u00e9s aux 33 sentiments transitoires (<i>vyabhicaribhava<\/i>), comme l\u2019embarras ou la jalousie du sentiment amoureux, aux expressions corporelles (<i>anubhava<\/i>, les acteurs \u00e9taient m\u00eame cens\u00e9s pouvoir rougir, avoir la chair de poule, etc. sur demande) et aux circonstances repr\u00e9sent\u00e9es sur sc\u00e8ne (<i>vibhava<\/i>), ces \u00e9motions produisent le rasa<sup id=\"cite_ref-ReferenceA_2-0\" class=\"reference\"><a href=\"https:\/\/fr.wikipedia.org\/wiki\/Rasa_(esth%C3%A9tique)#cite_note-ReferenceA-2\">2<\/a><\/sup>.<\/p>\n<p style=\"text-align: justify;\">Au\u00a0<abbr class=\"abbr\" title=\"10\u1d49 si\u00e8cle\"><span class=\"romain\">x<\/span><sup>e<\/sup><\/abbr>&#8211;<abbr class=\"abbr\" title=\"11\u1d49 si\u00e8cle\"><span class=\"romain\">xi<\/span><sup>e<\/sup><\/abbr>\u00a0si\u00e8cle,\u00a0<a title=\"Abhinavagupta\" href=\"https:\/\/fr.wikipedia.org\/wiki\/Abhinavagupta\">Abhinavagupta<\/a>, adepte du\u00a0<a title=\"Shiva\u00efsme du Cachemire\" href=\"https:\/\/fr.wikipedia.org\/wiki\/Shiva%C3%AFsme_du_Cachemire\">Shiva\u00efsme du Cachemire<\/a>, \u00e9crivit un commentaire au Natya-shastra, dans lequel il d\u00e9crit le rasa comme diff\u00e9rent des \u00e9motions ordinaires, \u2018hors de ce monde\u2019, \u2018transcendant\u2019 (alaukika). Il se produit un processus d\u2019universalisation\u00a0<i>(sadharanikarana)<\/i>\u00a0dans lequel le spectateur dou\u00e9 d\u2019empathie (sahridaya) s\u2019identifie au caract\u00e8re pr\u00e9sent\u00e9 sur sc\u00e8ne. Abhinavagupta met ce processus en parall\u00e8le avec celui de l\u2019identification \u00e0 l\u2019absolu, le\u00a0<a title=\"Brahman\" href=\"https:\/\/fr.wikipedia.org\/wiki\/Brahman\">brahman<\/a>\u00a0et la f\u00e9licit\u00e9 (<a class=\"mw-redirect\" title=\"Ananda\" href=\"https:\/\/fr.wikipedia.org\/wiki\/Ananda\">ananda<\/a>) ressenti alors, sans toutefois confondre les deux, le rasa n\u2019\u00e9tant que temporaire, mais aidant toutefois \u00e0 la r\u00e9alisation du second. Cette id\u00e9e fut reprise par le roi philosophe Bhoja au\u00a0<abbr class=\"abbr\" title=\"11\u1d49 si\u00e8cle\"><span class=\"romain\">xi<\/span><sup>e<\/sup><\/abbr>\u00a0si\u00e8cle et devint le fondement du vishnouisme de d\u00e9votion (la\u00a0<a title=\"Bhakti\" href=\"https:\/\/fr.wikipedia.org\/wiki\/Bhakti\">bhakti<\/a>), pour devenir avec les\u00a0<a title=\"Gosvamin\" href=\"https:\/\/fr.wikipedia.org\/wiki\/Gosvamin\">Gosvamins<\/a>\u00a0(disciples de\u00a0<a title=\"Chaitanya Mahaprabhu\" href=\"https:\/\/fr.wikipedia.org\/wiki\/Chaitanya_Mahaprabhu\">Chaitanya Mahaprabhu<\/a>, adeptes du\u00a0<a title=\"Vishnouisme\" href=\"https:\/\/fr.wikipedia.org\/wiki\/Vishnouisme\">vishnouisme<\/a>\u00a0gaudiya) un moyen d\u2019atteindre la lib\u00e9ration, le\u00a0<a title=\"Moksha\" href=\"https:\/\/fr.wikipedia.org\/wiki\/Moksha\">moksha<\/a><sup id=\"cite_ref-ReferenceA_2-1\" class=\"reference\"><a href=\"https:\/\/fr.wikipedia.org\/wiki\/Rasa_(esth%C3%A9tique)#cite_note-ReferenceA-2\">2<\/a><\/sup>.<\/p>\n<p style=\"text-align: justify;\">Le neuvi\u00e8me rasa\u00a0: shanta, consolidant les rapports entre esth\u00e9tique et th\u00e9ologie fut d\u2019abord \u00e9labor\u00e9 dans les milieux\u00a0<a title=\"Bouddhisme\" href=\"https:\/\/fr.wikipedia.org\/wiki\/Bouddhisme\">bouddhistes<\/a>\u00a0et\u00a0<a title=\"Ja\u00efnisme\" href=\"https:\/\/fr.wikipedia.org\/wiki\/Ja%C3%AFnisme\">ja\u00efnes<\/a>, mais fut pleinement trait\u00e9 par Abhinavagupta dans son commentaire du Natya-shastra, l\u2019Abhinavabharati<sup id=\"cite_ref-ReferenceA_2-2\" class=\"reference\"><a href=\"https:\/\/fr.wikipedia.org\/wiki\/Rasa_(esth%C3%A9tique)#cite_note-ReferenceA-2\">2<\/a><\/sup>.<\/p>\n<p style=\"text-align: justify;\">En musique, il d\u00e9signe plus pr\u00e9cis\u00e9ment le caract\u00e8re donn\u00e9 d&rsquo;un\u00a0<a class=\"mw-redirect\" title=\"R\u00e2ga\" href=\"https:\/\/fr.wikipedia.org\/wiki\/R%C3%A2ga\">r\u00e2ga<\/a>, tel que l&rsquo;ex\u00e9cutant essaiera de le rendre dans son interpr\u00e9tation. Le\u00a0<b>rasa<\/b>\u00a0est en cela assez proche de l&rsquo;\u1f26\u03b8\u03bf\u03c2 (<a title=\"Ethos\" href=\"https:\/\/fr.wikipedia.org\/wiki\/Ethos\">ethos<\/a>) de la musique grecque antique.<\/p>\n<div class=\"mw-heading mw-heading2\">\n<h2 id=\"Les_neuf_rasa\">Les neuf rasa<\/h2>\n<\/div>\n<p style=\"text-align: justify;\">Les neuf rasa (<a title=\"Sanskrit\" href=\"https:\/\/fr.wikipedia.org\/wiki\/Sanskrit\">sanskrit<\/a>\u00a0:\u00a0<b>nava-rasa<\/b>,\u00a0<a title=\"Hindi\" href=\"https:\/\/fr.wikipedia.org\/wiki\/Hindi\">hindi<\/a>\u00a0:\u00a0<i>navras<\/i>) sont\u00a0:<\/p>\n<ul>\n<li style=\"text-align: justify;\"><a title=\"Shringara\" href=\"https:\/\/fr.wikipedia.org\/wiki\/Shringara\">Shringara<\/a>\u00a0(<a class=\"mw-redirect\" title=\"IAST\" href=\"https:\/\/fr.wikipedia.org\/wiki\/IAST\">IAST<\/a>\u00a0: \u015b\u1e5b\u1e45g\u0101ra) est un sentiment de nostalgie pour l\u2019amant absent, \u00e0 la fois sentimental et \u00e9rotique, comme le \u03c0\u03cc\u03b8\u03bf\u03c2 (<i>pothos<\/i>) grec. Il englobe \u00e0 la fois l\u2019aspect physique et spirituel de l\u2019amour et on le d\u00e9signe parfois sous le terme de adi-rasa (\u00ab\u00a0rasa originel\u00a0\u00bb) car il est suppos\u00e9 repr\u00e9senter la force cr\u00e9atrice universelle.<\/li>\n<li style=\"text-align: justify;\">Hasya (<a class=\"mw-redirect\" title=\"IAST\" href=\"https:\/\/fr.wikipedia.org\/wiki\/IAST\">IAST<\/a>: h\u0101sya) est un sentiment presque burlesque, incitant au rire. Il s\u2019exprime musicalement \u00e0 travers des dessins rythmiques syncop\u00e9s ou un dialogue m\u00e9lodique et rythmique entre les musiciens (jawab-sawal).<\/li>\n<li style=\"text-align: justify;\">Karuna (<a class=\"mw-redirect\" title=\"IAST\" href=\"https:\/\/fr.wikipedia.org\/wiki\/IAST\">IAST<\/a>: karu\u1e47a) est path\u00e9tique, triste et plein de larmes, et exprime une extr\u00eame solitude et une vive nostalgie.<\/li>\n<li style=\"text-align: justify;\">Raudra exprime la fureur ou la col\u00e8re explosive. Ce rasa s\u2019utilise souvent en art dramatique, mais en musique il peut personnifier la fureur de la nature. Musicalement, il se traduit par une s\u00e9rie d\u2019ornements rapides et \u00ab\u00a0tremblants\u00a0\u00bb, qui produisent un effet vibratoire mena\u00e7ant dans les notes graves.<\/li>\n<li style=\"text-align: justify;\">V\u00eera exprime le sentiment d\u2019h\u00e9ro\u00efsme, de bravoure, de majest\u00e9, la gloire, la grandeur et une sorte d\u2019excitation noble, une certaine fiert\u00e9. Exag\u00e9r\u00e9, il verse dans raudra.<\/li>\n<li style=\"text-align: justify;\">Bhayanaka (<a class=\"mw-redirect\" title=\"IAST\" href=\"https:\/\/fr.wikipedia.org\/wiki\/IAST\">IAST<\/a>: bhay\u0101naka) est au-del\u00e0 de raudra.Il vise \u00e0 provoquer l&rsquo;effroi, la terreur. Il s&rsquo;exprime difficilement avec un seul instrument, \u00e0 moins qu\u2019un texte vocal n\u2019\u00e9claire sa signification exacte.<\/li>\n<li style=\"text-align: justify;\">Bibhatsa (<a class=\"mw-redirect\" title=\"IAST\" href=\"https:\/\/fr.wikipedia.org\/wiki\/IAST\">IAST<\/a>\u00a0b\u012bbhats\u0101) \u2013 rempli de d\u00e9go\u00fbt ou le suscitant \u2013 est \u00e9galement difficile \u00e0 exprimer par la musique. Comme le pr\u00e9c\u00e9dent, il s\u2019utilise davantage en art dramatique.<\/li>\n<li style=\"text-align: justify;\">Adbhuta traduit la surprise et l\u2019\u00e9tonnement, la gaiet\u00e9 et m\u00eame une l\u00e9g\u00e8re peur, comme lorsque l\u2019on vit une exp\u00e9rience nouvelle, \u00e9trange. On peut l\u2019exprimer par une rapidit\u00e9 extr\u00eame ou des trouvailles techniques.<\/li>\n<li style=\"text-align: justify;\">Shanta (<a class=\"mw-redirect\" title=\"IAST\" href=\"https:\/\/fr.wikipedia.org\/wiki\/IAST\">IAST<\/a>: \u015b\u0101nta) exprime la paix, la tranquillit\u00e9 et la s\u00e9r\u00e9nit\u00e9.<\/li>\n<\/ul>\n<p style=\"text-align: justify;\">Certains mentionnent un dixi\u00e8me rasa, bhakti, impr\u00e9gn\u00e9 de d\u00e9votion et de spiritualit\u00e9 et d\u2019un sentiment presque religieux mais\u00a0<a title=\"Ravi Shankar\" href=\"https:\/\/fr.wikipedia.org\/wiki\/Ravi_Shankar\">Ravi Shankar<\/a>\u00a0le consid\u00e8re comme une combinaison de shanta, karuna et abdhuta.<\/p>\n<div class=\"mw-heading mw-heading2\">\n<h2 id=\"Notes_et_r\u00e9f\u00e9rences\" style=\"text-align: justify;\"><span id=\"Notes_et_r.C3.A9f.C3.A9rences\"><\/span>Notes et r\u00e9f\u00e9rences<\/h2>\n<\/div>\n<div class=\"references-small decimal\" style=\"text-align: justify;\">\n<div class=\"mw-references-wrap\">\n<ol class=\"references\">\n<li id=\"cite_note-1\"><span class=\"mw-cite-backlink noprint\"><a title=\"Revenir plus haut\" href=\"https:\/\/fr.wikipedia.org\/wiki\/Rasa_(esth%C3%A9tique)#cite_ref-1\" aria-label=\"Revenir plus haut\">\u2191<\/a>\u00a0<\/span><span class=\"reference-text\"><i>The A to Z of Hinduism<\/i>\u00a0par B.M. Sullivan publi\u00e9 par Vision Books, page 179,\u00a0<small>(<a title=\"International Standard Book Number\" href=\"https:\/\/fr.wikipedia.org\/wiki\/International_Standard_Book_Number\">ISBN<\/a>\u00a0<a title=\"Sp\u00e9cial:Ouvrages de r\u00e9f\u00e9rence\/8170945216\" href=\"https:\/\/fr.wikipedia.org\/wiki\/Sp%C3%A9cial:Ouvrages_de_r%C3%A9f%C3%A9rence\/8170945216\"><span class=\"nowrap\">8170945216<\/span><\/a>)<\/small><\/span><\/li>\n<li id=\"cite_note-ReferenceA-2\"><span class=\"mw-cite-backlink noprint\">\u2191\u00a0<sup><a href=\"https:\/\/fr.wikipedia.org\/wiki\/Rasa_(esth%C3%A9tique)#cite_ref-ReferenceA_2-0\"><span class=\"cite-accessibility-label\">Revenir plus haut en\u202f:<\/span>a<\/a>\u00a0<a href=\"https:\/\/fr.wikipedia.org\/wiki\/Rasa_(esth%C3%A9tique)#cite_ref-ReferenceA_2-1\">b<\/a>\u00a0et\u00a0<a href=\"https:\/\/fr.wikipedia.org\/wiki\/Rasa_(esth%C3%A9tique)#cite_ref-ReferenceA_2-2\">c<\/a><\/sup>\u00a0<\/span><span class=\"reference-text\"><i>Rasa Theory.<\/i>\u00a0Graham M. Schweig et David Buchta<\/span><\/li>\n<\/ol>\n<\/div>\n<\/div>\n<div class=\"mw-heading mw-heading2\" style=\"text-align: justify;\">\n<h2 id=\"Bibliographie\">Bibliographie<\/h2>\n<\/div>\n<ul style=\"text-align: justify;\">\n<li><a title=\"Ravi Shankar\" href=\"https:\/\/fr.wikipedia.org\/wiki\/Ravi_Shankar\">Ravi Shankar<\/a>,\u00a0<i>Ma musique, ma vie<\/i>, \u00e9ditions Stock, 1969.<\/li>\n<li>Rasa, les neuf visages de l&rsquo;art indien. Galeries nationales du Grand Palais,\u00a0<time class=\"nowrap\" datetime=\"03-13\" data-sort-value=\"03-13\">13 mars<\/time>&#8211;<time class=\"nowrap\" datetime=\"1986-06-16\" data-sort-value=\"1986-06-16\">16 juin 1986<\/time>. Goswamy brijindra Nath &#8211; Association fran\u00e7aise d&rsquo;action artistique.<\/li>\n<li><i>Rasa Theory.<\/i>\u00a0Graham M. Schweig et David Buchta, dans\u00a0<i>Brill\u2019s Encyclopedia of Hinduism 2<\/i>. Edited by Knut A. Jacobsen. Leyde, Brill, 2010.<\/li>\n<li>Lyne Bansat-Boudon, Po\u00e9tique du\u00a0<a title=\"Th\u00e9\u00e2tre indien\" href=\"https:\/\/fr.wikipedia.org\/wiki\/Th%C3%A9%C3%A2tre_indien\">th\u00e9\u00e2tre indien<\/a>, Lectures du N\u0101\u1e6dya\u015b\u0101stra. 1992.<\/li>\n<\/ul>\n<p style=\"text-align: justify;\">\u00a0<\/p>\n","protected":false},"excerpt":{"rendered":"<p>Des r\u00e9flexions esth\u00e9tiques, produites d\u00e8s le VIIIe si\u00e8cle en\u00a0Inde, ont pour mati\u00e8re le\u00a0th\u00e9\u00e2tre, qui r\u00e9unit plusieurs arts (jeu dramatique,\u00a0po\u00e9sie,\u00a0musique,\u00a0danse). Aux\u00a0xe\u00a0et\u00a0xie\u00a0si\u00e8cles,\u00a0Abhinavagupta, dans son commentaire l&rsquo;Abhinavabh\u0101rat\u012b, effectue une synth\u00e8se de l&rsquo;esth\u00e9tique. La\u00a0philosophie\u00a0de l&rsquo;esth\u00e9tique est un domaine profane. Au centre de l&rsquo;esth\u00e9tique hindoue, le concept de Rasa, en sanskrit \u00ab\u00a0essence\u00a0\u00bb, \u00ab\u00a0go\u00fbt\u00a0\u00bb ou \u00ab\u00a0saveur\u00a0\u00bb (litt\u00e9ralement \u00ab\u00a0s\u00e8ve\u00a0\u00bb ou \u00ab\u00a0jus\u00a0\u00bb ), [&hellip;]<\/p>\n","protected":false},"author":1,"featured_media":10026,"parent":0,"menu_order":0,"comment_status":"closed","ping_status":"closed","template":"","meta":{"footnotes":""},"class_list":["post-10022","page","type-page","status-publish","has-post-thumbnail","hentry"],"_links":{"self":[{"href":"https:\/\/oraziopuglisi.art\/index.php\/wp-json\/wp\/v2\/pages\/10022","targetHints":{"allow":["GET"]}}],"collection":[{"href":"https:\/\/oraziopuglisi.art\/index.php\/wp-json\/wp\/v2\/pages"}],"about":[{"href":"https:\/\/oraziopuglisi.art\/index.php\/wp-json\/wp\/v2\/types\/page"}],"author":[{"embeddable":true,"href":"https:\/\/oraziopuglisi.art\/index.php\/wp-json\/wp\/v2\/users\/1"}],"replies":[{"embeddable":true,"href":"https:\/\/oraziopuglisi.art\/index.php\/wp-json\/wp\/v2\/comments?post=10022"}],"version-history":[{"count":3,"href":"https:\/\/oraziopuglisi.art\/index.php\/wp-json\/wp\/v2\/pages\/10022\/revisions"}],"predecessor-version":[{"id":10027,"href":"https:\/\/oraziopuglisi.art\/index.php\/wp-json\/wp\/v2\/pages\/10022\/revisions\/10027"}],"wp:featuredmedia":[{"embeddable":true,"href":"https:\/\/oraziopuglisi.art\/index.php\/wp-json\/wp\/v2\/media\/10026"}],"wp:attachment":[{"href":"https:\/\/oraziopuglisi.art\/index.php\/wp-json\/wp\/v2\/media?parent=10022"}],"curies":[{"name":"wp","href":"https:\/\/api.w.org\/{rel}","templated":true}]}}