{"id":10016,"date":"2024-08-06T07:15:52","date_gmt":"2024-08-06T05:15:52","guid":{"rendered":"https:\/\/oraziopuglisi.art\/?page_id=10016"},"modified":"2024-08-06T07:20:24","modified_gmt":"2024-08-06T05:20:24","slug":"esthetique-japonaise","status":"publish","type":"page","link":"https:\/\/oraziopuglisi.art\/index.php\/esthetique-japonaise\/","title":{"rendered":"Esth\u00e9tique Japonaise"},"content":{"rendered":"<p style=\"text-align: justify;\">L&rsquo;esth\u00e9tique japonaise est l&rsquo;approche des notions esth\u00e9tiques voisines de la\u00a0<a title=\"Beau\" href=\"https:\/\/fr.wikipedia.org\/wiki\/Beau\">beaut\u00e9<\/a>\u00a0ou du bon\u00a0<a title=\"Go\u00fbt (esth\u00e9tique)\" href=\"https:\/\/fr.wikipedia.org\/wiki\/Go%C3%BBt_(esth%C3%A9tique)\">go\u00fbt<\/a>\u00a0dans la culture japonaise traditionnelle et moderne. Bien que cette approche soit consid\u00e9r\u00e9e dans la soci\u00e9t\u00e9 occidentale essentiellement comme une \u00e9tude philosophique, elle est consid\u00e9r\u00e9e au Japon comme un \u00e9l\u00e9ment indissociable de la\u00a0<a title=\"Vie quotidienne\" href=\"https:\/\/fr.wikipedia.org\/wiki\/Vie_quotidienne\">vie quotidienne<\/a>\u00a0et spirituelle. Par ses aspects religieux, l&rsquo;esth\u00e9tique japonaise est fortement influenc\u00e9e par le\u00a0<a title=\"Bouddhisme\" href=\"https:\/\/fr.wikipedia.org\/wiki\/Bouddhisme\">bouddhisme<\/a>. Elle est particuli\u00e8rement d\u00e9velopp\u00e9e dans le bouddhisme zen et le\u00a0<i>chanoyu<\/i>. Le\u00a0<i>chanoyu<\/i>\u00a0comporte de nombreux aspects\u00a0:\u00a0<a title=\"Architecture japonaise\" href=\"https:\/\/fr.wikipedia.org\/wiki\/Architecture_japonaise\">construction<\/a>,\u00a0<a title=\"Jardin japonais\" href=\"https:\/\/fr.wikipedia.org\/wiki\/Jardin_japonais\">jardin<\/a>\u00a0et utilisation des v\u00e9g\u00e9taux, tissus,\u00a0<a title=\"Kimono\" href=\"https:\/\/fr.wikipedia.org\/wiki\/Kimono\">kimono<\/a>, poterie, artisanat de bambou, calligraphie, fonderie, cuisine&#8230; L&rsquo;esth\u00e9tique est aussi \u00e9valu\u00e9e \u00e0 travers des id\u00e9aux, traditionnels tels que le\u00a0<a title=\"Wabi-sabi\" href=\"https:\/\/fr.wikipedia.org\/wiki\/Wabi-sabi\">wabi-sabi<\/a>, le\u00a0<a title=\"Mono no aware\" href=\"https:\/\/fr.wikipedia.org\/wiki\/Mono_no_aware\">mono no aware<\/a>, le\u00a0<a title=\"Iki (esth\u00e9tique)\" href=\"https:\/\/fr.wikipedia.org\/wiki\/Iki_(esth%C3%A9tique)\">iki<\/a>, ou modernes tel le\u00a0<a title=\"Kawaii\" href=\"https:\/\/fr.wikipedia.org\/wiki\/Kawaii\">kawaii<\/a>.<\/p>\n<p>&nbsp;<\/p>\n<p>L&rsquo;<b>esth\u00e9tique japonaise<\/b>\u00a0est l&rsquo;approche des notions\u00a0<a title=\"Esth\u00e9tique\" href=\"https:\/\/fr.wikipedia.org\/wiki\/Esth%C3%A9tique\">esth\u00e9tiques<\/a>\u00a0voisines de la\u00a0<a title=\"Beau\" href=\"https:\/\/fr.wikipedia.org\/wiki\/Beau\">beaut\u00e9<\/a>\u00a0ou du bon\u00a0<a title=\"Go\u00fbt (esth\u00e9tique)\" href=\"https:\/\/fr.wikipedia.org\/wiki\/Go%C3%BBt_(esth%C3%A9tique)\">go\u00fbt<\/a>\u00a0dans la\u00a0<a title=\"Culture japonaise\" href=\"https:\/\/fr.wikipedia.org\/wiki\/Culture_japonaise\">culture japonaise<\/a>\u00a0traditionnelle et moderne.<\/p>\n<div class=\"mw-heading mw-heading2\">\n<h2 id=\"Description\">Description<\/h2>\n<\/div>\n<p style=\"text-align: justify;\">Bien que cette approche soit consid\u00e9r\u00e9e dans la soci\u00e9t\u00e9 occidentale essentiellement comme une \u00e9tude philosophique, elle est consid\u00e9r\u00e9e au\u00a0<a title=\"Japon\" href=\"https:\/\/fr.wikipedia.org\/wiki\/Japon\">Japon<\/a>\u00a0comme un \u00e9l\u00e9ment indissociable de la vie quotidienne et spirituelle.<\/p>\n<p style=\"text-align: justify;\">Par ses aspects religieux, l&rsquo;esth\u00e9tique japonaise est fortement influenc\u00e9e par le\u00a0<a title=\"Bouddhisme au Japon\" href=\"https:\/\/fr.wikipedia.org\/wiki\/Bouddhisme_au_Japon\">bouddhisme<\/a>. Elle est particuli\u00e8rement d\u00e9velopp\u00e9e dans le bouddhisme\u00a0<a title=\"Zen\" href=\"https:\/\/fr.wikipedia.org\/wiki\/Zen\">zen<\/a>\u00a0et le\u00a0<i><a class=\"mw-redirect\" title=\"Chanoyu\" href=\"https:\/\/fr.wikipedia.org\/wiki\/Chanoyu\">chanoyu<\/a><\/i>. Le\u00a0<i>chanoyu<\/i>\u00a0comporte de nombreux aspects\u00a0:\u00a0<a title=\"Architecture japonaise\" href=\"https:\/\/fr.wikipedia.org\/wiki\/Architecture_japonaise\">construction<\/a>,\u00a0<a title=\"Jardin japonais\" href=\"https:\/\/fr.wikipedia.org\/wiki\/Jardin_japonais\">jardin<\/a>\u00a0et utilisation des v\u00e9g\u00e9taux (<a title=\"Bonsa\u00ef\" href=\"https:\/\/fr.wikipedia.org\/wiki\/Bonsa%C3%AF\">bonsa\u00ef<\/a>,\u00a0<a title=\"Ikebana\" href=\"https:\/\/fr.wikipedia.org\/wiki\/Ikebana\">ikebana<\/a>,\u00a0<i><a title=\"Kusamono\" href=\"https:\/\/fr.wikipedia.org\/wiki\/Kusamono\">kusamono<\/a><\/i>), tissus et\u00a0<a title=\"Culture japonaise\" href=\"https:\/\/fr.wikipedia.org\/wiki\/Culture_japonaise#V%C3%AAtements\">v\u00eatements<\/a>\u00a0(<a title=\"Kimono\" href=\"https:\/\/fr.wikipedia.org\/wiki\/Kimono\">kimono<\/a>),\u00a0<a class=\"mw-redirect\" title=\"Poterie japonaise\" href=\"https:\/\/fr.wikipedia.org\/wiki\/Poterie_japonaise\">poterie<\/a>, artisanat de bambou,\u00a0<a title=\"Calligraphie extr\u00eame-orientale\" href=\"https:\/\/fr.wikipedia.org\/wiki\/Calligraphie_extr%C3%AAme-orientale\">calligraphie<\/a>, fonderie,\u00a0<a title=\"Cuisine japonaise\" href=\"https:\/\/fr.wikipedia.org\/wiki\/Cuisine_japonaise\">cuisine<\/a>\u2026<\/p>\n<div class=\"mw-heading mw-heading2\">\n<h2 id=\"Id\u00e9aux_esth\u00e9tiques\"><span id=\"Id.C3.A9aux_esth.C3.A9tiques\"><\/span>Id\u00e9aux esth\u00e9tiques<\/h2>\n<\/div>\n<ul>\n<li><i><a title=\"Iki (esth\u00e9tique)\" href=\"https:\/\/fr.wikipedia.org\/wiki\/Iki_(esth%C3%A9tique)\">Iki<\/a><\/i><\/li>\n<li><i><a title=\"Kawaii\" href=\"https:\/\/fr.wikipedia.org\/wiki\/Kawaii\">Kawaii<\/a><\/i><\/li>\n<li><i><a class=\"mw-redirect\" title=\"Wabi (terme japonais)\" href=\"https:\/\/fr.wikipedia.org\/wiki\/Wabi_(terme_japonais)\">Wabi<\/a><\/i>\u00a0et\u00a0<i><a class=\"mw-disambig\" title=\"Sabi\" href=\"https:\/\/fr.wikipedia.org\/wiki\/Sabi\">sabi<\/a><\/i>, ou plus g\u00e9n\u00e9ralement\u00a0<i><a title=\"Wabi-sabi\" href=\"https:\/\/fr.wikipedia.org\/wiki\/Wabi-sabi\">wabi-sabi<\/a><\/i><\/li>\n<li><i><a title=\"Mono no aware\" href=\"https:\/\/fr.wikipedia.org\/wiki\/Mono_no_aware\">Mono no aware<\/a><\/i><\/li>\n<li><i><a title=\"Y\u016bgen\" href=\"https:\/\/fr.wikipedia.org\/wiki\/Y%C5%ABgen\">Y\u016bgen<\/a><\/i><\/li>\n<li><i><a title=\"Superflat\" href=\"https:\/\/fr.wikipedia.org\/wiki\/Superflat\">Superflat<\/a><\/i><\/li>\n<\/ul>\n<div class=\"mw-heading mw-heading2\">\n<h2 id=\"Voir_aussi\">Voir aussi<\/h2>\n<\/div>\n<div class=\"mw-heading mw-heading3\">\n<h3 id=\"Bibliographie\">Bibliographie<\/h3>\n<\/div>\n<ul>\n<li><i><a title=\"Revue d'esth\u00e9tique\" href=\"https:\/\/fr.wikipedia.org\/wiki\/Revue_d%27esth%C3%A9tique\">Revue d&rsquo;esth\u00e9tique<\/a><\/i>,\u00a0<abbr class=\"abbr\" title=\"num\u00e9ro\">n<sup>o<\/sup><\/abbr>\u00a0 18, 1990.<\/li>\n<li><span id=\"Delay2004\" class=\"ouvrage\"><span id=\"Nelly_Delay2004\" class=\"ouvrage\">Nelly Delay,\u00a0<cite class=\"italique\">Le Jeu de l&rsquo;\u00e9ternel et de l&rsquo;\u00e9ph\u00e9m\u00e8re<\/cite>, Arles, Philippe Piquier,\u00a0<time>2004<\/time>, 105\u00a0<abbr class=\"abbr\" title=\"pages\">p.<\/abbr>\u00a0<small>(<a title=\"International Standard Book Number\" href=\"https:\/\/fr.wikipedia.org\/wiki\/International_Standard_Book_Number\">ISBN<\/a>\u00a0<a title=\"Sp\u00e9cial:Ouvrages de r\u00e9f\u00e9rence\/2-87730-740-9\" href=\"https:\/\/fr.wikipedia.org\/wiki\/Sp%C3%A9cial:Ouvrages_de_r%C3%A9f%C3%A9rence\/2-87730-740-9\"><span class=\"nowrap\">2-87730-740-9<\/span><\/a>)<\/small><\/span><\/span>.<\/li>\n<li><span id=\"Hladik2008\" class=\"ouvrage\"><span id=\"Murielle_Hladik2008\" class=\"ouvrage\">Murielle Hladik,\u00a0<cite class=\"italique\">Traces et fragments dans l&rsquo;esth\u00e9tique japonaise<\/cite>, Wavre (Belgique), Mardaga,\u00a0<time>2008<\/time>, 223\u00a0<abbr class=\"abbr\" title=\"pages\">p.<\/abbr>\u00a0<small>(<a title=\"International Standard Book Number\" href=\"https:\/\/fr.wikipedia.org\/wiki\/International_Standard_Book_Number\">ISBN<\/a>\u00a0<a title=\"Sp\u00e9cial:Ouvrages de r\u00e9f\u00e9rence\/978-2-87009-982-7\" href=\"https:\/\/fr.wikipedia.org\/wiki\/Sp%C3%A9cial:Ouvrages_de_r%C3%A9f%C3%A9rence\/978-2-87009-982-7\"><span class=\"nowrap\">978-2-87009-982-7<\/span><\/a>\u00a0et\u00a0<a title=\"Sp\u00e9cial:Ouvrages de r\u00e9f\u00e9rence\/2-87009-982-7\" href=\"https:\/\/fr.wikipedia.org\/wiki\/Sp%C3%A9cial:Ouvrages_de_r%C3%A9f%C3%A9rence\/2-87009-982-7\"><span class=\"nowrap\">2-87009-982-7<\/span><\/a>,\u00a0<a class=\"external text\" href=\"https:\/\/books.google.fr\/books?id=DQb97towy-wC\" rel=\"nofollow\">pr\u00e9sentation en ligne<\/a><small class=\"cachelinks\">\u00a0[<a title=\"archive sur Wikiwix\" href=\"https:\/\/archive.wikiwix.com\/cache\/?url=https%3A%2F%2Fbooks.google.fr%2Fbooks%3Fid%3DDQb97towy-wC\">archive<\/a>]<\/small>)<\/small><\/span><\/span>.<\/li>\n<li><span id=\"Koren2015\" class=\"ouvrage\"><span id=\"Leonard_Koren2015\" class=\"ouvrage\">Leonard Koren (<abbr class=\"abbr\" title=\"traduction\">trad.<\/abbr>\u00a0de l&rsquo;anglais),\u00a0<cite class=\"italique\">Wabi-sabi \u00e0 l&rsquo;usage des artistes, designers, po\u00e8tes &amp; philosophes<\/cite>, Vannes, Sully (Le Prunier),\u00a0<time>2015<\/time>, 108\u00a0<abbr class=\"abbr\" title=\"pages\">p.<\/abbr>, 22 cm\u00a0<small>(<a title=\"International Standard Book Number\" href=\"https:\/\/fr.wikipedia.org\/wiki\/International_Standard_Book_Number\">ISBN<\/a>\u00a0<a title=\"Sp\u00e9cial:Ouvrages de r\u00e9f\u00e9rence\/978-2-35432-300-4\" href=\"https:\/\/fr.wikipedia.org\/wiki\/Sp%C3%A9cial:Ouvrages_de_r%C3%A9f%C3%A9rence\/978-2-35432-300-4\"><span class=\"nowrap\">978-2-35432-300-4<\/span><\/a>)<\/small><\/span><\/span>.<\/li>\n<li><span id=\"V\u011bra_Linhartov\u00e1,_1996\" class=\"ouvrage\">V\u011bra Linhartov\u00e1,\u00a0<cite class=\"italique\">Sur un fond blanc\u00a0: \u00e9crits japonais sur la peinture du\u00a0<abbr class=\"abbr\" title=\"11\u1d49 si\u00e8cle avant J\u00e9sus-Christ\"><span class=\"romain\">xi<\/span><sup>e<\/sup><\/abbr>\u00a0au\u00a0<abbr class=\"abbr\" title=\"19\u1d49 si\u00e8cle\"><span class=\"romain\">xix<\/span><sup>e<\/sup><\/abbr>\u00a0si\u00e8cle<\/cite>, Paris, le Promeneur,\u00a0<time>1996<\/time>, 677\u00a0<abbr class=\"abbr\" title=\"pages\">p.<\/abbr>, 22 cm\u00a0<small>(<a title=\"International Standard Book Number\" href=\"https:\/\/fr.wikipedia.org\/wiki\/International_Standard_Book_Number\">ISBN<\/a>\u00a0<a title=\"Sp\u00e9cial:Ouvrages de r\u00e9f\u00e9rence\/2-07-074300-4\" href=\"https:\/\/fr.wikipedia.org\/wiki\/Sp%C3%A9cial:Ouvrages_de_r%C3%A9f%C3%A9rence\/2-07-074300-4\"><span class=\"nowrap\">2-07-074300-4<\/span><\/a>)<\/small><\/span>.<\/li>\n<li><span id=\"Lucken2016\" class=\"ouvrage\"><span id=\"Michael_Lucken2016\" class=\"ouvrage\"><a title=\"Michael Lucken\" href=\"https:\/\/fr.wikipedia.org\/wiki\/Michael_Lucken\">Michael Lucken<\/a>,\u00a0<cite class=\"italique\">Japon, l&rsquo;archipel du sens<\/cite>, Paris, Perrin,\u00a0<time>2016<\/time>, 213\u00a0<abbr class=\"abbr\" title=\"pages\">p.<\/abbr>\u00a0<small>(<a title=\"International Standard Book Number\" href=\"https:\/\/fr.wikipedia.org\/wiki\/International_Standard_Book_Number\">ISBN<\/a>\u00a0<a title=\"Sp\u00e9cial:Ouvrages de r\u00e9f\u00e9rence\/978-2-262-06421-1\" href=\"https:\/\/fr.wikipedia.org\/wiki\/Sp%C3%A9cial:Ouvrages_de_r%C3%A9f%C3%A9rence\/978-2-262-06421-1\"><span class=\"nowrap\">978-2-262-06421-1<\/span><\/a>\u00a0et\u00a0<a title=\"Sp\u00e9cial:Ouvrages de r\u00e9f\u00e9rence\/2-262-06421-0\" href=\"https:\/\/fr.wikipedia.org\/wiki\/Sp%C3%A9cial:Ouvrages_de_r%C3%A9f%C3%A9rence\/2-262-06421-0\"><span class=\"nowrap\">2-262-06421-0<\/span><\/a>)<\/small><\/span><\/span>.<\/li>\n<li><span id=\"Tamba1997\" class=\"ouvrage\"><span id=\"Akira_Tamba1997\" class=\"ouvrage\"><a title=\"Akira Tamba\" href=\"https:\/\/fr.wikipedia.org\/wiki\/Akira_Tamba\">Akira Tamba<\/a>\u00a0(<abbr class=\"abbr\" title=\"directeur de publication\">dir.<\/abbr>),\u00a0<cite class=\"italique\">L&rsquo;Esth\u00e9tique contemporaine du Japon\u00a0: th\u00e9orie et pratique \u00e0 partir des ann\u00e9es 1930<\/cite>, Paris, CNRS,\u00a0<time>1997<\/time>, 330\u00a0<abbr class=\"abbr\" title=\"pages\">p.<\/abbr>, 27 cm\u00a0<small>(<a title=\"International Standard Book Number\" href=\"https:\/\/fr.wikipedia.org\/wiki\/International_Standard_Book_Number\">ISBN<\/a>\u00a0<a title=\"Sp\u00e9cial:Ouvrages de r\u00e9f\u00e9rence\/2-271-05427-3\" href=\"https:\/\/fr.wikipedia.org\/wiki\/Sp%C3%A9cial:Ouvrages_de_r%C3%A9f%C3%A9rence\/2-271-05427-3\"><span class=\"nowrap\">2-271-05427-3<\/span><\/a>)<\/small><\/span><\/span>.<\/li>\n<\/ul>\n<div class=\"mw-heading mw-heading3\">\n<h3 id=\"Article_connexe\">Article connexe<\/h3>\n<\/div>\n<ul>\n<li><a title=\"Art japonais\" href=\"https:\/\/fr.wikipedia.org\/wiki\/Art_japonais\">Art japonais<\/a><\/li>\n<\/ul>\n<div class=\"mw-heading mw-heading3\">\n<h3 id=\"Liens_externes\">Liens externes<\/h3>\n<\/div>\n<ul>\n<li><span id=\"Parkes2018\" class=\"ouvrage\"><span id=\"Graham_Parkes2018\" class=\"ouvrage\"><abbr class=\"abbr indicateur-langue\" title=\"Langue : anglais\">(en)<\/abbr>\u00a0Graham Parkes, \u00ab\u00a0<a class=\"external text\" href=\"https:\/\/seop.illc.uva.nl\/entries\/japanese-aesthetics\/\" rel=\"nofollow\"><cite lang=\"en\"><i>Japanese Aesthetics<\/i><\/cite><\/a><small class=\"cachelinks\">\u00a0[<a title=\"archive sur Wikiwix\" href=\"https:\/\/archive.wikiwix.com\/cache\/?url=https%3A%2F%2Fseop.illc.uva.nl%2Fentries%2Fjapanese-aesthetics%2F\">archive<\/a>]<\/small>\u00a0\u00bb, sur\u00a0<span class=\"italique\">seop.illc.uva.nl<\/span>, Stanford Encyclopedia of Philosophy,\u00a0<time class=\"nowrap\" datetime=\"2018-12-04\" data-sort-value=\"2018-12-04\">4 d\u00e9cembre 2018<\/time>\u00a0<small>(consult\u00e9 le\u00a0<time class=\"nowrap\" datetime=\"2020-11-16\" data-sort-value=\"2020-11-16\">16 novembre 2020<\/time>)<\/small><\/span><\/span>.<\/li>\n<li>Sadami Suzuki, \u00ab\u00a0<a class=\"external text\" href=\"https:\/\/www.nippon.com\/fr\/japan-topics\/b02355\/\" rel=\"nofollow\">\u00ab\u00a0Wabi\u00a0\u00bb, \u00ab\u00a0sabi\u00a0\u00bb et \u00ab\u00a0y\u00fbgen\u00a0\u00bb\u00a0: comment d\u00e9finir l\u2019esth\u00e9tique japonaise traditionnelle\u00a0?<\/a><small class=\"cachelinks\">\u00a0[<a title=\"archive sur Wikiwix\" href=\"https:\/\/archive.wikiwix.com\/cache\/?url=https%3A%2F%2Fwww.nippon.com%2Ffr%2Fjapan-topics%2Fb02355%2F\">archive<\/a>]<\/small>\u00a0\u00bb, Nippon.com, le 5 janvier 2024.<\/li>\n<\/ul>\n","protected":false},"excerpt":{"rendered":"<p>L&rsquo;esth\u00e9tique japonaise est l&rsquo;approche des notions esth\u00e9tiques voisines de la\u00a0beaut\u00e9\u00a0ou du bon\u00a0go\u00fbt\u00a0dans la culture japonaise traditionnelle et moderne. Bien que cette approche soit consid\u00e9r\u00e9e dans la soci\u00e9t\u00e9 occidentale essentiellement comme une \u00e9tude philosophique, elle est consid\u00e9r\u00e9e au Japon comme un \u00e9l\u00e9ment indissociable de la\u00a0vie quotidienne\u00a0et spirituelle. Par ses aspects religieux, l&rsquo;esth\u00e9tique japonaise est fortement influenc\u00e9e [&hellip;]<\/p>\n","protected":false},"author":1,"featured_media":10020,"parent":0,"menu_order":0,"comment_status":"closed","ping_status":"closed","template":"","meta":{"footnotes":""},"class_list":["post-10016","page","type-page","status-publish","has-post-thumbnail","hentry"],"_links":{"self":[{"href":"https:\/\/oraziopuglisi.art\/index.php\/wp-json\/wp\/v2\/pages\/10016","targetHints":{"allow":["GET"]}}],"collection":[{"href":"https:\/\/oraziopuglisi.art\/index.php\/wp-json\/wp\/v2\/pages"}],"about":[{"href":"https:\/\/oraziopuglisi.art\/index.php\/wp-json\/wp\/v2\/types\/page"}],"author":[{"embeddable":true,"href":"https:\/\/oraziopuglisi.art\/index.php\/wp-json\/wp\/v2\/users\/1"}],"replies":[{"embeddable":true,"href":"https:\/\/oraziopuglisi.art\/index.php\/wp-json\/wp\/v2\/comments?post=10016"}],"version-history":[{"count":3,"href":"https:\/\/oraziopuglisi.art\/index.php\/wp-json\/wp\/v2\/pages\/10016\/revisions"}],"predecessor-version":[{"id":10021,"href":"https:\/\/oraziopuglisi.art\/index.php\/wp-json\/wp\/v2\/pages\/10016\/revisions\/10021"}],"wp:featuredmedia":[{"embeddable":true,"href":"https:\/\/oraziopuglisi.art\/index.php\/wp-json\/wp\/v2\/media\/10020"}],"wp:attachment":[{"href":"https:\/\/oraziopuglisi.art\/index.php\/wp-json\/wp\/v2\/media?parent=10016"}],"curies":[{"name":"wp","href":"https:\/\/api.w.org\/{rel}","templated":true}]}}