{"id":10010,"date":"2024-08-06T07:11:01","date_gmt":"2024-08-06T05:11:01","guid":{"rendered":"https:\/\/oraziopuglisi.art\/?page_id=10010"},"modified":"2024-08-06T07:46:39","modified_gmt":"2024-08-06T05:46:39","slug":"esthetique-chinoise","status":"publish","type":"page","link":"https:\/\/oraziopuglisi.art\/index.php\/esthetique-chinoise\/","title":{"rendered":"Esth\u00e9tique Chinoise"},"content":{"rendered":"<div class=\"mw-heading mw-heading3\">\n<h3 id=\"Esth\u00e9tique_chinoise\">Esth\u00e9tique chinoise<\/h3>\n<p>&nbsp;<\/p>\n<\/div>\n<figure class=\"mw-default-size mw-halign-left\"><a class=\"mw-file-description\" href=\"https:\/\/commons.wikimedia.org\/wiki\/File:Chinesischer_Maler_des_11._Jahrhunderts_(I)_001.jpg?uselang=fr\"><img loading=\"lazy\" decoding=\"async\" class=\"mw-file-element\" src=\"https:\/\/upload.wikimedia.org\/wikipedia\/commons\/thumb\/c\/c1\/Chinesischer_Maler_des_11._Jahrhunderts_%28I%29_001.jpg\/220px-Chinesischer_Maler_des_11._Jahrhunderts_%28I%29_001.jpg\" srcset=\"\/\/upload.wikimedia.org\/wikipedia\/commons\/thumb\/c\/c1\/Chinesischer_Maler_des_11._Jahrhunderts_%28I%29_001.jpg\/330px-Chinesischer_Maler_des_11._Jahrhunderts_%28I%29_001.jpg 1.5x, \/\/upload.wikimedia.org\/wikipedia\/commons\/thumb\/c\/c1\/Chinesischer_Maler_des_11._Jahrhunderts_%28I%29_001.jpg\/440px-Chinesischer_Maler_des_11._Jahrhunderts_%28I%29_001.jpg 2x\" width=\"220\" height=\"292\" data-file-width=\"1576\" data-file-height=\"2094\" \/><\/a><figcaption>Temple bouddhique dans les montagnes, copie ancienne d&rsquo;apr\u00e8s\u00a0<a title=\"Li Cheng\" href=\"https:\/\/fr.wikipedia.org\/wiki\/Li_Cheng\">Li Cheng<\/a>.<\/figcaption><\/figure>\n<p style=\"text-align: justify;\">L&rsquo;art\u00a0<a title=\"Chine\" href=\"https:\/\/fr.wikipedia.org\/wiki\/Chine\">chinois<\/a>\u00a0a une longue histoire d\u2019\u00e9volution de styles et conceptions. Dans les temps anciens, des philosophes discutaient d\u00e9j\u00e0 de l&rsquo;esth\u00e9tique.\u00a0<a title=\"Confucius\" href=\"https:\/\/fr.wikipedia.org\/wiki\/Confucius\">Confucius<\/a>\u00a0(551-478 avant notre \u00e8re) a soulign\u00e9 le r\u00f4le des arts et des lettres (notamment la musique et la po\u00e9sie) dans le d\u00e9veloppement des vertus et le renforcement du\u00a0<i><a class=\"mw-redirect\" title=\"Li (philosophie)\" href=\"https:\/\/fr.wikipedia.org\/wiki\/Li_(philosophie)\">li<\/a><\/i>\u00a0(\u00e9tiquette, rites), afin de se rapprocher de l\u2019essence humaine. S\u2019opposant \u00e0 ces arguments,\u00a0<a class=\"mw-redirect\" title=\"Mo Zi\" href=\"https:\/\/fr.wikipedia.org\/wiki\/Mo_Zi\">Mo Zi<\/a>\u00a0a toutefois fait valoir que musique et beaux-arts \u00e9taient co\u00fbteux et peu efficaces, b\u00e9n\u00e9ficiant aux plus riches, mais pas aux gens ordinaires.<\/p>\n<p style=\"text-align: justify;\">Dans des \u00e9crits du IV<abbr class=\"abbr\" title=\"4\u1d49 si\u00e8cle\"><sup>e<\/sup><\/abbr>\u00a0si\u00e8cle avant notre \u00e8re, des artistes d\u00e9battent des buts propres \u00e0 l\u2019art. Par exemple, trois ouvrages de\u00a0<a title=\"Gu Kaizhi\" href=\"https:\/\/fr.wikipedia.org\/wiki\/Gu_Kaizhi\">Gu Kaizhi<\/a>\u00a0\u00e0 propos de th\u00e9ories de la peinture sont connus. Plusieurs ouvrages plus tardifs, r\u00e9dig\u00e9s par des artistes lettr\u00e9s, traitent \u00e9galement de la cr\u00e9ation artistique. L\u2019influence entre d\u2019une part, la religion et la philosophie, et d\u2019autre part l\u2019art, \u00e9tait commune, mais pas omnipr\u00e9sente\u00a0; ainsi \u00e0 chaque p\u00e9riode de l\u2019histoire chinoise, il est possible de trouver des arts qui ignorent largement la philosophie et la religion.<\/p>\n<p style=\"text-align: justify;\">Autour de 300 avant notre \u00e8re,\u00a0<a title=\"Lao Tseu\" href=\"https:\/\/fr.wikipedia.org\/wiki\/Lao_Tseu\">Lao Tseu<\/a>\u00a0formule des conceptions\u00a0<a title=\"Mat\u00e9rialisme\" href=\"https:\/\/fr.wikipedia.org\/wiki\/Mat%C3%A9rialisme\">mat\u00e9rialistes<\/a>\u00a0et esth\u00e9tiques en lien avec le\u00a0<a title=\"Tao\u00efsme\" href=\"https:\/\/fr.wikipedia.org\/wiki\/Tao%C3%AFsme\">tao\u00efsme<\/a>\u00a0et les lois de la\u00a0<a title=\"Nature\" href=\"https:\/\/fr.wikipedia.org\/wiki\/Nature\">nature<\/a>. Ces conceptions sont en \u00e9vidente contradiction avec les int\u00e9r\u00eats de la minorit\u00e9 dirigeante. Le tao\u00efsme influen\u00e7a aussi le\u00a0<a title=\"Feng shui\" href=\"https:\/\/fr.wikipedia.org\/wiki\/Feng_shui\">feng shui<\/a>, ou observation des faits de la terre et du ciel, en vue d&rsquo;une harmonie.<\/p>\n<p><iframe loading=\"lazy\" title=\"Chen Jialing, peintre chinois de renom, explique sa conception de l&#039;esth\u00e9tique chinoise\" width=\"600\" height=\"338\" src=\"https:\/\/www.youtube.com\/embed\/p_fTzMf7fMo?feature=oembed\" frameborder=\"0\" allow=\"accelerometer; autoplay; clipboard-write; encrypted-media; gyroscope; picture-in-picture; web-share\" referrerpolicy=\"strict-origin-when-cross-origin\" allowfullscreen><\/iframe><\/p>\n<p style=\"text-align: justify;\">Le repr\u00e9sentant le plus important de la transition \u00e0 l&rsquo;esth\u00e9tique chinoise m\u00e9di\u00e9vale est le philosophe\u00a0<a title=\"Wang Chong\" href=\"https:\/\/fr.wikipedia.org\/wiki\/Wang_Chong\">Wang Chong<\/a>, au I<abbr class=\"abbr\" title=\"1\u1d49\u02b3 si\u00e8cle\"><sup>er<\/sup><\/abbr>\u00a0si\u00e8cle. Il adopte une substance purement mat\u00e9rielle, le\u00a0<a class=\"mw-redirect\" title=\"Qi (spiritualit\u00e9)\" href=\"https:\/\/fr.wikipedia.org\/wiki\/Qi_(spiritualit%C3%A9)\">qi<\/a>, comme principe d\u2019une \u00e9volution naturelle et comme caract\u00e9ristique fondamentale de la perception humaine. Il consid\u00e8re ainsi le monde mat\u00e9riel comme source de toute beaut\u00e9 ou laideur\u00a0; la\u00a0<a class=\"mw-redirect\" title=\"V\u00e9rit\u00e9 en philosophie\" href=\"https:\/\/fr.wikipedia.org\/wiki\/V%C3%A9rit%C3%A9_en_philosophie\">v\u00e9rit\u00e9<\/a>\u00a0artistique rel\u00e8ve de la conformit\u00e9 avec les faits.<\/p>\n<p style=\"text-align: justify;\"><a title=\"Cao Pi\" href=\"https:\/\/fr.wikipedia.org\/wiki\/Cao_Pi\">Cao Pi<\/a>\u00a0(187-226) a suivi ces consid\u00e9rations pr\u00e9c\u00e9dentes, toutefois il n\u2019inclut pas seulement les crit\u00e8res de beaut\u00e9, mais \u00e9galement les\u00a0<a title=\"Forme (art)\" href=\"https:\/\/fr.wikipedia.org\/wiki\/Forme_(art)\">formes artistiques<\/a>.\u00a0<a title=\"Xie He\" href=\"https:\/\/fr.wikipedia.org\/wiki\/Xie_He\">Xie He<\/a>\u00a0(479-502) concr\u00e9tise ces id\u00e9es dans les\u00a0<i>Six Principes de la peinture<\/i>\u00a0: l&rsquo;expression de l&rsquo;essence des manifestations de la vie\u00a0; l&rsquo;art de la peinture au pinceau\u00a0; l&rsquo;utilisation des\u00a0<a title=\"Couleur\" href=\"https:\/\/fr.wikipedia.org\/wiki\/Couleur\">couleurs<\/a>\u00a0conform\u00e9ment \u00e0 la nature du sujet\u00a0; la\u00a0<a title=\"Composition picturale\" href=\"https:\/\/fr.wikipedia.org\/wiki\/Composition_picturale\">composition<\/a>\u00a0; la concordance de la forme avec la chose r\u00e9elle\u00a0; l&rsquo;<a class=\"mw-redirect\" title=\"Mimesis\" href=\"https:\/\/fr.wikipedia.org\/wiki\/Mimesis\">imitation<\/a>\u00a0des meilleurs exemples du pass\u00e9.<\/p>\n<p style=\"text-align: justify;\">Au\u00a0<abbr class=\"abbr\" title=\"11\u1d49 si\u00e8cle\"><span class=\"romain\">xi<\/span><sup>e<\/sup><\/abbr>\u00a0si\u00e8cle, l&rsquo;\u00e9crivain\u00a0<a title=\"Su Shi\" href=\"https:\/\/fr.wikipedia.org\/wiki\/Su_Shi\">Su Shi<\/a>\u00a0a attir\u00e9 l&rsquo;attention sur le r\u00f4le de l&rsquo;<a title=\"Id\u00e9e\" href=\"https:\/\/fr.wikipedia.org\/wiki\/Id%C3%A9e\">inspiration<\/a>\u00a0et du\u00a0<a title=\"Talent (aptitude)\" href=\"https:\/\/fr.wikipedia.org\/wiki\/Talent_(aptitude)\">talent<\/a>.<\/p>\n<p style=\"text-align: justify;\">Malgr\u00e9 la multiplicit\u00e9 des r\u00e9flexions, l\u2019\u00e9volution de l&rsquo;esth\u00e9tique chinoise dans la p\u00e9riode qui a suivi a \u00e9t\u00e9 fortement entrav\u00e9e par le faible d\u00e9veloppement des forces productives et la rigidit\u00e9 des relations sociales, dans les formes f\u00e9odales ou ult\u00e9rieures.<\/p>\n<blockquote class=\"wp-embedded-content\" data-secret=\"MukDBgQDNx\"><p><a href=\"https:\/\/oraziopuglisi.art\/index.php\/les-moines-peintres-2\/\">Les Moines Peintres<\/a><\/p><\/blockquote>\n<p><iframe loading=\"lazy\" class=\"wp-embedded-content\" sandbox=\"allow-scripts\" security=\"restricted\" style=\"position: absolute; visibility: hidden;\" title=\"\u00ab\u00a0Les Moines Peintres\u00a0\u00bb &#8212; Orazio Puglisi\" src=\"https:\/\/oraziopuglisi.art\/index.php\/les-moines-peintres-2\/embed\/#?secret=d0ghYXzTgY#?secret=MukDBgQDNx\" data-secret=\"MukDBgQDNx\" width=\"600\" height=\"338\" frameborder=\"0\" marginwidth=\"0\" marginheight=\"0\" scrolling=\"no\"><\/iframe><\/p>\n","protected":false},"excerpt":{"rendered":"<p>Esth\u00e9tique chinoise &nbsp; Temple bouddhique dans les montagnes, copie ancienne d&rsquo;apr\u00e8s\u00a0Li Cheng. L&rsquo;art\u00a0chinois\u00a0a une longue histoire d\u2019\u00e9volution de styles et conceptions. Dans les temps anciens, des philosophes discutaient d\u00e9j\u00e0 de l&rsquo;esth\u00e9tique.\u00a0Confucius\u00a0(551-478 avant notre \u00e8re) a soulign\u00e9 le r\u00f4le des arts et des lettres (notamment la musique et la po\u00e9sie) dans le d\u00e9veloppement des vertus et [&hellip;]<\/p>\n","protected":false},"author":1,"featured_media":10014,"parent":0,"menu_order":0,"comment_status":"closed","ping_status":"closed","template":"","meta":{"footnotes":""},"class_list":["post-10010","page","type-page","status-publish","has-post-thumbnail","hentry"],"_links":{"self":[{"href":"https:\/\/oraziopuglisi.art\/index.php\/wp-json\/wp\/v2\/pages\/10010","targetHints":{"allow":["GET"]}}],"collection":[{"href":"https:\/\/oraziopuglisi.art\/index.php\/wp-json\/wp\/v2\/pages"}],"about":[{"href":"https:\/\/oraziopuglisi.art\/index.php\/wp-json\/wp\/v2\/types\/page"}],"author":[{"embeddable":true,"href":"https:\/\/oraziopuglisi.art\/index.php\/wp-json\/wp\/v2\/users\/1"}],"replies":[{"embeddable":true,"href":"https:\/\/oraziopuglisi.art\/index.php\/wp-json\/wp\/v2\/comments?post=10010"}],"version-history":[{"count":5,"href":"https:\/\/oraziopuglisi.art\/index.php\/wp-json\/wp\/v2\/pages\/10010\/revisions"}],"predecessor-version":[{"id":10054,"href":"https:\/\/oraziopuglisi.art\/index.php\/wp-json\/wp\/v2\/pages\/10010\/revisions\/10054"}],"wp:featuredmedia":[{"embeddable":true,"href":"https:\/\/oraziopuglisi.art\/index.php\/wp-json\/wp\/v2\/media\/10014"}],"wp:attachment":[{"href":"https:\/\/oraziopuglisi.art\/index.php\/wp-json\/wp\/v2\/media?parent=10010"}],"curies":[{"name":"wp","href":"https:\/\/api.w.org\/{rel}","templated":true}]}}