{"id":10004,"date":"2024-08-06T07:03:39","date_gmt":"2024-08-06T05:03:39","guid":{"rendered":"https:\/\/oraziopuglisi.art\/?page_id=10004"},"modified":"2024-08-06T07:09:07","modified_gmt":"2024-08-06T05:09:07","slug":"esthetique-antique","status":"publish","type":"page","link":"https:\/\/oraziopuglisi.art\/index.php\/esthetique-antique\/","title":{"rendered":"Esth\u00e9tique Antique"},"content":{"rendered":"<h3 id=\"presentation-title\">PR\u00c9SENTATION<\/h3>\n<div id=\"description-content\">\n<p>&nbsp;<\/p>\n<p style=\"text-align: justify;\">L&rsquo;esth\u00e9tique en tant que discipline philosophique n&rsquo;appara\u00eet qu&rsquo;au XVIII<sup>e<\/sup>\u00a0si\u00e8cle. Mais longtemps avant l&rsquo;invention d&rsquo;un terme sp\u00e9cifique, les questions esth\u00e9tiques commenc\u00e8rent \u00e0 \u00eatre pos\u00e9es par les Grecs puis par les Romains. Dans la Gr\u00e8ce ancienne, la d\u00e9couverte de la beaut\u00e9 fut la cons\u00e9quence imm\u00e9diate de l&rsquo;intuition de l&rsquo;univers. Aux yeux des Grecs, l&rsquo;univers se montra dans la splendeur d&rsquo;un\u00a0<em>kosmos<\/em>, c&rsquo;est-\u00e0-dire d&rsquo;un \u00ab bel ordre \u00bb, d&rsquo;un syst\u00e8me coh\u00e9rent de parties articul\u00e9es de fa\u00e7on t\u00e9l\u00e9ologique, apte \u00e0 susciter un sentiment d&rsquo;admiration et d&rsquo;\u00e9mulation. \u00c0 partir de la pens\u00e9e pythagoricienne, la beaut\u00e9 d&rsquo;un objet se<br \/>\ntrouva donc d\u00e9termin\u00e9e par la proportion de sa structure ou bien par son ordre (<em>kosmos<\/em>).<br \/>\nCe livre se propose d&rsquo;observer comment, dans les cultures grecque et romaine \u2013 soit d&rsquo;Hom\u00e8re jusqu&rsquo;\u00e0 Plotin \u2013, l&rsquo;id\u00e9e de\u00a0<em>kosmos\u00a0<\/em>marque et influence l&rsquo;exp\u00e9rience de l&rsquo;art, du triple point de vue de la production de l&rsquo;objet artistique, de sa structure et de ses effets sur le public. Il permet de comprendre intimement, \u00e0 partir de ses fondements, les d\u00e9ploiements de l&rsquo;esth\u00e9tique occidentale.<\/p>\n<p><img loading=\"lazy\" decoding=\"async\" class=\"alignnone size-full wp-image-13521\" src=\"http:\/\/cultureetvoyages.fun\/wp-content\/uploads\/2024\/07\/Esthetique-antique.jpg\" alt=\"\" width=\"1200\" height=\"1869\" \/><\/p>\n<\/div>\n<div id=\"press-section\">\n<h3>PRESSE<\/h3>\n<p style=\"text-align: justify;\">La pens\u00e9e antique du beau, telle que ce beau livre l&rsquo;orchestre avec \u00e9rudition, sans p\u00e9danterie, accessible et exigeant, devrait encore parler \u00e0 tous ceux qui ont soin du monde.<br \/>\n<em>\u00c9tudes &#8211; Juin 2011<\/em><\/p>\n<\/div>\n<div id=\"contributors-wrapper\">\n<h3>BIOGRAPHIES CONTRIBUTEURS<\/h3>\n<h4>Giovanni Lombardo<\/h4>\n<p style=\"text-align: justify;\">Giovanni Lombardo enseigne l&rsquo;Esth\u00e9tique \u00e0 l&rsquo;universit\u00e9 de Messine (Italie). Il a traduit en italien le trait\u00e9 Du Style de D\u00e9m\u00e9trios (Palerme, 1999) et le trait\u00e9 Du Sublime de Longin (Palerme, 2007), a publi\u00e9 Hypsegoria. Studi sulla retorica del sublime (Mod\u00e8ne, 1988), L&rsquo;Estetica antica (Bologne, 2002), La Pietra di Eraclea. Tre saggi sulla poetica antica (Macerata, 2006), et La Traduzione della poesia. Stud\u00ee e prove (Rome, 2009).<\/p>\n<\/div>\n","protected":false},"excerpt":{"rendered":"<p>PR\u00c9SENTATION &nbsp; L&rsquo;esth\u00e9tique en tant que discipline philosophique n&rsquo;appara\u00eet qu&rsquo;au XVIIIe\u00a0si\u00e8cle. Mais longtemps avant l&rsquo;invention d&rsquo;un terme sp\u00e9cifique, les questions esth\u00e9tiques commenc\u00e8rent \u00e0 \u00eatre pos\u00e9es par les Grecs puis par les Romains. Dans la Gr\u00e8ce ancienne, la d\u00e9couverte de la beaut\u00e9 fut la cons\u00e9quence imm\u00e9diate de l&rsquo;intuition de l&rsquo;univers. Aux yeux des Grecs, l&rsquo;univers se [&hellip;]<\/p>\n","protected":false},"author":1,"featured_media":10007,"parent":0,"menu_order":0,"comment_status":"closed","ping_status":"closed","template":"","meta":{"footnotes":""},"class_list":["post-10004","page","type-page","status-publish","has-post-thumbnail","hentry"],"_links":{"self":[{"href":"https:\/\/oraziopuglisi.art\/index.php\/wp-json\/wp\/v2\/pages\/10004","targetHints":{"allow":["GET"]}}],"collection":[{"href":"https:\/\/oraziopuglisi.art\/index.php\/wp-json\/wp\/v2\/pages"}],"about":[{"href":"https:\/\/oraziopuglisi.art\/index.php\/wp-json\/wp\/v2\/types\/page"}],"author":[{"embeddable":true,"href":"https:\/\/oraziopuglisi.art\/index.php\/wp-json\/wp\/v2\/users\/1"}],"replies":[{"embeddable":true,"href":"https:\/\/oraziopuglisi.art\/index.php\/wp-json\/wp\/v2\/comments?post=10004"}],"version-history":[{"count":3,"href":"https:\/\/oraziopuglisi.art\/index.php\/wp-json\/wp\/v2\/pages\/10004\/revisions"}],"predecessor-version":[{"id":10009,"href":"https:\/\/oraziopuglisi.art\/index.php\/wp-json\/wp\/v2\/pages\/10004\/revisions\/10009"}],"wp:featuredmedia":[{"embeddable":true,"href":"https:\/\/oraziopuglisi.art\/index.php\/wp-json\/wp\/v2\/media\/10007"}],"wp:attachment":[{"href":"https:\/\/oraziopuglisi.art\/index.php\/wp-json\/wp\/v2\/media?parent=10004"}],"curies":[{"name":"wp","href":"https:\/\/api.w.org\/{rel}","templated":true}]}}